{"id":145,"date":"2015-09-07T13:10:00","date_gmt":"2015-09-07T10:10:00","guid":{"rendered":"https:\/\/blog.edu.turku.fi\/puropeltoaidinkieli\/?page_id=145"},"modified":"2015-09-07T13:17:38","modified_gmt":"2015-09-07T10:17:38","slug":"kielen-sosiaalinen-vaihtelu","status":"publish","type":"page","link":"https:\/\/blog.edu.turku.fi\/puropeltoaidinkieli\/suomen-kieli-ja-kulttuuri\/kielen-sosiaalinen-vaihtelu\/","title":{"rendered":"Monta eri suomen kielt\u00e4"},"content":{"rendered":"<p>Eri-ik\u00e4iset ja erilaiset ihmiset k\u00e4ytt\u00e4v\u00e4t erilaista suomen kielt\u00e4. Kielenk\u00e4ytt\u00f6\u00f6n ja sanastoon vaikuttavat esimerkiksi ihmisen asuinpaikka, ik\u00e4 ja kiinnostuksen kohteet. Puhutaan kielen <em>alueellisesta ja sosiaalisesta vaihtelusta<\/em>. Kauhavalla asuva el\u00e4kkeell\u00e4 oleva maalaistalon em\u00e4nt\u00e4 puhuu eri tavalla kuin turkulainen 15- vuotias j\u00e4\u00e4kiekkoa harrastava kaupunkilaisnuori.<\/p>\n<p>Testaa nuorisokielen taitosi <a href=\"http:\/\/yle.fi\/uutiset\/millainen_teini_olet_tee_nuorten_trendisanatesti\/7948476\">t\u00e4\u00e4ll\u00e4<\/a>!<\/p>\n<p>Testaa <a href=\"http:\/\/www.iltalehti.fi\/fiidifi\/2013111517713310_fd.shtml\">Luuletko olevasi nuori?<\/a><\/p>\n<p>&nbsp;<\/p>\n","protected":false},"excerpt":{"rendered":"<p>Eri-ik\u00e4iset ja erilaiset ihmiset k\u00e4ytt\u00e4v\u00e4t erilaista suomen kielt\u00e4. Kielenk\u00e4ytt\u00f6\u00f6n ja sanastoon vaikuttavat esimerkiksi ihmisen asuinpaikka, ik\u00e4 ja kiinnostuksen kohteet. Puhutaan kielen alueellisesta ja sosiaalisesta vaihtelusta. Kauhavalla asuva el\u00e4kkeell\u00e4 oleva maalaistalon em\u00e4nt\u00e4 puhuu eri tavalla kuin turkulainen 15- vuotias j\u00e4\u00e4kiekkoa harrastava &hellip; <a href=\"https:\/\/blog.edu.turku.fi\/puropeltoaidinkieli\/suomen-kieli-ja-kulttuuri\/kielen-sosiaalinen-vaihtelu\/\">Lue loppuun <span class=\"meta-nav\">&rarr;<\/span><\/a><\/p>\n","protected":false},"author":681,"featured_media":0,"parent":10,"menu_order":4,"comment_status":"closed","ping_status":"closed","template":"","meta":{"footnotes":""},"class_list":["post-145","page","type-page","status-publish","hentry"],"_links":{"self":[{"href":"https:\/\/blog.edu.turku.fi\/puropeltoaidinkieli\/wp-json\/wp\/v2\/pages\/145","targetHints":{"allow":["GET"]}}],"collection":[{"href":"https:\/\/blog.edu.turku.fi\/puropeltoaidinkieli\/wp-json\/wp\/v2\/pages"}],"about":[{"href":"https:\/\/blog.edu.turku.fi\/puropeltoaidinkieli\/wp-json\/wp\/v2\/types\/page"}],"author":[{"embeddable":true,"href":"https:\/\/blog.edu.turku.fi\/puropeltoaidinkieli\/wp-json\/wp\/v2\/users\/681"}],"replies":[{"embeddable":true,"href":"https:\/\/blog.edu.turku.fi\/puropeltoaidinkieli\/wp-json\/wp\/v2\/comments?post=145"}],"version-history":[{"count":6,"href":"https:\/\/blog.edu.turku.fi\/puropeltoaidinkieli\/wp-json\/wp\/v2\/pages\/145\/revisions"}],"predecessor-version":[{"id":153,"href":"https:\/\/blog.edu.turku.fi\/puropeltoaidinkieli\/wp-json\/wp\/v2\/pages\/145\/revisions\/153"}],"up":[{"embeddable":true,"href":"https:\/\/blog.edu.turku.fi\/puropeltoaidinkieli\/wp-json\/wp\/v2\/pages\/10"}],"wp:attachment":[{"href":"https:\/\/blog.edu.turku.fi\/puropeltoaidinkieli\/wp-json\/wp\/v2\/media?parent=145"}],"curies":[{"name":"wp","href":"https:\/\/api.w.org\/{rel}","templated":true}]}}