{"id":140,"date":"2015-09-07T13:07:16","date_gmt":"2015-09-07T10:07:16","guid":{"rendered":"https:\/\/blog.edu.turku.fi\/puropeltoaidinkieli\/?page_id=140"},"modified":"2015-09-19T17:50:49","modified_gmt":"2015-09-19T14:50:49","slug":"murteet","status":"publish","type":"page","link":"https:\/\/blog.edu.turku.fi\/puropeltoaidinkieli\/suomen-kieli-ja-kulttuuri\/murteet\/","title":{"rendered":"Murteet"},"content":{"rendered":"<p><a href=\"http:\/https:\/\/kielikompassi.jyu.fi\/opetus\/s2\/mps\/\">Tutustu suomen kielen murteisiin t\u00e4\u00e4ll\u00e4!<\/a><\/p>\n<p><a href=\"http:\/\/www.mtv.fi\/teemasivut\/naapurit\/testit-ja-kilpailut\/artikkeli\/testi-oletko-murremestari-testaa-itsesi\/4541156\">Tee testi: Oletko murremestari?<\/a><\/p>\n<p><iframe loading=\"lazy\" title=\"Ilari Johansson - Eri kansojen erot\" width=\"584\" height=\"438\" src=\"https:\/\/www.youtube.com\/embed\/_S1vYZ6wAHY?feature=oembed\" frameborder=\"0\" allow=\"accelerometer; autoplay; clipboard-write; encrypted-media; gyroscope; picture-in-picture; web-share\" referrerpolicy=\"strict-origin-when-cross-origin\" allowfullscreen><\/iframe><\/p>\n","protected":false},"excerpt":{"rendered":"<p>Tutustu suomen kielen murteisiin t\u00e4\u00e4ll\u00e4! Tee testi: Oletko murremestari?<\/p>\n","protected":false},"author":681,"featured_media":0,"parent":10,"menu_order":3,"comment_status":"closed","ping_status":"closed","template":"","meta":{"footnotes":""},"class_list":["post-140","page","type-page","status-publish","hentry"],"_links":{"self":[{"href":"https:\/\/blog.edu.turku.fi\/puropeltoaidinkieli\/wp-json\/wp\/v2\/pages\/140","targetHints":{"allow":["GET"]}}],"collection":[{"href":"https:\/\/blog.edu.turku.fi\/puropeltoaidinkieli\/wp-json\/wp\/v2\/pages"}],"about":[{"href":"https:\/\/blog.edu.turku.fi\/puropeltoaidinkieli\/wp-json\/wp\/v2\/types\/page"}],"author":[{"embeddable":true,"href":"https:\/\/blog.edu.turku.fi\/puropeltoaidinkieli\/wp-json\/wp\/v2\/users\/681"}],"replies":[{"embeddable":true,"href":"https:\/\/blog.edu.turku.fi\/puropeltoaidinkieli\/wp-json\/wp\/v2\/comments?post=140"}],"version-history":[{"count":6,"href":"https:\/\/blog.edu.turku.fi\/puropeltoaidinkieli\/wp-json\/wp\/v2\/pages\/140\/revisions"}],"predecessor-version":[{"id":224,"href":"https:\/\/blog.edu.turku.fi\/puropeltoaidinkieli\/wp-json\/wp\/v2\/pages\/140\/revisions\/224"}],"up":[{"embeddable":true,"href":"https:\/\/blog.edu.turku.fi\/puropeltoaidinkieli\/wp-json\/wp\/v2\/pages\/10"}],"wp:attachment":[{"href":"https:\/\/blog.edu.turku.fi\/puropeltoaidinkieli\/wp-json\/wp\/v2\/media?parent=140"}],"curies":[{"name":"wp","href":"https:\/\/api.w.org\/{rel}","templated":true}]}}