{"id":14,"date":"2015-09-07T09:58:10","date_gmt":"2015-09-07T06:58:10","guid":{"rendered":"https:\/\/blog.edu.turku.fi\/puropeltoaidinkieli\/?page_id=14"},"modified":"2015-12-02T17:16:44","modified_gmt":"2015-12-02T15:16:44","slug":"kotimainen-nykykirjallisuus","status":"publish","type":"page","link":"https:\/\/blog.edu.turku.fi\/puropeltoaidinkieli\/kotimainen-nykykirjallisuus\/","title":{"rendered":"Kotimainen nykykirjallisuus"},"content":{"rendered":"<p><a href=\"http:\/\/info.edu.turku.fi\/puolala\/ylakoulu\/turun-ylakoulujen-lukudiplomi.pdf\">Hei sin\u00e4 innokas lukija &#8211; tutustu lukudiplomiin t\u00e4st\u00e4!<\/a><\/p>\n<p><a href=\"https:\/\/www.lukulamppu.fi\/mita-suomi-lukee-lokakuu-2015\/\">Mit\u00e4 Suomi lukee? (lokakuu 2015)<\/a><\/p>\n","protected":false},"excerpt":{"rendered":"<p>Hei sin\u00e4 innokas lukija &#8211; tutustu lukudiplomiin t\u00e4st\u00e4! Mit\u00e4 Suomi lukee? (lokakuu 2015)<\/p>\n","protected":false},"author":681,"featured_media":0,"parent":0,"menu_order":6,"comment_status":"closed","ping_status":"closed","template":"","meta":{"footnotes":""},"class_list":["post-14","page","type-page","status-publish","hentry"],"_links":{"self":[{"href":"https:\/\/blog.edu.turku.fi\/puropeltoaidinkieli\/wp-json\/wp\/v2\/pages\/14","targetHints":{"allow":["GET"]}}],"collection":[{"href":"https:\/\/blog.edu.turku.fi\/puropeltoaidinkieli\/wp-json\/wp\/v2\/pages"}],"about":[{"href":"https:\/\/blog.edu.turku.fi\/puropeltoaidinkieli\/wp-json\/wp\/v2\/types\/page"}],"author":[{"embeddable":true,"href":"https:\/\/blog.edu.turku.fi\/puropeltoaidinkieli\/wp-json\/wp\/v2\/users\/681"}],"replies":[{"embeddable":true,"href":"https:\/\/blog.edu.turku.fi\/puropeltoaidinkieli\/wp-json\/wp\/v2\/comments?post=14"}],"version-history":[{"count":4,"href":"https:\/\/blog.edu.turku.fi\/puropeltoaidinkieli\/wp-json\/wp\/v2\/pages\/14\/revisions"}],"predecessor-version":[{"id":269,"href":"https:\/\/blog.edu.turku.fi\/puropeltoaidinkieli\/wp-json\/wp\/v2\/pages\/14\/revisions\/269"}],"wp:attachment":[{"href":"https:\/\/blog.edu.turku.fi\/puropeltoaidinkieli\/wp-json\/wp\/v2\/media?parent=14"}],"curies":[{"name":"wp","href":"https:\/\/api.w.org\/{rel}","templated":true}]}}