{"id":133,"date":"2015-09-07T13:02:24","date_gmt":"2015-09-07T10:02:24","guid":{"rendered":"https:\/\/blog.edu.turku.fi\/puropeltoaidinkieli\/?page_id=133"},"modified":"2015-09-07T13:24:26","modified_gmt":"2015-09-07T10:24:26","slug":"maailman-13-puhutuinta-kielta","status":"publish","type":"page","link":"https:\/\/blog.edu.turku.fi\/puropeltoaidinkieli\/maailman-kielet\/maailman-13-puhutuinta-kielta\/","title":{"rendered":"Maailman puhutuimmat kielet"},"content":{"rendered":"<p><a href=\"http:\/\/tieku.fi\/kulttuuri\/kielet\/maailman-13-puhutuinta-kielta\">Maailman 13 puhutuinta kielt\u00e4 l\u00f6ytyy t\u00e4\u00e4lt\u00e4!<\/a><\/p>\n<p><a href=\"http:\/\/faktat.fi\/maailman-puhutuimmat-kielet-aidinkielen-mukaan\/\">Tarkempi lista maailman 10 puhutuimmasta kielest\u00e4 l\u00f6ytyy t\u00e4\u00e4lt\u00e4!<\/a><\/p>\n<p><a href=\"http:\/\/tieku.fi\/ihminen\/mika-on-maailman-vanhin-kieli\">Katso t\u00e4\u00e4lt\u00e4, mit\u00e4 kirjoitetaan maailman vanhimmista kielist\u00e4.<\/a><\/p>\n<p>&nbsp;<\/p>\n","protected":false},"excerpt":{"rendered":"<p>Maailman 13 puhutuinta kielt\u00e4 l\u00f6ytyy t\u00e4\u00e4lt\u00e4! Tarkempi lista maailman 10 puhutuimmasta kielest\u00e4 l\u00f6ytyy t\u00e4\u00e4lt\u00e4! Katso t\u00e4\u00e4lt\u00e4, mit\u00e4 kirjoitetaan maailman vanhimmista kielist\u00e4. &nbsp;<\/p>\n","protected":false},"author":681,"featured_media":0,"parent":61,"menu_order":0,"comment_status":"closed","ping_status":"closed","template":"","meta":{"footnotes":""},"class_list":["post-133","page","type-page","status-publish","hentry"],"_links":{"self":[{"href":"https:\/\/blog.edu.turku.fi\/puropeltoaidinkieli\/wp-json\/wp\/v2\/pages\/133","targetHints":{"allow":["GET"]}}],"collection":[{"href":"https:\/\/blog.edu.turku.fi\/puropeltoaidinkieli\/wp-json\/wp\/v2\/pages"}],"about":[{"href":"https:\/\/blog.edu.turku.fi\/puropeltoaidinkieli\/wp-json\/wp\/v2\/types\/page"}],"author":[{"embeddable":true,"href":"https:\/\/blog.edu.turku.fi\/puropeltoaidinkieli\/wp-json\/wp\/v2\/users\/681"}],"replies":[{"embeddable":true,"href":"https:\/\/blog.edu.turku.fi\/puropeltoaidinkieli\/wp-json\/wp\/v2\/comments?post=133"}],"version-history":[{"count":5,"href":"https:\/\/blog.edu.turku.fi\/puropeltoaidinkieli\/wp-json\/wp\/v2\/pages\/133\/revisions"}],"predecessor-version":[{"id":160,"href":"https:\/\/blog.edu.turku.fi\/puropeltoaidinkieli\/wp-json\/wp\/v2\/pages\/133\/revisions\/160"}],"up":[{"embeddable":true,"href":"https:\/\/blog.edu.turku.fi\/puropeltoaidinkieli\/wp-json\/wp\/v2\/pages\/61"}],"wp:attachment":[{"href":"https:\/\/blog.edu.turku.fi\/puropeltoaidinkieli\/wp-json\/wp\/v2\/media?parent=133"}],"curies":[{"name":"wp","href":"https:\/\/api.w.org\/{rel}","templated":true}]}}