{"id":131,"date":"2015-09-07T13:00:37","date_gmt":"2015-09-07T10:00:37","guid":{"rendered":"https:\/\/blog.edu.turku.fi\/puropeltoaidinkieli\/?page_id=131"},"modified":"2016-02-07T17:58:58","modified_gmt":"2016-02-07T15:58:58","slug":"mieskirjailijoita","status":"publish","type":"page","link":"https:\/\/blog.edu.turku.fi\/puropeltoaidinkieli\/kotimainen-nykykirjallisuus\/mieskirjailijoita\/","title":{"rendered":"Mieskirjailijoita"},"content":{"rendered":"<p>Tuomas Kyr\u00f6: Mielens\u00e4pahoittaja<\/p>\n<p><iframe loading=\"lazy\" title=\"MIELENS\u00c4PAHOITTAJA Official trailer \u00a9 Solar Films\" width=\"584\" height=\"329\" src=\"https:\/\/www.youtube.com\/embed\/25rLjMHLOJY?feature=oembed\" frameborder=\"0\" allow=\"accelerometer; autoplay; clipboard-write; encrypted-media; gyroscope; picture-in-picture; web-share\" referrerpolicy=\"strict-origin-when-cross-origin\" allowfullscreen><\/iframe><\/p>\n<p><a href=\"http:\/\/www.hs.fi\/kuukausiliite\/a1406600415520\">Lehtijuttu Tuomas Kyr\u00f6st\u00e4<\/a><\/p>\n<p>Juha Vuorinen<\/p>\n<p><a href=\"https:\/\/www.youtube.com\/watch?v=8CsTn-8s0L8&amp;list=PLFdQrQdF9rTNp_nO30eeHoFQPZHUn6onA\">Juha Vuorinen: Juoppohullun p\u00e4iv\u00e4kirja<\/a><\/p>\n<p>Matti R\u00f6nk\u00e4 <a href=\"https:\/\/www.youtube.com\/watch?v=_G_HikHc4rk\">Tappajann\u00e4k\u00f6inen mies<\/a><\/p>\n<p>Ilkka Remes <a href=\"https:\/\/ilkkaremes.wordpress.com\/ideasta-kansien-valiin\/\">Kirjailijan blogi<\/a><\/p>\n<p>Reijo M\u00e4ki <a href=\"https:\/\/www.youtube.com\/watch?v=8VfxiboqYGg\">Vares<\/a><\/p>\n<p>Mauri Kunnas <a href=\"http:\/\/maurikunnas.net\">Kirjailijan kotisivut<\/a><\/p>\n<p>Jari Tervo<\/p>\n<p>Peter Franzen <a href=\"https:\/\/www.youtube.com\/watch?v=0g7HUPvYius\">Tumman veden p\u00e4\u00e4ll\u00e4<\/a><\/p>\n<p>Kjell West\u00f6 <a href=\"https:\/\/www.youtube.com\/watch?v=T9hzkHvAJTE\">Kirjailijan haastattelu<\/a><\/p>\n<p>Kari Hotakainen <a href=\"https:\/\/www.youtube.com\/watch?v=iwK0bVchlkw\">Juoksuhaudantie<\/a><\/p>\n<p>Mikko Rimminen <a href=\"https:\/\/www.youtube.com\/watch?v=Pz4pOs-1ZAY\">Pussikaljaelokuva<\/a><\/p>\n<p>Miika Nousiainen <a href=\"https:\/\/www.youtube.com\/watch?v=QA3cf1qT3mo\">Vadelmavenepakolainen<\/a><\/p>\n<p>Tommi Kinnunen<br \/>\n<a href=\"https:\/\/www.youtube.com\/watch?v=55X0Y8Am0-0\">Kirjailijan haastattelu<\/a><\/p>\n","protected":false},"excerpt":{"rendered":"<p>Tuomas Kyr\u00f6: Mielens\u00e4pahoittaja Lehtijuttu Tuomas Kyr\u00f6st\u00e4 Juha Vuorinen Juha Vuorinen: Juoppohullun p\u00e4iv\u00e4kirja Matti R\u00f6nk\u00e4 Tappajann\u00e4k\u00f6inen mies Ilkka Remes Kirjailijan blogi Reijo M\u00e4ki Vares Mauri Kunnas Kirjailijan kotisivut Jari Tervo Peter Franzen Tumman veden p\u00e4\u00e4ll\u00e4 Kjell West\u00f6 Kirjailijan haastattelu Kari Hotakainen &hellip; <a href=\"https:\/\/blog.edu.turku.fi\/puropeltoaidinkieli\/kotimainen-nykykirjallisuus\/mieskirjailijoita\/\">Lue loppuun <span class=\"meta-nav\">&rarr;<\/span><\/a><\/p>\n","protected":false},"author":681,"featured_media":0,"parent":14,"menu_order":2,"comment_status":"closed","ping_status":"closed","template":"","meta":{"footnotes":""},"class_list":["post-131","page","type-page","status-publish","hentry"],"_links":{"self":[{"href":"https:\/\/blog.edu.turku.fi\/puropeltoaidinkieli\/wp-json\/wp\/v2\/pages\/131","targetHints":{"allow":["GET"]}}],"collection":[{"href":"https:\/\/blog.edu.turku.fi\/puropeltoaidinkieli\/wp-json\/wp\/v2\/pages"}],"about":[{"href":"https:\/\/blog.edu.turku.fi\/puropeltoaidinkieli\/wp-json\/wp\/v2\/types\/page"}],"author":[{"embeddable":true,"href":"https:\/\/blog.edu.turku.fi\/puropeltoaidinkieli\/wp-json\/wp\/v2\/users\/681"}],"replies":[{"embeddable":true,"href":"https:\/\/blog.edu.turku.fi\/puropeltoaidinkieli\/wp-json\/wp\/v2\/comments?post=131"}],"version-history":[{"count":9,"href":"https:\/\/blog.edu.turku.fi\/puropeltoaidinkieli\/wp-json\/wp\/v2\/pages\/131\/revisions"}],"predecessor-version":[{"id":309,"href":"https:\/\/blog.edu.turku.fi\/puropeltoaidinkieli\/wp-json\/wp\/v2\/pages\/131\/revisions\/309"}],"up":[{"embeddable":true,"href":"https:\/\/blog.edu.turku.fi\/puropeltoaidinkieli\/wp-json\/wp\/v2\/pages\/14"}],"wp:attachment":[{"href":"https:\/\/blog.edu.turku.fi\/puropeltoaidinkieli\/wp-json\/wp\/v2\/media?parent=131"}],"curies":[{"name":"wp","href":"https:\/\/api.w.org\/{rel}","templated":true}]}}