{"id":121,"date":"2015-09-07T12:58:01","date_gmt":"2015-09-07T09:58:01","guid":{"rendered":"https:\/\/blog.edu.turku.fi\/puropeltoaidinkieli\/?page_id=121"},"modified":"2018-04-06T18:45:16","modified_gmt":"2018-04-06T15:45:16","slug":"realismin-aikakausi-2","status":"publish","type":"page","link":"https:\/\/blog.edu.turku.fi\/puropeltoaidinkieli\/kirjallisuushistoria\/realismin-aikakausi-2\/","title":{"rendered":"Realismin aikakausi"},"content":{"rendered":"<p><a href=\"https:\/\/areena.yle.fi\/1-3364792\">Minna Canth<\/a><\/p>\n<p><a href=\"https:\/\/areena.yle.fi\/1-3755101\">Aleksis Kivi<\/a><\/p>\n<p>Aleksis Kiven aikanaan kohua her\u00e4tt\u00e4neeseen teokseen voit tutustua\u00a0<a href=\"http:\/\/seitsemanveljesta.net\">t\u00e4\u00e4ll\u00e4!<\/a><\/p>\n<p>Lue Minna Canthin n\u00e4ytelm\u00e4 Anna Liisa <a href=\"http:\/\/www.gutenberg.org\/cache\/epub\/13173\/pg13173-images.html\">t\u00e4\u00e4lt\u00e4<\/a>.<\/p>\n<p>Kuuntele Maija Vilkkumaan kappale Anna Liisa. Mit\u00e4 intertekstuaalisuutta l\u00f6yd\u00e4t kappaleen sanoituksesta? Mist\u00e4 kappale kertoo?<\/p>\n<p><iframe loading=\"lazy\" title=\"Maija Vilkkumaa - 10. Anna-Liisa - (Totuutta ja Teht\u00e4v\u00e4\u00e4)\" width=\"584\" height=\"438\" src=\"https:\/\/www.youtube.com\/embed\/O6MVJ-C8vkc?feature=oembed\" frameborder=\"0\" allow=\"accelerometer; autoplay; clipboard-write; encrypted-media; gyroscope; picture-in-picture; web-share\" referrerpolicy=\"strict-origin-when-cross-origin\" allowfullscreen><\/iframe><\/p>\n<p>Lue Minna Canthin novelli K\u00e4yh\u00e4\u00e4 kansaa <a href=\"http:\/\/www.gutenberg.org\/cache\/epub\/13976\/pg13976-images.html\">t\u00e4\u00e4lt\u00e4<\/a>.<\/p>\n<p>&nbsp;<\/p>\n","protected":false},"excerpt":{"rendered":"<p>Minna Canth Aleksis Kivi Aleksis Kiven aikanaan kohua her\u00e4tt\u00e4neeseen teokseen voit tutustua\u00a0t\u00e4\u00e4ll\u00e4! Lue Minna Canthin n\u00e4ytelm\u00e4 Anna Liisa t\u00e4\u00e4lt\u00e4. Kuuntele Maija Vilkkumaan kappale Anna Liisa. Mit\u00e4 intertekstuaalisuutta l\u00f6yd\u00e4t kappaleen sanoituksesta? Mist\u00e4 kappale kertoo? Lue Minna Canthin novelli K\u00e4yh\u00e4\u00e4 kansaa t\u00e4\u00e4lt\u00e4. &hellip; <a href=\"https:\/\/blog.edu.turku.fi\/puropeltoaidinkieli\/kirjallisuushistoria\/realismin-aikakausi-2\/\">Lue loppuun <span class=\"meta-nav\">&rarr;<\/span><\/a><\/p>\n","protected":false},"author":1950,"featured_media":0,"parent":12,"menu_order":4,"comment_status":"closed","ping_status":"closed","template":"","meta":{"footnotes":""},"class_list":["post-121","page","type-page","status-publish","hentry"],"_links":{"self":[{"href":"https:\/\/blog.edu.turku.fi\/puropeltoaidinkieli\/wp-json\/wp\/v2\/pages\/121","targetHints":{"allow":["GET"]}}],"collection":[{"href":"https:\/\/blog.edu.turku.fi\/puropeltoaidinkieli\/wp-json\/wp\/v2\/pages"}],"about":[{"href":"https:\/\/blog.edu.turku.fi\/puropeltoaidinkieli\/wp-json\/wp\/v2\/types\/page"}],"author":[{"embeddable":true,"href":"https:\/\/blog.edu.turku.fi\/puropeltoaidinkieli\/wp-json\/wp\/v2\/users\/1950"}],"replies":[{"embeddable":true,"href":"https:\/\/blog.edu.turku.fi\/puropeltoaidinkieli\/wp-json\/wp\/v2\/comments?post=121"}],"version-history":[{"count":9,"href":"https:\/\/blog.edu.turku.fi\/puropeltoaidinkieli\/wp-json\/wp\/v2\/pages\/121\/revisions"}],"predecessor-version":[{"id":337,"href":"https:\/\/blog.edu.turku.fi\/puropeltoaidinkieli\/wp-json\/wp\/v2\/pages\/121\/revisions\/337"}],"up":[{"embeddable":true,"href":"https:\/\/blog.edu.turku.fi\/puropeltoaidinkieli\/wp-json\/wp\/v2\/pages\/12"}],"wp:attachment":[{"href":"https:\/\/blog.edu.turku.fi\/puropeltoaidinkieli\/wp-json\/wp\/v2\/media?parent=121"}],"curies":[{"name":"wp","href":"https:\/\/api.w.org\/{rel}","templated":true}]}}