{"id":115,"date":"2015-09-07T12:56:00","date_gmt":"2015-09-07T09:56:00","guid":{"rendered":"https:\/\/blog.edu.turku.fi\/puropeltoaidinkieli\/?page_id=115"},"modified":"2018-04-06T18:47:03","modified_gmt":"2018-04-06T15:47:03","slug":"romantiikan-aikakausi","status":"publish","type":"page","link":"https:\/\/blog.edu.turku.fi\/puropeltoaidinkieli\/kirjallisuushistoria\/romantiikan-aikakausi\/","title":{"rendered":"Romantiikan aikakausi"},"content":{"rendered":"<p><a href=\"https:\/\/yle.fi\/aihe\/artikkeli\/2012\/11\/07\/jl-runebergin-paiva-52\">J. L. Runeberg<\/a><\/p>\n<p><em><strong>TEHT\u00c4V\u00c4: T\u00e4ydenn\u00e4 henkil\u00f6tietokortti J.L. Runebergista.<\/strong><\/em><\/p>\n","protected":false},"excerpt":{"rendered":"<p>J. L. Runeberg TEHT\u00c4V\u00c4: T\u00e4ydenn\u00e4 henkil\u00f6tietokortti J.L. Runebergista.<\/p>\n","protected":false},"author":1950,"featured_media":0,"parent":12,"menu_order":3,"comment_status":"closed","ping_status":"closed","template":"","meta":{"footnotes":""},"class_list":["post-115","page","type-page","status-publish","hentry"],"_links":{"self":[{"href":"https:\/\/blog.edu.turku.fi\/puropeltoaidinkieli\/wp-json\/wp\/v2\/pages\/115","targetHints":{"allow":["GET"]}}],"collection":[{"href":"https:\/\/blog.edu.turku.fi\/puropeltoaidinkieli\/wp-json\/wp\/v2\/pages"}],"about":[{"href":"https:\/\/blog.edu.turku.fi\/puropeltoaidinkieli\/wp-json\/wp\/v2\/types\/page"}],"author":[{"embeddable":true,"href":"https:\/\/blog.edu.turku.fi\/puropeltoaidinkieli\/wp-json\/wp\/v2\/users\/1950"}],"replies":[{"embeddable":true,"href":"https:\/\/blog.edu.turku.fi\/puropeltoaidinkieli\/wp-json\/wp\/v2\/comments?post=115"}],"version-history":[{"count":4,"href":"https:\/\/blog.edu.turku.fi\/puropeltoaidinkieli\/wp-json\/wp\/v2\/pages\/115\/revisions"}],"predecessor-version":[{"id":338,"href":"https:\/\/blog.edu.turku.fi\/puropeltoaidinkieli\/wp-json\/wp\/v2\/pages\/115\/revisions\/338"}],"up":[{"embeddable":true,"href":"https:\/\/blog.edu.turku.fi\/puropeltoaidinkieli\/wp-json\/wp\/v2\/pages\/12"}],"wp:attachment":[{"href":"https:\/\/blog.edu.turku.fi\/puropeltoaidinkieli\/wp-json\/wp\/v2\/media?parent=115"}],"curies":[{"name":"wp","href":"https:\/\/api.w.org\/{rel}","templated":true}]}}