{"id":10,"date":"2015-09-07T09:57:38","date_gmt":"2015-09-07T06:57:38","guid":{"rendered":"https:\/\/blog.edu.turku.fi\/puropeltoaidinkieli\/?page_id=10"},"modified":"2015-09-07T12:27:41","modified_gmt":"2015-09-07T09:27:41","slug":"suomen-kieli-ja-kulttuuri","status":"publish","type":"page","link":"https:\/\/blog.edu.turku.fi\/puropeltoaidinkieli\/suomen-kieli-ja-kulttuuri\/","title":{"rendered":"Suomen kieli ja kulttuuri"},"content":{"rendered":"<p><strong>Suomalainen kulttuuri \u2013 mit\u00e4 se on?<\/strong><br \/>\n<em>\u2022 kieli (suomi, ruotsi, saame, romanikielet, viittomakieli)<\/em><br \/>\n<em>\u2022 kirjallisuus (Kalevala, Tuntematon sotilas, Viivi ja Wagner)<\/em><br \/>\n<em>\u2022 taide (maalaukset, veistokset, muotoilu, arkkitehtuuri)<\/em><br \/>\n<em>\u2022 musiikki (kansanmusiikki, klassinen musiikki, rockmusiikki, suomir\u00e4p)<\/em><br \/>\n<em>\u2022 ruoka (m\u00e4mmi, karjalanpiirakat, lanttulaatikko, laskiaispulla)<\/em><br \/>\n<em>\u2022 juhlat &amp; perinteet (juhannuskokko, joulusauna, loma kes\u00e4m\u00f6kill\u00e4)<\/em><br \/>\n<em>\u2022 urheilu (eukonkanto, saappaanheitto, pes\u00e4pallo)<\/em><br \/>\n<em>\u2022 pukeutuminen (kansallispuvut, nelj\u00e4ntuulenhattu, jussipaita)<\/em><\/p>\n<p><em><strong>TEHT\u00c4V\u00c4T:<\/strong><\/em><\/p>\n<p><em><strong>1) Suomeen saapuu luokka ulkomaalaisia yhdeks\u00e4sluokkalaisia. Saat esitell\u00e4 heille viisi paikkaa tai n\u00e4ht\u00e4vyytt\u00e4. Mit\u00e4 ne ovat?<\/strong><\/em><\/p>\n<p><strong><em>2) Ent\u00e4 mit\u00e4 haluaisit heid\u00e4n n\u00e4kev\u00e4n kotikaupungissasi?<\/em><\/strong><\/p>\n<p><strong><em>3) Tehk\u00e4\u00e4 pareittain TOP10-lista suomalaista kulttuuria parhaiten kuvaavista asioista\/esineist\u00e4\/paikoista!<\/em><\/strong><\/p>\n\n\t\t<style type=\"text\/css\">\n\t\t\t#gallery-1 {\n\t\t\t\tmargin: auto;\n\t\t\t}\n\t\t\t#gallery-1 .gallery-item {\n\t\t\t\tfloat: left;\n\t\t\t\tmargin-top: 10px;\n\t\t\t\ttext-align: center;\n\t\t\t\twidth: 33%;\n\t\t\t}\n\t\t\t#gallery-1 img {\n\t\t\t\tborder: 2px solid #cfcfcf;\n\t\t\t}\n\t\t\t#gallery-1 .gallery-caption {\n\t\t\t\tmargin-left: 0;\n\t\t\t}\n\t\t\t\/* see gallery_shortcode() in wp-includes\/media.php *\/\n\t\t<\/style>\n\t\t<div id='gallery-1' class='gallery galleryid-10 gallery-columns-3 gallery-size-thumbnail'><dl class='gallery-item'>\n\t\t\t<dt class='gallery-icon landscape'>\n\t\t\t\t<a href='https:\/\/blog.edu.turku.fi\/puropeltoaidinkieli\/suomen-kieli-ja-kulttuuri\/karjalanpiirakoit\/'><img loading=\"lazy\" decoding=\"async\" width=\"150\" height=\"150\" src=\"https:\/\/blog.edu.turku.fi\/puropeltoaidinkieli\/files\/2015\/09\/karjalanpiirakoit-150x150.jpg\" class=\"attachment-thumbnail size-thumbnail\" alt=\"\" \/><\/a>\n\t\t\t<\/dt><\/dl><dl class='gallery-item'>\n\t\t\t<dt class='gallery-icon portrait'>\n\t\t\t\t<a href='https:\/\/blog.edu.turku.fi\/puropeltoaidinkieli\/suomen-kieli-ja-kulttuuri\/tanhua\/'><img loading=\"lazy\" decoding=\"async\" width=\"150\" height=\"150\" src=\"https:\/\/blog.edu.turku.fi\/puropeltoaidinkieli\/files\/2015\/09\/tanhua-150x150.jpg\" class=\"attachment-thumbnail size-thumbnail\" alt=\"\" \/><\/a>\n\t\t\t<\/dt><\/dl>\n\t\t\t<br style='clear: both' \/>\n\t\t<\/div>\n\n<p>&nbsp;<\/p>\n","protected":false},"excerpt":{"rendered":"<p>Suomalainen kulttuuri \u2013 mit\u00e4 se on? \u2022 kieli (suomi, ruotsi, saame, romanikielet, viittomakieli) \u2022 kirjallisuus (Kalevala, Tuntematon sotilas, Viivi ja Wagner) \u2022 taide (maalaukset, veistokset, muotoilu, arkkitehtuuri) \u2022 musiikki (kansanmusiikki, klassinen musiikki, rockmusiikki, suomir\u00e4p) \u2022 ruoka (m\u00e4mmi, karjalanpiirakat, lanttulaatikko, laskiaispulla) &hellip; <a href=\"https:\/\/blog.edu.turku.fi\/puropeltoaidinkieli\/suomen-kieli-ja-kulttuuri\/\">Lue loppuun <span class=\"meta-nav\">&rarr;<\/span><\/a><\/p>\n","protected":false},"author":681,"featured_media":0,"parent":0,"menu_order":2,"comment_status":"closed","ping_status":"closed","template":"","meta":{"footnotes":""},"class_list":["post-10","page","type-page","status-publish","hentry"],"_links":{"self":[{"href":"https:\/\/blog.edu.turku.fi\/puropeltoaidinkieli\/wp-json\/wp\/v2\/pages\/10","targetHints":{"allow":["GET"]}}],"collection":[{"href":"https:\/\/blog.edu.turku.fi\/puropeltoaidinkieli\/wp-json\/wp\/v2\/pages"}],"about":[{"href":"https:\/\/blog.edu.turku.fi\/puropeltoaidinkieli\/wp-json\/wp\/v2\/types\/page"}],"author":[{"embeddable":true,"href":"https:\/\/blog.edu.turku.fi\/puropeltoaidinkieli\/wp-json\/wp\/v2\/users\/681"}],"replies":[{"embeddable":true,"href":"https:\/\/blog.edu.turku.fi\/puropeltoaidinkieli\/wp-json\/wp\/v2\/comments?post=10"}],"version-history":[{"count":11,"href":"https:\/\/blog.edu.turku.fi\/puropeltoaidinkieli\/wp-json\/wp\/v2\/pages\/10\/revisions"}],"predecessor-version":[{"id":89,"href":"https:\/\/blog.edu.turku.fi\/puropeltoaidinkieli\/wp-json\/wp\/v2\/pages\/10\/revisions\/89"}],"wp:attachment":[{"href":"https:\/\/blog.edu.turku.fi\/puropeltoaidinkieli\/wp-json\/wp\/v2\/media?parent=10"}],"curies":[{"name":"wp","href":"https:\/\/api.w.org\/{rel}","templated":true}]}}