{"id":50,"date":"2012-05-04T16:52:24","date_gmt":"2012-05-04T13:52:24","guid":{"rendered":"https:\/\/blog.edu.turku.fi\/puris\/?page_id=50"},"modified":"2025-09-23T19:27:09","modified_gmt":"2025-09-23T16:27:09","slug":"vanhempainyhdistys","status":"publish","type":"page","link":"https:\/\/blog.edu.turku.fi\/puris\/vanhempainyhdistys\/","title":{"rendered":"Vanhempainyhdistys"},"content":{"rendered":"<p><strong><img loading=\"lazy\" decoding=\"async\" class=\"size-full wp-image-79 alignright\" title=\"puris_logo\" src=\"https:\/\/blog.edu.turku.fi\/puris\/files\/2012\/05\/puris_logo.jpg\" alt=\"\" width=\"216\" height=\"107\" \/><\/strong><b><\/b><b><\/b><\/p>\n<p>Tervetuloa Puropellon koulun <strong>vanhempainyhdistyksen kokoukseen ma 27.10. klo 17.30 Puropellon koulun opettajainhuoneeseen<\/strong>.<\/p>\n<p>Jokainen vanhempainyhdistyksen toiminnasta kiinnostunut on l\u00e4mpim\u00e4sti tervetullut mukaan suunnittelemaan ja toteuttamaan toimintaa Puropellon koulun oppilaiden sek\u00e4\u00a0huoltajien hyv\u00e4ksi. Erityisesti toivomme 7.-luokkalaisten huoltajia mukaan toimintaan.<\/p>\n<p><em>Puropellon koulun vanhempainyhdistys ry<\/em><br \/>\n<em>Hallitus<\/em><\/p>\n<p>&nbsp;<\/p>\n<p><strong>Puropellon koulun vanhempainyhdistys ry<br \/>\n<\/strong>perustettiin kev\u00e4\u00e4ll\u00e4 2008. Yhdistyksen tarkoituksena on:<\/p>\n<ul>\n<li>Edist\u00e4\u00e4 oppilaiden, vanhempien ja koulun v\u00e4list\u00e4 yhteistoimintaa.<\/li>\n<li>Tukea koteja ja koulua niiden pyrkimyksess\u00e4 luoda nuorille hyv\u00e4 oppimis- ja kasvuymp\u00e4rist\u00f6.<\/li>\n<li>Tuoda esille vanhempien kannanottoja koulua ja kasvatusta koskevissa kysymyksiss\u00e4.<\/li>\n<\/ul>\n<p><strong>Puheenjohtaja ja hallitus toimintakaudella 2025-2026:<br \/>\n<\/strong><\/p>\n<p>Laura Simonen, puheenjohtaja<br \/>\n<em><strong>Hallituksen j\u00e4senet:<br \/>\n<\/strong><\/em>Riina Jantunen, varapj.<br \/>\nJonna Iltanen, taloudenhoitaja<br \/>\nKurt Hedborg, sihteeri<br \/>\nSaija Koski<br \/>\nTanja Korkiam\u00e4ki<br \/>\nNina Lehtinen<br \/>\nMarjo Liesegang-Aalto<br \/>\nAnette Lindroos<br \/>\nSirpa Riikonen-Mialon<br \/>\nVirpi Tuominen<\/p>\n<p>Yhteysopettajana toimii Sanna Luoma.<\/p>\n<p>Kaikki Puropellon koulun oppilaiden vanhemmat ovat vanhempainyhdistyksen j\u00e4seni\u00e4. Yhdistyksen kokoukset ovat kaikille vanhemmille avoimia. Otamme mielell\u00e4mme vastaan ideoita ja ajatuksia siit\u00e4, miten vanhempainyhdistys voisi toimia koulun oppilaiden ja perheiden hyv\u00e4ksi. Tervetuloa kokoukseen! Asioita, joita toivoo k\u00e4sitelt\u00e4v\u00e4n hallituksen kokouksessa voi my\u00f6s l\u00e4hett\u00e4\u00e4 s\u00e4hk\u00f6postitse yhdistyksen puheenjohtaja Laura Simoselle osoitteeseen<strong> laura.m.simonen@gmail.com.<\/strong><\/p>\n<p>Yhdistyksen toimintaa voi tukea maksamalla vuosittaisen kannatusmaksun 10 \u20ac tai muun sopivaksi katsomansa summan.<\/p>\n<p>Puropellon koulun vanhempainyhdistys ry<br \/>\nOsuuspankki FI73 5716 9020 1169 22<br \/>\nViestikentt\u00e4\u00e4n: Kannatusmaksu 2025-2026<\/p>\n<p>Kiit\u00e4mme kaikkia, jotka ovat jo osallistuneet maksamalla kannatusmaksun!<\/p>\n<p>Terveisin<\/p>\n<p>Laura Simonen, pj<br \/>\nPuropellon koulun vanhempainyhdistys ry<\/p>\n","protected":false},"excerpt":{"rendered":"<p>Tervetuloa Puropellon koulun vanhempainyhdistyksen kokoukseen ma 27.10. klo 17.30 Puropellon koulun opettajainhuoneeseen. Jokainen vanhempainyhdistyksen toiminnasta kiinnostunut on l\u00e4mpim\u00e4sti tervetullut mukaan suunnittelemaan ja toteuttamaan toimintaa Puropellon koulun oppilaiden sek\u00e4\u00a0huoltajien hyv\u00e4ksi. Erityisesti toivomme 7.-luokkalaisten huoltajia mukaan toimintaan. Puropellon koulun vanhempainyhdistys ry Hallitus &nbsp; Puropellon koulun vanhempainyhdistys ry perustettiin kev\u00e4\u00e4ll\u00e4 2008. Yhdistyksen tarkoituksena on: Edist\u00e4\u00e4 oppilaiden, vanhempien ja &hellip; <a href=\"https:\/\/blog.edu.turku.fi\/puris\/vanhempainyhdistys\/\" class=\"more-link\">Jatka lukemista<span class=\"screen-reader-text\"> &#8221;Vanhempainyhdistys&#8221;<\/span><\/a><\/p>\n","protected":false},"author":50,"featured_media":0,"parent":0,"menu_order":0,"comment_status":"closed","ping_status":"closed","template":"","meta":{"footnotes":""},"class_list":["post-50","page","type-page","status-publish","hentry"],"_links":{"self":[{"href":"https:\/\/blog.edu.turku.fi\/puris\/wp-json\/wp\/v2\/pages\/50","targetHints":{"allow":["GET"]}}],"collection":[{"href":"https:\/\/blog.edu.turku.fi\/puris\/wp-json\/wp\/v2\/pages"}],"about":[{"href":"https:\/\/blog.edu.turku.fi\/puris\/wp-json\/wp\/v2\/types\/page"}],"author":[{"embeddable":true,"href":"https:\/\/blog.edu.turku.fi\/puris\/wp-json\/wp\/v2\/users\/50"}],"replies":[{"embeddable":true,"href":"https:\/\/blog.edu.turku.fi\/puris\/wp-json\/wp\/v2\/comments?post=50"}],"version-history":[{"count":110,"href":"https:\/\/blog.edu.turku.fi\/puris\/wp-json\/wp\/v2\/pages\/50\/revisions"}],"predecessor-version":[{"id":2328,"href":"https:\/\/blog.edu.turku.fi\/puris\/wp-json\/wp\/v2\/pages\/50\/revisions\/2328"}],"wp:attachment":[{"href":"https:\/\/blog.edu.turku.fi\/puris\/wp-json\/wp\/v2\/media?parent=50"}],"curies":[{"name":"wp","href":"https:\/\/api.w.org\/{rel}","templated":true}]}}