{"id":470,"date":"2014-08-13T09:32:11","date_gmt":"2014-08-13T06:32:11","guid":{"rendered":"https:\/\/blog.edu.turku.fi\/puris\/?page_id=470"},"modified":"2026-02-24T14:02:01","modified_gmt":"2026-02-24T12:02:01","slug":"koulun-kaytanteet","status":"publish","type":"page","link":"https:\/\/blog.edu.turku.fi\/puris\/koulun-kaytanteet\/","title":{"rendered":"Puropellon koulun j\u00e4rjestyss\u00e4\u00e4nn\u00f6t ja k\u00e4yt\u00e4nteet"},"content":{"rendered":"<h5>Puropellon koulun j\u00e4rjestyss\u00e4\u00e4nn\u00f6t<\/h5>\n<p>S\u00e4\u00e4nn\u00f6t ovat v\u00e4ltt\u00e4m\u00e4tt\u00f6mi\u00e4 kouluyhteis\u00f6n toiminnan ja ty\u00f6rauhan s\u00e4ilymisen sek\u00e4 j\u00e4senten turvallisuuden ja viihtyvyyden vuoksi. Ty\u00f6rauha on ehdoton edellytys kouluty\u00f6n onnistumiselle. S\u00e4\u00e4nn\u00f6t totuttavat oppilaan vastuuseen ja yhteiskunnan j\u00e4senyyteen sek\u00e4 arvostavaan vuorovaikutukseen muiden ihmisten kanssa.<br \/>\nOppilaan on suoritettava teht\u00e4v\u00e4ns\u00e4 tunnollisesti ja k\u00e4ytt\u00e4ydytt\u00e4v\u00e4 asiallisesti. Oppilaan on k\u00e4ytt\u00e4ydytt\u00e4v\u00e4 muita kiusaamatta ja syrjim\u00e4tt\u00e4 sek\u00e4 toimittava siten, ettei h\u00e4n vaaranna muiden oppilaiden, kouluyhteis\u00f6n tai opiskeluymp\u00e4rist\u00f6n turvallisuutta tai terveytt\u00e4 (POL 35\u00a7).<br \/>\nJ\u00e4rjestyss\u00e4\u00e4nt\u00f6j\u00e4 noudatetaan aina kouluaikana, koulualueella ja kaikessa lukuvuosisuunnitelman kuvaamassa koulun toiminnassa (POL 29\u00a7, POL 35-36\u00a7).<\/p>\n<p>1. Koko kouluyhteis\u00f6 toimii yst\u00e4v\u00e4llisesti, kannustavasti, toisiaan kunnioittaen, hyvien tapojen mukaisesti ja henkil\u00f6kunnan ohjeita noudattaen.<\/p>\n<p>2. Koulussa jokaisella henkil\u00f6ll\u00e4 on oikeus h\u00e4iri\u00f6tt\u00f6m\u00e4\u00e4n ty\u00f6skentelyyn. Oppilailla on oikeus oppia ja opettajilla on oikeus opettaa.<\/p>\n<p>3. Ep\u00e4asiallinen ja h\u00e4iritsev\u00e4 k\u00e4yt\u00f6s sek\u00e4 kiusaaminen on kielletty. Koulussa jokaisella on oikeus fyysiseen ja psyykkiseen koskemattomuuteen.<\/p>\n<p>4. Tupakan, s\u00e4hk\u00f6tupakan, nuuskan, p\u00e4ihteiden ja huumeiden k\u00e4ytt\u00f6 sek\u00e4 hallussapito on kielletty kouluaikana ja koulun j\u00e4rjest\u00e4miss\u00e4 tilaisuuksissa sek\u00e4 vuosisuunnitelman kuvaamassa toiminnassa.<\/p>\n<p>5. Toisen henkil\u00f6n vahingoittamiseen tarkoitetut tai siihen soveltuvat esineet ja aineet ja niiden hallussapito on kouluaikana kielletty\u00e4. N\u00e4it\u00e4 ei saa my\u00f6sk\u00e4\u00e4n pit\u00e4\u00e4 hallussa koulumatkalla.<\/p>\n<p>6. Koulu ja sen alue pidet\u00e4\u00e4n siistin\u00e4 eik\u00e4 koulun omaisuutta saa turmella. Oppilas on velvollinen kertomaan havaitsemistaan vahingoista koulun henkil\u00f6st\u00f6lle. Vahingon aiheuttaja on ilmoittautumis- ja vahingonkorvausvelvollinen.<br \/>\nKoulussa on m\u00e4\u00e4ritelty v\u00e4lituntialue, jolta poistuminen koulup\u00e4iv\u00e4n aikana on kielletty. V\u00e4litunnit vietet\u00e4\u00e4n ulkona, ellei muuta erikseen sovita.<\/p>\n<p>7. Oppilaat eiv\u00e4t saa koulup\u00e4iv\u00e4n aikana k\u00e4ytt\u00e4\u00e4 kulkuv\u00e4lineit\u00e4, kuten polkupy\u00f6ri\u00e4, s\u00e4hk\u00f6potkulautoja tai moottoriajoneuvoja, ilman henkil\u00f6kunnan lupaa. Eri toimipisteisiin ja opetuksen j\u00e4rjest\u00e4mispaikkoihin siirryt\u00e4\u00e4n annettujen ohjeiden mukaisesti liikennes\u00e4\u00e4nt\u00f6j\u00e4 noudattaen.<\/p>\n<p>8. Oppilas voi olla poissa koulusta vain sairauden perusteella tai saatuaan erillisen luvan poissaoloon luokanopettajalta, luokanohjaajalta tai rehtorilta. Kesken koulup\u00e4iv\u00e4n oppilas voi poistua koulusta vain terveydenhoitajan tai opetushenkil\u00f6kuntaan kuuluvan luvalla.<\/p>\n<p>9. Puhelimen, kellopuhelimen ja muiden mobiililaitteiden k\u00e4ytt\u00f6 on kielletty koko koulup\u00e4iv\u00e4n ajan. Mobiililaitetta saa k\u00e4ytt\u00e4\u00e4 oppimiseen, terveydellisist\u00e4 syist\u00e4 tai oppimisen apuv\u00e4lineen\u00e4 opettajan tai rehtorin luvalla annetun ohjeistuksen mukaisesti (POL 29 \u00a7 4 momentti).<br \/>\nPuropellon koulussa mobiililaitteet ker\u00e4t\u00e4\u00e4n oppilailta valvottuun tilaan koulup\u00e4iv\u00e4n alussa ja luovutetaan takaisin koulup\u00e4iv\u00e4n lopussa. Mobiililaitteen k\u00e4ytt\u00f6\u00f6n terveydellisist\u00e4 syist\u00e4 on oltava perusteltu ilmoitus huoltajalta. Mobiililaite luovutetaan oppilaalle koulup\u00e4iv\u00e4n aikana tapahtuvan l\u00e4\u00e4k\u00e4rik\u00e4ynnin ajaksi, kunhan huoltaja on ilmoittanut siit\u00e4 etuk\u00e4teen.<\/p>\n<p>10. Rahat, arvoesineet ja oppilaan henkil\u00f6kohtainen omaisuus ovat koulussa oppilaan ja huoltajien vastuulla, eik\u00e4 koulu korvaa rahaa eik\u00e4 kadonnutta tai s\u00e4rkynytt\u00e4 omaisuutta.<\/p>\n<p>11. Koulun tiloissa, alueella tai koulun j\u00e4rjest\u00e4miss\u00e4 tilaisuuksissa ei kouluaikana harjoiteta osto- tai myyntitoimintaa. T\u00e4m\u00e4 rajoitus ei koske vanhempainyhdistysten tai oppilaskunnan toimintaa.<\/p>\n<p>J\u00e4rjestyss\u00e4\u00e4nt\u00f6jen rikkomisesta seuraa rangaistus perusopetuslain 36 \u00a7 mukaisesti. Poliisi k\u00e4sittelee rikosasioita.<\/p>\n<p>N\u00e4m\u00e4 ovat Turun kaupungin perusopetuksen koulujen j\u00e4rjestyss\u00e4\u00e4nn\u00f6t, jotka ovat voimassa 1.8.2025 alkaen. J\u00e4rjestyss\u00e4\u00e4nn\u00f6t ohjaavat k\u00e4ytt\u00e4ytymisen arviointia. Ne ovat n\u00e4ht\u00e4viss\u00e4 koulujen kotisivuilla sek\u00e4 koulutiloissa. J\u00e4rjestyss\u00e4\u00e4nn\u00f6t k\u00e4sitell\u00e4\u00e4n oppilaiden kanssa lukuvuosittain ja niist\u00e4 tiedotetaan huoltajia. J\u00e4rjestyss\u00e4\u00e4nn\u00f6t tarkistetaan s\u00e4\u00e4nn\u00f6llisesti.<\/p>\n<h5>Puropellon koulussa noudatetaan lis\u00e4ksi seuraavia kouluty\u00f6t\u00e4 tukevia sek\u00e4 toimivuutta, turvallisuutta ja viihtyisyytt\u00e4 edist\u00e4vi\u00e4 k\u00e4yt\u00e4nteit\u00e4:<\/h5>\n<p><strong>Arviointi<\/strong><br \/>\nArvioinnin teht\u00e4v\u00e4n\u00e4 on kuvata, miten hyvin olet saavuttanut kasvulle ja oppimiselle asetetut tavoitteet. Jakson lopussa saat kurssiarvosanan ja kev\u00e4tlukukauden lopussa lukuvuositodistuksen. Arvioinnin teht\u00e4v\u00e4n\u00e4 on auttaa sinua muodostamaan tavoitteiden mukainen kuva osaamisestasi. Arviointi muodostaa kokonaisuuden, jonka yhten\u00e4 osana on opettajan antama palaute opintojen aikana.\u00a0 Opintojen aikana opit my\u00f6s itse arvioimaan ja seuraamaan omien taitojesi kehittymist\u00e4 opettajan tukiessa t\u00e4t\u00e4 prosessia. T\u00e4t\u00e4 kutsutaan itsearvioinniksi.<br \/>\nKolmen taide- ja taitoaineen (kotitalous, k\u00e4sity\u00f6 ja kuvataide) kaikille yhteiset opinnot p\u00e4\u00e4ttyv\u00e4t 7. luokalla. Historian ja musiikin opinnot p\u00e4\u00e4ttyv\u00e4t 8. luokalla. Niiden arvosanat siirtyv\u00e4t p\u00e4\u00e4tt\u00f6todistukseen. P\u00e4\u00e4tt\u00f6arviointia varten on laadittu perusopetuksen p\u00e4\u00e4tt\u00f6arvioinnin kriteerit, jotka m\u00e4\u00e4rittelev\u00e4t tieto- ja taitotason arvosanoille viisi (5), seitsem\u00e4n (7), kahdeksan (8) ja yhdeks\u00e4n (9). Oppilas saa arvosanan kahdeksan (8), mik\u00e4li h\u00e4n osoittaa keskim\u00e4\u00e4rin hyv\u00e4\u00e4 osaamista.<\/p>\n<p><strong>Ensiapu<\/strong><br \/>\nJos sairastut tai loukkaannut koulup\u00e4iv\u00e4n aikana tai koulumatkalla, sinua hoitaa ensisijaisesti koulun terveydenhoitaja. Jos terveydenhoitaja ei ole paikalla, ota yhteys opettajaan. Tapaturman sattuessa paikalla ollut opettaja tai muu koulun henkil\u00f6st\u00f6\u00f6n kuuluva aikuinen arvioi tilanteen, antaa ensiavun ja ohjaa tarvittaessa jatkohoitoon. Paikalla ollut koulun aikuinen tekee tapaturmailmoituksen vakuutusyhti\u00f6lle.<\/p>\n<p><strong>Erityisopettaja<\/strong><br \/>\nErityisopettaja auttaa sinua oppimisvaikeuksissa. Voit ottaa oma-aloitteisesti yhteytt\u00e4 erityisopettajaan tai puhua asiasta aineen opettajalle.<\/p>\n<p><strong>Henkil\u00f6kohtainen\/koulun omaisuus<\/strong><br \/>\nKunnioita toisen omaisuutta. Turun kaupungin koulussa olevan oppilaan henkil\u00f6kohtaisen omaisuuden korvaamisessa l\u00e4ht\u00f6kohtana on, ett\u00e4 jokainen vastaa itse itselleen aiheutuneista vahingoista. Kaupunki ei korvaa<br \/>\n\u2022 opetustilanteessakaan rikkoutunutta omaisuutta, mik\u00e4li oppilas on toiminut vastoin koulun antamia ohjeita,<br \/>\n\u2022 koulun naulakkotiloissa olevaa omaisuutta,<br \/>\n\u2022 v\u00e4litunnilla vahingoittunutta omaisuutta,<br \/>\n\u2022 koulumatkalla vahingoittunutta omaisuutta,<br \/>\n\u2022 kotivakuutuksen omavastuuosuutta,<br \/>\n\u2022 oppilaan omasta halustaan kouluun tuomaa, opetukseen liittym\u00e4t\u00f6nt\u00e4 omaisuutta (esim. matkapuhelin).<\/p>\n<p><strong>Kabaree<\/strong><br \/>\nKabaree on Puropellon koulun kev\u00e4tn\u00e4yt\u00f6s, jonka p\u00e4\u00e4tt\u00f6luokkalaiset suunnittelevat ja toteuttavat.<\/p>\n<p><strong>Kiusaaminen<\/strong><br \/>\nKerro kiusaamisesta heti opettajalle, kuraattorille, terveydenhoitajalle tai oppilaanohjaajalle. Henkinen ja fyysinen v\u00e4kivalta on viime k\u00e4dess\u00e4 poliisiasia. Puropellon koulun RESTO- ja KivaKoulu-tiimit k\u00e4sittelev\u00e4t viipym\u00e4tt\u00e4 kiusaamistapauksia.<\/p>\n<p><strong>Koulualueelta poistuminen<\/strong><br \/>\n\u00c4l\u00e4 poistu koulualueelta luvatta. Koulu vastaa jokaisen oppilaan turvallisuudesta ja on vastuussa oppilaasta koulup\u00e4iv\u00e4n ajan. Katso kohta \u201dKurinpito\u201d.<\/p>\n<p><strong>Koulun hallinto<\/strong><br \/>\nRehtori ja apulaisrehtorit vastaavat koulun hallinnosta. Opettajat vastaavat opetussuunnitelman mukaisesta opettamisesta sek\u00e4 arvioinnista.<\/p>\n<p><strong>Koulun kerhot<\/strong><br \/>\nKerhot j\u00e4rjestet\u00e4\u00e4n iltap\u00e4ivisin koulun j\u00e4lkeen ja ne ovat maksuttomia koulun oppilaille. Kulloisenkin lukuvuoden kerhoista tiedotetaan syksyn ja kev\u00e4\u00e4n alussa.<\/p>\n<p><strong>Koulumatkat<\/strong><br \/>\nKoulumatka on osa koulup\u00e4iv\u00e4\u00e4si. K\u00e4ytt\u00e4ydy s\u00e4\u00e4nt\u00f6jen mukaan liikenteess\u00e4 ja asiallisesti linja-autossa. Sinulla on oikeus maksuttomaan koulukuljetukseen, mik\u00e4li koulumatkan pituus on yli viisi kilometri\u00e4 ja k\u00e4yt omaa l\u00e4hikouluasi.<\/p>\n<p><strong>Koulun tilat ja opetusv\u00e4lineet<\/strong><br \/>\nKunnioita yhteist\u00e4 omaisuutta. Laita roskat roskakoriin ja pid\u00e4 paikat siistin\u00e4. \u00c4l\u00e4 melua tai riehu k\u00e4yt\u00e4vill\u00e4.<\/p>\n<p><strong>Koulukuraattori<\/strong><br \/>\nKoulukuraattori auttaa sinua erilaisissa ongelmatilanteissa kotona, koulussa ja ihmissuhteissa. Koulukuraattori on tavattavissa Puropellon koulussa viiten\u00e4 p\u00e4iv\u00e4n\u00e4 viikossa.\u00a0 Kerro tunnin pit\u00e4j\u00e4lle, ett\u00e4 olet menossa kuraattorille.<\/p>\n<p><strong>Koulupsykologi<\/strong><br \/>\nKoulupsykologi auttaa sinua koulunk\u00e4yntiin ja oppimiseen liittyviss\u00e4 ongelmissa. Koulupsykologi on tavattavissa Puropellon koulussa l\u00e4hes p\u00e4ivitt\u00e4in. Kerro tunnin pit\u00e4j\u00e4lle, ett\u00e4 olet menossa koulupsykologille.<\/p>\n<p><strong>Koulun terveydenhoitaja<\/strong><br \/>\nKoulun terveydenhoitaja auttaa sinua terveyteen liittyviss\u00e4 asioissa. Koulun terveydenhoitaja on tavattavissa Puropellon koulussa viiten\u00e4 p\u00e4iv\u00e4n\u00e4 viikossa.\u00a0 Jos nuoren keskittymisen tai tarkkaavaisuuden kyvyt her\u00e4tt\u00e4v\u00e4t huolta, otetaan yhteytt\u00e4 luokanvalvojaan ja kouluterveydenhoitajaan.<\/p>\n<p><strong>Kurinpito<\/strong><br \/>\nNoudata koulun j\u00e4rjestyss\u00e4\u00e4nt\u00f6j\u00e4. Jos n\u00e4in ei tapahdu, Puropellon koulussa on k\u00e4yt\u00f6ss\u00e4 seuraamusj\u00e4rjestelm\u00e4, joka toimii seuraavasti: kehityskeskustelu &gt; kasvatuskeskustelu &gt; j\u00e4lki-istunto. Rikkeest\u00e4 ja seuraamuksesta tiedotetaan huoltajaa Wilman kautta. Aluksi opettaja siis keskustelee oppilaan kanssa ja yhdess\u00e4 pyrit\u00e4\u00e4n etsim\u00e4\u00e4n ratkaisua ongelmaan. Jos oppilas toistuvasti rikkoo samaa koulun k\u00e4yt\u00e4nt\u00f6\u00e4, h\u00e4n voi saada rangaistukseksi j\u00e4lki-istunnon. Rikkeit\u00e4 ovat mm.<br \/>\n\u2022 aiheeton oleskelu sis\u00e4tiloissa v\u00e4litunnin aikana<br \/>\n\u2022 ep\u00e4asiallinen oppituntity\u00f6skentely<br \/>\n\u2022 ep\u00e4asiallinen k\u00e4ytt\u00e4ytyminen<br \/>\n\u2022 koulun omaisuuden tahallinen vahingoittaminen<br \/>\n\u2022 energiajuomien, p\u00e4ihteiden tai tupakkavalmisteiden (tupakka, nuuska, s\u00e4hk\u00f6tupakka) hallussapito ja k\u00e4ytt\u00f6<br \/>\n\u2022 luvaton poistuminen koulualueelta<br \/>\n\u2022 sovitun tai m\u00e4\u00e4r\u00e4tyn teht\u00e4v\u00e4n laiminly\u00f6nti<br \/>\n\u2022 toistuvat my\u00f6h\u00e4stymiset<br \/>\n\u2022 vilpillinen menettely<br \/>\nJ\u00e4lki-istunto on yleens\u00e4 tiistaisin klo 14.15\u201315.45. J\u00e4lki-istuntoon tulevat kokoontuvat opettajanhuoneen eteen. J\u00e4lki-istunnot vaikuttavat k\u00e4ytt\u00e4ytymisen arvosanaan.<\/p>\n<p><strong>K\u00e4ytt\u00e4ytyminen koulussa<\/strong><br \/>\nAnna ty\u00f6rauha luokkatovereille ja keskity tunnilla annettuun teht\u00e4v\u00e4\u00e4n. Jokaisella oppilaalla tulee olla mahdollisuus tavoitella hyv\u00e4\u00e4 koulumenestyst\u00e4 rauhallisessa ymp\u00e4rist\u00f6ss\u00e4. Opetukseen osallistuvalla on oikeus turvalliseen opiskeluymp\u00e4rist\u00f6\u00f6n (Perusopetuslaki 29\u00a7). Oppilaan on suoritettava teht\u00e4v\u00e4ns\u00e4 tunnollisesti ja k\u00e4ytt\u00e4ydytt\u00e4v\u00e4 asiallisesti (Perusopetuslaki 35\u00a7). Tunnilla ei saa juoda tai sy\u00f6d\u00e4 mit\u00e4\u00e4n, ei edes purukumia.<\/p>\n<p><strong>Liikuntatunnille meno<\/strong><br \/>\nSiirry pukuhuoneeseen ja\/tai liikuntapaikalle suoraan edelliselt\u00e4 oppitunnilta. Vaihda liikuntavarusteet viivyttelem\u00e4tt\u00e4 p\u00e4\u00e4llesi.<\/p>\n<p><strong>Lukuj\u00e4rjestyksest\u00e4 poikkeava tuntiohjelma<\/strong><br \/>\nSovi aina etuk\u00e4teen opettajan kanssa siit\u00e4 osallistutko oppitunnille vai voitko menn\u00e4 esim. opon pienryhm\u00e4ohjaukseen, oppilaitosvierailulle tai yritysvierailulle. Sinut merkit\u00e4\u00e4n poissaolevaksi oppitunnilta, jos et ole pyyt\u00e4nyt lupaa poissaoloon. Lukuj\u00e4rjestykseen merkityn oppitunnin pit\u00e4j\u00e4 merkitsee Wilmaan, jos olet muualla oppitunnin aikana. Lukuj\u00e4rjestyksen mukainen ohjelma on aina ensisijaista. Esim. koetta ei siirret\u00e4 sen takia, ett\u00e4 joku on ehdottanut muuta ohjelmaa sille tunnille.<\/p>\n<p><strong>L\u00f6yt\u00f6tavara<\/strong><br \/>\nPalauta l\u00f6yt\u00f6tavara koulun kansliaan 2. kerrokseen.<\/p>\n<p><strong>L\u00e4ksykerho<\/strong><br \/>\nL\u00e4ksykerho j\u00e4rjestet\u00e4\u00e4n maanantaina, keskiviikkona ja torstaina klo 14.15 alkaen. L\u00e4ksykerho on tukiopetusta, jota annetaan pienryhmiss\u00e4. Maanantaisin ja torstaisin kerhon vet\u00e4j\u00e4n\u00e4 on erityisopettaja tai aineenopettaja ja keskiviikkoisin matemaattisten aineiden opettaja. Muidenkin aineiden l\u00e4ksyj\u00e4 saa tulla l\u00e4ksykerhoon tekem\u00e4\u00e4n. Paikka ilmoitetaan opettajanhuoneen ovella.<\/p>\n<p><strong>My\u00f6h\u00e4styminen<\/strong><br \/>\nTule tunneille ajoissa. Koulun ulko-ovet ovat lukossa oppituntien ajan. Ulko-oven vieress\u00e4 on ovipuhelin, johon soittamalla saa yhteyden kansliaan, josta ovi avataan. My\u00f6h\u00e4stymisest\u00e4 tulee Wilma-merkint\u00e4. Kolmesta merkinn\u00e4st\u00e4 seuraa luokanvalvojan pit\u00e4m\u00e4 kasvatuskeskustelu.<\/p>\n<p><strong>Opetussuunnitelma<\/strong><br \/>\nKouluty\u00f6 perustuu opetussuunnitelmaan. Opetussuunnitelma on ennalta laadittu suunnitelma siit\u00e4, miten oppiaineksen k\u00e4sittely jakaantuu lukuvuodelle. Jos joudut olemaan esimesimerkiksi sairauden takia pois koulusta, sinun tulee menn\u00e4 tukiopetukseen pysy\u00e4ksesi mukana opetuksen tahdissa.<\/p>\n<p><strong>Oppilaskuntatoiminta<\/strong><br \/>\nKaikki Puropellon koulun oppilaat kuuluvat oppilaskuntaan. Oppilaskunnan teht\u00e4v\u00e4 on edist\u00e4\u00e4 oppilaiden yhteistoimintaa, vaikutusmahdollisuuksia ja osallistumista oppilaita koskevissa asioissa. Kustakin luokasta valitaan kaksi edustajaa, jotka edustavat luokkaa oppilaskunnan hallituksessa. Oppilaskunnan toiminnasta vastaavat ohjaavat opettajat. My\u00f6s tukioppilastoiminta on oppilaskuntatoimintaa.<\/p>\n<p><strong>Oppimateriaalit<\/strong><br \/>\nPid\u00e4 oppikirjat ja v\u00e4lineet mukana koulussa. Pid\u00e4 hyv\u00e4\u00e4 huolta oppikirjoista. Palauta kirjat hyv\u00e4ss\u00e4 kunnossa opetusjakson j\u00e4lkeen.<\/p>\n<p><strong>Oppilaanohjaus<\/strong><br \/>\nOppilaanohjauksen tavoitteena on tukea oppilasta l\u00f6yt\u00e4m\u00e4\u00e4n h\u00e4nen vahvuuksiinsa ja mielenkiinnon kohteisiinsa sopiva jatkokoulutuspaikka. Jatkokoulutuspaikan saaminen perustuu oppilaan perusopetuksen p\u00e4\u00e4tt\u00f6todistuksen arvosanoihin. Oppituntien lis\u00e4ksi oppilaalla on oikeus saada henkil\u00f6kohtaista ja pienryhm\u00e4ohjausta. Ty\u00f6el\u00e4m\u00e4\u00e4n tutustumisjaksot ovat osa oppilaanohjausta.<\/p>\n<p><strong>Oppilashuolto<\/strong><br \/>\nKoulussa kokoontuu oppilashuoltoryhm\u00e4, johon kuuluvat rehtori, apulaisrehtorit, laaja-alainen erityisopettaja, opinto-ohjaajat, koulupsykologi, kuraattori, terveydenhoitaja psykiatrinen sairaanhoitaja ja koulul\u00e4\u00e4k\u00e4ri. He pyrkiv\u00e4t yhteisty\u00f6n avulla edist\u00e4m\u00e4\u00e4n kouluty\u00f6t\u00e4si.<\/p>\n<p><strong>Peruskoulun p\u00e4\u00e4tt\u00f6todistus<\/strong><br \/>\nPeruskoulun p\u00e4\u00e4tt\u00f6todistuksen avulla haetaan jatkokoulutukseen ammatilliseen koulutukseen, lukioihin ja TUVA-koulutukseen. Ylioppilastutkintoon johtavaan koulutukseen haettaessa painottuu hyv\u00e4 osaaminen perusopetuksen lukuaineissa. Ammatilliseen perustutkintoon johtavaa koulutukseen haettaessa painottuu hyv\u00e4 osaaminen taito-ja taideaineissa.<\/p>\n<p><strong>Poissaolot<\/strong><br \/>\nHuoltaja on velvollinen mahdollisimman pian ilmoittamaan Wilmassa tai puhelimitse poissaolosta ja sen syyst\u00e4 luokanvalvojalle. Voit olla koulusta pois vain luokanvalvojan (enint\u00e4\u00e4n 3 p\u00e4iv\u00e4n poissaolo) tai rehtorin luvalla, sairastumisia lukuun ottamatta. Poissaololupaa pit\u00e4\u00e4 pyyt\u00e4\u00e4 v\u00e4hint\u00e4\u00e4n viikkoa ennen poissaolojaksoa. Ker\u00e4\u00e4 ennen poissaoloa opettajilta poissaolon aikana suoritettavat ty\u00f6t ja teht\u00e4v\u00e4t. Esit\u00e4 ne opettajille poissaolosi j\u00e4lkeen.<\/p>\n<p><strong>Psykiatrinen sairaanhoitaja<\/strong><br \/>\nPsykiatrinen sairaanhoitaja on koululla 2 &#8211; 3 p\u00e4iv\u00e4n\u00e4 viikossa. Kouluterveydenhoitaja ohjaa tarvittaessa h\u00e4nen vastaanotolleen.<\/p>\n<p><strong>Py\u00f6r\u00e4ll\u00e4 liikkuminen<\/strong><br \/>\nK\u00e4yt\u00e4 py\u00f6r\u00e4illess\u00e4 aina kyp\u00e4r\u00e4\u00e4. K\u00e4yt\u00e4 tarvittaessa ajovaloja. S\u00e4hk\u00f6potkulautojen k\u00e4ytt\u00f6 on kielletty.<\/p>\n<p><strong>Ruokailu<\/strong><br \/>\nRuokaile siististi ja luokalle osoitetussa p\u00f6yd\u00e4ss\u00e4. Voitele leip\u00e4 luokalle osoitetussa p\u00f6yd\u00e4ss\u00e4. Palauta tarjotin ja ruokailuv\u00e4lineet niille kuuluville paikoille, kun olet ruokaillut. Ruokalasta saa poistua v\u00e4litunnille aikaisintaan 15 minuutin kuluttua ruokailun alusta. Ulkovaatteiden ja p\u00e4\u00e4hineiden k\u00e4ytt\u00f6 ruokasalissa on kielletty. Kouluun ei saa tilata ruokaa.<\/p>\n<p><strong>Sairastuminen<\/strong><br \/>\nHuoltaja merkitsee viipym\u00e4tt\u00e4 Wilmaan poissaolosi tai ilmoittaa asiasta puhelimitse luokanvalvojalle. Jos olet poissa kokeesta sairastumisen vuoksi, voit sopia kouluun tultuasi opettajan kanssa kokeen suorittamisesta. Jos olet pois kokeesta ilman etuk\u00e4teen ilmoitettua hyv\u00e4ksytty\u00e4 syyt\u00e4, opettaja ei ole velvollinen j\u00e4rjest\u00e4m\u00e4\u00e4n sinulle koetta.<\/p>\n<p><strong>TET<\/strong><br \/>\nTET on ty\u00f6el\u00e4m\u00e4\u00e4n tutustumista. TET-jaksoja j\u00e4rjest\u00e4\u00e4n koulutus- ja ammattivalintojen perustaksi ja ty\u00f6n arvostuksen lis\u00e4\u00e4miseksi. 8. luokalla TET-jakson pituus on viisi koulup\u00e4iv\u00e4\u00e4 toukokuussa, 9. luokalla viisi koulup\u00e4iv\u00e4\u00e4 marras-joulukuussa. Lukuvuoden aikana TET-jaksoja voidaan j\u00e4rjest\u00e4\u00e4 oppilaskohtaiseen tai ryhm\u00e4kohtaiseen harkintaan perustuen osana oppimisen ja koulunk\u00e4ynnin tuen kokonaisuutta. Opettaja tai oppilaanohjaaja harkitsee tarpeen ja ajankohdan oppilaskohtaisesti tai ryhm\u00e4kohtaisesti.<\/p>\n<p><strong>Tukiopetus<\/strong><br \/>\nPyyd\u00e4 opettajalta tukiopetusta, kun se on tarpeen. Ota vastaan tukiopetusta, jos opettaja sit\u00e4 ehdottaa. Voit osallistua my\u00f6s l\u00e4ksykerhoon, joita j\u00e4rjestet\u00e4\u00e4n\u00a0maanantaisin, keskiviikkoisin ja torstaisin klo 14.15 alkaen.<\/p>\n<p><strong>Tukioppilaat<\/strong><br \/>\nTukioppilastoiminta on osa oppilaskuntatoimintaa. Tukioppilaiden teht\u00e4v\u00e4 on edist\u00e4\u00e4 oppilaskunnan yhteenkuuluvuuden tunnetta ja jokaisen oppilaan koulussa viihtymist\u00e4. Tukioppilastoiminnasta vastaa Henri Seitala.<\/p>\n<p><strong>Ty\u00f6rauha oppitunnilla<\/strong><br \/>\nPid\u00e4 ty\u00f6skentelyv\u00e4lineet mukana. Puhu omalla vuorollasi yst\u00e4v\u00e4llisesti ja kannustavasti kaikille.<\/p>\n<p><strong>Ulkovaatteet<\/strong><br \/>\nJ\u00e4t\u00e4 ulkovaatteet luokan ulkopuolella olevaan naulakkoon. P\u00e4\u00e4hineen k\u00e4ytt\u00f6 on luokissa ja ruokasalissa kielletty. \u00c4l\u00e4 j\u00e4t\u00e4 rahaa tai muuta arvokasta omaisuutta takin taskuun tai koululaukkuun.<\/p>\n<p><strong>Valinnaiset opinnot<\/strong><br \/>\nValinnaiset opinnot jaetaan kolmeen ryhm\u00e4\u00e4n: taide- ja taitoaineen valinnaisiin tunteihin, pitk\u00e4\u00e4n valinnaisaineiseen sek\u00e4 lyhyisiin valinnaisaineisiin. Ne valitaan 7. luokalla ja valinta tehd\u00e4\u00e4n kahdeksi vuodeksi eli 8. luokalla alkaneiden valinnaisten tuntien sek\u00e4 pitk\u00e4n valinnaisaineen opiskelu jatkuu 9. luokalla. Riippuen alakoulussa aloitetuista kieliopinnosta ja liikuntaluokalla opiskelusta valitset yhden taide- ja taitoaineen valinnaisiksi tunneiksesi ja mahdollisesti yhden pitk\u00e4n valinnaisaineen kahdeksatta ja yhdeks\u00e4tt\u00e4 luokkaa varten. Lis\u00e4ksi valitset 1\u20132 lyhytt\u00e4 valinnaisainetta kahdeksatta luokkaa varten sek\u00e4 yhden lyhyen valinnaisaineen yhdeks\u00e4tt\u00e4 luokkaa varten. Sinun tulee sitoutua tekemiisi valinnaisainevalintoihin.<\/p>\n<p><strong>WC<\/strong><br \/>\n\u00c4l\u00e4 oleskele v\u00e4lituntisin turhaan wc-tiloissa.<\/p>\n<p><strong>Wilma<\/strong><br \/>\nWilma on koulun virallinen tiedotuskanava. Sinun tulee seurata Wilmaa p\u00e4ivitt\u00e4in. Sielt\u00e4 pystyt seuraamaan muun muassa arvosanojasi, poissaolojasi sek\u00e4 tuntimerkint\u00f6j\u00e4si.<\/p>\n<p><strong>V\u00e4lipalat<\/strong><br \/>\nRuokalasta saa ostaa v\u00e4lipalaa maanantaista torstaihin klo 14.15. Digitaalinen v\u00e4lipalakortti ostetaan etuk\u00e4teen.<\/p>\n<p><strong>V\u00e4litunnit<\/strong><br \/>\nMene v\u00e4litunnille hidastelematta ja reippaasti. V\u00e4lituntivalvoja valvoo sit\u00e4, ett\u00e4 kaikki oppilaat menev\u00e4t v\u00e4litunnilla ulos. On t\u00e4rke\u00e4\u00e4 k\u00e4yd\u00e4 koulup\u00e4iv\u00e4n aikana ulkona raittiissa ilmassa ja koulun tilojen on my\u00f6s tuuletuttava. Jos ulkona on kova pakkanen (alle \u201315\u00b0 C), oppilaat voivat valvojan luvalla oleskella ala-aulassa. Jos ulkona sataa, oppilaat menev\u00e4t ulos katoksen alle. Rajut leikit sek\u00e4 kivien tai lumipallojen heitt\u00e4minen ovat kiellettyj\u00e4.<\/p>\n<p><strong>Yhteishaku<\/strong><br \/>\nYhteishaku on valtakunnallinen hakumenettely, jonka avulla haet yhdeks\u00e4nnen luokan kev\u00e4\u00e4ll\u00e4 toiseen asteen koulutukseen (ammatillinen koulutus tai lukio) tai TUVA-koulutukseen. Sinut valitaan koulutukseen peruskoulun p\u00e4\u00e4tt\u00f6todistuksen perusteella. Ammatillisen koulutuksen valintaperusteina toimivat yleinen koulumenestys sek\u00e4 taide- ja taitoaineiden arvosananat. Lukiokoulutukseen opiskelijat valitaan lukuaineiden keskiarvon perusteella. Yhteishakuun voi kuulua my\u00f6s p\u00e4\u00e4sy- ja soveltuvuuskoe.<\/p>\n<p><strong>Yhteisty\u00f6<\/strong><br \/>\nOle avulias ja reilu muita oppilaita kohtaan. Ole yst\u00e4v\u00e4llinen ja pyri tulemaan kaikkien kanssa toimeen. Ole rehellinen, \u00e4l\u00e4 kiusaa ket\u00e4\u00e4n ja yrit\u00e4 ymm\u00e4rt\u00e4\u00e4 erilaisia mielipiteit\u00e4. Kenenk\u00e4\u00e4n ei tarvitse siet\u00e4\u00e4 ep\u00e4asiallista kohtelua.<br \/>\nOle kohtelias, vie roskat roskakoriin ja pid\u00e4 paikat siistin\u00e4. Omien j\u00e4lkien siivoaminen ruokailussa on kiitos ruuasta.<br \/>\nHoida velvollisuutesi ajoissa, ilmaise mielipiteesi asiallisesti ja rakentavasti ja tee annetut kotiteht\u00e4v\u00e4t. Ole oma-aloitteinen ja k\u00e4y koulua s\u00e4\u00e4nn\u00f6llisesti. Arviointi perustuu s\u00e4\u00e4nn\u00f6lliseen koulunk\u00e4yntiin. Pid\u00e4 koulussa mukana tarvittavat opiskeluv\u00e4lineet (kirjat, kyn\u00e4t, liikuntavarusteet).<\/p>\n","protected":false},"excerpt":{"rendered":"<p>Puropellon koulun j\u00e4rjestyss\u00e4\u00e4nn\u00f6t S\u00e4\u00e4nn\u00f6t ovat v\u00e4ltt\u00e4m\u00e4tt\u00f6mi\u00e4 kouluyhteis\u00f6n toiminnan ja ty\u00f6rauhan s\u00e4ilymisen sek\u00e4 j\u00e4senten turvallisuuden ja viihtyvyyden vuoksi. Ty\u00f6rauha on ehdoton edellytys kouluty\u00f6n onnistumiselle. S\u00e4\u00e4nn\u00f6t totuttavat oppilaan vastuuseen ja yhteiskunnan j\u00e4senyyteen sek\u00e4 arvostavaan vuorovaikutukseen muiden ihmisten kanssa. Oppilaan on suoritettava teht\u00e4v\u00e4ns\u00e4 tunnollisesti ja k\u00e4ytt\u00e4ydytt\u00e4v\u00e4 asiallisesti. Oppilaan on k\u00e4ytt\u00e4ydytt\u00e4v\u00e4 muita kiusaamatta ja syrjim\u00e4tt\u00e4 sek\u00e4 toimittava siten, ettei &hellip; <a href=\"https:\/\/blog.edu.turku.fi\/puris\/koulun-kaytanteet\/\" class=\"more-link\">Jatka lukemista<span class=\"screen-reader-text\"> &#8221;Puropellon koulun j\u00e4rjestyss\u00e4\u00e4nn\u00f6t ja k\u00e4yt\u00e4nteet&#8221;<\/span><\/a><\/p>\n","protected":false},"author":50,"featured_media":0,"parent":0,"menu_order":0,"comment_status":"closed","ping_status":"closed","template":"","meta":{"footnotes":""},"class_list":["post-470","page","type-page","status-publish","hentry"],"_links":{"self":[{"href":"https:\/\/blog.edu.turku.fi\/puris\/wp-json\/wp\/v2\/pages\/470","targetHints":{"allow":["GET"]}}],"collection":[{"href":"https:\/\/blog.edu.turku.fi\/puris\/wp-json\/wp\/v2\/pages"}],"about":[{"href":"https:\/\/blog.edu.turku.fi\/puris\/wp-json\/wp\/v2\/types\/page"}],"author":[{"embeddable":true,"href":"https:\/\/blog.edu.turku.fi\/puris\/wp-json\/wp\/v2\/users\/50"}],"replies":[{"embeddable":true,"href":"https:\/\/blog.edu.turku.fi\/puris\/wp-json\/wp\/v2\/comments?post=470"}],"version-history":[{"count":37,"href":"https:\/\/blog.edu.turku.fi\/puris\/wp-json\/wp\/v2\/pages\/470\/revisions"}],"predecessor-version":[{"id":2420,"href":"https:\/\/blog.edu.turku.fi\/puris\/wp-json\/wp\/v2\/pages\/470\/revisions\/2420"}],"wp:attachment":[{"href":"https:\/\/blog.edu.turku.fi\/puris\/wp-json\/wp\/v2\/media?parent=470"}],"curies":[{"name":"wp","href":"https:\/\/api.w.org\/{rel}","templated":true}]}}