{"id":319,"date":"2013-10-01T12:30:08","date_gmt":"2013-10-01T09:30:08","guid":{"rendered":"https:\/\/blog.edu.turku.fi\/puris\/?page_id=319"},"modified":"2024-09-12T17:16:05","modified_gmt":"2024-09-12T14:16:05","slug":"oppilaskunta","status":"publish","type":"page","link":"https:\/\/blog.edu.turku.fi\/puris\/oppilaskunta\/","title":{"rendered":"Oppilaskunta"},"content":{"rendered":"<p>Oppilaiden osallisuutta, yhteistoimintaa ja koulussa viihtymist\u00e4 yll\u00e4pidet\u00e4\u00e4n oppilaskuntatoiminnalla. Koulun oppilaskuntaan kuuluvat kaikki koulun oppilaat. Oppilaskunnan edustajaoppilaita on nimetty l\u00e4hes joka luokalta, yhteens\u00e4 viitisenkymment\u00e4 oppilasta. Oppilaskunnan hallitukseen kuuluu muutama edustaja jokaiselta luokka-asteelta.<\/p>\n<p>Oppilaskunnan hallituksen puheenjohtaja ja varapuheenjohtaja nimet\u00e4\u00e4n oppilaista. Lis\u00e4ksi hallituksella on nimetyt tiedottajat, ja kauden aikana hallituksesta nimet\u00e4\u00e4n erilaisia ty\u00f6ryhmi\u00e4 teemap\u00e4ivi\u00e4 ja tapahtumia suunnittelemaan. Oppilaskunnan ohjaavina opettajina toimivat Matias Tammiala ja .<\/p>\n<p>Oppilaskunnan hallitus kokoontuu kerran viikossa v\u00e4lituntipalaveriin, ja pidempi\u00e4 kokouksia, koulutuksia ja ideointip\u00e4ivi\u00e4 j\u00e4rjestet\u00e4\u00e4n tarpeen mukaan. Oppilaskunta on mukana erilaisten tapahtumien ja retkien j\u00e4rjest\u00e4misess\u00e4 (esim. halloween-kauhukuja, yst\u00e4v\u00e4np\u00e4iv\u00e4, erilaiset teemap\u00e4iv\u00e4t). Oppilaskunta tiedottaa asioistaan koulun ilmoitustaululla ja yll\u00e4pit\u00e4\u00e4 oppilaskunnan sivua koulun kotisivujen yhteydess\u00e4. Erilaisista tapahtumista, hankkeista ja kilpailuista tiedotetaan my\u00f6s kuuluttamalla ja wilma-viestitse. Koulun kaikkia oppilaita yritet\u00e4\u00e4n osallistaa toimintaan aktiivisella tiedottamisella.<\/p>\n<p>Kouluviihtyvyytt\u00e4 pyrit\u00e4\u00e4n parantamaan esimerkiksi v\u00e4lipala-automaatin avulla, josta oppilaat saavat ostaa terveellisi\u00e4 v\u00e4lipalatuotteita ja jonka tuotolla rahoitetaan oppilaskunnan toimintaa.<\/p>\n<p>Oppilaskunta pyrkii my\u00f6s aktiivisesti verkostoitumaan koulun ulkopuolella. T\u00e4ll\u00e4 hetkell\u00e4 teemme yhteisty\u00f6t\u00e4 esimerkiksi Turun kaupungin nuorisovaltuuston kanssa.<\/p>\n<p>Oppilaskunta on helppo ja mukava tapa osallistua ja vaikuttaa!<\/p>\n","protected":false},"excerpt":{"rendered":"<p>Oppilaiden osallisuutta, yhteistoimintaa ja koulussa viihtymist\u00e4 yll\u00e4pidet\u00e4\u00e4n oppilaskuntatoiminnalla. Koulun oppilaskuntaan kuuluvat kaikki koulun oppilaat. Oppilaskunnan edustajaoppilaita on nimetty l\u00e4hes joka luokalta, yhteens\u00e4 viitisenkymment\u00e4 oppilasta. Oppilaskunnan hallitukseen kuuluu muutama edustaja jokaiselta luokka-asteelta. Oppilaskunnan hallituksen puheenjohtaja ja varapuheenjohtaja nimet\u00e4\u00e4n oppilaista. Lis\u00e4ksi hallituksella on nimetyt tiedottajat, ja kauden aikana hallituksesta nimet\u00e4\u00e4n erilaisia ty\u00f6ryhmi\u00e4 teemap\u00e4ivi\u00e4 ja tapahtumia suunnittelemaan. Oppilaskunnan &hellip; <a href=\"https:\/\/blog.edu.turku.fi\/puris\/oppilaskunta\/\" class=\"more-link\">Jatka lukemista<span class=\"screen-reader-text\"> &#8221;Oppilaskunta&#8221;<\/span><\/a><\/p>\n","protected":false},"author":50,"featured_media":0,"parent":0,"menu_order":0,"comment_status":"closed","ping_status":"closed","template":"","meta":{"footnotes":""},"class_list":["post-319","page","type-page","status-publish","hentry"],"_links":{"self":[{"href":"https:\/\/blog.edu.turku.fi\/puris\/wp-json\/wp\/v2\/pages\/319","targetHints":{"allow":["GET"]}}],"collection":[{"href":"https:\/\/blog.edu.turku.fi\/puris\/wp-json\/wp\/v2\/pages"}],"about":[{"href":"https:\/\/blog.edu.turku.fi\/puris\/wp-json\/wp\/v2\/types\/page"}],"author":[{"embeddable":true,"href":"https:\/\/blog.edu.turku.fi\/puris\/wp-json\/wp\/v2\/users\/50"}],"replies":[{"embeddable":true,"href":"https:\/\/blog.edu.turku.fi\/puris\/wp-json\/wp\/v2\/comments?post=319"}],"version-history":[{"count":14,"href":"https:\/\/blog.edu.turku.fi\/puris\/wp-json\/wp\/v2\/pages\/319\/revisions"}],"predecessor-version":[{"id":2233,"href":"https:\/\/blog.edu.turku.fi\/puris\/wp-json\/wp\/v2\/pages\/319\/revisions\/2233"}],"wp:attachment":[{"href":"https:\/\/blog.edu.turku.fi\/puris\/wp-json\/wp\/v2\/media?parent=319"}],"curies":[{"name":"wp","href":"https:\/\/api.w.org\/{rel}","templated":true}]}}