{"id":1317,"date":"2018-08-14T22:30:17","date_gmt":"2018-08-14T19:30:17","guid":{"rendered":"https:\/\/blog.edu.turku.fi\/puris\/?page_id=1317"},"modified":"2018-08-14T22:30:17","modified_gmt":"2018-08-14T19:30:17","slug":"sairauspoissaolojen-ilmoittaminen-ja-lomien-anominen","status":"publish","type":"page","link":"https:\/\/blog.edu.turku.fi\/puris\/sairauspoissaolojen-ilmoittaminen-ja-lomien-anominen\/","title":{"rendered":"Sairauspoissaolojen ilmoittaminen ja lomien anominen"},"content":{"rendered":"<h1><b>Sairauspoissaolon ilmoittaminen<\/b><\/h1>\n<p>Huoltaja ilmoittaa sairaudesta luokanvalvojalle, joka\u00a0merkitsee tiedon Wilmaan.\u00a0Oppilashuoltoryhm\u00e4 seuraa oppilaiden poissaoloja ja huoltaja halutessaan voi merkit\u00e4 poissaolon syyn.\u00a0Luokanvalvoja\u00a0pyrkii merkitsem\u00e4\u00e4n\u00a0sairauspoissaolon heti aamulla, mutta aina se ei onnistu\u00a0\u2013 saman p\u00e4iv\u00e4n aikana kuitenkin.<\/p>\n<p>Jos huoltaja ei ole ilmoittanut\u00a0sairaudesta\u00a0luokanvalvojalle, poissaolo n\u00e4kyy Wilmassa punaisena\u00a0ja siin\u00e4 on kommentti\u00a0\u201dselvitt\u00e4m\u00e4t\u00f6n\u00a0poissaolo\u201d.\u00a0 T\u00e4ll\u00f6in huoltaja voi kuitata poissaolon sallituksi j\u00e4lkik\u00e4teen, mutta n\u00e4iss\u00e4kin tapauksissa on\u00a0hyv\u00e4 l\u00e4hett\u00e4\u00e4 viesti luokanvalvojalle.<\/p>\n<h1><b>Loma-anomus kouluty\u00f6st\u00e4<\/b><\/h1>\n<h2><b>Vajaan p\u00e4iv\u00e4n poissaolo<\/b><\/h2>\n<p>Huoltaja ilmoittaa tarpeesta (esimerkiksi hammasl\u00e4\u00e4k\u00e4ri) luokanvalvojalle ja\u00a0luokanvalvoja merkitsee\u00a0sallitun poissaolon ko. tuntien kohdalle.<\/p>\n<h2><b>Pidemm\u00e4t poissaolot<\/b><\/h2>\n<p><b>Huoltaja<\/b>\u00a0t\u00e4ytt\u00e4\u00e4 Wilmassa loma-anomuksen ja osoittaa sen luokanvalvojalle, jos poissaolo on 1 \u2013 3 p\u00e4iv\u00e4\u00e4, ja rehtorille, jos poissaolo on yli kolme p\u00e4iv\u00e4\u00e4.\u00a0 Anomus olisi syyt\u00e4 tehd\u00e4 viikkoa ennen matkaa.<\/p>\n<p><b>Oppilas<\/b>\u00a0t\u00e4ytt\u00e4\u00e4 kaavakkeen \u201d<a href=\"https:\/\/blog.edu.turku.fi\/puris\/files\/2018\/08\/tehtavat_tyot.docx\">Loman aikana teht\u00e4v\u00e4t ty\u00f6t<\/a>\u201d.\u00a0 Kaavake t\u00e4ytet\u00e4\u00e4n siten, ett\u00e4 oppilas l\u00e4hett\u00e4\u00e4 Wilma-viestin\u00e4 kaikille h\u00e4nen luokkaansa poissaolojakson aikana opettaville opettajille tiedot lomasuunnitelmasta ja kunkin aineen korvattavat tuntim\u00e4\u00e4r\u00e4t.\u00a0 Kun tietojen keruu aloitetaan viikkoa ennen lomaa, opettajat ehtiv\u00e4t vastaamaan kyselyihin hyviss\u00e4 ajoin ennen loman alkua.\u00a0 Opettajat kertovat vastausviestiss\u00e4, mit\u00e4 teht\u00e4vi\u00e4 oppilaan tulee loman aikana tehd\u00e4.\u00a0 Oppilas siirt\u00e4\u00e4 n\u00e4m\u00e4 tiedot lomakkeeseensa.\u00a0 Kun lomake on t\u00e4ytetty, oppilas l\u00e4hett\u00e4\u00e4\/jakaa kopion luokanvalvojalleen.<\/p>\n","protected":false},"excerpt":{"rendered":"<p>Sairauspoissaolon ilmoittaminen Huoltaja ilmoittaa sairaudesta luokanvalvojalle, joka\u00a0merkitsee tiedon Wilmaan.\u00a0Oppilashuoltoryhm\u00e4 seuraa oppilaiden poissaoloja ja huoltaja halutessaan voi merkit\u00e4 poissaolon syyn.\u00a0Luokanvalvoja\u00a0pyrkii merkitsem\u00e4\u00e4n\u00a0sairauspoissaolon heti aamulla, mutta aina se ei onnistu\u00a0\u2013 saman p\u00e4iv\u00e4n aikana kuitenkin. Jos huoltaja ei ole ilmoittanut\u00a0sairaudesta\u00a0luokanvalvojalle, poissaolo n\u00e4kyy Wilmassa punaisena\u00a0ja siin\u00e4 on kommentti\u00a0\u201dselvitt\u00e4m\u00e4t\u00f6n\u00a0poissaolo\u201d.\u00a0 T\u00e4ll\u00f6in huoltaja voi kuitata poissaolon sallituksi j\u00e4lkik\u00e4teen, mutta n\u00e4iss\u00e4kin tapauksissa on\u00a0hyv\u00e4 l\u00e4hett\u00e4\u00e4 &hellip; <a href=\"https:\/\/blog.edu.turku.fi\/puris\/sairauspoissaolojen-ilmoittaminen-ja-lomien-anominen\/\" class=\"more-link\">Jatka lukemista<span class=\"screen-reader-text\"> &#8221;Sairauspoissaolojen ilmoittaminen ja lomien anominen&#8221;<\/span><\/a><\/p>\n","protected":false},"author":50,"featured_media":0,"parent":0,"menu_order":0,"comment_status":"closed","ping_status":"closed","template":"","meta":{"footnotes":""},"class_list":["post-1317","page","type-page","status-publish","hentry"],"_links":{"self":[{"href":"https:\/\/blog.edu.turku.fi\/puris\/wp-json\/wp\/v2\/pages\/1317","targetHints":{"allow":["GET"]}}],"collection":[{"href":"https:\/\/blog.edu.turku.fi\/puris\/wp-json\/wp\/v2\/pages"}],"about":[{"href":"https:\/\/blog.edu.turku.fi\/puris\/wp-json\/wp\/v2\/types\/page"}],"author":[{"embeddable":true,"href":"https:\/\/blog.edu.turku.fi\/puris\/wp-json\/wp\/v2\/users\/50"}],"replies":[{"embeddable":true,"href":"https:\/\/blog.edu.turku.fi\/puris\/wp-json\/wp\/v2\/comments?post=1317"}],"version-history":[{"count":2,"href":"https:\/\/blog.edu.turku.fi\/puris\/wp-json\/wp\/v2\/pages\/1317\/revisions"}],"predecessor-version":[{"id":1320,"href":"https:\/\/blog.edu.turku.fi\/puris\/wp-json\/wp\/v2\/pages\/1317\/revisions\/1320"}],"wp:attachment":[{"href":"https:\/\/blog.edu.turku.fi\/puris\/wp-json\/wp\/v2\/media?parent=1317"}],"curies":[{"name":"wp","href":"https:\/\/api.w.org\/{rel}","templated":true}]}}