{"id":1141,"date":"2017-10-22T19:11:59","date_gmt":"2017-10-22T16:11:59","guid":{"rendered":"https:\/\/blog.edu.turku.fi\/puris\/?page_id=1141"},"modified":"2026-01-15T09:27:52","modified_gmt":"2026-01-15T07:27:52","slug":"yhdeksannen-luokan-lyhyet-valinnaiset-aineet","status":"publish","type":"page","link":"https:\/\/blog.edu.turku.fi\/puris\/yhdeksannen-luokan-lyhyet-valinnaiset-aineet\/","title":{"rendered":"Yhdeks\u00e4nnen luokan lyhyet valinnaiset aineet"},"content":{"rendered":"<p><strong>TAITEET JA LUOVUUS<\/strong><\/p>\n<p><strong>B\u00e4ndipaja (1 vvt, 9. luokka)<br \/>\n<\/strong>Musisointikurssi, johon voi osallistua soittaen sek\u00e4 laulaen. Tavoitteena syvent\u00e4\u00e4 yhteismusisointitaitoja. Kurssilla on mahdollisuus keskitty\u00e4 tiettyyn soittimeen tai opiskella useampia soittimia.<\/p>\n<p>B\u00e4nditoimintaa opiskellaan musiikkiluokassa, jossa on monipuolinen soittimisto ja hyv\u00e4t tilat yhteismusisointiin. Monipuolinen ohjelmisto valitaan oppilaiden toiveita huomioiden. Kurssiin voi mahdollisuuksien mukaan sis\u00e4lty\u00e4 vierailu esimerkiksi konserttiin ja musiikkialan toimijoiden luo. Monialaisuus toteutuu yhteisty\u00f6projekteina muiden oppiaineiden, kuten ilmaisutaidon, kanssa.<\/p>\n<p>Musisointia yhdess\u00e4 soittaen ja laulaen. Arviointi perustuu osallistumiseen. Arvioidaan sanallisesti. Voi vaikuttaa korottavasti musiikin arvosanaan.<\/p>\n<p><strong>Kabaree-n\u00e4ytelm\u00e4kurssi (1 vvt, 9. luokka)<\/strong><br \/>\nValmistetaan koulun kev\u00e4tkabaree-esitys, jonka oppilaat itse ideoivat, suunnittelevat ja toteuttavat. Kurssilla tehd\u00e4\u00e4n erilaisia draamaharjoituksia ja tutustutaan monipuolisesti teatterin tekemiseen.<\/p>\n<p>Oppitunnit pidet\u00e4\u00e4n koulun omassa teatteriluokassa ja liikuntasalissa. Esitys toteutetaan liikuntasalin n\u00e4ytt\u00e4m\u00f6lle. Yhteisty\u00f6t\u00e4 tehd\u00e4\u00e4n video- ja viestint\u00e4tekniikan, musiikin ja kuvataiteen valinnaisaineryhmien kanssa.<\/p>\n<p>Kurssilla tehd\u00e4\u00e4n erilaisia draamaharjoituksia, kehitet\u00e4\u00e4n ryhm\u00e4ss\u00e4 toimimisen taitoja ja valmistetaan kev\u00e4tkabaree-esitys. Arviointi perustuu jatkuvaan n\u00e4ytt\u00f6\u00f6n oppitunneilla ja esityksen valmistamisessa, ja siin\u00e4 korostuvat aktiivisuus ja ryhm\u00e4ty\u00f6taidot. Arvioidaan sanallisesti. Voi vaikuttaa korottavasti suomen kielen ja kirjallisuuden arvosanaan.<\/p>\n<p><strong>Piirustus- ja maalauskurssi (1 vvt, 9. luokka)<br \/>\n<\/strong>Syvennet\u00e4\u00e4n oppilaan omaa taiteellista ty\u00f6skentely\u00e4 piirt\u00e4en ja maalaten. Uusien ja ep\u00e4tavallisten tekniikoiden avulla kokeilevaa ty\u00f6skentely\u00e4. Oppilas tekee omia ajatuksia, tunteita ja persoonaansa n\u00e4kyv\u00e4ksi. Kokeilevien tekniikoiden suunnittelu ja toteutus. Arvioidaan sanallisesti. Voi vaikuttaa korottavasti kuvataiteen arvosanaan.<\/p>\n<p><strong>Vaatteet ja muoti (1 vvt, 9. luokka)<\/strong><br \/>\nValmistetaan jokin vaate tai asuste oman suunnitelman pohjalta. Vieraillaan kangaskaupassa ja tutustutaan senhetkisiin vaatetusalan trendeihin. Arvioidaan sanallisesti. Voi vaikuttaa korottavasti k\u00e4sity\u00f6n arvosanaan.<\/p>\n<p><strong>LIIKUNTA JA HYVINVOINTI<\/strong><\/p>\n<p><strong>Hygieniapassi (1 vvt, 9. luokka)<br \/>\n<\/strong>Valmentaudutaan hygieniapassin suorittamiseen. Oppimateriaalina k\u00e4ytet\u00e4\u00e4n Lupa kokata-sivustoa ja teht\u00e4vi\u00e4. Teoriaopintojen\u00a0 lis\u00e4ksi valmistetaan ruokaa ja leivonnaisia soveltaen opittuja tietoja.<\/p>\n<p>Suuri osa opiskelusta tapahtuu kotitalousluokissa. Tehd\u00e4\u00e4n my\u00f6s opintoretki\u00e4 l\u00e4hiymp\u00e4rist\u00f6n yrityksiin ja tapahtumiin. Tehd\u00e4\u00e4n yhteisty\u00f6t\u00e4 muiden oppiaineiden kanssa j\u00e4rjest\u00e4m\u00e4ll\u00e4 koulun juhlia.<\/p>\n<p>Arviointi perustuu osallistumiseen. Arvioidaan sanallisesti. Voi vaikuttaa korottavasti kotitalouden arvosanaan. Kurssin p\u00e4\u00e4tteeksi j\u00e4rjestet\u00e4\u00e4n hygieniapassitesti halukkaille.<\/p>\n<p><strong>Kuntosalikurssi (1 vvt, 9. luokka)<\/strong><br \/>\nTutustutaan kuntosaliharjoitteluun, sen eri muotoihin ja harjoitustapoihin. Lis\u00e4ksi tehd\u00e4\u00e4n street workout &#8211; ja cross fit -harjoittelua. Arvioidaan sanallisesti. Voi vaikuttaa korottavasti liikunnan arvosanaan.<\/p>\n<p><strong>Mestarikokki (1 vvt, 9. luokka)<br \/>\n<\/strong>Kurssilla syvennet\u00e4\u00e4n jo opittuja taitoja ja valmistetaan vaativampia ja monimutkaisempia ruokia ja leivonnaisia taitotasojen mukaan. Suuri osa opiskelusta tapahtuu kotitalousluokissa. Tehd\u00e4\u00e4n my\u00f6s opintoretki\u00e4 l\u00e4hiymp\u00e4rist\u00f6n yrityksiin ja tapahtumiin.<\/p>\n<p>Arviointi perustuu osallistumiseen. Arvioidaan sanallisesti. Voi vaikuttaa korottavasti kotitalouden arvosanaan.<\/p>\n<p><strong>Vaelluskurssi (1 vvt, 9. luokka)<\/strong><br \/>\nKurssilla saadaan retkeilyn perustaitoja ja tehd\u00e4\u00e4n viikonlopun kest\u00e4v\u00e4 retki. Lis\u00e4ksi tehd\u00e4\u00e4n k\u00f6ysiteht\u00e4vi\u00e4, jotka liittyv\u00e4t kiipeilyyn ja laskeutumiseen. Arvioidaan sanallisesti. Voi vaikuttaa korottavasti liikunnan arvosanaan.<\/p>\n<p><strong>KIELET JA VAIKUTTAMINEN<\/strong><\/p>\n<p><strong>Englannin ja ruotsin kertauskurssi lukioon aikoville (1 vvt, 9. luokka)<\/strong><br \/>\nKerrataan ja syvennet\u00e4\u00e4n englannin ja ruotsin kielten perusasioita, kuten sanastoa, suullista ja kirjallista esityst\u00e4 sek\u00e4 kielioppia. Syvennet\u00e4\u00e4n t\u00e4h\u00e4n asti opittuja taitoja. Kurssi sopii lukioon aikoville. Arvioidaan sanallisesti.<\/p>\n<p><strong>Lakitiedon kurssi (1 vvt, 9. luokka)<\/strong><br \/>\nTavoitteena on syvent\u00e4\u00e4 yhteiskunnallisten asioiden tiet\u00e4myst\u00e4 ja osaamista. Oppimisymp\u00e4rist\u00f6n\u00e4 luokkahuone- ja verkko-oppimisiymp\u00e4rist\u00f6. Merkitt\u00e4v\u00e4 osa kurssin sis\u00e4ll\u00f6st\u00e4 perustuu \u00a0\u00a0\u00a0\u00a0\u00a0\u00a0\u00a0\u00a0\u00a0\u00a0\u00a0\u00a0\u00a0 vierailuihin yrityksiss\u00e4 ja virastoissa sek\u00e4 koulun ulkopuolisiin vierailijoihin. Arvioinnissa huomioidaan osallistuminen ja kirjallisesti annettu n\u00e4ytt\u00f6. Ei\u00a0 koetta. Arvioidaan sanallisesti. Voi vaikuttaa korottavasti yhteiskuntaopin arvosanaan.<\/p>\n<p><strong>Suomen kieli 9.-luokkalaisille (1 vvt, 9. luokka)<br \/>\n<\/strong>Kurssi on tarkoitettu sinulle, jonka kotikieli ei ole suomi, ja haluaisit puhua suomen kielt\u00e4 enemm\u00e4n. Kurssilla suomen kielen sanavarastosi laajenee, ja saat rennossa ilmapiiriss\u00e4 lis\u00e4\u00e4 rohkeutta suomen kielen puhumiseen erilaisissa tilanteissa. Kurssin sis\u00e4lt\u00f6 vaihtelee kurssille osallistuvien oppilaiden tarpeiden ja toiveiden mukaan. Keskitymme siihen, mik\u00e4 on osallistujille t\u00e4rke\u00e4\u00e4.<\/p>\n<p>Oppitunnit pidet\u00e4\u00e4n yleens\u00e4 omassa luokassa. Teemme mahdollisesti my\u00f6s k\u00e4velyretki\u00e4 l\u00e4hiymp\u00e4rist\u00f6\u00f6n. Kurssi kehitt\u00e4\u00e4 etenkin suullista kielitaitoa, jota tarvitaan kaikissa oppiaineissa ja vapaa-ajalla.<\/p>\n<p>Kurssilla pelataan kortti- ja lautapelej\u00e4 suomeksi, harjoitellaan erilaisia puhetilanteita pareittain ja ryhmiss\u00e4 ja keskustellaan koko ryhm\u00e4n kanssa yhteisesti. Saat kurssin aikana my\u00f6s kirjallisessa muodossa sanastoa harjoitelluista teemoista. \u00a0Arvioidaan sanallisesti. Arviointi perustuu ryhm\u00e4ty\u00f6taitoihin ja siihen, ett\u00e4 uskallat kokeilla ja yritt\u00e4\u00e4 eli osallistut. Kurssi voi vaikuttaa korottavasti suomi toisena kielen\u00e4 ja kirjallisuuden arvosanaan.<\/p>\n<p><strong>TIETEET JA TEKNOLOGIA<\/strong><\/p>\n<p><strong>Kabareetekniikan kurssi (1 vvt, 9. luokka)<em><br \/>\n<\/em><\/strong>Perehdyt\u00e4\u00e4n Kabaree-esityksess\u00e4 vaadittavan \u00e4\u00e4nentoiston, kuvaamisen, esityksen tallennuksen ja valaisemisen tekniikkoihin. Kurssin lopussa ryhm\u00e4 vastaa Kabaree-esityksen tekniikasta. Arvioidaan sanallisesti.<\/p>\n<p><strong>Lukiomatematiikkaan valmistava kurssi (1 vvt, 9. luokka)<br \/>\n<\/strong>Tavoitteena on lievent\u00e4\u00e4 j\u00e4nnityst\u00e4 lukio-opiskelun alussa ja auttaa hahmottamaan pitk\u00e4n matematiikan opiskeluun tarvittavaa suoritustasoa. Opiskellaan lukion 1. matematiikan kurssi. Opiskelu tapahtuu luokkaymp\u00e4rist\u00f6ss\u00e4. Osa opiskelusta suoritetaan GeoGebralla avustettuna. Arviointi perustuu muiden n\u00e4ytt\u00f6jen ohella my\u00f6s kokeeseen. Arvioidaan sanallisesti. Voi vaikuttaa korottavasti matematiikan arvosanaan.<\/p>\n","protected":false},"excerpt":{"rendered":"<p>TAITEET JA LUOVUUS B\u00e4ndipaja (1 vvt, 9. luokka) Musisointikurssi, johon voi osallistua soittaen sek\u00e4 laulaen. Tavoitteena syvent\u00e4\u00e4 yhteismusisointitaitoja. Kurssilla on mahdollisuus keskitty\u00e4 tiettyyn soittimeen tai opiskella useampia soittimia. B\u00e4nditoimintaa opiskellaan musiikkiluokassa, jossa on monipuolinen soittimisto ja hyv\u00e4t tilat yhteismusisointiin. Monipuolinen ohjelmisto valitaan oppilaiden toiveita huomioiden. Kurssiin voi mahdollisuuksien mukaan sis\u00e4lty\u00e4 vierailu esimerkiksi konserttiin ja musiikkialan &hellip; <a href=\"https:\/\/blog.edu.turku.fi\/puris\/yhdeksannen-luokan-lyhyet-valinnaiset-aineet\/\" class=\"more-link\">Jatka lukemista<span class=\"screen-reader-text\"> &#8221;Yhdeks\u00e4nnen luokan lyhyet valinnaiset aineet&#8221;<\/span><\/a><\/p>\n","protected":false},"author":50,"featured_media":0,"parent":0,"menu_order":0,"comment_status":"closed","ping_status":"closed","template":"","meta":{"footnotes":""},"class_list":["post-1141","page","type-page","status-publish","hentry"],"_links":{"self":[{"href":"https:\/\/blog.edu.turku.fi\/puris\/wp-json\/wp\/v2\/pages\/1141","targetHints":{"allow":["GET"]}}],"collection":[{"href":"https:\/\/blog.edu.turku.fi\/puris\/wp-json\/wp\/v2\/pages"}],"about":[{"href":"https:\/\/blog.edu.turku.fi\/puris\/wp-json\/wp\/v2\/types\/page"}],"author":[{"embeddable":true,"href":"https:\/\/blog.edu.turku.fi\/puris\/wp-json\/wp\/v2\/users\/50"}],"replies":[{"embeddable":true,"href":"https:\/\/blog.edu.turku.fi\/puris\/wp-json\/wp\/v2\/comments?post=1141"}],"version-history":[{"count":42,"href":"https:\/\/blog.edu.turku.fi\/puris\/wp-json\/wp\/v2\/pages\/1141\/revisions"}],"predecessor-version":[{"id":2408,"href":"https:\/\/blog.edu.turku.fi\/puris\/wp-json\/wp\/v2\/pages\/1141\/revisions\/2408"}],"wp:attachment":[{"href":"https:\/\/blog.edu.turku.fi\/puris\/wp-json\/wp\/v2\/media?parent=1141"}],"curies":[{"name":"wp","href":"https:\/\/api.w.org\/{rel}","templated":true}]}}