{"id":1117,"date":"2017-10-22T18:45:13","date_gmt":"2017-10-22T15:45:13","guid":{"rendered":"https:\/\/blog.edu.turku.fi\/puris\/?page_id=1117"},"modified":"2024-01-11T09:07:30","modified_gmt":"2024-01-11T07:07:30","slug":"taito-ja-taideaineiden-valinnaiset-tunnit","status":"publish","type":"page","link":"https:\/\/blog.edu.turku.fi\/puris\/taito-ja-taideaineiden-valinnaiset-tunnit\/","title":{"rendered":"Taito- ja taideaineiden valinnaiset tunnit"},"content":{"rendered":"<p>Jokainen oppilas valitsee taito- ja taideaineiden valinnaisiksi tunneiksi jonkin seuraavista: musiikki, <a href=\"https:\/\/blog.edu.turku.fi\/puris\/files\/2021\/01\/valinnaisen-kuviksen-esittely2021.ppt\">kuvataide<\/a>, k\u00e4sity\u00f6, liikunta tai kotitalous. Kyseist\u00e4 ainetta opiskellaan kaksi vuosiviikkotuntia sek\u00e4 kahdeksannella ett\u00e4 yhdeks\u00e4nnell\u00e4 luokalla. Valinnaisilla tunneilla opiskeltavaa ainetta syvennyt\u00e4\u00e4n aikaisempaa perusteellisemmin. Valinnaisista tunneista ei anneta erillist\u00e4 arvosanaa, vaan se arvioidaan osana kyseist\u00e4 oppiainetta.<\/p>\n<p>Taito- ja taideaineista seitsem\u00e4nnell\u00e4 luokalla p\u00e4\u00e4ttyv\u00e4t <a href=\"https:\/\/blog.edu.turku.fi\/puris\/files\/2024\/01\/Valinnaisen-kuvataiteen-esittely-24.pdf\">kuvataide<\/a>, k\u00e4sity\u00f6 ja kotitalous. Musiikkia on my\u00f6s kahdeksannella luokalla ja liikuntaa sek\u00e4 kahdeksannella ett\u00e4 yhdeks\u00e4nnell\u00e4 luokalla. Valinnaisilla tunneilla aineen opiskelua on mahdollista jatkaa. Valinnaisilla tunneilla\u00a0 mahdollisesti p\u00e4\u00e4ttyv\u00e4n aineen opiskelua on mahdollista jatkaa.<\/p>\n<p>Lis\u00e4tietoa taito- ja taideaineiden valinnaisista tunneista on <a href=\"https:\/\/blog.edu.turku.fi\/ops2016\/files\/2015\/04\/PUROPELTO-OPS-2016.pdf#page=133&amp;zoom=0,54,329\">koulun opetussuunnitelmassa<\/a>. Linkit tarkempiin kuvauksiin ovat alla:<\/p>\n<p><a href=\"https:\/\/blog.edu.turku.fi\/puris\/?page_id=2011&amp;preview=true\">Kotitalous<\/a><\/p>\n<p><a href=\"https:\/\/blog.edu.turku.fi\/puris\/taito-ja-taideaineiden-valinnaiset-tunnit\/kasityon-valinnainen-tunti\/\">K\u00e4sity\u00f6<\/a><\/p>\n<p><a href=\"https:\/\/blog.edu.turku.fi\/puris\/musiikin-valinnaiset-tunnit\/\">Musiikki<\/a><\/p>\n","protected":false},"excerpt":{"rendered":"<p>Jokainen oppilas valitsee taito- ja taideaineiden valinnaisiksi tunneiksi jonkin seuraavista: musiikki, kuvataide, k\u00e4sity\u00f6, liikunta tai kotitalous. Kyseist\u00e4 ainetta opiskellaan kaksi vuosiviikkotuntia sek\u00e4 kahdeksannella ett\u00e4 yhdeks\u00e4nnell\u00e4 luokalla. Valinnaisilla tunneilla opiskeltavaa ainetta syvennyt\u00e4\u00e4n aikaisempaa perusteellisemmin. Valinnaisista tunneista ei anneta erillist\u00e4 arvosanaa, vaan se arvioidaan osana kyseist\u00e4 oppiainetta. Taito- ja taideaineista seitsem\u00e4nnell\u00e4 luokalla p\u00e4\u00e4ttyv\u00e4t kuvataide, k\u00e4sity\u00f6 ja kotitalous. &hellip; <a href=\"https:\/\/blog.edu.turku.fi\/puris\/taito-ja-taideaineiden-valinnaiset-tunnit\/\" class=\"more-link\">Jatka lukemista<span class=\"screen-reader-text\"> &#8221;Taito- ja taideaineiden valinnaiset tunnit&#8221;<\/span><\/a><\/p>\n","protected":false},"author":50,"featured_media":0,"parent":0,"menu_order":0,"comment_status":"closed","ping_status":"closed","template":"","meta":{"footnotes":""},"class_list":["post-1117","page","type-page","status-publish","hentry"],"_links":{"self":[{"href":"https:\/\/blog.edu.turku.fi\/puris\/wp-json\/wp\/v2\/pages\/1117","targetHints":{"allow":["GET"]}}],"collection":[{"href":"https:\/\/blog.edu.turku.fi\/puris\/wp-json\/wp\/v2\/pages"}],"about":[{"href":"https:\/\/blog.edu.turku.fi\/puris\/wp-json\/wp\/v2\/types\/page"}],"author":[{"embeddable":true,"href":"https:\/\/blog.edu.turku.fi\/puris\/wp-json\/wp\/v2\/users\/50"}],"replies":[{"embeddable":true,"href":"https:\/\/blog.edu.turku.fi\/puris\/wp-json\/wp\/v2\/comments?post=1117"}],"version-history":[{"count":8,"href":"https:\/\/blog.edu.turku.fi\/puris\/wp-json\/wp\/v2\/pages\/1117\/revisions"}],"predecessor-version":[{"id":2188,"href":"https:\/\/blog.edu.turku.fi\/puris\/wp-json\/wp\/v2\/pages\/1117\/revisions\/2188"}],"wp:attachment":[{"href":"https:\/\/blog.edu.turku.fi\/puris\/wp-json\/wp\/v2\/media?parent=1117"}],"curies":[{"name":"wp","href":"https:\/\/api.w.org\/{rel}","templated":true}]}}