{"id":2306,"date":"2021-01-13T15:37:03","date_gmt":"2021-01-13T12:37:03","guid":{"rendered":"https:\/\/blog.edu.turku.fi\/puolala\/?page_id=2306"},"modified":"2025-12-02T15:42:14","modified_gmt":"2025-12-02T12:42:14","slug":"valinnaisaineet","status":"publish","type":"page","link":"https:\/\/blog.edu.turku.fi\/puolala\/opiskelu\/valinnaisaineet\/","title":{"rendered":"Valinnaisaineet"},"content":{"rendered":"<p>Puolalan yl\u00e4koulun valinnaisaineiden valinta 8. \u2013 9. luokille esitell\u00e4\u00e4n yhten\u00e4isesti valinnaisainetiedotteessa: <a href=\"https:\/\/blog.edu.turku.fi\/puolala\/files\/2025\/12\/Valinnaisainetiedote-2026-2028.pdf\">Valinnaisainetiedote 2026-2028<\/a><\/p>\n<p>Valinnaiset aineet esitt\u00e4ytyv\u00e4t:<\/p>\n<p><a href=\"https:\/\/blog.edu.turku.fi\/puolala\/files\/2022\/11\/valinnaisesittely-Kotitalous-2022.pdf\">Kotitalous<\/a><br \/>\n<a href=\"https:\/\/blog.edu.turku.fi\/puolala\/files\/2024\/11\/valinnaisesittely-Kuvataide.pdf\">Kuvataide<\/a><br \/>\n<a href=\"https:\/\/blog.edu.turku.fi\/puolala\/files\/2025\/11\/valinnaisesittely-Kasityo-tekninen-tyo-muokattu-VP.pdf\">K\u00e4sity\u00f6 (tekninen ty\u00f6)<\/a><br \/>\n<a href=\"\/\/blog.edu.turku.fi\/puolala\/files\/2024\/06\/valinnaisesittely-Kasityo-tekstiilityo.pdf\">K\u00e4sity\u00f6 (tekstiility\u00f6)<\/a><br \/>\n<a href=\"https:\/\/blog.edu.turku.fi\/puolala\/files\/2025\/11\/valinnaisesittely-Liikunta-muokattu-VP.pdf\">Liikunta<\/a><br \/>\n<a href=\"https:\/\/blog.edu.turku.fi\/puolala\/files\/2025\/11\/Valinnaisesittely-Musiikki-muokattu-VP.pdf\">Musiikki<\/a><br \/>\n<a href=\"https:\/\/blog.edu.turku.fi\/puolala\/files\/2022\/11\/steam-valinnaisaine-esittely-2022.pdf\">STEAM<\/a> ja\u00a0<a href=\"https:\/\/www.youtube.com\/watch?v=9-0hYnD-stI&amp;t=90s\">STEAM -esittelyvideo<\/a><br \/>\n<a href=\"https:\/\/blog.edu.turku.fi\/puolala\/files\/2025\/11\/Valinnaisesittely-Vieraat-kielet-muokattu-VP.pdf\">Vieraat kielet<\/a><\/p>\n","protected":false},"excerpt":{"rendered":"<p>Puolalan yl\u00e4koulun valinnaisaineiden valinta 8. \u2013 9. luokille esitell\u00e4\u00e4n yhten\u00e4isesti valinnaisainetiedotteessa: Valinnaisainetiedote 2026-2028 Valinnaiset aineet esitt\u00e4ytyv\u00e4t: Kotitalous Kuvataide K\u00e4sity\u00f6 (tekninen ty\u00f6) K\u00e4sity\u00f6 (tekstiility\u00f6) Liikunta Musiikki STEAM ja\u00a0STEAM -esittelyvideo Vieraat kielet<\/p>\n","protected":false},"author":1951,"featured_media":0,"parent":1300,"menu_order":8,"comment_status":"closed","ping_status":"closed","template":"","meta":{"footnotes":""},"class_list":["post-2306","page","type-page","status-publish","hentry"],"_links":{"self":[{"href":"https:\/\/blog.edu.turku.fi\/puolala\/wp-json\/wp\/v2\/pages\/2306","targetHints":{"allow":["GET"]}}],"collection":[{"href":"https:\/\/blog.edu.turku.fi\/puolala\/wp-json\/wp\/v2\/pages"}],"about":[{"href":"https:\/\/blog.edu.turku.fi\/puolala\/wp-json\/wp\/v2\/types\/page"}],"author":[{"embeddable":true,"href":"https:\/\/blog.edu.turku.fi\/puolala\/wp-json\/wp\/v2\/users\/1951"}],"replies":[{"embeddable":true,"href":"https:\/\/blog.edu.turku.fi\/puolala\/wp-json\/wp\/v2\/comments?post=2306"}],"version-history":[{"count":42,"href":"https:\/\/blog.edu.turku.fi\/puolala\/wp-json\/wp\/v2\/pages\/2306\/revisions"}],"predecessor-version":[{"id":3046,"href":"https:\/\/blog.edu.turku.fi\/puolala\/wp-json\/wp\/v2\/pages\/2306\/revisions\/3046"}],"up":[{"embeddable":true,"href":"https:\/\/blog.edu.turku.fi\/puolala\/wp-json\/wp\/v2\/pages\/1300"}],"wp:attachment":[{"href":"https:\/\/blog.edu.turku.fi\/puolala\/wp-json\/wp\/v2\/media?parent=2306"}],"curies":[{"name":"wp","href":"https:\/\/api.w.org\/{rel}","templated":true}]}}