{"id":1610,"date":"2016-09-28T10:58:43","date_gmt":"2016-09-28T07:58:43","guid":{"rendered":"https:\/\/blog.edu.turku.fi\/puolala\/?page_id=1610"},"modified":"2018-06-12T13:11:24","modified_gmt":"2018-06-12T10:11:24","slug":"lukudiplomi","status":"publish","type":"page","link":"https:\/\/blog.edu.turku.fi\/puolala\/opiskelu\/lukudiplomi\/","title":{"rendered":"Lukudiplomi"},"content":{"rendered":"<p><strong>Turun alakoulujen lukupolku<\/strong><\/p>\n<p>Lukupolun ideana on lukea lukuvuoden aikana v\u00e4hint\u00e4\u00e4n kuusi kirjaa. Oppilaita on tarkoitus innostaa lukemaan mahdollisimman paljon, ja lukupolulla on mahdollista edet\u00e4 aina vain korkeammille tasoille.<br \/>\n<a href=\"https:\/\/blog.edu.turku.fi\/lukupolku\/opettaja\/alakoulu\/\">https:\/\/blog.edu.turku.fi\/lukupolku\/opettaja\/alakoulu\/<\/a><\/p>\n<p>&nbsp;<\/p>\n<p><strong>Turun yl\u00e4koulujen lukudiplomi <\/strong><\/p>\n<p><strong>OPPILAALLE <\/strong><\/p>\n<p>Suositus:<\/p>\n<ul>\n<li style=\"padding-left: 30px\">Pikkudiplomi vastaa ylim\u00e4\u00e4r\u00e4ist\u00e4 koetta, josta on saatu arvosana 9.<\/li>\n<li style=\"padding-left: 30px\">Iso diplomi vastaa ylim\u00e4\u00e4r\u00e4ist\u00e4 koetta, josta on saatu arvosana 10.<\/li>\n<li style=\"padding-left: 30px\">Jokaisesta kirjasta tehd\u00e4\u00e4n lukudiplomiteht\u00e4v\u00e4. Sovi teht\u00e4v\u00e4st\u00e4 opettajasi kanssa.<\/li>\n<li style=\"padding-left: 30px\">Itse\u00e4 kiinnostavan kirjan etsiminen tietyst\u00e4 kirjallisuudenlajista on t\u00e4rke\u00e4 osa hyv\u00e4ksi lukijaksi kasvamista ja lukudiplomin suorittamista. Luettavan kirjan etsimisess\u00e4 voi k\u00e4ytt\u00e4\u00e4 apuna luokkatasojen kohdalla lueteltuja verkkosivustoja.<\/li>\n<\/ul>\n<p><strong>7. luokka <\/strong><\/p>\n<p>Pikkudiplomia varten lue 6 kirjaa v\u00e4hint\u00e4\u00e4n kahdesta eri kirjallisuudenlajista. Isoa diplomia varten lue 10 kirjaa v\u00e4hint\u00e4\u00e4n nelj\u00e4st\u00e4 eri kirjallisuudenlajista. Voit kysy\u00e4 kirjastosta tai opettajalta, mist\u00e4 l\u00f6yd\u00e4t ja tunnistat eri kirjallisuudenlajit. Voit lukea kirjoja esimerkiksi seuraavista kirjallisuudenlajeista:<\/p>\n<ul>\n<li style=\"padding-left: 30px\">Nuortenkirjat<\/li>\n<li style=\"padding-left: 30px\">Novellikokoelmat<\/li>\n<li style=\"padding-left: 30px\">Runokirjat<\/li>\n<li style=\"padding-left: 30px\">N\u00e4ytelm\u00e4t<\/li>\n<li style=\"padding-left: 30px\">Sarjakuvat<\/li>\n<li style=\"padding-left: 30px\">Tietokirjat<\/li>\n<\/ul>\n<p>Luettavan etsimisess\u00e4 voit k\u00e4ytt\u00e4\u00e4 apunasi esimerkiksi seuraavia verkkosivustoja:<\/p>\n<ul>\n<li style=\"padding-left: 30px\">Vaski-verkkokirjasto https:\/\/www.vaskikirjastot.fi\/. Hae esim. hakusanoilla \u201dnuortenkirjallisuus\u201d, \u201drunot\u201d, \u201dnovellit\u201d tai \u201dsarjakuvat\u201d kent\u00e4st\u00e4 \u201dAihe\u201d.<\/li>\n<li style=\"padding-left: 30px\">NetLibris, erityisesti Sinuhe-kirjatarjotin http:\/\/www03.oph.fi\/netlibris\/sinuhe_kt.asp<\/li>\n<li style=\"padding-left: 30px\">Kirjasampo.fi<\/li>\n<li style=\"padding-left: 30px\">Kaarinan kirjaston yl\u00e4koulun diplomi https:\/\/www.kaarina.fi\/kirjasto\/lapsetjanuoret\/fi_FI\/lukudiplomi_ylakoulu\/<\/li>\n<li style=\"padding-left: 30px\">Kallaveden lukion tietokirjadiplomin kirjalista http:\/\/edu.kuopio.fi\/kallaveden_lukio\/tietokirjadiplomi\/oppiaineet.htm<\/li>\n<li style=\"padding-left: 30px\">Raision kirjaston lukuvinkkej\u00e4 nuorille http:\/\/www.raisio.fi\/kirjasto\/lapset-ja-nuoret\/fi_FI\/lukuvinkkeja-nuorille\/<\/li>\n<li style=\"padding-left: 30px\">Raision kirjaston lukuvinkkej\u00e4 pojille http:\/\/www.raisio.fi\/kirjasto\/lapset-ja-nuoret\/fi_FI\/lukuvinkkeja-pojille\/<\/li>\n<\/ul>\n<p><strong>8. luokka <\/strong><\/p>\n<p>Pikkudiplomia varten lue 6 kirjaa v\u00e4hint\u00e4\u00e4n kahdesta eri genrest\u00e4. Isoa diplomia varten lue 10 kirjaa v\u00e4hint\u00e4\u00e4n nelj\u00e4st\u00e4 eri genrest\u00e4. Voit kysy\u00e4 kirjastosta tai opettajalta, mist\u00e4 l\u00f6yd\u00e4t ja tunnistat eri genret. Genret:<\/p>\n<ul>\n<li style=\"padding-left: 30px\">\u00a0Kauhukirjallisuus<\/li>\n<li style=\"padding-left: 30px\">Tieteiskirjallisuus<\/li>\n<li style=\"padding-left: 30px\">Fantasiakirjallisuus<\/li>\n<li style=\"padding-left: 30px\">Rakkauskirjallisuus<\/li>\n<li style=\"padding-left: 30px\">Rikoskirjallisuus<\/li>\n<\/ul>\n<p>Luettavan etsimisess\u00e4 voit k\u00e4ytt\u00e4\u00e4 apunasi esimerkiksi seuraavia verkkosivustoja:<\/p>\n<ul>\n<li style=\"padding-left: 30px\">Vaski-verkkokirjasto https:\/\/www.vaskikirjastot.fi\/. Hae esim. hakusanoilla \u201dkauhukirjallisuus\u201d, \u201dtieteiskirjallisuus\u201d, \u201dfantasiakirjallisuus\u201d tai \u201dj\u00e4nnityskirjallisuus\u201d kent\u00e4st\u00e4 \u201dAihe\u201d.<\/li>\n<li style=\"padding-left: 30px\">Risingshadow-fantasiakirjallisuussivusto www.risingshadow.net<\/li>\n<li style=\"padding-left: 30px\">www.kirjasampo.fi\/fi\/genre\/Kauhukirjallisuus<\/li>\n<li style=\"padding-left: 30px\">www.kirjasampo.fi\/fi\/genre\/Tieteiskirjallisuus<\/li>\n<li style=\"padding-left: 30px\">www.kirjasampo.fi\/fi\/genre\/Fantasiakirjallisuus<\/li>\n<li style=\"padding-left: 30px\">www.kirjasampo.fi\/fi\/genre\/Rakkausromaanit<\/li>\n<li style=\"padding-left: 30px\">www.kirjasampo.fi\/fi\/genre\/J\u00e4nnityskirjallisuus<\/li>\n<li style=\"padding-left: 30px\">NetLibris, erityisesti Sinuhe-kirjatarjotin http:\/\/www03.oph.fi\/netlibris\/sinuhe_kt.asp<\/li>\n<li style=\"padding-left: 30px\">Dekkarinetti http:\/\/www.tornio.fi\/DekkariNetti<\/li>\n<li style=\"padding-left: 30px\">Kaarinan kirjaston yl\u00e4koulun diplomi https:\/\/www.kaarina.fi\/kirjasto\/lapsetjanuoret\/fi_FI\/lukudiplomi_ylakoulu\/<\/li>\n<li style=\"padding-left: 30px\">Salon kirjaston kirjallisuusdiplomi yl\u00e4kouluille http:\/\/www.salosenlukudiplomi.fi\/index.html<\/li>\n<\/ul>\n<p><strong>9. luokka <\/strong><\/p>\n<p>Pikkudiplomia varten lue 6 kirjaa v\u00e4hint\u00e4\u00e4n kahdelta eri aikakaudelta. Isoa diplomia varten lue 10 kirjaa v\u00e4hint\u00e4\u00e4n nelj\u00e4lt\u00e4 eri aikakaudelta. Voit lukea kotimaista kirjallisuutta tai maailmankirjallisuutta, jolloin alkuper\u00e4inen ilmestymisajankohta m\u00e4\u00e4ritt\u00e4\u00e4 aikakauden. Kaunokirjallisen teoksen asemesta voit lukea el\u00e4m\u00e4kerran, joka kuvaa aikakaudella el\u00e4nytt\u00e4 henkil\u00f6\u00e4.\u00a0Aikakaudet:<\/p>\n<ul>\n<li style=\"padding-left: 30px\">I ennen 1800-lukua<\/li>\n<li style=\"padding-left: 30px\">II 1800-luku<\/li>\n<li style=\"padding-left: 30px\">III 1900-luvun alkupuoli<\/li>\n<li style=\"padding-left: 30px\">IV 1900-luvun loppupuoli<\/li>\n<li style=\"padding-left: 30px\">V 2000-luku<\/li>\n<\/ul>\n<p>Luettavan etsimisess\u00e4 voit k\u00e4ytt\u00e4\u00e4 apunasi esimerkiksi seuraavia verkkosivustoja:<\/p>\n<ul>\n<li style=\"padding-left: 30px\">Vaski-verkkokirjasto https:\/\/www.vaskikirjastot.fi\/. K\u00e4yt\u00e4 tarkennettua hakua ja rajaa hakusi julkaisuvuoden mukaan. Tarkista viel\u00e4 esim. verkosta, onko vuosiluku alkuper\u00e4inen julkaisuvuosi.<\/li>\n<li style=\"padding-left: 30px\">Kirjasampo.fi-palvelun kirjahyllyt http:\/\/www.kirjasampo.fi\/fi\/node\/4007#.VJQdPQra4<\/li>\n<li style=\"padding-left: 30px\">eKirjaston klassikkoteokset http:\/\/ekirjasto.kirjastot.fi\/ekirjat-vapaat<\/li>\n<li style=\"padding-left: 30px\">HS klassikkoautomaatti http:\/\/www2.hs.fi\/klik\/klassikkoautomaatti\/klassikkoautomaatti.html<\/li>\n<li style=\"padding-left: 30px\">Kallaveden lukion tietokirjadiplomi, \u00e4idinkieli http:\/\/edu.kuopio.fi\/kallaveden_lukio\/tietokirjadiplomi\/oppiaineet.htm#aidinkieli<\/li>\n<li style=\"padding-left: 30px\">Kielletyt kirjat http:\/\/www.sananvapausjasensuuriverkkoaikana.com\/kielletytkirjat\/kielletyt3_2.html<\/li>\n<li style=\"padding-left: 30px\">Salon kirjaston kirjallisuusdiplomi yl\u00e4kouluille http:\/\/www.salosenlukudiplomi.fi\/index.html<\/li>\n<li style=\"padding-left: 30px\">Klassikkokirjasto http:\/\/klassikkokirjasto.kansalliskirjasto.fi\/<\/li>\n<\/ul>\n<p>Turun seudun \u00e4idinkielenopettajat ry ja Turun kaupunginkirjasto\u00a0\u00a031.3.2015<\/p>\n<p>Ty\u00f6ryhm\u00e4:<\/p>\n<p>Eija Tammisto (aineenopettaja, Puolalan koulu), Inka Rautiainen (aineenopettaja, Luostarivuoren koulu), Panu Saarnivaara (aineenopettaja, Puropellon koulu), Terhi Hannula (informaatikko, Turun kaupunginkirjasto)<\/p>\n<p><del>\u00a0\u00a0\u00a0\u00a0\u00a0\u00a0\u00a0\u00a0\u00a0\u00a0\u00a0\u00a0\u00a0\u00a0\u00a0\u00a0\u00a0\u00a0\u00a0\u00a0\u00a0\u00a0\u00a0\u00a0\u00a0\u00a0\u00a0\u00a0\u00a0\u00a0\u00a0\u00a0\u00a0\u00a0\u00a0\u00a0\u00a0\u00a0\u00a0\u00a0\u00a0\u00a0\u00a0\u00a0\u00a0\u00a0\u00a0\u00a0\u00a0\u00a0\u00a0\u00a0\u00a0\u00a0\u00a0\u00a0\u00a0\u00a0\u00a0\u00a0\u00a0\u00a0\u00a0\u00a0\u00a0\u00a0\u00a0\u00a0\u00a0\u00a0\u00a0\u00a0\u00a0\u00a0\u00a0\u00a0\u00a0\u00a0\u00a0\u00a0\u00a0\u00a0\u00a0\u00a0\u00a0\u00a0\u00a0\u00a0\u00a0\u00a0\u00a0\u00a0\u00a0\u00a0\u00a0\u00a0\u00a0\u00a0\u00a0\u00a0\u00a0\u00a0\u00a0\u00a0\u00a0\u00a0\u00a0\u00a0\u00a0\u00a0\u00a0\u00a0\u00a0\u00a0\u00a0\u00a0\u00a0\u00a0\u00a0\u00a0\u00a0\u00a0\u00a0\u00a0\u00a0\u00a0\u00a0\u00a0\u00a0\u00a0\u00a0\u00a0\u00a0\u00a0\u00a0\u00a0\u00a0\u00a0\u00a0\u00a0\u00a0\u00a0\u00a0\u00a0\u00a0\u00a0\u00a0\u00a0\u00a0\u00a0\u00a0\u00a0\u00a0\u00a0\u00a0\u00a0\u00a0\u00a0\u00a0\u00a0\u00a0\u00a0\u00a0\u00a0\u00a0\u00a0\u00a0\u00a0\u00a0<\/del><\/p>\n<p><strong>Lukudiplomiin liittyvi\u00e4 teht\u00e4vi\u00e4:<\/strong><\/p>\n<p>Esittele aluksi lukemasi teos nime\u00e4m\u00e4ll\u00e4 se ja sen kirjoittaja ja kertomalla lyhyesti, mist\u00e4 se kertoo.<\/p>\n<p>Valitse t\u00e4m\u00e4n j\u00e4lkeen jokin teht\u00e4vist\u00e4 1-15. Jokaisesta lukemastasi teoksesta sinun tulee valita eri teht\u00e4v\u00e4. Muista kirjoittaa havainnollisesti ja selke\u00e4sti kirjakielt\u00e4 k\u00e4ytt\u00e4en. Muista my\u00f6s j\u00e4sennell\u00e4 tekstisi (kappalejako).<\/p>\n<ol>\n<li>Luonnehdi kirjailijaa: etsi tietoja ja kuvaile my\u00f6s omien lukukokemustesi pohjalta, millaisia kirjoja h\u00e4n kirjoittaa.<\/li>\n<li>Kuvaile teoksen tapahtumaymp\u00e4rist\u00f6\u00e4. Millainen se on? Miten se esimerkiksi eroaa omasta elinymp\u00e4rist\u00f6st\u00e4si?<\/li>\n<li>Mihin maahan ja millaiselle seudulle kirjan tapahtumat sijoittuvat? Millaisia ovat maisemat ja rakennukset? Etsi kirjasta kohtia, jotka kuvaavat tapahtuma-aikaa.<\/li>\n<li>Aseta kirjan t\u00e4rkeimm\u00e4t tapahtumat aikaj\u00e4rjestykseen.<\/li>\n<li>Piirr\u00e4 p\u00e4\u00e4henkil\u00f6n el\u00e4m\u00e4st\u00e4 kartta tai polku, johon sijoitatte h\u00e4nen el\u00e4m\u00e4ns\u00e4 t\u00e4rkeimm\u00e4t vaiheet ja k\u00e4\u00e4nnekohdat.<\/li>\n<li>Esittele teoksen vaikuttavin henkil\u00f6. Kerro, mill\u00e4 tavalla h\u00e4n on mielest\u00e4si vaikuttava. Huomaa, ett\u00e4 h\u00e4n voi olla vaikuttava joko positiivisella tai negatiivisella tavalla.<\/li>\n<li>Laadi havainnollinen kuvaus p\u00e4\u00e4henkil\u00f6st\u00e4.<\/li>\n<li>Laadi havainnollinen kuvaus p\u00e4\u00e4henkil\u00f6n pahimmasta vastustajasta.<\/li>\n<li>Mik\u00e4 teoksessa on mielest\u00e4si kiinnostavaa?<\/li>\n<li>Millaisia ajatuksia teoksen henkil\u00f6t ja tapahtumat sinussa her\u00e4tt\u00e4v\u00e4t?<\/li>\n<li>Millaista kertojaa teoksessa k\u00e4ytet\u00e4\u00e4n? Millaisia asioita t\u00e4m\u00e4n kertojan avulla v\u00e4littyy?<\/li>\n<li>Luonnehdi kielt\u00e4 ja kerrontatapaa. Apunasi voit k\u00e4ytt\u00e4\u00e4 seuraavia kysymyksi\u00e4:\n<ol>\n<li>Etenev\u00e4tk\u00f6 tapahtumat suoraviivaisesti tapahtumien alusta loppuun?<\/li>\n<li>Hypit\u00e4\u00e4nk\u00f6 ajassa edestakaisin?<\/li>\n<li>K\u00e4ytet\u00e4\u00e4nk\u00f6 teoksessa puhe- vai yleiskielt\u00e4 (yleiskieli on kirjakielt\u00e4)?<\/li>\n<li>Etenev\u00e4tk\u00f6 tapahtumat pitk\u00e4lti dialogin varassa?<\/li>\n<li>Korostuvatko kuvaukset?<\/li>\n<li>Millaisia asioita kuvataan?<\/li>\n<\/ol>\n<\/li>\n<li>Etsi kirjasta kohtia, joista saisi koskettavan tai hauskan kohtauksen. Kirjoita yksi k\u00e4sikirjoitukseksi.<\/li>\n<li>Etsi kirjasta kohtia, joista saisi koskettavan tai hauskan runon. Kirjoita yksi runoksi.<\/li>\n<li>Mik\u00e4 on mielest\u00e4si kirjan paras kohta? Kerro se omin sanoin. Perustele valintasi.<\/li>\n<\/ol>\n<p>&nbsp;<\/p>\n","protected":false},"excerpt":{"rendered":"<p>Turun alakoulujen lukupolku Lukupolun ideana on lukea lukuvuoden aikana v\u00e4hint\u00e4\u00e4n kuusi kirjaa. Oppilaita on tarkoitus innostaa lukemaan mahdollisimman paljon, ja lukupolulla on mahdollista edet\u00e4 aina vain korkeammille tasoille. https:\/\/blog.edu.turku.fi\/lukupolku\/opettaja\/alakoulu\/ &nbsp; Turun yl\u00e4koulujen lukudiplomi OPPILAALLE Suositus: Pikkudiplomi vastaa ylim\u00e4\u00e4r\u00e4ist\u00e4 koetta, josta on saatu arvosana 9. Iso diplomi vastaa ylim\u00e4\u00e4r\u00e4ist\u00e4 koetta, josta on saatu arvosana 10. Jokaisesta &hellip; <a href=\"https:\/\/blog.edu.turku.fi\/puolala\/opiskelu\/lukudiplomi\/\" class=\"more-link\">Jatka lukemista<span class=\"screen-reader-text\"> &#8221;Lukudiplomi&#8221;<\/span><\/a><\/p>\n","protected":false},"author":1951,"featured_media":0,"parent":1300,"menu_order":7,"comment_status":"closed","ping_status":"closed","template":"","meta":{"footnotes":""},"class_list":["post-1610","page","type-page","status-publish","hentry"],"_links":{"self":[{"href":"https:\/\/blog.edu.turku.fi\/puolala\/wp-json\/wp\/v2\/pages\/1610","targetHints":{"allow":["GET"]}}],"collection":[{"href":"https:\/\/blog.edu.turku.fi\/puolala\/wp-json\/wp\/v2\/pages"}],"about":[{"href":"https:\/\/blog.edu.turku.fi\/puolala\/wp-json\/wp\/v2\/types\/page"}],"author":[{"embeddable":true,"href":"https:\/\/blog.edu.turku.fi\/puolala\/wp-json\/wp\/v2\/users\/1951"}],"replies":[{"embeddable":true,"href":"https:\/\/blog.edu.turku.fi\/puolala\/wp-json\/wp\/v2\/comments?post=1610"}],"version-history":[{"count":10,"href":"https:\/\/blog.edu.turku.fi\/puolala\/wp-json\/wp\/v2\/pages\/1610\/revisions"}],"predecessor-version":[{"id":1905,"href":"https:\/\/blog.edu.turku.fi\/puolala\/wp-json\/wp\/v2\/pages\/1610\/revisions\/1905"}],"up":[{"embeddable":true,"href":"https:\/\/blog.edu.turku.fi\/puolala\/wp-json\/wp\/v2\/pages\/1300"}],"wp:attachment":[{"href":"https:\/\/blog.edu.turku.fi\/puolala\/wp-json\/wp\/v2\/media?parent=1610"}],"curies":[{"name":"wp","href":"https:\/\/api.w.org\/{rel}","templated":true}]}}