{"id":1586,"date":"2016-08-12T15:15:13","date_gmt":"2016-08-12T12:15:13","guid":{"rendered":"https:\/\/blog.edu.turku.fi\/puolala\/?page_id=1586"},"modified":"2024-06-17T18:48:32","modified_gmt":"2024-06-17T15:48:32","slug":"hankkeet","status":"publish","type":"page","link":"https:\/\/blog.edu.turku.fi\/puolala\/koulussa-tapahtuu\/hankkeet\/","title":{"rendered":"Hankkeet"},"content":{"rendered":"<h1>Project Holland &#8211; Englannin kieliluokkien oppilasvaihto Hollantiin<\/h1>\n<p>Englannin kieliluokat tekev\u00e4t yhteisty\u00f6t\u00e4 hollantilaisen Goesin pikkukaupungissa sijaitsevan Het Goese Lyceumin kanssa. Vaihtoon osallistuvat hollantilaisen koulun englantipainotteiset luokat. Yhteisty\u00f6projekti toteutetaan vuosittain 8. luokalla, jolloin turkulaiset sek\u00e4 tekev\u00e4t noin viikon mittaisen vierailun Goesiin ett\u00e4 vastaanottavat hollantilaisia vieraita. Toinen vierailuista toteutetaan syksyll\u00e4, toinen kev\u00e4\u00e4ll\u00e4. Molemmissa maissa oppilaat toimivat is\u00e4ntin\u00e4 ja majoittavat vieraita perheisiins\u00e4. Vaihtoon osallistuvat oppilaat tutustuvat paikalliseen kulttuuriin, n\u00e4ht\u00e4vyyksiin ja arkiel\u00e4m\u00e4\u00e4n sek\u00e4 opettelevat hieman suomea ja hollantia. Vaihdon tavoitteena on kehitt\u00e4\u00e4 ruohonjuuritason kansainv\u00e4lisyytt\u00e4, tutustuttaa eurooppalaisia nuoria toisiinsa ja tarjota mahdollisuus k\u00e4ytt\u00e4\u00e4 englantia luonnollisissa tilanteissa koko lukuvuoden ajan. Projektin aihepiirit vaihtelevat lukuvuosittain oppilaiden kiinnostuksen kohteiden mukaan. Yhteydenpidossa hy\u00f6dynnet\u00e4\u00e4n sosiaalista mediaa. Tammisto (etunimi.sukunimi@turku.fi) oppilaineen.<\/p>\n<p><a href=\"https:\/\/blog.edu.turku.fi\/puolalaholland\/\">Project Hollandin blogi \u00bb<\/a><br \/>\n<a href=\"http:\/\/pontesalgemeen.mwp.nl\/\">Het Goese Lyceumin verkkosivut \u00bb<\/a><\/p>\n<h1>Saksan kieliluokkien oppilasvaihto Celleen<\/h1>\n<p>Puolalan koulussa on j\u00e4rjestetty oppilasvaihtoa saksalaisen lukion Hermann-Billung-Gymnasiumin kanssa kev\u00e4\u00e4st\u00e4 2009 alkaen. Yst\u00e4vyyskoulumme sijaitsee Cellen kaupungissa Niedersachsenin osavaltiossa. Vaihtoon kuuluu itse kustannettava, noin viikon pituinen opintomatka kohdemaahan 8. luokan kev\u00e4\u00e4ll\u00e4 sek\u00e4 vastavierailun is\u00e4nn\u00f6iminen 9. luokan syksyll\u00e4. Vierailujen aikana oppilaat asuvat partnerioppilaansa perheess\u00e4, osallistuvat opintoretkiin ja -vierailuihin sek\u00e4 jonkin verran tavalliseen kouluopetukseen. Vaihdon tavoitteena on lis\u00e4t\u00e4 oppilaiden kulttuurituntemusta, kielitaitoa, motivaatiota kielten opiskeluun sek\u00e4 itsetunnon ja suvaitsevaisuuden vahvistaminen.<\/p>\n<h1>Liikkuva koulu<\/h1>\n<p>Tavoitteena on oppilaiden osallistaminen sek\u00e4\u00a0liikunnallinen oppiminen lis\u00e4\u00e4m\u00e4ll\u00e4 liikett\u00e4 ja v\u00e4hent\u00e4m\u00e4ll\u00e4 istumista oppitunneilla.<\/p>\n<p>Liikkuvassa koulussa pyrit\u00e4\u00e4n\u00a0ajattelemaan asioita uusilla tavoilla: istutaan v\u00e4hemm\u00e4n, tuetaan oppimista toiminnallisilla menetelmill\u00e4, liikutaan v\u00e4litunneilla ja kuljetaan koulumatkat omin lihasvoimin. Jokainen koulu toteuttaa liikkuvampaa koulup\u00e4iv\u00e4\u00e4 omalla tavallaan.<\/p>\n<p><a href=\"https:\/\/liikkuvakoulu.fi\/liikkuvakoulu\">https:\/\/liikkuvakoulu.fi\/liikkuvakoulu<\/a><\/p>\n<p>&nbsp;<\/p>\n","protected":false},"excerpt":{"rendered":"<p>Project Holland &#8211; Englannin kieliluokkien oppilasvaihto Hollantiin Englannin kieliluokat tekev\u00e4t yhteisty\u00f6t\u00e4 hollantilaisen Goesin pikkukaupungissa sijaitsevan Het Goese Lyceumin kanssa. Vaihtoon osallistuvat hollantilaisen koulun englantipainotteiset luokat. Yhteisty\u00f6projekti toteutetaan vuosittain 8. luokalla, jolloin turkulaiset sek\u00e4 tekev\u00e4t noin viikon mittaisen vierailun Goesiin ett\u00e4 vastaanottavat hollantilaisia vieraita. Toinen vierailuista toteutetaan syksyll\u00e4, toinen kev\u00e4\u00e4ll\u00e4. Molemmissa maissa oppilaat toimivat is\u00e4ntin\u00e4 ja &hellip; <a href=\"https:\/\/blog.edu.turku.fi\/puolala\/koulussa-tapahtuu\/hankkeet\/\" class=\"more-link\">Jatka lukemista<span class=\"screen-reader-text\"> &#8221;Hankkeet&#8221;<\/span><\/a><\/p>\n","protected":false},"author":56,"featured_media":0,"parent":1302,"menu_order":0,"comment_status":"closed","ping_status":"closed","template":"","meta":{"footnotes":""},"class_list":["post-1586","page","type-page","status-publish","hentry"],"_links":{"self":[{"href":"https:\/\/blog.edu.turku.fi\/puolala\/wp-json\/wp\/v2\/pages\/1586","targetHints":{"allow":["GET"]}}],"collection":[{"href":"https:\/\/blog.edu.turku.fi\/puolala\/wp-json\/wp\/v2\/pages"}],"about":[{"href":"https:\/\/blog.edu.turku.fi\/puolala\/wp-json\/wp\/v2\/types\/page"}],"author":[{"embeddable":true,"href":"https:\/\/blog.edu.turku.fi\/puolala\/wp-json\/wp\/v2\/users\/56"}],"replies":[{"embeddable":true,"href":"https:\/\/blog.edu.turku.fi\/puolala\/wp-json\/wp\/v2\/comments?post=1586"}],"version-history":[{"count":15,"href":"https:\/\/blog.edu.turku.fi\/puolala\/wp-json\/wp\/v2\/pages\/1586\/revisions"}],"predecessor-version":[{"id":2793,"href":"https:\/\/blog.edu.turku.fi\/puolala\/wp-json\/wp\/v2\/pages\/1586\/revisions\/2793"}],"up":[{"embeddable":true,"href":"https:\/\/blog.edu.turku.fi\/puolala\/wp-json\/wp\/v2\/pages\/1302"}],"wp:attachment":[{"href":"https:\/\/blog.edu.turku.fi\/puolala\/wp-json\/wp\/v2\/media?parent=1586"}],"curies":[{"name":"wp","href":"https:\/\/api.w.org\/{rel}","templated":true}]}}