{"id":1446,"date":"2016-06-14T09:40:13","date_gmt":"2016-06-14T06:40:13","guid":{"rendered":"https:\/\/blog.edu.turku.fi\/puolala\/?page_id=1446"},"modified":"2024-07-30T10:23:23","modified_gmt":"2024-07-30T07:23:23","slug":"lomakkeita-ja-ohjeita","status":"publish","type":"page","link":"https:\/\/blog.edu.turku.fi\/puolala\/opiskelu\/lomakkeita-ja-ohjeita\/","title":{"rendered":"Lomakkeita ja ohjeita"},"content":{"rendered":"<h1>Poissaolot<\/h1>\n<p>Oppilaan poissaoloista on ilmoitettava luokanopettajalle tai luokanohjaajalle. Ilmoitus tulee tehd\u00e4 my\u00f6s yhden p\u00e4iv\u00e4n poissaolosta. Oppilaan oma ilmoitus asiasta ei riit\u00e4, vaan ilmoituksen tekee aina huoltaja. Oppilaan ollessa pois koulusta opettaja merkitsee poissaolon Wilmaan. Huoltajan tulee kirjautua Wilma-ohjelmaan omilla tunnuksillaan ja kuitata poissaolo. Oppilaan poissaoloon tulee pyyt\u00e4\u00e4 lupa. Opettaja voi my\u00f6nt\u00e4\u00e4 oppilaalle enint\u00e4\u00e4n kolmen p\u00e4iv\u00e4n poissaolon. Pidemm\u00e4t vapautukset anotaan koulun rehtorilta (alakoulu) tai apulaisrehtorilta (yl\u00e4koulu). Poissaolopyynt\u00f6 tulee tehd\u00e4 s\u00e4hk\u00f6isesti Wilmassa. Vapautusta kouluty\u00f6st\u00e4 tulee anoa aina hyviss\u00e4 ajoin ennen poissaoloa.<\/p>\n<p><a href=\"https:\/\/turku.inschool.fi\/\">Wilmaan kirjautuminen &#8211; Wilma &#8211; Turun kaupunki (inschool.fi)<\/a><\/p>\n<p><span style=\"color: #000000;font-family: Arial\">Poissaolojen seuraaminen on koulutuksen j\u00e4rjest\u00e4j\u00e4n lakis\u00e4\u00e4teinen velvollisuus. Turun kaupungin oppilas- ja opiskeluhuollon monialainen ty\u00f6ryhm\u00e4 p\u00e4\u00e4tti 18.9.2020, ett\u00e4 Turun kaupungin peruskouluissa otetaan k\u00e4ytt\u00f6\u00f6n yhten\u00e4inen ohjeistus poissaolojen seuraamiseksi ja niihin puuttumiseksi. Keskeisen\u00e4 tavoitteena ovat ennaltaehk\u00e4isy ja varhainen puuttuminen.\u00a0<\/span><\/p>\n<p><a href=\"https:\/\/blog.edu.turku.fi\/puolala\/files\/2020\/10\/Koulupoissaolojen-ja-koulupudokkuuden-ennaltaehkaisyn-toimintamalli-2020.pdf\">Koulupoissaolojen ja koulupudokkuuden ennaltaehk\u00e4isyn toimintamalli 2020<\/a><\/p>\n<h1>Koulutapaturmat<\/h1>\n<p>Toimintaohjeet koulutapaturman sattuessa:<\/p>\n<p>Koulutapaturmissa terveydenhoitaja tai opettaja antaa ensiavun, ohjaa tarvittaessa jatkohoitoon ja tekee tapaturmailmoituksen. Ilmoita tapaturmasta heti opettajalle, koulun terveydenhoitajalle tai soita Turun alueen yhteisp\u00e4ivystykseen, puh. 02 313 8800.<\/p>\n<p><a href=\"https:\/\/www.turku.fi\/paivahoito-ja-koulutus\/perusopetus\/oppilaan-tuki\/koulutapaturmat-ja-niiden-korvaaminen\">Koulutapaturmat<\/a><\/p>\n<h1>Esinevahingot<\/h1>\n<p>Turun kaupungin koulussa olevan oppilaan henkil\u00f6kohtaisen omaisuuden korvaamisessa l\u00e4ht\u00f6kohtana on, ett\u00e4 jokainen vastaa itse itselleen aiheutuneista vahingoista.<\/p>\n<p><a href=\"http:\/\/www.turku.fi\/paivahoito-ja-koulutus\/perusopetus\/oppilaan-tuki\/esinevahingot-ja-niiden-korvaaminen\">Esinevahingot<\/a><\/p>\n","protected":false},"excerpt":{"rendered":"<p>Poissaolot Oppilaan poissaoloista on ilmoitettava luokanopettajalle tai luokanohjaajalle. Ilmoitus tulee tehd\u00e4 my\u00f6s yhden p\u00e4iv\u00e4n poissaolosta. Oppilaan oma ilmoitus asiasta ei riit\u00e4, vaan ilmoituksen tekee aina huoltaja. Oppilaan ollessa pois koulusta opettaja merkitsee poissaolon Wilmaan. Huoltajan tulee kirjautua Wilma-ohjelmaan omilla tunnuksillaan ja kuitata poissaolo. Oppilaan poissaoloon tulee pyyt\u00e4\u00e4 lupa. Opettaja voi my\u00f6nt\u00e4\u00e4 oppilaalle enint\u00e4\u00e4n kolmen p\u00e4iv\u00e4n &hellip; <a href=\"https:\/\/blog.edu.turku.fi\/puolala\/opiskelu\/lomakkeita-ja-ohjeita\/\" class=\"more-link\">Jatka lukemista<span class=\"screen-reader-text\"> &#8221;Lomakkeita ja ohjeita&#8221;<\/span><\/a><\/p>\n","protected":false},"author":56,"featured_media":0,"parent":1300,"menu_order":6,"comment_status":"closed","ping_status":"closed","template":"","meta":{"footnotes":""},"class_list":["post-1446","page","type-page","status-publish","hentry"],"_links":{"self":[{"href":"https:\/\/blog.edu.turku.fi\/puolala\/wp-json\/wp\/v2\/pages\/1446","targetHints":{"allow":["GET"]}}],"collection":[{"href":"https:\/\/blog.edu.turku.fi\/puolala\/wp-json\/wp\/v2\/pages"}],"about":[{"href":"https:\/\/blog.edu.turku.fi\/puolala\/wp-json\/wp\/v2\/types\/page"}],"author":[{"embeddable":true,"href":"https:\/\/blog.edu.turku.fi\/puolala\/wp-json\/wp\/v2\/users\/56"}],"replies":[{"embeddable":true,"href":"https:\/\/blog.edu.turku.fi\/puolala\/wp-json\/wp\/v2\/comments?post=1446"}],"version-history":[{"count":17,"href":"https:\/\/blog.edu.turku.fi\/puolala\/wp-json\/wp\/v2\/pages\/1446\/revisions"}],"predecessor-version":[{"id":2816,"href":"https:\/\/blog.edu.turku.fi\/puolala\/wp-json\/wp\/v2\/pages\/1446\/revisions\/2816"}],"up":[{"embeddable":true,"href":"https:\/\/blog.edu.turku.fi\/puolala\/wp-json\/wp\/v2\/pages\/1300"}],"wp:attachment":[{"href":"https:\/\/blog.edu.turku.fi\/puolala\/wp-json\/wp\/v2\/media?parent=1446"}],"curies":[{"name":"wp","href":"https:\/\/api.w.org\/{rel}","templated":true}]}}