{"id":1444,"date":"2016-06-14T09:39:37","date_gmt":"2016-06-14T06:39:37","guid":{"rendered":"https:\/\/blog.edu.turku.fi\/puolala\/?page_id=1444"},"modified":"2025-09-10T09:48:01","modified_gmt":"2025-09-10T06:48:01","slug":"jarjestyssaannot","status":"publish","type":"page","link":"https:\/\/blog.edu.turku.fi\/puolala\/opiskelu\/jarjestyssaannot\/","title":{"rendered":"J\u00e4rjestyss\u00e4\u00e4nn\u00f6t"},"content":{"rendered":"<p>Turku \u2013 Lasten ja nuorten palvelukokonaisuus<br \/>\nPerusopetus<\/p>\n<p><strong>Puolalan koulun j\u00e4rjestyss\u00e4\u00e4nn\u00f6t<\/strong><\/p>\n<p>S\u00e4\u00e4nn\u00f6t ovat v\u00e4ltt\u00e4m\u00e4tt\u00f6mi\u00e4 kouluyhteis\u00f6n toiminnan ja ty\u00f6rauhan s\u00e4ilymisen sek\u00e4 j\u00e4senten turvallisuuden ja viihtyvyyden vuoksi. Ty\u00f6rauha on ehdoton edellytys kouluty\u00f6n onnistumiselle. S\u00e4\u00e4nn\u00f6t totuttavat oppilaan vastuuseen ja yhteiskunnan j\u00e4senyyteen sek\u00e4 arvostavaan vuorovaikutukseen muiden ihmisten kanssa.<\/p>\n<p>Oppilaan on suoritettava teht\u00e4v\u00e4ns\u00e4 tunnollisesti ja k\u00e4ytt\u00e4ydytt\u00e4v\u00e4 asiallisesti. Oppilaan on k\u00e4ytt\u00e4ydytt\u00e4v\u00e4 muita kiusaamatta ja syrjim\u00e4tt\u00e4 sek\u00e4 toimittava siten, ettei h\u00e4n vaaranna muiden oppilaiden, kouluyhteis\u00f6n tai opiskeluymp\u00e4rist\u00f6n turvallisuutta tai terveytt\u00e4 (POL 35\u00a7).<br \/>\nJ\u00e4rjestyss\u00e4\u00e4nt\u00f6j\u00e4 noudatetaan aina kouluaikana, koulualueella ja kaikessa lukuvuosisuunnitelman kuvaamassa koulun toiminnassa. (POL 29\u00a7, POL 35-36\u00a7)<\/p>\n<p>1. Koko kouluyhteis\u00f6 toimii yst\u00e4v\u00e4llisesti, kannustavasti, toisiaan kunnioittaen, hyvien tapojen mukaisesti ja henkil\u00f6kunnan ohjeita noudattaen.<\/p>\n<p>2. Koulussa jokaisella henkil\u00f6ll\u00e4 on oikeus h\u00e4iri\u00f6tt\u00f6m\u00e4\u00e4n ty\u00f6skentelyyn. Oppilailla on oikeus oppia ja opettajilla on oikeus opettaa.<\/p>\n<p>3. Ep\u00e4asiallinen ja h\u00e4iritsev\u00e4 k\u00e4yt\u00f6s sek\u00e4 kiusaaminen on kielletty. Koulussa jokaisella on oikeus fyysiseen ja psyykkiseen koskemattomuuteen.<\/p>\n<p>4. Tupakan, s\u00e4hk\u00f6tupakan, nuuskan, p\u00e4ihteiden ja huumeiden k\u00e4ytt\u00f6 sek\u00e4 hallussapito on kielletty kouluaikana ja koulun j\u00e4rjest\u00e4miss\u00e4 tilaisuuksissa sek\u00e4 vuosisuunnitelman kuvaamassa toiminnassa.<\/p>\n<p>5. Toisen henkil\u00f6n vahingoittamiseen tarkoitetut tai siihen soveltuvat esineet ja aineet ja niiden hallussapito on kouluaikana kielletty\u00e4. N\u00e4it\u00e4 ei saa my\u00f6sk\u00e4\u00e4n pit\u00e4\u00e4 hallussa koulumatkalla.<\/p>\n<p>6. Koulu ja sen alue pidet\u00e4\u00e4n siistin\u00e4 eik\u00e4 koulun omaisuutta saa turmella. Oppilas on velvollinen kertomaan havaitsemistaan vahingoista koulun henkil\u00f6st\u00f6lle. Vahingon aiheuttaja on ilmoittautumis- ja vahingonkorvausvelvollinen.<\/p>\n<p>7. Koulussa on m\u00e4\u00e4ritelty v\u00e4lituntialue, jolta poistuminen koulup\u00e4iv\u00e4n aikana on kielletty. V\u00e4litunnit vietet\u00e4\u00e4n ulkona, ellei muuta erikseen sovita.<\/p>\n<p>8. Oppilaat eiv\u00e4t saa koulup\u00e4iv\u00e4n aikana k\u00e4ytt\u00e4\u00e4 kulkuv\u00e4lineit\u00e4, kuten polkupy\u00f6ri\u00e4, s\u00e4hk\u00f6potkulautoja tai moottoriajoneuvoja, ilman henkil\u00f6kunnan lupaa. Eri toimipisteisiin ja opetuksen j\u00e4rjest\u00e4mispaikkoihin siirryt\u00e4\u00e4n annettujen ohjeiden mukaisesti liikennes\u00e4\u00e4nt\u00f6j\u00e4 noudattaen.<\/p>\n<p>9. Oppilas voi olla poissa koulusta vain sairauden perusteella tai saatuaan erillisen luvan poissaoloon luokanopettajalta, luokanohjaajalta tai rehtorilta. Kesken koulup\u00e4iv\u00e4n oppilas voi poistua koulusta vain terveydenhoitajan tai opetushenkil\u00f6kuntaan kuuluvan luvalla.<\/p>\n<p>10. Puhelimen, kellopuhelimen ja muiden mobiililaitteiden k\u00e4ytt\u00f6 on kielletty koko koulup\u00e4iv\u00e4n ajan. Mobiililaitetta saa k\u00e4ytt\u00e4\u00e4 oppimiseen, terveydellisist\u00e4 syist\u00e4 tai oppimisen apuv\u00e4lineen\u00e4 opettajan tai rehtorin luvalla annetun ohjeistuksen mukaisesti. (POL 29 \u00a7 4 momentti)<\/p>\n<p>Puolalan koulussa vuosiluokkien 1-6 oppilaat s\u00e4ilytt\u00e4v\u00e4t henkil\u00f6kohtaista \u00e4lylaitetta koko p\u00e4iv\u00e4n ajan \u00e4\u00e4nett\u00f6m\u00e4ll\u00e4 repussa. Vuosiluokkien 7-9 oppilaat s\u00e4ilytt\u00e4v\u00e4t henkil\u00f6kohtaista \u00e4lylaitetta koko p\u00e4iv\u00e4n ajan \u00e4\u00e4nett\u00f6m\u00e4ll\u00e4 joko repussa tai lukollisessa oppilaslokerossa.<\/p>\n<p>11. Rahat, arvoesineet ja oppilaan henkil\u00f6kohtainen omaisuus ovat koulussa oppilaan ja huoltajien vastuulla, eik\u00e4 koulu korvaa rahaa eik\u00e4 kadonnutta tai s\u00e4rkynytt\u00e4 omaisuutta.<\/p>\n<p>12. Koulun tiloissa, alueella tai koulun j\u00e4rjest\u00e4miss\u00e4 tilaisuuksissa ei kouluaikana harjoiteta osto- tai myyntitoimintaa. T\u00e4m\u00e4 rajoitus ei koske vanhempainyhdistysten tai oppilaskunnan toimintaa.<\/p>\n<p>J\u00e4rjestyss\u00e4\u00e4nt\u00f6jen rikkomisesta seuraa rangaistus perusopetuslain 36\u00a7 mukaisesti. Poliisi k\u00e4sittelee rikosasioita.<\/p>\n<p>N\u00e4m\u00e4 ovat Turun kaupungin perusopetuksen koulujen j\u00e4rjestyss\u00e4\u00e4nn\u00f6t, jotka ovat voimassa 1.8.2025 alkaen. J\u00e4rjestyss\u00e4\u00e4nn\u00f6t ohjaavat k\u00e4ytt\u00e4ytymisen arviointia. Ne ovat n\u00e4ht\u00e4viss\u00e4 koulujen kotisivuilla sek\u00e4 koulutiloissa. J\u00e4rjestyss\u00e4\u00e4nn\u00f6t k\u00e4sitell\u00e4\u00e4n oppilaiden kanssa lukuvuosittain ja niist\u00e4 tiedotetaan huoltajia. J\u00e4rjestyss\u00e4\u00e4nn\u00f6t tarkistetaan s\u00e4\u00e4nn\u00f6llisesti.<\/p>\n<p><strong>Puolalan koulussa noudatetaan lis\u00e4ksi seuraavia kouluty\u00f6t\u00e4 tukevia sek\u00e4 turvallisuutta ja viihtyisyytt\u00e4 edist\u00e4vi\u00e4 s\u00e4\u00e4nt\u00f6j\u00e4 ja periaatteita:<\/strong><\/p>\n<p>\u2022<strong> Kouluaikaan<\/strong> kuuluvat lukuj\u00e4rjestyksen mukainen ty\u00f6p\u00e4iv\u00e4, tukiopetus ja kurinpidolliset toimet, koulun ty\u00f6suunnitelmassa vahvistettu toiminta, kuten kerhot ja juhlat, sek\u00e4 koulun ulkopuolinen toiminta, kuten opintoretket, leirikoulut, opintok\u00e4ynnit, esiintymiset, ilta- ja viikonlopputilaisuudet.<\/p>\n<p>\u2022 <strong>Koulualueeseen<\/strong> kuuluvat Kauppiaskadun, Torninkadun ja Puutarhakadun koulurakennukset, niiden pihat sek\u00e4 muut sis\u00e4- ja ulkotilat, joissa opetusta j\u00e4rjestet\u00e4\u00e4n. Alakoululaiset siirtyv\u00e4t aamulla viipym\u00e4tt\u00e4 odottamaan pihalle kellon soittoa. Koulun edess\u00e4 olevalle jalkak\u00e4yt\u00e4v\u00e4lle ei j\u00e4\u00e4d\u00e4 leikkim\u00e4\u00e4n tai pelaamaan. Alakoulussa koulualueelta ei saa poistua ilman lupaa koulup\u00e4iv\u00e4n aikana. Yl\u00e4koulussa koulualueelta saa poistua ilman erillist\u00e4 lupaa vain siirrytt\u00e4ess\u00e4 suorinta tiet\u00e4 muihin koulurakennuksiin tai koulun tilaisuuksiin. Oppilaat kulkevat Puutarhakadun koulurakennukseen A- ja B-puolen ovista ja Torninkadun koulurakennukseen sis\u00e4pihan puolen ovista.<\/p>\n<p>\u2022 <strong>Polkupy\u00f6r\u00e4t<\/strong> laitetaan koulup\u00e4iv\u00e4n ajaksi koulun pihalle niille varatuille paikoille. Mopoja\/mopo-autoja ei tuoda koulurakennusten pihoille. Niille on hankittava paikka koulun piha-alueiden ulkopuolelta paikoitukseen oikeutetulta alueelta. Mopoluvan liikuntakohteisiin saa liikunnanopettajilta. S\u00e4hk\u00f6potkulautoja ei k\u00e4ytet\u00e4 koulup\u00e4iv\u00e4n aikana.<\/p>\n<p>\u2022 <strong>Oppitunneille<\/strong> saavutaan ajoissa ja p\u00e4\u00e4llysvaatteet j\u00e4tet\u00e4\u00e4n naulakkoon. Kouluun pukeudutaan tarkoituksenmukaisiin kouluvaatteisiin s\u00e4\u00e4n ja oppituntien mukaan. Oppitunnin aloittaa ja p\u00e4\u00e4tt\u00e4\u00e4 opettaja, ja oppitunneilla noudatetaan opettajan antamia ohjeita. Oppitunneilla ei sy\u00f6d\u00e4 eik\u00e4 juoda, vaan ev\u00e4\u00e4t pidet\u00e4\u00e4n laukussa, ei esill\u00e4. Opiskeluv\u00e4lineiden tulee olla mukana ja kotiteht\u00e4vien tehtyin\u00e4. Kotiteht\u00e4v\u00e4ns\u00e4 laiminly\u00f6nyt oppilas voidaan m\u00e4\u00e4r\u00e4t\u00e4 ty\u00f6p\u00e4iv\u00e4n p\u00e4\u00e4tytty\u00e4 enint\u00e4\u00e4n tunniksi kerrallaan valvonnan alaisena suorittamaan teht\u00e4vi\u00e4\u00e4n. Toistuvista unohduksista oppilas m\u00e4\u00e4r\u00e4t\u00e4\u00e4n l\u00e4ksykerhoon suorittamaan tekem\u00e4tt\u00f6mi\u00e4 teht\u00e4vi\u00e4. Yl\u00e4koulussa oppilaalle m\u00e4\u00e4r\u00e4t\u00e4\u00e4n j\u00e4lki-istunto (1h), mik\u00e4li h\u00e4n ei saavu l\u00e4ksykerhoon.<\/p>\n<p>\u2022 <strong>Ruokailuun<\/strong> tullaan lukuj\u00e4rjestykseen merkityss\u00e4 vuorossa ja ruokasaliin menn\u00e4\u00e4n ilman p\u00e4\u00e4llysvaatteita, p\u00e4\u00e4hineit\u00e4 ja reppuja. Ruokailussa noudatetaan hyvi\u00e4 ruokailutapoja sek\u00e4 annetaan muille ruokarauha. Ruoka otetaan linjastolta itse ja kaikki ruoka sy\u00f6d\u00e4\u00e4n ruokasalissa p\u00f6yd\u00e4n \u00e4\u00e4ress\u00e4. Ruoan j\u00e4tt\u00e4mist\u00e4 v\u00e4ltet\u00e4\u00e4n. Ruokailun j\u00e4lkeen jokainen palauttaa k\u00e4ytt\u00e4m\u00e4ns\u00e4 astiat ja vie roskat roskakoreihin. Ruokailun j\u00e4lkeen menn\u00e4\u00e4n viivyttelem\u00e4tt\u00e4 v\u00e4litunnille tai alkavalle oppitunnille. V\u00e4lipalaa voi ostaa niihin varatuilla v\u00e4litunneilla. Vain v\u00e4lipalaa ostavat oppilaat voivat olla ko. v\u00e4litunnilla ruokasalissa. Koulun tiloihin ei tilata koulup\u00e4iv\u00e4n aikana ruokaa esim. Voltin kautta.<\/p>\n<p>\u2022<strong> V\u00e4litunnille<\/strong> l\u00e4hdet\u00e4\u00e4n ja sielt\u00e4 palataan viivyttelem\u00e4tt\u00e4. Sis\u00e4ll\u00e4 saa olla vain opettajan luvalla. V\u00e4litunnin alkaessa reppuja ei vied\u00e4 yl\u00e4kerroksiin seuraavan luokan eteen ja muutoinkin v\u00e4ltet\u00e4\u00e4n portaissa edestakaista liikkumista. WC:ss\u00e4 k\u00e4ynnit hoidetaan v\u00e4litunnin aikana. WC-kopissa voi olla vain yksi henkil\u00f6 kerrallaan. V\u00e4ltt\u00e4m\u00e4tt\u00f6m\u00e4t asiat, mm. lokerolla k\u00e4ynti, hoidetaan v\u00e4litunnin alussa tai lopussa. Lumen heittely v\u00e4lituntipihoilla on kielletty. Peleiss\u00e4 ja leikeiss\u00e4 varotaan, ettei aiheuteta vaaraa itselle tai muille.<\/p>\n<p>\u2022 <strong>Mobiililaitteita<\/strong> ei k\u00e4ytet\u00e4 oppitunneilla, v\u00e4litunneilla, retkill\u00e4 eik\u00e4 ruokailun aikana ilman opettajan tai rehtorin lupaa. Koetilanteessa \u00e4ly- tai mobiililaitteen luvaton k\u00e4ytt\u00f6 tulkitaan lunttaamiseksi.<\/p>\n<p>Ostaessaan Kaarean maksullista v\u00e4lipalaa (alakoulussa klo 9.45 \u2013 10.15 v\u00e4litunti ja yl\u00e4koulussa klo 13.00.-13.15 v\u00e4litunti) digitaalisella v\u00e4lipalakortilla oppilas voi k\u00e4ytt\u00e4\u00e4 puhelinta oston ajan. V\u00e4lipalaa sy\u00f6t\u00e4ess\u00e4 puhelimen k\u00e4ytt\u00f6 ei ole sallittua.<\/p>\n<p>\u2022 <strong>Koulun oppikirjoista ja opiskeluv\u00e4lineist\u00e4<\/strong> huolehditaan hyvin ja ne palautetaan koululle ohjeiden mukaan. Opetusv\u00e4lineit\u00e4 k\u00e4ytet\u00e4\u00e4n vain opettajan ohjeiden mukaan ja opettajan luvalla. Oppilas on velvollinen korvaamaan tahallaan tai tuottamuksesta, huolimattomuuttaan tai piittaamattomuuttaan aiheuttamansa vahingon. T\u00e4m\u00e4 koskee my\u00f6s oppikirjoja ja opiskeluv\u00e4lineit\u00e4. Toisten tavaroihin ei kosketa ilman lupaa, eik\u00e4 arvotavaroita j\u00e4tet\u00e4 p\u00e4\u00e4llysvaatteiden taskuihin k\u00e4yt\u00e4v\u00e4\u00e4n.<\/p>\n<p>\u2022 <strong>Ter\u00e4aseita ja tulentekov\u00e4lineit\u00e4<\/strong> ei tuoda kouluun.<\/p>\n<p>\u2022 <strong>Poissaolot<\/strong> kirjataan Wilmaan. Huoltajan tulee ilmoittaa oppilaan poissaolosta viimeist\u00e4\u00e4n poissaolop\u00e4iv\u00e4n\u00e4 klo 12 menness\u00e4 ja selvitt\u00e4\u00e4 oppilaan poissaolot ensisijaisesti Wilmassa. Huoltaja anoo ennalta tiedossa olevan poissaolon kirjallisesti Wilman Hakemukset ja p\u00e4\u00e4t\u00f6kset -v\u00e4lilehdell\u00e4 hyviss\u00e4 ajoin ennen poissaoloa. Oppilas tai huoltaja selvitt\u00e4\u00e4 poissaoloajan teht\u00e4v\u00e4t ja sopii kokeiden suorittamisesta. Koulup\u00e4iv\u00e4n aikana tapahtuvista k\u00e4ynneist\u00e4 hammasl\u00e4\u00e4k\u00e4rill\u00e4, terveydenhoitajalla tai terveyskeskuksessa ilmoitetaan etuk\u00e4teen luokanopettajalle tai luokanohjaajalle tai n\u00e4ytet\u00e4\u00e4n asiointitodiste.<\/p>\n<p>Seuraamukset j\u00e4rjestyss\u00e4\u00e4nt\u00f6jen rikkomisesta:<\/p>\n<p><a href=\"https:\/\/blog.edu.turku.fi\/puolala\/files\/2025\/08\/Kasvatuskeskustelu-kurinpidolliset-keinot-ja-turvaamistoimet-Turun-perusopetuksessa-1.8.2022-alkaen.pdf\">Kasvatuskeskustelu-kurinpidolliset-keinot-ja-turvaamistoimet-Turun-perusopetuksessa-1.8.2022-alkaen<\/a><\/p>\n<p>&nbsp;<\/p>\n","protected":false},"excerpt":{"rendered":"<p>Turku \u2013 Lasten ja nuorten palvelukokonaisuus Perusopetus Puolalan koulun j\u00e4rjestyss\u00e4\u00e4nn\u00f6t S\u00e4\u00e4nn\u00f6t ovat v\u00e4ltt\u00e4m\u00e4tt\u00f6mi\u00e4 kouluyhteis\u00f6n toiminnan ja ty\u00f6rauhan s\u00e4ilymisen sek\u00e4 j\u00e4senten turvallisuuden ja viihtyvyyden vuoksi. Ty\u00f6rauha on ehdoton edellytys kouluty\u00f6n onnistumiselle. S\u00e4\u00e4nn\u00f6t totuttavat oppilaan vastuuseen ja yhteiskunnan j\u00e4senyyteen sek\u00e4 arvostavaan vuorovaikutukseen muiden ihmisten kanssa. Oppilaan on suoritettava teht\u00e4v\u00e4ns\u00e4 tunnollisesti ja k\u00e4ytt\u00e4ydytt\u00e4v\u00e4 asiallisesti. Oppilaan on k\u00e4ytt\u00e4ydytt\u00e4v\u00e4 muita &hellip; <a href=\"https:\/\/blog.edu.turku.fi\/puolala\/opiskelu\/jarjestyssaannot\/\" class=\"more-link\">Jatka lukemista<span class=\"screen-reader-text\"> &#8221;J\u00e4rjestyss\u00e4\u00e4nn\u00f6t&#8221;<\/span><\/a><\/p>\n","protected":false},"author":56,"featured_media":0,"parent":1300,"menu_order":5,"comment_status":"closed","ping_status":"closed","template":"","meta":{"footnotes":""},"class_list":["post-1444","page","type-page","status-publish","hentry"],"_links":{"self":[{"href":"https:\/\/blog.edu.turku.fi\/puolala\/wp-json\/wp\/v2\/pages\/1444","targetHints":{"allow":["GET"]}}],"collection":[{"href":"https:\/\/blog.edu.turku.fi\/puolala\/wp-json\/wp\/v2\/pages"}],"about":[{"href":"https:\/\/blog.edu.turku.fi\/puolala\/wp-json\/wp\/v2\/types\/page"}],"author":[{"embeddable":true,"href":"https:\/\/blog.edu.turku.fi\/puolala\/wp-json\/wp\/v2\/users\/56"}],"replies":[{"embeddable":true,"href":"https:\/\/blog.edu.turku.fi\/puolala\/wp-json\/wp\/v2\/comments?post=1444"}],"version-history":[{"count":36,"href":"https:\/\/blog.edu.turku.fi\/puolala\/wp-json\/wp\/v2\/pages\/1444\/revisions"}],"predecessor-version":[{"id":3002,"href":"https:\/\/blog.edu.turku.fi\/puolala\/wp-json\/wp\/v2\/pages\/1444\/revisions\/3002"}],"up":[{"embeddable":true,"href":"https:\/\/blog.edu.turku.fi\/puolala\/wp-json\/wp\/v2\/pages\/1300"}],"wp:attachment":[{"href":"https:\/\/blog.edu.turku.fi\/puolala\/wp-json\/wp\/v2\/media?parent=1444"}],"curies":[{"name":"wp","href":"https:\/\/api.w.org\/{rel}","templated":true}]}}