{"id":1442,"date":"2016-06-14T09:38:26","date_gmt":"2016-06-14T06:38:26","guid":{"rendered":"https:\/\/blog.edu.turku.fi\/puolala\/?page_id=1442"},"modified":"2025-12-10T11:00:40","modified_gmt":"2025-12-10T08:00:40","slug":"opetussuunnitelma","status":"publish","type":"page","link":"https:\/\/blog.edu.turku.fi\/puolala\/opiskelu\/opetussuunnitelma\/","title":{"rendered":"Opetussuunnitelma"},"content":{"rendered":"<p><a href=\"https:\/\/blog.edu.turku.fi\/puolala\/files\/2016\/06\/Valitunnilla-syksy-2015-10.jpg\" rel=\"attachment wp-att-1529\"><img loading=\"lazy\" decoding=\"async\" class=\"alignright size-medium wp-image-1529\" src=\"https:\/\/blog.edu.turku.fi\/puolala\/files\/2016\/06\/Valitunnilla-syksy-2015-10-300x200.jpg\" alt=\"Valitunnilla syksy 2015 (10)\" width=\"300\" height=\"200\" srcset=\"https:\/\/blog.edu.turku.fi\/puolala\/files\/2016\/06\/Valitunnilla-syksy-2015-10-300x200.jpg 300w, https:\/\/blog.edu.turku.fi\/puolala\/files\/2016\/06\/Valitunnilla-syksy-2015-10.jpg 600w\" sizes=\"auto, (max-width: 300px) 85vw, 300px\" \/><\/a><a href=\"https:\/\/blog.edu.turku.fi\/ops2016\/files\/2015\/04\/PUOLALA-OPS-2016.pdf\">Puolalan koulun opetussuunnitelma <\/a>on hyv\u00e4ksytty jaostossa syksyll\u00e4 2016.<\/p>\n<p>Puolalan koulun eri linjojen voimassa olevat tuntijaot n\u00e4kyv\u00e4t seuraavissa taulukoissa:<\/p>\n<p><a href=\"https:\/\/blog.edu.turku.fi\/puolala\/files\/2025\/12\/Puolalan-koulun-tuntijako-lv.-2025-2026.pdf\">Puolalan koulun tuntijako, lv. 2025-2026<\/a><\/p>\n<p>Turun kaupungin opetussuunnitelmaty\u00f6skentely\u00e4 on kirjattu seuraaviin linkkeihin.<\/p>\n<p><a href=\"https:\/\/blog.edu.turku.fi\/ops2016\/\">Turun OPS-blogi<\/a><br \/>\n<a href=\"https:\/\/blog.edu.turku.fi\/ops2016\/hyvaksytyt\/paikalliset-suunnitelmat\/\">Kuntakohtainen opetussuunnitelma 2016<\/a><br \/>\n<a href=\"https:\/\/www.turku.fi\/sites\/default\/files\/atoms\/files\/\/turku_koko_ops1602.pdf\">Edellinen kuntakohtainen opetussuunnitelma<\/a><\/p>\n<p>&nbsp;<\/p>\n","protected":false},"excerpt":{"rendered":"<p>Puolalan koulun opetussuunnitelma on hyv\u00e4ksytty jaostossa syksyll\u00e4 2016. Puolalan koulun eri linjojen voimassa olevat tuntijaot n\u00e4kyv\u00e4t seuraavissa taulukoissa: Puolalan koulun tuntijako, lv. 2025-2026 Turun kaupungin opetussuunnitelmaty\u00f6skentely\u00e4 on kirjattu seuraaviin linkkeihin. Turun OPS-blogi Kuntakohtainen opetussuunnitelma 2016 Edellinen kuntakohtainen opetussuunnitelma &nbsp;<\/p>\n","protected":false},"author":56,"featured_media":0,"parent":1300,"menu_order":4,"comment_status":"closed","ping_status":"closed","template":"","meta":{"footnotes":""},"class_list":["post-1442","page","type-page","status-publish","hentry"],"_links":{"self":[{"href":"https:\/\/blog.edu.turku.fi\/puolala\/wp-json\/wp\/v2\/pages\/1442","targetHints":{"allow":["GET"]}}],"collection":[{"href":"https:\/\/blog.edu.turku.fi\/puolala\/wp-json\/wp\/v2\/pages"}],"about":[{"href":"https:\/\/blog.edu.turku.fi\/puolala\/wp-json\/wp\/v2\/types\/page"}],"author":[{"embeddable":true,"href":"https:\/\/blog.edu.turku.fi\/puolala\/wp-json\/wp\/v2\/users\/56"}],"replies":[{"embeddable":true,"href":"https:\/\/blog.edu.turku.fi\/puolala\/wp-json\/wp\/v2\/comments?post=1442"}],"version-history":[{"count":21,"href":"https:\/\/blog.edu.turku.fi\/puolala\/wp-json\/wp\/v2\/pages\/1442\/revisions"}],"predecessor-version":[{"id":3049,"href":"https:\/\/blog.edu.turku.fi\/puolala\/wp-json\/wp\/v2\/pages\/1442\/revisions\/3049"}],"up":[{"embeddable":true,"href":"https:\/\/blog.edu.turku.fi\/puolala\/wp-json\/wp\/v2\/pages\/1300"}],"wp:attachment":[{"href":"https:\/\/blog.edu.turku.fi\/puolala\/wp-json\/wp\/v2\/media?parent=1442"}],"curies":[{"name":"wp","href":"https:\/\/api.w.org\/{rel}","templated":true}]}}