{"id":1440,"date":"2016-06-14T09:37:16","date_gmt":"2016-06-14T06:37:16","guid":{"rendered":"https:\/\/blog.edu.turku.fi\/puolala\/?page_id=1440"},"modified":"2025-09-04T10:29:48","modified_gmt":"2025-09-04T07:29:48","slug":"tukea-opiskeluun","status":"publish","type":"page","link":"https:\/\/blog.edu.turku.fi\/puolala\/opiskelu\/tukea-opiskeluun\/","title":{"rendered":"Tukea opiskeluun"},"content":{"rendered":"<h1>Tukiopetus<\/h1>\n<p>Tukiopetusta annetaan opetusryhm\u00e4n yhteisten tavoitteiden saavuttamiseksi. Oppilaalle, joka on tilap\u00e4isesti j\u00e4\u00e4nyt j\u00e4lkeen opinnoissaan tai muutoin tarvitsee oppimisessaan lyhytaikaista tukea, annetaan tukiopetusta. Aloitteen tukiopetuksesta voi tehd\u00e4 opettaja, oppilas tai huoltaja. Tukiopetus toteutetaan pienryhm\u00e4opetuksena tai yhdelle oppilaalle annettavana lis\u00e4opetuksena. Tukiopetuksesta sovitaan huoltajien kanssa.<\/p>\n<h1>Erityisopetus<\/h1>\n<p>Koulun erityisopetus on laaja-alaista erityisopetusta ja sit\u00e4 annetaan oppilaille, joilla on oppimisvaikeuksia oppiaineissa, opiskelutaidoissa, sosiaalisissa taidoissa tai koulunk\u00e4ynniss\u00e4 yleens\u00e4. Erityisopetuksella voidaan parantaa oppilaan oppimisedellytyksi\u00e4 ja ehk\u00e4ist\u00e4 oppimisen eri alueisiin liittyvien ongelmien kasvua. Osa-aikaista erityisopetusta annetaan samanaikaisopetuksena, pienryhm\u00e4ss\u00e4 tai yksil\u00f6opetuksena. Erityisopetusta suunnitellaan ja oppimista arvioidaan opettajien yhteisty\u00f6n\u00e4 ja siit\u00e4 sovitaan huoltajien kanssa.<\/p>\n<p><a href=\"http:\/\/www.turku.fi\/paivahoito-ja-koulutus\/perusopetus\/oppilaan-tuki\/oppilaan-pedagoginen-tuki\">Oppimisen ja koulunk\u00e4ynnin tuki<\/a><\/p>\n<h1>Oppilaanohjaus<\/h1>\n<p>Oppilaanohjauksen tavoitteena on tukea, auttaa ja ohjata kaikkia oppilaita siten, ett\u00e4 jokainen selvi\u00e4\u00e4 mahdollisimman hyvin opiskelustaan peruskoulussa ja kykenee tekem\u00e4\u00e4n itselleen soveltuvia ja tarkoituksenmukaisia koulutusta ja ammatinvalintaa koskevia ratkaisuja. Oppilaanohjausta antavat p\u00e4ivitt\u00e4isess\u00e4 kouluty\u00f6ss\u00e4 luokanopettajat ja erityisopettajat. Yl\u00e4koulussa oppilaanohjaukseen sis\u00e4ltyy oppilaanohjaajan pit\u00e4m\u00e4t luokkatunnit ja henkil\u00f6kohtainen sek\u00e4 pienryhm\u00e4ohjaus. Oppilaanohjaaja on koulun ammatinvalinnan ja urasuunnittelun yhdyshenkil\u00f6 ja toimii tiedottajana ohjaukseen liittyviss\u00e4 kysymyksiss\u00e4. Oppilaanohjaaja my\u00f6s koordinoi ty\u00f6el\u00e4m\u00e4\u00e4n tutustumista (TET).<\/p>\n<p><a href=\"http:\/\/www.turku.fi\/search\/keywords\/%222297%22\">Oppimisen ja koulunk\u00e4ynnin tuki<\/a><\/p>\n<h1>Oppilashuolto<\/h1>\n<p>Oppilashuoltoon kuuluu lapsen ja nuoren oppimisen perusedellytyksist\u00e4, fyysisest\u00e4, psyykkisest\u00e4 ja sosiaalisesta hyvinvoinnista huolehtiminen. Oppilashuolto on sek\u00e4 yhteis\u00f6llist\u00e4 ett\u00e4 yksil\u00f6llist\u00e4 tukea. Tavoitteena on luoda terve ja turvallinen oppimisymp\u00e4rist\u00f6, suojata mielenterveytt\u00e4 ja ehk\u00e4ist\u00e4 syrj\u00e4ytymist\u00e4 sek\u00e4 edist\u00e4\u00e4 kouluyhteis\u00f6n hyvinvointia.<\/p>\n<p><a href=\"http:\/\/www.turku.fi\/paivahoito-ja-koulutus\/perusopetus\/oppimisen-ja-koulunkaynnin-tuki\">Oppimisen ja koulunk\u00e4ynnin tuki<\/a><\/p>\n<h1>Koulupsykologi<\/h1>\n<p>Koulupsykologin ty\u00f6n tavoitteena on lasten ja nuorten hyvinvoinnin edist\u00e4minen sek\u00e4 koulunk\u00e4ynnin tukeminen. T\u00e4m\u00e4 tapahtuu osaltaan osallistumalla koulun arjen ja toiminnan kehitt\u00e4miseen siten, ett\u00e4 jokaisella oppilaalla olisi koulussa hyv\u00e4 ja turvallista olla.<\/p>\n<p>Koulupsykologi (alakoulu) Jenna Miettinen<\/p>\n<p>Koulupsykologi (yl\u00e4koulu) Noora Multanen<\/p>\n<p><a href=\"http:\/\/www.turku.fi\/sosiaali-ja-terveyspalvelut\/terveyspalvelut\/koulu-ja-opiskeluterveydenhuolto\/koulu-ja\">Koulupsykologin teht\u00e4v\u00e4t Turun opetustoimessa<\/a><\/p>\n<h1>Koulukuraattori<\/h1>\n<p>Koulukuraattorin ty\u00f6n tavoitteena on tukea oppilaan kouluarjen sujumista, toimintakyky\u00e4 ja vuorovaikutussuhteita. H\u00e4n ohjaa oppilaan tai perheen tarvittaessa muun tuen tai hoidon piiriin.<\/p>\n<p>Koulukuraattori (alakoulu) Riia Viherkoski 044 907 5967<\/p>\n<p>Koulukuraattori\u00a0 (yl\u00e4koulu) Jenni Ter\u00e4s 040 667 2320<\/p>\n<p><a href=\"http:\/\/www.turku.fi\/paivahoito-ja-koulutus\/perusopetus\/oppilaan-tuki\/oppilashuolto\/koulukuraattori\">Koulukuraattorin teht\u00e4v\u00e4t Turun opetustoimessa \u00bb<\/a><\/p>\n","protected":false},"excerpt":{"rendered":"<p>Tukiopetus Tukiopetusta annetaan opetusryhm\u00e4n yhteisten tavoitteiden saavuttamiseksi. Oppilaalle, joka on tilap\u00e4isesti j\u00e4\u00e4nyt j\u00e4lkeen opinnoissaan tai muutoin tarvitsee oppimisessaan lyhytaikaista tukea, annetaan tukiopetusta. Aloitteen tukiopetuksesta voi tehd\u00e4 opettaja, oppilas tai huoltaja. Tukiopetus toteutetaan pienryhm\u00e4opetuksena tai yhdelle oppilaalle annettavana lis\u00e4opetuksena. Tukiopetuksesta sovitaan huoltajien kanssa. Erityisopetus Koulun erityisopetus on laaja-alaista erityisopetusta ja sit\u00e4 annetaan oppilaille, joilla on oppimisvaikeuksia &hellip; <a href=\"https:\/\/blog.edu.turku.fi\/puolala\/opiskelu\/tukea-opiskeluun\/\" class=\"more-link\">Jatka lukemista<span class=\"screen-reader-text\"> &#8221;Tukea opiskeluun&#8221;<\/span><\/a><\/p>\n","protected":false},"author":56,"featured_media":0,"parent":1300,"menu_order":3,"comment_status":"closed","ping_status":"closed","template":"","meta":{"footnotes":""},"class_list":["post-1440","page","type-page","status-publish","hentry"],"_links":{"self":[{"href":"https:\/\/blog.edu.turku.fi\/puolala\/wp-json\/wp\/v2\/pages\/1440","targetHints":{"allow":["GET"]}}],"collection":[{"href":"https:\/\/blog.edu.turku.fi\/puolala\/wp-json\/wp\/v2\/pages"}],"about":[{"href":"https:\/\/blog.edu.turku.fi\/puolala\/wp-json\/wp\/v2\/types\/page"}],"author":[{"embeddable":true,"href":"https:\/\/blog.edu.turku.fi\/puolala\/wp-json\/wp\/v2\/users\/56"}],"replies":[{"embeddable":true,"href":"https:\/\/blog.edu.turku.fi\/puolala\/wp-json\/wp\/v2\/comments?post=1440"}],"version-history":[{"count":19,"href":"https:\/\/blog.edu.turku.fi\/puolala\/wp-json\/wp\/v2\/pages\/1440\/revisions"}],"predecessor-version":[{"id":2991,"href":"https:\/\/blog.edu.turku.fi\/puolala\/wp-json\/wp\/v2\/pages\/1440\/revisions\/2991"}],"up":[{"embeddable":true,"href":"https:\/\/blog.edu.turku.fi\/puolala\/wp-json\/wp\/v2\/pages\/1300"}],"wp:attachment":[{"href":"https:\/\/blog.edu.turku.fi\/puolala\/wp-json\/wp\/v2\/media?parent=1440"}],"curies":[{"name":"wp","href":"https:\/\/api.w.org\/{rel}","templated":true}]}}