{"id":1438,"date":"2016-06-14T09:33:40","date_gmt":"2016-06-14T06:33:40","guid":{"rendered":"https:\/\/blog.edu.turku.fi\/puolala\/?page_id=1438"},"modified":"2026-03-11T13:48:32","modified_gmt":"2026-03-11T10:48:32","slug":"kouluterveydenhuolto","status":"publish","type":"page","link":"https:\/\/blog.edu.turku.fi\/puolala\/opiskelu\/kouluterveydenhuolto\/","title":{"rendered":"Kouluterveydenhuolto"},"content":{"rendered":"<p>Kouluterveydenhuollon tavoitteena on oppilaiden terveyden edist\u00e4minen sek\u00e4 terveen kasvun, kehityksen ja psyykkisen hyvinvoinnin tukeminen yhteisty\u00f6ss\u00e4 vanhempien, opettajien ja muun oppilashuollon henkil\u00f6st\u00f6n kanssa. Puolalan ala- ja yl\u00e4koululla on molemmilla oma terveydenhoitaja. Terveydenhoitajan puoleen voi k\u00e4\u00e4nty\u00e4 kaikissa oppilaan terveytt\u00e4 koskevissa asioissa.<\/p>\n<h2><strong>Terveydenhoitaja, alakoulu<\/strong><\/h2>\n<p>Iida Nieminen<br \/>\n040 178 9796<br \/>\niida.a.nieminen@varha.fi<br \/>\n(<em>S\u00e4hk\u00f6postilla ei tule l\u00e4hett\u00e4\u00e4 arkaluontoista tietoa. K\u00e4yt\u00e4th\u00e4n tarvittaessa s\u00e4hk\u00f6postin suojausta.)<\/em><\/p>\n<h2><strong>Terveydenhoitaja, yl\u00e4koulu<\/strong><\/h2>\n<p>Viivi Yli-Alho<br \/>\n040 144 7902<br \/>\nviivi.yli-alho@varha.fi<br \/>\n(<em>S\u00e4hk\u00f6postilla ei tule l\u00e4hett\u00e4\u00e4 arkaluontoista tietoa. K\u00e4yt\u00e4th\u00e4n tarvittaessa s\u00e4hk\u00f6postin suojausta.)<\/em><\/p>\n<h2><strong>Koulul\u00e4\u00e4k\u00e4rit<\/strong><\/h2>\n<ul>\n<li>alakoulu, Auli Muurman-Englund ja Anna Salmi, tiistai ja torstai<\/li>\n<li>yl\u00e4koulu, Jani K\u00f6ssi<\/li>\n<li>ajanvaraus terveydenhoitajan kautta<\/li>\n<\/ul>\n<p><a href=\"http:\/\/www.turku.fi\/sosiaali-ja-terveyspalvelut\/terveyspalvelut\/koulu-ja-opiskeluterveydenhuolto\/kouluterveydenhuolto-0\">Kouluterveydenhuolto<\/a><\/p>\n<h2><strong>Psykiatrinen sairaanhoitaja (yl\u00e4koulu)<\/strong><\/h2>\n<p>Psykiatrisen sairaanhoitajan luona asioidaan erilaisissa mielen hyvinvointiin liittyviss\u00e4 asioissa silloin, kun muun oppilas- ja opiskeluhuollon tuen lis\u00e4ksi tarvitaan pidemp\u00e4\u00e4 ja intensiivisemp\u00e4\u00e4 hoidollista interventiota. Psykiatrisen sairaanhoitajan teht\u00e4v\u00e4\u00e4n kuuluu p\u00e4\u00e4asiassa keskivaikeiden sek\u00e4 pitkittyneiden mielenterveyden ongelmien hoito\u202fsuunnitelmallisesti ja tavoitteellisesti.<\/p>\n<p>K\u00e4ynnit perustuvat nuoren omaan hoitomy\u00f6nteisyyteen sek\u00e4 motivaatioon sitoutua hoitoon. <u>Kontaktin aloittaminen edellytt\u00e4\u00e4 yhteydenoton kouluterveydenhoitajaan<\/u>, joka toteuttaa hoidon tarpeen arvioinnin ja laatii l\u00e4hetteen.<\/p>\n<p>psykiatrinen koulusairaanhoitaja Katja Sanaskoski<br \/>\n<a href=\"katja.sanaskoski@varha.fi\">katja.sanaskoski@varha.fi<\/a>\u00a0(tavoitettavissa Wilman kautta syksyll\u00e4 2024)<br \/>\n050 476 4421<em><br \/>\n<\/em><\/p>\n<h1>Hammashoito<\/h1>\n<p>Koululaisten hammashoito ja hammastapaturmat hoidetaan omilla terveysasemilla. Keskitetty ajanvaraus puh. 2690 644. Ensimm\u00e4isen, viidennen ja kahdeksannen luokan koululaiset kutsutaan koulun vuosikurssilistan mukaisesti. Koululaisilla toimipiste m\u00e4\u00e4r\u00e4ytyy usein koulun mukaan.<\/p>\n<p><a href=\"http:\/\/www.turku.fi\/sosiaali-ja-terveyspalvelut\/terveyspalvelut\/koulu-ja-opiskeluterveydenhuolto\/kouluterveydenhuolto-2\">Hammashoito<\/a><\/p>\n<h1>Koulutapaturmat<\/h1>\n<p>Toimintaohjeet koulutapaturman sattuessa:<\/p>\n<p>Koulutapaturmissa terveydenhoitaja tai opettaja antaa ensiavun, ohjaa tarvittaessa jatkohoitoon ja tekee tapaturmailmoituksen. Ilmoita tapaturmasta heti opettajalle, koulun terveydenhoitajalle tai soita Turun alueen yhteisp\u00e4ivystykseen, puh. 02 313 8800.<\/p>\n<p><a href=\"https:\/\/www.turku.fi\/paivahoito-ja-koulutus\/perusopetus\/oppilaan-tuki\/koulutapaturmat-ja-niiden-korvaaminen\">Koulutapaturmat<\/a><\/p>\n<p>&nbsp;<\/p>\n","protected":false},"excerpt":{"rendered":"<p>Kouluterveydenhuollon tavoitteena on oppilaiden terveyden edist\u00e4minen sek\u00e4 terveen kasvun, kehityksen ja psyykkisen hyvinvoinnin tukeminen yhteisty\u00f6ss\u00e4 vanhempien, opettajien ja muun oppilashuollon henkil\u00f6st\u00f6n kanssa. Puolalan ala- ja yl\u00e4koululla on molemmilla oma terveydenhoitaja. Terveydenhoitajan puoleen voi k\u00e4\u00e4nty\u00e4 kaikissa oppilaan terveytt\u00e4 koskevissa asioissa. Terveydenhoitaja, alakoulu Iida Nieminen 040 178 9796 iida.a.nieminen@varha.fi (S\u00e4hk\u00f6postilla ei tule l\u00e4hett\u00e4\u00e4 arkaluontoista tietoa. K\u00e4yt\u00e4th\u00e4n tarvittaessa &hellip; <a href=\"https:\/\/blog.edu.turku.fi\/puolala\/opiskelu\/kouluterveydenhuolto\/\" class=\"more-link\">Jatka lukemista<span class=\"screen-reader-text\"> &#8221;Kouluterveydenhuolto&#8221;<\/span><\/a><\/p>\n","protected":false},"author":56,"featured_media":0,"parent":1300,"menu_order":2,"comment_status":"closed","ping_status":"closed","template":"","meta":{"footnotes":""},"class_list":["post-1438","page","type-page","status-publish","hentry"],"_links":{"self":[{"href":"https:\/\/blog.edu.turku.fi\/puolala\/wp-json\/wp\/v2\/pages\/1438","targetHints":{"allow":["GET"]}}],"collection":[{"href":"https:\/\/blog.edu.turku.fi\/puolala\/wp-json\/wp\/v2\/pages"}],"about":[{"href":"https:\/\/blog.edu.turku.fi\/puolala\/wp-json\/wp\/v2\/types\/page"}],"author":[{"embeddable":true,"href":"https:\/\/blog.edu.turku.fi\/puolala\/wp-json\/wp\/v2\/users\/56"}],"replies":[{"embeddable":true,"href":"https:\/\/blog.edu.turku.fi\/puolala\/wp-json\/wp\/v2\/comments?post=1438"}],"version-history":[{"count":26,"href":"https:\/\/blog.edu.turku.fi\/puolala\/wp-json\/wp\/v2\/pages\/1438\/revisions"}],"predecessor-version":[{"id":3063,"href":"https:\/\/blog.edu.turku.fi\/puolala\/wp-json\/wp\/v2\/pages\/1438\/revisions\/3063"}],"up":[{"embeddable":true,"href":"https:\/\/blog.edu.turku.fi\/puolala\/wp-json\/wp\/v2\/pages\/1300"}],"wp:attachment":[{"href":"https:\/\/blog.edu.turku.fi\/puolala\/wp-json\/wp\/v2\/media?parent=1438"}],"curies":[{"name":"wp","href":"https:\/\/api.w.org\/{rel}","templated":true}]}}