{"id":1436,"date":"2016-06-14T09:29:59","date_gmt":"2016-06-14T06:29:59","guid":{"rendered":"https:\/\/blog.edu.turku.fi\/puolala\/?page_id=1436"},"modified":"2024-06-17T18:50:32","modified_gmt":"2024-06-17T15:50:32","slug":"kodin-ja-koulun-valinen-yhteistyo","status":"publish","type":"page","link":"https:\/\/blog.edu.turku.fi\/puolala\/opiskelu\/kodin-ja-koulun-valinen-yhteistyo\/","title":{"rendered":"Kodin ja koulun v\u00e4linen yhteisty\u00f6"},"content":{"rendered":"<p>Oppilaan koulunk\u00e4ynti\u00e4 tukevat parhaiten hyv\u00e4t, luottavaiset suhteet kodin ja koulun v\u00e4lill\u00e4. Kodin ja koulun v\u00e4list\u00e4 yhteisty\u00f6t\u00e4 toteutetaan vanhempainiltojen, vanhempaintapaamisten sek\u00e4 erilaisten tapahtumien, retkien ja juhlien avulla. Vanhempainillat ovat keskustelu- ja tiedotustilaisuuksia, joiden yhteydess\u00e4 huoltajat voivat keskustella rehtorin, luokanopettajan tai luokanohjaajan, muiden opettajien tai koulun henkil\u00f6kunnan kanssa. Vanhempaintapaamisissa huoltajat ja oppilas voivat keskustella tarkemmin oppilaan kouluty\u00f6h\u00f6n liittyvist\u00e4 asioista. Tiedottaminen kodin ja koulun v\u00e4lill\u00e4 tapahtuu Wilman, tiedotteiden sek\u00e4 koulun www-sivujen kautta. Yhteisty\u00f6 on aktiivista my\u00f6s koulun vanhempainyhdistysten kanssa.<\/p>\n<ul>\n<li>A-luokkien vanhempainyhdistys, l\u00e4hiluokat<\/li>\n<li>Englannin kieliluokkien kannatusyhdistys<\/li>\n<li>Saksan kieliluokkien kannatusyhdistys<\/li>\n<li>Suomalais-ven\u00e4l\u00e4isten luokkien kannatusyhdistys<\/li>\n<li>Musiikkiluokkien tuki ry. 1-9<\/li>\n<\/ul>\n","protected":false},"excerpt":{"rendered":"<p>Oppilaan koulunk\u00e4ynti\u00e4 tukevat parhaiten hyv\u00e4t, luottavaiset suhteet kodin ja koulun v\u00e4lill\u00e4. Kodin ja koulun v\u00e4list\u00e4 yhteisty\u00f6t\u00e4 toteutetaan vanhempainiltojen, vanhempaintapaamisten sek\u00e4 erilaisten tapahtumien, retkien ja juhlien avulla. Vanhempainillat ovat keskustelu- ja tiedotustilaisuuksia, joiden yhteydess\u00e4 huoltajat voivat keskustella rehtorin, luokanopettajan tai luokanohjaajan, muiden opettajien tai koulun henkil\u00f6kunnan kanssa. Vanhempaintapaamisissa huoltajat ja oppilas voivat keskustella tarkemmin oppilaan kouluty\u00f6h\u00f6n &hellip; <a href=\"https:\/\/blog.edu.turku.fi\/puolala\/opiskelu\/kodin-ja-koulun-valinen-yhteistyo\/\" class=\"more-link\">Jatka lukemista<span class=\"screen-reader-text\"> &#8221;Kodin ja koulun v\u00e4linen yhteisty\u00f6&#8221;<\/span><\/a><\/p>\n","protected":false},"author":56,"featured_media":0,"parent":1300,"menu_order":1,"comment_status":"closed","ping_status":"closed","template":"","meta":{"footnotes":""},"class_list":["post-1436","page","type-page","status-publish","hentry"],"_links":{"self":[{"href":"https:\/\/blog.edu.turku.fi\/puolala\/wp-json\/wp\/v2\/pages\/1436","targetHints":{"allow":["GET"]}}],"collection":[{"href":"https:\/\/blog.edu.turku.fi\/puolala\/wp-json\/wp\/v2\/pages"}],"about":[{"href":"https:\/\/blog.edu.turku.fi\/puolala\/wp-json\/wp\/v2\/types\/page"}],"author":[{"embeddable":true,"href":"https:\/\/blog.edu.turku.fi\/puolala\/wp-json\/wp\/v2\/users\/56"}],"replies":[{"embeddable":true,"href":"https:\/\/blog.edu.turku.fi\/puolala\/wp-json\/wp\/v2\/comments?post=1436"}],"version-history":[{"count":3,"href":"https:\/\/blog.edu.turku.fi\/puolala\/wp-json\/wp\/v2\/pages\/1436\/revisions"}],"predecessor-version":[{"id":2642,"href":"https:\/\/blog.edu.turku.fi\/puolala\/wp-json\/wp\/v2\/pages\/1436\/revisions\/2642"}],"up":[{"embeddable":true,"href":"https:\/\/blog.edu.turku.fi\/puolala\/wp-json\/wp\/v2\/pages\/1300"}],"wp:attachment":[{"href":"https:\/\/blog.edu.turku.fi\/puolala\/wp-json\/wp\/v2\/media?parent=1436"}],"curies":[{"name":"wp","href":"https:\/\/api.w.org\/{rel}","templated":true}]}}