{"id":1423,"date":"2016-06-14T09:15:12","date_gmt":"2016-06-14T06:15:12","guid":{"rendered":"https:\/\/blog.edu.turku.fi\/puolala\/?page_id=1423"},"modified":"2024-06-17T18:49:08","modified_gmt":"2024-06-17T15:49:08","slug":"oppilaskunta","status":"publish","type":"page","link":"https:\/\/blog.edu.turku.fi\/puolala\/koulussa-tapahtuu\/oppilaskunta\/","title":{"rendered":"Oppilaskunta"},"content":{"rendered":"<p><a href=\"https:\/\/blog.edu.turku.fi\/puolala\/files\/2016\/06\/Oppilaskuntaretki.jpg\" rel=\"attachment wp-att-1493\"><img loading=\"lazy\" decoding=\"async\" class=\"alignright size-medium wp-image-1493\" src=\"https:\/\/blog.edu.turku.fi\/puolala\/files\/2016\/06\/Oppilaskuntaretki-300x225.jpg\" alt=\"Oppilaskuntaretki\" width=\"300\" height=\"225\" srcset=\"https:\/\/blog.edu.turku.fi\/puolala\/files\/2016\/06\/Oppilaskuntaretki-300x225.jpg 300w, https:\/\/blog.edu.turku.fi\/puolala\/files\/2016\/06\/Oppilaskuntaretki-1024x768.jpg 1024w, https:\/\/blog.edu.turku.fi\/puolala\/files\/2016\/06\/Oppilaskuntaretki.jpg 1000w\" sizes=\"auto, (max-width: 300px) 85vw, 300px\" \/><\/a>Peruskoulujen oppilaskuntatoimintaa s\u00e4\u00e4dell\u00e4\u00e4n perusopetusta koskevassa laissa. <strong>Perusopetuslain<\/strong> 47 a \u00a7 s\u00e4\u00e4t\u00e4\u00e4, ett\u00e4 opetuksen j\u00e4rjest\u00e4j\u00e4n tulee edist\u00e4\u00e4 oppilaiden osallisuutta ja huolehtia, ett\u00e4 oppilailla on mahdollisuus osallistua koulun toimintaan ja kehitt\u00e4miseen. Oppilailla tulee olla my\u00f6s mahdollisuus ilmaista mielipiteens\u00e4 oppilaiden asemaan liittyvist\u00e4 asioista.<\/p>\n<p>Puolalan koulussa toimii oppilaskunta sek\u00e4 ala- ett\u00e4 yl\u00e4koulussa. Kaikilla koulumme oppilailla vuosiluokilla 1-9 on \u00e4\u00e4nioikeus ja vaalikelpoisuus oppilaskuntien j\u00e4senin\u00e4. Jokaiselta luokalta valitaan oppilaskunnan hallitukseen yksi edustaja vuosittain j\u00e4rjestett\u00e4viss\u00e4 vaaleissa. Hallitus valitsee keskuudestaan puheenjohtajan ja sihteerin. Oppilaskuntamme toimivat aktiivisesti.<\/p>\n<p>Oppilaskunnan hallituksen teht\u00e4v\u00e4n\u00e4 on toimia yhteydenpit\u00e4j\u00e4n\u00e4 opettajien ja oppilaiden v\u00e4lill\u00e4, ideoida esityksi\u00e4 ja ehdotuksia, ja lis\u00e4ksi osallistua aktiivisesti projektien toteuttamiseen. Hallituksen tarkoituksena on kehitt\u00e4\u00e4 oppilaiden vaikutusmahdollisuuksia sek\u00e4 ennen kaikkea toimia yhteishengen kohottajana koulussa.<\/p>\n<p>Oppilaskunnan hallituksessa toimiminen antaa j\u00e4senille edellytykset kasvaa aktiivisiksi toimijoiksi antamalla mahdollisuuden osallistua yhteisi\u00e4 asioita koskevaan keskusteluun ja p\u00e4\u00e4t\u00f6ksentekoon.<\/p>\n<p>Oppilaskunnan hallituksen j\u00e4senet p\u00e4\u00e4sev\u00e4t harjoittelemaan yhteiskunnallista vaikuttamista Turun Lasten parlamentin sek\u00e4 Nuorten Turku -foorumin my\u00f6t\u00e4. Oppilaskunnan hallituksen j\u00e4senet toimivat hallitusty\u00f6n lis\u00e4ksi my\u00f6s koulun edustusteht\u00e4viss\u00e4 tarvittaessa.<\/p>\n<p><a href=\"https:\/\/blog.edu.turku.fi\/puolalanopk\/\">Oppilaskunnan blogi<\/a><\/p>\n","protected":false},"excerpt":{"rendered":"<p>Peruskoulujen oppilaskuntatoimintaa s\u00e4\u00e4dell\u00e4\u00e4n perusopetusta koskevassa laissa. Perusopetuslain 47 a \u00a7 s\u00e4\u00e4t\u00e4\u00e4, ett\u00e4 opetuksen j\u00e4rjest\u00e4j\u00e4n tulee edist\u00e4\u00e4 oppilaiden osallisuutta ja huolehtia, ett\u00e4 oppilailla on mahdollisuus osallistua koulun toimintaan ja kehitt\u00e4miseen. Oppilailla tulee olla my\u00f6s mahdollisuus ilmaista mielipiteens\u00e4 oppilaiden asemaan liittyvist\u00e4 asioista. Puolalan koulussa toimii oppilaskunta sek\u00e4 ala- ett\u00e4 yl\u00e4koulussa. Kaikilla koulumme oppilailla vuosiluokilla 1-9 on \u00e4\u00e4nioikeus &hellip; <a href=\"https:\/\/blog.edu.turku.fi\/puolala\/koulussa-tapahtuu\/oppilaskunta\/\" class=\"more-link\">Jatka lukemista<span class=\"screen-reader-text\"> &#8221;Oppilaskunta&#8221;<\/span><\/a><\/p>\n","protected":false},"author":56,"featured_media":0,"parent":1302,"menu_order":4,"comment_status":"closed","ping_status":"closed","template":"","meta":{"footnotes":""},"class_list":["post-1423","page","type-page","status-publish","hentry"],"_links":{"self":[{"href":"https:\/\/blog.edu.turku.fi\/puolala\/wp-json\/wp\/v2\/pages\/1423","targetHints":{"allow":["GET"]}}],"collection":[{"href":"https:\/\/blog.edu.turku.fi\/puolala\/wp-json\/wp\/v2\/pages"}],"about":[{"href":"https:\/\/blog.edu.turku.fi\/puolala\/wp-json\/wp\/v2\/types\/page"}],"author":[{"embeddable":true,"href":"https:\/\/blog.edu.turku.fi\/puolala\/wp-json\/wp\/v2\/users\/56"}],"replies":[{"embeddable":true,"href":"https:\/\/blog.edu.turku.fi\/puolala\/wp-json\/wp\/v2\/comments?post=1423"}],"version-history":[{"count":5,"href":"https:\/\/blog.edu.turku.fi\/puolala\/wp-json\/wp\/v2\/pages\/1423\/revisions"}],"predecessor-version":[{"id":2255,"href":"https:\/\/blog.edu.turku.fi\/puolala\/wp-json\/wp\/v2\/pages\/1423\/revisions\/2255"}],"up":[{"embeddable":true,"href":"https:\/\/blog.edu.turku.fi\/puolala\/wp-json\/wp\/v2\/pages\/1302"}],"wp:attachment":[{"href":"https:\/\/blog.edu.turku.fi\/puolala\/wp-json\/wp\/v2\/media?parent=1423"}],"curies":[{"name":"wp","href":"https:\/\/api.w.org\/{rel}","templated":true}]}}