{"id":1405,"date":"2016-06-14T09:04:06","date_gmt":"2016-06-14T06:04:06","guid":{"rendered":"https:\/\/blog.edu.turku.fi\/puolala\/?page_id=1405"},"modified":"2026-02-11T10:06:38","modified_gmt":"2026-02-11T07:06:38","slug":"musiikkiluokat-3-9","status":"publish","type":"page","link":"https:\/\/blog.edu.turku.fi\/puolala\/hakeminen\/musiikkiluokat-3-9\/","title":{"rendered":"Musiikkiluokat 3-9"},"content":{"rendered":"<p><a href=\"https:\/\/blog.edu.turku.fi\/puolala\/files\/2016\/06\/MusiikkilAapine115.jpg\" rel=\"attachment wp-att-1492\"><img loading=\"lazy\" decoding=\"async\" class=\"alignright size-medium wp-image-1492\" src=\"https:\/\/blog.edu.turku.fi\/puolala\/files\/2016\/06\/MusiikkilAapine115-300x200.jpg\" alt=\"MusiikkilAapine115\" width=\"300\" height=\"200\" srcset=\"https:\/\/blog.edu.turku.fi\/puolala\/files\/2016\/06\/MusiikkilAapine115-300x200.jpg 300w, https:\/\/blog.edu.turku.fi\/puolala\/files\/2016\/06\/MusiikkilAapine115-1024x683.jpg 1024w, https:\/\/blog.edu.turku.fi\/puolala\/files\/2016\/06\/MusiikkilAapine115.jpg 1000w\" sizes=\"auto, (max-width: 300px) 85vw, 300px\" \/><\/a>Musiikkiluokilla annetaan valmiuksia ja virikkeit\u00e4 monipuoliseen musiikin harrastamiseen. L\u00e4ht\u00f6kohtana on musiikin tekeminen yhdess\u00e4, laulaminen, soittaminen sek\u00e4 erilaiset projektit. Opiskelu musiikkiluokilla on laulamista yksin ja kuorossa, soittamista luokassa ja orkesterissa, kuoro-, orkesteri-, musikaaliprojekteja, aktiivista musiikin kuuntelua ja musiikin teoriavalmiuksien kehitt\u00e4mist\u00e4.<\/p>\n<p><a href=\"http:\/\/www.turku.fi\/paivahoito-ja-koulutus\/perusopetus\/opetus\/erikoisluokat\/musiikkiluokka\">Musiikkiluokat<\/a><\/p>\n<h1>Oppilaaksi ottaminen 3. luokalle<\/h1>\n<p>Musiikkiluokalle pyrit\u00e4\u00e4n 2. vuosiluokalla tammikuussa. Turkulaisten 2. -luokkalaisten huoltajille ilmoitetaan musiikkiluokalle hakemisesta Wilman kautta. Oppilas voi hakea musiikkiluokalle, jos h\u00e4n ei opiskele muulla erikoisluokalla (kieliluokat). Hakeminen tapahtuu Wilmassa. Vieraskuntalaiset hakijat t\u00e4ytt\u00e4v\u00e4t erillisen hakemuskaavakkeen, joka l\u00f6ytyy Turun kaupungin sivuilta. Alakoulun musiikkiluokkien infoilta pidet\u00e4\u00e4n tammikuussa. Musiikkiluokkatestit j\u00e4rjestet\u00e4\u00e4n helmikuussa. Lis\u00e4tietoja ja hakukaavakkeita (vieraskuntalaiset) saa Puolalan koulusta.<\/p>\n<p>Musiikkiluokalle hakeville lapsille tehd\u00e4\u00e4n musikaalisuustesti, jonka tarkoituksena on varmistaa, ett\u00e4\u00a0heill\u00e4 on sellaisia valmiuksia, joita musiikkiluokilla opiskelussa tarvitaan. Valintakriteerin\u00e4 on hyv\u00e4ksytty musikaalisuustestin suoritus. Oppilaat valitaan pistem\u00e4\u00e4r\u00e4n mukaisessa j\u00e4rjestyksess\u00e4. Luokalle otetaan enint\u00e4\u00e4n 28 oppilasta.<\/p>\n<p>Musikaalisuustesti sis\u00e4lt\u00e4\u00e4 rytmi- ja melodiatoistoja. Lis\u00e4ksi\u00a0hakija laulaa yhden s\u00e4keist\u00f6n\u00a0jostakin alla mainituista lauluista:<\/p>\n<p>Oravan pes\u00e4 (esim. Saa laulaa 3, s. 57)<\/p>\n<p>Milli Mennink\u00e4isen laulu (Saa laulaa 1-2, s. 149)<\/p>\n<p>Mit\u00e4 mulle vastaat (Saa laulaa 3, s. 15; Musiikin mestarit 1-2, s. 10)<\/p>\n<h1>Oppilaaksi ottaminen luokille 4-6<\/h1>\n<p>Vuosiluokilla 4-6 musiikkiluokille voidaan ottaa uusia oppilaita, mik\u00e4li ko. luokilla on vapaita oppilaspaikkoja. Oppilaspaikkoja voi tiedustella apulaisrehtori Jussi Tuimalalta (jussi.tuimala@edu.turku.fi, p. 044 907 5629)<\/p>\n<p>Vuosiluokille 4-6 pyrkiv\u00e4t oppilaat osallistuvat em. musikaalisuustestiin. Sen lis\u00e4ksi he osallistuvat musiikin teorian testiin, joka sis\u00e4lt\u00e4\u00e4 musiikin perusteiden 1\/3 -tasoisia teht\u00e4vi\u00e4.<\/p>\n<h1>Oppilaaksi ottaminen 7. luokalle<\/h1>\n<p>Toinen mahdollisuus aloittaa musiikkiluokalla opiskelu on seitsem\u00e4nnell\u00e4 luokalla. T\u00e4ll\u00f6in musiikinperusteet 2 -kurssi (2\/3) olisi kuitenkin hyv\u00e4 olla jo suoritettuna. Seitsem\u00e4nnelle luokalle pyrkivien infotilaisuus j\u00e4rjestet\u00e4\u00e4n tammikuussa. Hakuaika p\u00e4\u00e4ttyy tammikuussa erikseen ilmoitettavana p\u00e4iv\u00e4n\u00e4. Musiikkiluokkatesti j\u00e4rjestet\u00e4\u00e4n helmikuun aikana. Testiin kuuluu laulu- ja soitton\u00e4yte sek\u00e4 melodian ja rytmin toistoteht\u00e4vi\u00e4.<\/p>\n<p>Rehtorilta (yl\u00e4koulu) ja apulaisrehtorilta (alakoulu) voi muinakin ajankohtina tiedustella mahdollisuutta p\u00e4\u00e4st\u00e4 mukaan musiikkiluokkatoimintaan. Valintakriteerin\u00e4 on hyv\u00e4ksytty musiikkiluokkatestin suoritus. Uusia oppilaita otetaan, mik\u00e4li musiikkiluokissa on vapaita oppilaspaikkoja.<\/p>\n<p><a href=\"http:\/\/www.turku.fi\/paivahoito-ja-koulutus\/perusopetus\/koulupaikan-maaraytyminen\">Turun kaupungin ohjeet \u00bb<\/a><\/p>\n<p>&nbsp;<\/p>\n","protected":false},"excerpt":{"rendered":"<p>Musiikkiluokilla annetaan valmiuksia ja virikkeit\u00e4 monipuoliseen musiikin harrastamiseen. L\u00e4ht\u00f6kohtana on musiikin tekeminen yhdess\u00e4, laulaminen, soittaminen sek\u00e4 erilaiset projektit. Opiskelu musiikkiluokilla on laulamista yksin ja kuorossa, soittamista luokassa ja orkesterissa, kuoro-, orkesteri-, musikaaliprojekteja, aktiivista musiikin kuuntelua ja musiikin teoriavalmiuksien kehitt\u00e4mist\u00e4. Musiikkiluokat Oppilaaksi ottaminen 3. luokalle Musiikkiluokalle pyrit\u00e4\u00e4n 2. vuosiluokalla tammikuussa. Turkulaisten 2. -luokkalaisten huoltajille ilmoitetaan musiikkiluokalle &hellip; <a href=\"https:\/\/blog.edu.turku.fi\/puolala\/hakeminen\/musiikkiluokat-3-9\/\" class=\"more-link\">Jatka lukemista<span class=\"screen-reader-text\"> &#8221;Musiikkiluokat 3-9&#8221;<\/span><\/a><\/p>\n","protected":false},"author":56,"featured_media":0,"parent":1298,"menu_order":3,"comment_status":"closed","ping_status":"closed","template":"","meta":{"footnotes":""},"class_list":["post-1405","page","type-page","status-publish","hentry"],"_links":{"self":[{"href":"https:\/\/blog.edu.turku.fi\/puolala\/wp-json\/wp\/v2\/pages\/1405","targetHints":{"allow":["GET"]}}],"collection":[{"href":"https:\/\/blog.edu.turku.fi\/puolala\/wp-json\/wp\/v2\/pages"}],"about":[{"href":"https:\/\/blog.edu.turku.fi\/puolala\/wp-json\/wp\/v2\/types\/page"}],"author":[{"embeddable":true,"href":"https:\/\/blog.edu.turku.fi\/puolala\/wp-json\/wp\/v2\/users\/56"}],"replies":[{"embeddable":true,"href":"https:\/\/blog.edu.turku.fi\/puolala\/wp-json\/wp\/v2\/comments?post=1405"}],"version-history":[{"count":14,"href":"https:\/\/blog.edu.turku.fi\/puolala\/wp-json\/wp\/v2\/pages\/1405\/revisions"}],"predecessor-version":[{"id":3060,"href":"https:\/\/blog.edu.turku.fi\/puolala\/wp-json\/wp\/v2\/pages\/1405\/revisions\/3060"}],"up":[{"embeddable":true,"href":"https:\/\/blog.edu.turku.fi\/puolala\/wp-json\/wp\/v2\/pages\/1298"}],"wp:attachment":[{"href":"https:\/\/blog.edu.turku.fi\/puolala\/wp-json\/wp\/v2\/media?parent=1405"}],"curies":[{"name":"wp","href":"https:\/\/api.w.org\/{rel}","templated":true}]}}