{"id":1403,"date":"2016-06-14T09:03:25","date_gmt":"2016-06-14T06:03:25","guid":{"rendered":"https:\/\/blog.edu.turku.fi\/puolala\/?page_id=1403"},"modified":"2026-02-11T09:59:27","modified_gmt":"2026-02-11T06:59:27","slug":"kieliluokat-1-9","status":"publish","type":"page","link":"https:\/\/blog.edu.turku.fi\/puolala\/hakeminen\/kieliluokat-1-9\/","title":{"rendered":"Kieliluokat 1-9"},"content":{"rendered":"<p><a href=\"https:\/\/blog.edu.turku.fi\/puolala\/files\/2016\/06\/saksa-Kupittaa-pisarat-2015.jpg\" rel=\"attachment wp-att-1485\"><img loading=\"lazy\" decoding=\"async\" class=\"alignright size-medium wp-image-1485\" src=\"https:\/\/blog.edu.turku.fi\/puolala\/files\/2016\/06\/saksa-Kupittaa-pisarat-2015-300x194.jpg\" alt=\"saksa Kupittaa pisarat 2015\" width=\"300\" height=\"194\" srcset=\"https:\/\/blog.edu.turku.fi\/puolala\/files\/2016\/06\/saksa-Kupittaa-pisarat-2015-300x194.jpg 300w, https:\/\/blog.edu.turku.fi\/puolala\/files\/2016\/06\/saksa-Kupittaa-pisarat-2015-1024x663.jpg 1024w, https:\/\/blog.edu.turku.fi\/puolala\/files\/2016\/06\/saksa-Kupittaa-pisarat-2015.jpg 1000w\" sizes=\"auto, (max-width: 300px) 85vw, 300px\" \/><\/a>Kieliluokkatoiminnan l\u00e4ht\u00f6kohtana on vieraan kielen luonteva k\u00e4ytt\u00f6 eri tilanteissa, oppiaineissa ja aihekokonaisuuksissa. Kieliluokilla kielt\u00e4 opiskellaan ensimm\u00e4isen\u00e4 vieraana kielen\u00e4 (A1), mutta tavoitteena on laajempi ja syv\u00e4llisempi kielen- ja kulttuurintuntemus kuin normaalissa A-kielen opiskelussa. Syntyper\u00e4inen kielenopettaja opettaa kieliluokilla koko yhten\u00e4iskoulun ajan. Kieliluokilla vierailee usein ulkomaalaisia harjoittelijoita ja vieraita. Opetuksessa k\u00e4ytet\u00e4\u00e4n CLIL-menetelm\u00e4\u00e4. Puolalan koulussa toimivat vuosiluokilla 1-9 seuraavat kieliluokat:<\/p>\n<p><a href=\"https:\/\/blog.edu.turku.fi\/kieliluokat\/fi\/missa\/koulut\/puolalan-koulu\/puolalan-koulu-englannin-kieliluokka\/\">Englannin kieliluokat<\/a><br \/>\n<a href=\"https:\/\/blog.edu.turku.fi\/kieliluokat\/fi\/missa\/koulut\/puolalan-koulu\/puolalan-koulu-saksan-kieliluokka\/\">Saksan kieliluokat<\/a><br \/>\n<a href=\"https:\/\/blog.edu.turku.fi\/kieliluokat\/fi\/missa\/koulut\/puolalan-koulu\/puolalan-koulu-suomalais-venalainen-luokka\/\">Suomalais-ven\u00e4l\u00e4iset luokat<\/a><br \/>\n<strong><a href=\"http:\/\/www.kieliluokat.fi\/puolala.php\">www.kieliluokat.fi \u00bb<\/a><\/strong><\/p>\n<h1>Oppilaaksi ottaminen 1. luokalle<\/h1>\n<p>Puolalan koulun kieliluokille haetaan joulukuussa, t\u00e4n\u00e4 lukuvuonna 3.11.-12.12.2025.\u00a0 Hakeminen kieliluokalle tapahtuu Wilman kautta. Vieraskuntalaiset hakijat t\u00e4ytt\u00e4v\u00e4t erillisen hakemuksen, joka l\u00f6ytyy Turun kaupungin perusopetuksen sivuilta. Hakemus toimitetaan Puolalan kouluun 12.12.2025 menness\u00e4. Kieliluokkatestit j\u00e4rjestet\u00e4\u00e4n 22.1.-6.2.2026. Lis\u00e4tietoja saa apulaisrehtorilta.<\/p>\n<h1>Oppilaaksi ottaminen vuosiluokille 2-6<\/h1>\n<p>Kieliluokkia t\u00e4ydennet\u00e4\u00e4n vuosittain, mik\u00e4li luokilla on vapaita oppilaspaikkoja. Valintakriteerin\u00e4 kieliluokalle on kieliluokkatestin hyv\u00e4ksytty suoritus. Kieliluokkatestiss\u00e4 on kolme osa-aluetta: suomen kieli, matematiikka ja ko. kieliluokan kohdekieli, joista on kaikista saatava hyv\u00e4ksytty tulos.<\/p>\n<p>3. luokalle pyrit\u00e4\u00e4n 2. luokan tammikuussa erikoisluokkahaun yhteydess\u00e4. Erikoisluokkahausta tiedotetaan 2. \u2013luokkalaisten huoltajia Wilman kautta. Haku tapahtuu Wilmassa. Vieraskuntalaiset t\u00e4ytt\u00e4v\u00e4t erillisen hakemuksen, joka l\u00f6ytyy Turun kaupungin sivuilta. Kieliluokkatesti j\u00e4rjestet\u00e4\u00e4n helmikuussa. Muina aikoina vapaita oppilaspaikkoja vuosiluokille 3-6 voi tiedustella rehtorilta.<\/p>\n<h1>Oppilaaksi ottaminen vuosiluokille 7-9<\/h1>\n<p>7. luokalle pyrkivien infotilaisuus j\u00e4rjestet\u00e4\u00e4n tammikuussa. Hakuaika p\u00e4\u00e4ttyy tammikuussa erikseen ilmoitettavana p\u00e4iv\u00e4n\u00e4. Seitsem\u00e4nnen luokan testi j\u00e4rjestet\u00e4\u00e4n helmikuun aikana. 8. ja 9. luokan vapaita oppilaspaikkoja voi tiedustella apulaisrehtorilta.<\/p>\n<p><a href=\"http:\/\/www.turku.fi\/paivahoito-ja-koulutus\/perusopetus\/koulupaikan-maaraytyminen\">Turun kaupungin ohjeet \u00bb<\/a><\/p>\n","protected":false},"excerpt":{"rendered":"<p>Kieliluokkatoiminnan l\u00e4ht\u00f6kohtana on vieraan kielen luonteva k\u00e4ytt\u00f6 eri tilanteissa, oppiaineissa ja aihekokonaisuuksissa. Kieliluokilla kielt\u00e4 opiskellaan ensimm\u00e4isen\u00e4 vieraana kielen\u00e4 (A1), mutta tavoitteena on laajempi ja syv\u00e4llisempi kielen- ja kulttuurintuntemus kuin normaalissa A-kielen opiskelussa. Syntyper\u00e4inen kielenopettaja opettaa kieliluokilla koko yhten\u00e4iskoulun ajan. Kieliluokilla vierailee usein ulkomaalaisia harjoittelijoita ja vieraita. Opetuksessa k\u00e4ytet\u00e4\u00e4n CLIL-menetelm\u00e4\u00e4. Puolalan koulussa toimivat vuosiluokilla 1-9 seuraavat &hellip; <a href=\"https:\/\/blog.edu.turku.fi\/puolala\/hakeminen\/kieliluokat-1-9\/\" class=\"more-link\">Jatka lukemista<span class=\"screen-reader-text\"> &#8221;Kieliluokat 1-9&#8221;<\/span><\/a><\/p>\n","protected":false},"author":56,"featured_media":0,"parent":1298,"menu_order":0,"comment_status":"closed","ping_status":"closed","template":"","meta":{"footnotes":""},"class_list":["post-1403","page","type-page","status-publish","hentry"],"_links":{"self":[{"href":"https:\/\/blog.edu.turku.fi\/puolala\/wp-json\/wp\/v2\/pages\/1403","targetHints":{"allow":["GET"]}}],"collection":[{"href":"https:\/\/blog.edu.turku.fi\/puolala\/wp-json\/wp\/v2\/pages"}],"about":[{"href":"https:\/\/blog.edu.turku.fi\/puolala\/wp-json\/wp\/v2\/types\/page"}],"author":[{"embeddable":true,"href":"https:\/\/blog.edu.turku.fi\/puolala\/wp-json\/wp\/v2\/users\/56"}],"replies":[{"embeddable":true,"href":"https:\/\/blog.edu.turku.fi\/puolala\/wp-json\/wp\/v2\/comments?post=1403"}],"version-history":[{"count":18,"href":"https:\/\/blog.edu.turku.fi\/puolala\/wp-json\/wp\/v2\/pages\/1403\/revisions"}],"predecessor-version":[{"id":3057,"href":"https:\/\/blog.edu.turku.fi\/puolala\/wp-json\/wp\/v2\/pages\/1403\/revisions\/3057"}],"up":[{"embeddable":true,"href":"https:\/\/blog.edu.turku.fi\/puolala\/wp-json\/wp\/v2\/pages\/1298"}],"wp:attachment":[{"href":"https:\/\/blog.edu.turku.fi\/puolala\/wp-json\/wp\/v2\/media?parent=1403"}],"curies":[{"name":"wp","href":"https:\/\/api.w.org\/{rel}","templated":true}]}}