{"id":1400,"date":"2016-06-14T09:02:00","date_gmt":"2016-06-14T06:02:00","guid":{"rendered":"https:\/\/blog.edu.turku.fi\/puolala\/?page_id=1400"},"modified":"2026-02-11T10:03:23","modified_gmt":"2026-02-11T07:03:23","slug":"lahikoululuokat-1-9","status":"publish","type":"page","link":"https:\/\/blog.edu.turku.fi\/puolala\/hakeminen\/lahikoululuokat-1-9\/","title":{"rendered":"L\u00e4hikoululuokat 1-9"},"content":{"rendered":"<p><a href=\"https:\/\/blog.edu.turku.fi\/puolala\/files\/2016\/06\/l\u00e4hiluokatKalevala-2015-5.jpg\" rel=\"attachment wp-att-1490\"><img loading=\"lazy\" decoding=\"async\" class=\"alignright size-medium wp-image-1490\" src=\"https:\/\/blog.edu.turku.fi\/puolala\/files\/2016\/06\/l\u00e4hiluokatKalevala-2015-5-300x199.jpg\" alt=\"l\u00e4hiluokatKalevala 2015 (5)\" width=\"300\" height=\"199\" srcset=\"https:\/\/blog.edu.turku.fi\/puolala\/files\/2016\/06\/l\u00e4hiluokatKalevala-2015-5-300x199.jpg 300w, https:\/\/blog.edu.turku.fi\/puolala\/files\/2016\/06\/l\u00e4hiluokatKalevala-2015-5-1024x678.jpg 1024w, https:\/\/blog.edu.turku.fi\/puolala\/files\/2016\/06\/l\u00e4hiluokatKalevala-2015-5.jpg 1000w\" sizes=\"auto, (max-width: 300px) 85vw, 300px\" \/><\/a>Puolalan koulu on Turun keskustan alueella asuvien lasten l\u00e4hikoulu. L\u00e4hikoululuokat on tarkoitettu ensisijaisesti oppilaaksiottoalueella asuville lapsille ja nuorille.<\/p>\n<h1>Oppilaaksi ottaminen 1. luokalle<\/h1>\n<p>Puolalan koululla on yhteinen oppilaaksiottoalue\u00a0 Luostarivuoren koulun (Martin yksikk\u00f6 ja Kerttulin yksikk\u00f6) ja Topeliuksen koulun kanssa. Puolalan kouluun muodostetaan vuosittain <strong>yksi l\u00e4hikoululuokka<\/strong>. L\u00e4hikoulu m\u00e4\u00e4r\u00e4ytyy v\u00e4est\u00f6rekisteriin merkityn virallisen asuinpaikan mukaan. Huoltaja saa <strong>3.11.2025 eVakan kautta<\/strong>\u00a0ohjeet Wilmaan kirjautumiseksi ja huoltajan sek\u00e4 oppilaan tietojen tarkistamiseksi. Tiedot tulee tarkistaa\u00a0<strong>3.11.-12.12.2025 <\/strong>\u00a0v\u00e4lisen\u00e4 aikana. P\u00e4\u00e4t\u00f6s lapsen koulupaikasta on luettavissa\u00a0<strong>Wilmassa 31.3.2026.<\/strong><\/p>\n<p>Mik\u00e4li oppilas on muuttamassa Turkuun 13.12. \u2013 31.3.2026, tulee huoltajan olla yhteydess\u00e4 Turun kaupungin perusopetuksen hallintoon:\u00a0 <a href=\"mailto:perusopetus@turku.fi\">perusopetus@turku.fi<\/a>.<\/p>\n<p>31.3.2026 j\u00e4lkeen Turkuun muuttavien oppilaiden huoltajia pyydet\u00e4\u00e4n olemaan suoraan yhtey-<br \/>\ndess\u00e4 kouluun ja tiedustelemaan vapaina olevia paikkoja<\/p>\n<h1>Oppilaaksi ottaminen vuosiluokille 2-9<\/h1>\n<p>Puolala\/Topelius\/Luostarivuori oppilaaksiottoalueelle muuttavat oppilaat otetaan oppilaaksi Puolalan kouluun, Topeliuksen kouluun tai Luostarivuoren kouluun. Mik\u00e4li ko. luokalla on jo Puolalassa maksimioppilasm\u00e4\u00e4r\u00e4, voidaan oppilas ohjata oppilaaksiottoalueen toiseen kouluun. Muutoin uusia oppilaita otetaan l\u00e4hikoululuokille, mik\u00e4li luokilla on vapaita oppilaspaikkoja. Jos luokalle on hakijoita enemm\u00e4n kuin voidaan ottaa, valintaj\u00e4rjestys on seuraava:<\/p>\n<ol>\n<li>Oman oppilasalueen hakijat asuinosoitteen mukaisessa j\u00e4rjestyksess\u00e4<\/li>\n<li>Oman yhteisty\u00f6alueen (pohjoinen) koulujen oppilasalueilta tulevat hakijat asuinosoitteen mukaisessa j\u00e4rjestyksess\u00e4<\/li>\n<li>Muiden kuin oman yhteisty\u00f6alueen koulujen oppilasalueilta tulevat hakijat asuinosoitteen mukaisessa j\u00e4rjestyksess\u00e4<\/li>\n<li>Vieraskuntalaiset<\/li>\n<\/ol>\n<p><a href=\"http:\/\/www.turku.fi\/paivahoito-ja-koulutus\/perusopetus\/koulupaikan-maaraytyminen\">Turun kaupungin ohjeet \u00bb<\/a><\/p>\n","protected":false},"excerpt":{"rendered":"<p>Puolalan koulu on Turun keskustan alueella asuvien lasten l\u00e4hikoulu. L\u00e4hikoululuokat on tarkoitettu ensisijaisesti oppilaaksiottoalueella asuville lapsille ja nuorille. Oppilaaksi ottaminen 1. luokalle Puolalan koululla on yhteinen oppilaaksiottoalue\u00a0 Luostarivuoren koulun (Martin yksikk\u00f6 ja Kerttulin yksikk\u00f6) ja Topeliuksen koulun kanssa. Puolalan kouluun muodostetaan vuosittain yksi l\u00e4hikoululuokka. L\u00e4hikoulu m\u00e4\u00e4r\u00e4ytyy v\u00e4est\u00f6rekisteriin merkityn virallisen asuinpaikan mukaan. Huoltaja saa 3.11.2025 eVakan &hellip; <a href=\"https:\/\/blog.edu.turku.fi\/puolala\/hakeminen\/lahikoululuokat-1-9\/\" class=\"more-link\">Jatka lukemista<span class=\"screen-reader-text\"> &#8221;L\u00e4hikoululuokat 1-9&#8221;<\/span><\/a><\/p>\n","protected":false},"author":56,"featured_media":0,"parent":1298,"menu_order":1,"comment_status":"closed","ping_status":"closed","template":"","meta":{"footnotes":""},"class_list":["post-1400","page","type-page","status-publish","hentry"],"_links":{"self":[{"href":"https:\/\/blog.edu.turku.fi\/puolala\/wp-json\/wp\/v2\/pages\/1400","targetHints":{"allow":["GET"]}}],"collection":[{"href":"https:\/\/blog.edu.turku.fi\/puolala\/wp-json\/wp\/v2\/pages"}],"about":[{"href":"https:\/\/blog.edu.turku.fi\/puolala\/wp-json\/wp\/v2\/types\/page"}],"author":[{"embeddable":true,"href":"https:\/\/blog.edu.turku.fi\/puolala\/wp-json\/wp\/v2\/users\/56"}],"replies":[{"embeddable":true,"href":"https:\/\/blog.edu.turku.fi\/puolala\/wp-json\/wp\/v2\/comments?post=1400"}],"version-history":[{"count":19,"href":"https:\/\/blog.edu.turku.fi\/puolala\/wp-json\/wp\/v2\/pages\/1400\/revisions"}],"predecessor-version":[{"id":3058,"href":"https:\/\/blog.edu.turku.fi\/puolala\/wp-json\/wp\/v2\/pages\/1400\/revisions\/3058"}],"up":[{"embeddable":true,"href":"https:\/\/blog.edu.turku.fi\/puolala\/wp-json\/wp\/v2\/pages\/1298"}],"wp:attachment":[{"href":"https:\/\/blog.edu.turku.fi\/puolala\/wp-json\/wp\/v2\/media?parent=1400"}],"curies":[{"name":"wp","href":"https:\/\/api.w.org\/{rel}","templated":true}]}}