{"id":1322,"date":"2016-03-17T12:28:35","date_gmt":"2016-03-17T09:28:35","guid":{"rendered":"https:\/\/blog.edu.turku.fi\/puolala\/?page_id=1322"},"modified":"2025-09-10T09:58:50","modified_gmt":"2025-09-10T06:58:50","slug":"opettajat","status":"publish","type":"page","link":"https:\/\/blog.edu.turku.fi\/puolala\/yhteystiedot\/opettajat\/","title":{"rendered":"Opettajat"},"content":{"rendered":"<p><strong>Kaikkien opettajien nimet l\u00f6ytyv\u00e4t Wilmasta.<\/strong><\/p>\n<p>Opettajien s\u00e4hk\u00f6postit<br \/>\netunimi.sukunimi@edu.turku.fi<br \/>\npoikkeuksena:<\/p>\n<p style=\"margin: 0cm\">anne-tellervo.lindholm(\u00e4t)edu.turku.fi<br \/>\njohanna.k.pulkkinen(\u00e4t)edu.turku.fi<br \/>\nlaura.e.kuusisto(\u00e4t)edu.turku.fi<\/p>\n<p style=\"margin: 0cm\">maria.e.jalava(\u00e4t)edu.turku.fi<br \/>\nminna.l.eloranta(\u00e4t)edu.turku.fi<\/p>\n<h1>Opettajanhuoneet<\/h1>\n<p>Opettajanhuone Kauppiaskatu 14<br \/>\nKauppiaskadun opettajanhuoneessa ei puhelinta, yhteys suoraan henkil\u00f6n ty\u00f6puhelimeen<\/p>\n<p>Opettajanhuone Torninkatu 4<br \/>\npuh. <a href=\"tel:+35840632 3257\">040\u00a06323 257<\/a><\/p>\n<p>Opettajanhuone Puutarhakatu 5<br \/>\npuh. <a href=\"tel:+358406323264\">040\u00a0632 3264<\/a><\/p>\n<h1><strong>Seuraavilla opettajilla on henkil\u00f6kohtainen ty\u00f6puhelin:<\/strong><\/h1>\n<h2><strong>Vuosiluokat 1-6<\/strong><\/h2>\n<p><strong>Ahosm\u00e4ki Heli<\/strong>, luokanopettaja, l\u00e4hikoululuokat<br \/>\n<a href=\"tel:+358403561823\">040\u00a0356 1823<\/a><\/p>\n<p><strong>Aittokallio Sonja, <\/strong>luokanopettaja, suomalais-ven\u00e4l\u00e4iset luokat<strong><br \/>\n<a href=\"tel:+358449073436\">044 907 3436<\/a><\/strong><\/p>\n<p><strong>Alin Sirkku<\/strong>, luokanopettaja, englannin kieliluokat<br \/>\n<a href=\"tel:+358403580328\">040\u00a0358 0328<\/a><\/p>\n<p><strong>Anders\u00e9n Kati<\/strong>, luokanopettaja, saksan kieliluokat, vastuuopettaja vuosiluokat 4-6<br \/>\n<a href=\"tel:+358403586517\">040\u00a0358 6517<\/a><\/p>\n<p><strong>Antola Sanna<\/strong>, luokanopettaja, musiikkiluokat<br \/>\n<a href=\"tel:+358406310245\">040\u00a0631 0245<\/a><\/p>\n<p><strong>Ar\u00e9n Jonna<\/strong>, luokanopettaja, englannin kieliluokat<br \/>\n<a href=\"tel:+358447816035\">044 781 6035<\/a><\/p>\n<p><strong>Arvaja Kukka-Lotta<\/strong>, luokanopettaja, suomalais-ven\u00e4l\u00e4iset luokat<br \/>\n<a href=\"tel:+358404870233\">040\u00a0487 0233<\/a><\/p>\n<p><strong>Eloranta Minna<\/strong>, luokanopettaja, saksan kieliluokat<br \/>\n<a href=\"tel:+358405458509\">040\u00a0545 8509<\/a><\/p>\n<p><strong>Enholm Jaana,<\/strong> luokanopettaja, saksan kieliluokat<br \/>\n<a href=\"tel:+358405448129\">040\u00a0544 8129<\/a><\/p>\n<p><strong>Erasvuo Eija<\/strong>, erityisopettaja <a href=\"tel:+358449074449\"><br \/>\n044 907 4449<\/a><\/p>\n<p><strong>Ervasti Joni,<\/strong> luokanopettaja, l\u00e4hikoululuokat, vararehtori vuosiluokilla 1-6<br \/>\n<a href=\"tel:+358449073400\">044 907 3400<\/a><\/p>\n<p><strong>Forsberg Oksana<\/strong>, luokanopettaja, suomalais-ven\u00e4l\u00e4iset luokat<br \/>\n<a href=\"tel:+358405705946\">040\u00a0570 5946<\/a><\/p>\n<p><strong>Heikkil\u00e4 Maiju<\/strong>, koulunk\u00e4ynninohjaaja<br \/>\n<a href=\"tel:+358401884156\">040 188 4156 <\/a><\/p>\n<p><strong>Heikkinen Jussi<\/strong>, liikunnanopettaja<br \/>\n<a href=\"tel:+358404825951\">040\u00a0482 5951<\/a><\/p>\n<p><strong>Heiskala Oona<\/strong>, luokanopettaja, musiikkiluokat, musiikkiin liittyv\u00e4t tiedustelut 1-6.lk, oona.heiskala@edu.turku.fi<\/p>\n<p><strong>Jalava Maria<\/strong>, luokanopettaja, saksan kieliluokat<br \/>\n<a href=\"tel:+358401859854\">040 185 9854<\/a><\/p>\n<p><strong>Kuusisto Laura, <\/strong>luokanopettaja, l\u00e4hikoululuokat<br \/>\n<a href=\"tel:+358449075743\">044 907 5743<\/a><\/p>\n<p><strong>K\u00f6ssi Toni<\/strong>, luokanopettaja, l\u00e4hikoululuokat<br \/>\n<a href=\"tel:+358449075826\">044 907 5826<\/a><\/p>\n<p><strong>Lahti Kirsi<\/strong>, erityisopettaja, vastuuopettaja vuosiluokat 1-3<a href=\"tel:+358449074736\"><br \/>\n044 907 4736<\/a><\/p>\n<p><strong>Linja-aho Hanna-Maaria, <\/strong>luokanopettaja, englannin kieliluokat<br \/>\n<a href=\"tel:+358449075334\">044 907 5334<\/a><\/p>\n<p><strong>Luoma Heikki<\/strong>, koulunk\u00e4ynninohjaaja<br \/>\n<a href=\"tel:+358405796444\">040 579 6444 <\/a><\/p>\n<p><strong>Michler-Janhunen Anke, <\/strong>saksan kielenel\u00e4v\u00f6itt\u00e4j\u00e4<br \/>\n<a href=\"tel:+358406125628\">040 612 5628<\/a><\/p>\n<p><strong>Nikkonen Lotta<\/strong>, luokanopettaja, englannin kieliluokat<br \/>\n<a href=\"tel:+358406125489\">040 612 5489<\/a><\/p>\n<p><strong>Routsi Hanna<\/strong>, luokanopettaja, l\u00e4hikoululuokat<br \/>\n<a href=\"tel:+358405839650\">040\u00a0583 9650<\/a><\/p>\n<p><strong>Saksanen Aino<\/strong>, luokanopettaja, musiikkiluokat, musiikkiin liittyv\u00e4t tiedustelut 1-6.lk, aino.saksanen@edu.turku.fi<br \/>\n<a href=\"tel:+358401903831\">040\u00a0190 3831<\/a><\/p>\n<p><strong>Sandgr\u00e9n Elina<\/strong>, luokanopettaja, saksan kieliluokat<br \/>\n<a href=\"tel:+358405754269\">040\u00a0575 4269<\/a><\/p>\n<p><b>Sciuto Maria,<\/b> koulunk\u00e4ynninohjaaja, VALMO<br \/>\n<a href=\"tel:+358407695884\">040 769 5884<\/a><\/p>\n<p><strong>Suvanto Sirke<\/strong>, luokanopettaja, englannin kieliluokat<br \/>\n<a href=\"tel:+358406472916\">040\u00a0647 2916<\/a><\/p>\n<p><strong>Valtola Antti<\/strong>, teknisenty\u00f6nopettaja<br \/>\n<a href=\"tel:+358404808253\">040 480 8253<\/a><\/p>\n<h2><strong>Vuosiluokat 7-9<\/strong><\/h2>\n<p><strong>Auremaa Heidi<\/strong>, oppilaanohjaaja, yhteiskuntaopin ja el\u00e4m\u00e4nkatsomustiedon opettaja<br \/>\n<a href=\"tel:+358403587657\">040 358 7657<\/a><\/p>\n<p><strong>Cartwright Jason<\/strong>, englanti vuosiluokilla 1-9<br \/>\n<a href=\"tel:+358401882240\">040 188 2240<\/a><\/p>\n<p><strong>Helin Perttu<\/strong>, erityisopettaja<br \/>\n<a href=\"tel:+358403584548\">040 358 4548<\/a><\/p>\n<p><strong>H\u00f6rkk\u00f6 Jari-Antti<\/strong>,\u00a0teknisenty\u00f6nopettaja<br \/>\n<a href=\"tel:+358407241568\">040 724 1568<\/a><\/p>\n<p><strong>Johansson Janette<\/strong>,\u00a0liikunnanopettaja <a href=\"tel:+358401385714\"><br \/>\n040 138 5714<\/a><\/p>\n<p><strong>J\u00e4rvenp\u00e4\u00e4 Marika<\/strong>,\u00a0kotitalouden ja terveystiedon opettaja <a href=\"tel:+358449074432\"><br \/>\n044 907 4432<\/a><\/p>\n<p><strong>Laakso Galina, <\/strong>kielenopettaja (ven\u00e4j\u00e4), kielenel\u00e4v\u00f6itt\u00e4j\u00e4 suomalais-ven\u00e4l\u00e4isill\u00e4 luokilla 1-9<br \/>\n<a href=\"tel:+358404876342\">040\u00a0487 6342<\/a><\/p>\n<p><strong>Lehtovaara Timo<\/strong>,\u00a0musiikinopettaja<br \/>\n<a href=\"tel:+358407690737\">040 769 0737<\/a><\/p>\n<p><strong>Lempi\u00e4inen Riikka-Maria<\/strong>,\u00a0liikunnanopettaja <a href=\"tel:+357407765887\"><br \/>\n040 776 5887<\/a><\/p>\n<p><strong>Lindholm Anne<\/strong>, kieltenopettaja (englanti)<br \/>\n<a href=\"tel:+358403585740\">040 358 5740<\/a><\/p>\n<p><strong>Lindstr\u00f6m Lotte<\/strong>,\u00a0historian ja yhteiskuntaopin\u00a0opettaja <a href=\"tel:+358407287253\"><br \/>\n040 728 7253<\/a><\/p>\n<p><strong>L\u00e4hde Jenni, <\/strong>kieltenopettaja (saksa, ruotsi)<br \/>\n<a href=\"tel:+358449074952\">044 907 4952<\/a><\/p>\n<p><strong>Maunu Janne<\/strong>, matematiikan, fysiikan, kemian ja tietotekniikan opettaja, TVT-vastaava, oppilaskunnan hallituksen ohjaava opettaja<br \/>\n<a href=\"tel:+358406608454\">040\u00a0660 8454<\/a><\/p>\n<p><strong>Mikkola Laura,<\/strong> fysiikan, kemian ja matematiikan opettaja<br \/>\n<a href=\"tel:+358447993934\">044 799 3934<\/a><\/p>\n<p><strong>Perho Antti<\/strong>,\u00a0liikunnanopettaja<br \/>\n<a href=\"tel:+358407767269\">040 776 7269<\/a><\/p>\n<p><strong>Peltonen Meija<\/strong>, uskonnon ja yhteiskuntaopin opettaja, vararehtori vuosiluokat 7-9<br \/>\n<a href=\"tel:+358403585883\">040 4839711<\/a><\/p>\n<p><strong>Per\u00e4saari Miina<\/strong>, suomi toisena kielen\u00e4, \u00e4idinkieli ja kirjallisuus<br \/>\n<a href=\"tel:+358403585883\">040 358 5883<\/a><\/p>\n<p><strong>Rantanen Jarna<\/strong>, kieltenopettaja (englanti, ranska)<br \/>\n<a href=\"tel:+358405472559\">040\u00a0547 2559<\/a><\/p>\n<p><strong>Savolainen Maarit<\/strong>, matematiikan ja tietotekniikan opettaja, TVT-vastaava<br \/>\n<a href=\"tel:+358406421567\">040\u00a0642 1567<\/a><\/p>\n<p><strong>Susi Anni<\/strong>,\u00a0musiikinopettaja<br \/>\n<a href=\"tel:+358403585077\">040 358 5077<\/a><\/p>\n<p><strong>S\u00e4il\u00e4 Johanna<\/strong>,\u00a0tekstiility\u00f6nopettaja <a href=\"tel:+358401373637\"><br \/>\n040 137 3637<\/a><\/p>\n<p><strong>Torii Shiho<\/strong>, koulunk\u00e4ynninohjaaja<br \/>\n<a href=\"tel:+358449075574\">044 907 5574<\/a><\/p>\n<p><strong>Uusinarkaus Pasi, <\/strong>biologian, maantiedon ja terveystiedon opettaja<br \/>\n<a href=\"tel:+358406482881\">040\u00a0648 2881<\/a><\/p>\n<p><strong>Valtonen Mika<\/strong>, erityisopettaja<br \/>\n<a href=\"tel:+358449074677\">044 907 4677<\/a><\/p>\n<p><strong>Vihervuori Satu<\/strong>, oppilaanohjaaja\u00a0<a href=\"tel:+358449074430\"><br \/>\n044 907 4430<\/a><\/p>\n<p><strong>Vuoj\u00e4rvi Minna<\/strong>,\u00a0kotitalousopettaja<br \/>\n<a href=\"tel:+358401372888\">040 137 2888<\/a><\/p>\n<p><strong>V\u00e4lim\u00e4ki Maria<\/strong>, \u00e4idinkieli ja kirjallisuus, suomi toisena kielen\u00e4<br \/>\n<a href=\"tel:+358449074242\">044 907 4242<\/a><\/p>\n<p>&nbsp;<\/p>\n","protected":false},"excerpt":{"rendered":"<p>Kaikkien opettajien nimet l\u00f6ytyv\u00e4t Wilmasta. Opettajien s\u00e4hk\u00f6postit etunimi.sukunimi@edu.turku.fi poikkeuksena: anne-tellervo.lindholm(\u00e4t)edu.turku.fi johanna.k.pulkkinen(\u00e4t)edu.turku.fi laura.e.kuusisto(\u00e4t)edu.turku.fi maria.e.jalava(\u00e4t)edu.turku.fi minna.l.eloranta(\u00e4t)edu.turku.fi Opettajanhuoneet Opettajanhuone Kauppiaskatu 14 Kauppiaskadun opettajanhuoneessa ei puhelinta, yhteys suoraan henkil\u00f6n ty\u00f6puhelimeen Opettajanhuone Torninkatu 4 puh. 040\u00a06323 257 Opettajanhuone Puutarhakatu 5 puh. 040\u00a0632 3264 Seuraavilla opettajilla on henkil\u00f6kohtainen ty\u00f6puhelin: Vuosiluokat 1-6 Ahosm\u00e4ki Heli, luokanopettaja, l\u00e4hikoululuokat 040\u00a0356 1823 Aittokallio Sonja, luokanopettaja, suomalais-ven\u00e4l\u00e4iset &hellip; <a href=\"https:\/\/blog.edu.turku.fi\/puolala\/yhteystiedot\/opettajat\/\" class=\"more-link\">Jatka lukemista<span class=\"screen-reader-text\"> &#8221;Opettajat&#8221;<\/span><\/a><\/p>\n","protected":false},"author":56,"featured_media":0,"parent":1296,"menu_order":4,"comment_status":"closed","ping_status":"closed","template":"","meta":{"footnotes":""},"class_list":["post-1322","page","type-page","status-publish","hentry"],"_links":{"self":[{"href":"https:\/\/blog.edu.turku.fi\/puolala\/wp-json\/wp\/v2\/pages\/1322","targetHints":{"allow":["GET"]}}],"collection":[{"href":"https:\/\/blog.edu.turku.fi\/puolala\/wp-json\/wp\/v2\/pages"}],"about":[{"href":"https:\/\/blog.edu.turku.fi\/puolala\/wp-json\/wp\/v2\/types\/page"}],"author":[{"embeddable":true,"href":"https:\/\/blog.edu.turku.fi\/puolala\/wp-json\/wp\/v2\/users\/56"}],"replies":[{"embeddable":true,"href":"https:\/\/blog.edu.turku.fi\/puolala\/wp-json\/wp\/v2\/comments?post=1322"}],"version-history":[{"count":152,"href":"https:\/\/blog.edu.turku.fi\/puolala\/wp-json\/wp\/v2\/pages\/1322\/revisions"}],"predecessor-version":[{"id":3003,"href":"https:\/\/blog.edu.turku.fi\/puolala\/wp-json\/wp\/v2\/pages\/1322\/revisions\/3003"}],"up":[{"embeddable":true,"href":"https:\/\/blog.edu.turku.fi\/puolala\/wp-json\/wp\/v2\/pages\/1296"}],"wp:attachment":[{"href":"https:\/\/blog.edu.turku.fi\/puolala\/wp-json\/wp\/v2\/media?parent=1322"}],"curies":[{"name":"wp","href":"https:\/\/api.w.org\/{rel}","templated":true}]}}