{"id":1317,"date":"2016-03-17T12:27:57","date_gmt":"2016-03-17T09:27:57","guid":{"rendered":"https:\/\/blog.edu.turku.fi\/puolala\/?page_id=1317"},"modified":"2024-06-18T17:21:03","modified_gmt":"2024-06-18T14:21:03","slug":"koulurakennukset","status":"publish","type":"page","link":"https:\/\/blog.edu.turku.fi\/puolala\/yhteystiedot\/koulurakennukset\/","title":{"rendered":"Koulurakennukset"},"content":{"rendered":"<h1><strong>Kauppiaskatu 14, 20100 Turku<br \/>\n<\/strong><\/h1>\n<ul>\n<li>vuosiluokat 1-6<\/li>\n<li>rehtorin ja vararehtorin kanslia<\/li>\n<li>postiosoite 1-6lk koskevissa asioissa<\/li>\n<\/ul>\n<h1><a href=\"https:\/\/blog.edu.turku.fi\/puolala\/files\/2016\/06\/Puutarhakatu-ulko-ovi.jpg\" rel=\"attachment wp-att-1507\"><img loading=\"lazy\" decoding=\"async\" class=\"alignright size-medium wp-image-1507\" src=\"https:\/\/blog.edu.turku.fi\/puolala\/files\/2016\/06\/Puutarhakatu-ulko-ovi-225x300.jpg\" alt=\"Puutarhakatu ulko-ovi\" width=\"225\" height=\"300\" srcset=\"https:\/\/blog.edu.turku.fi\/puolala\/files\/2016\/06\/Puutarhakatu-ulko-ovi-225x300.jpg 225w, https:\/\/blog.edu.turku.fi\/puolala\/files\/2016\/06\/Puutarhakatu-ulko-ovi-768x1024.jpg 768w, https:\/\/blog.edu.turku.fi\/puolala\/files\/2016\/06\/Puutarhakatu-ulko-ovi.jpg 1536w\" sizes=\"auto, (max-width: 225px) 85vw, 225px\" \/><\/a>Puutarhakatu 5, 20100 Turku<\/h1>\n<ul>\n<li>vuosiluokat 7-9<\/li>\n<li>rehtorin ja virka-apulaisrehtorin kanslia<\/li>\n<li>postiosoite 7-9lk koskevissa asioissa<\/li>\n<\/ul>\n<h1><a href=\"https:\/\/blog.edu.turku.fi\/puolala\/files\/2016\/06\/Torninkatu-sis\u00e4kuva.jpg\" rel=\"attachment wp-att-1508\"><img loading=\"lazy\" decoding=\"async\" class=\"alignright size-medium wp-image-1508\" src=\"https:\/\/blog.edu.turku.fi\/puolala\/files\/2016\/06\/Torninkatu-sis\u00e4kuva-225x300.jpg\" alt=\"Torninkatu sis\u00e4kuva\" width=\"225\" height=\"300\" srcset=\"https:\/\/blog.edu.turku.fi\/puolala\/files\/2016\/06\/Torninkatu-sis\u00e4kuva-225x300.jpg 225w, https:\/\/blog.edu.turku.fi\/puolala\/files\/2016\/06\/Torninkatu-sis\u00e4kuva-768x1024.jpg 768w, https:\/\/blog.edu.turku.fi\/puolala\/files\/2016\/06\/Torninkatu-sis\u00e4kuva.jpg 1536w\" sizes=\"auto, (max-width: 225px) 85vw, 225px\" \/><\/a>Torninkatu 4, 20100 Turku<\/h1>\n<ul>\n<li>vuosiluokat 1-6: kuvataide, k\u00e4sity\u00f6<\/li>\n<li>vuosiluokat 7-9: kielet, musiikki, kuvataide, k\u00e4sity\u00f6<\/li>\n<\/ul>\n","protected":false},"excerpt":{"rendered":"<p>Kauppiaskatu 14, 20100 Turku vuosiluokat 1-6 rehtorin ja vararehtorin kanslia postiosoite 1-6lk koskevissa asioissa Puutarhakatu 5, 20100 Turku vuosiluokat 7-9 rehtorin ja virka-apulaisrehtorin kanslia postiosoite 7-9lk koskevissa asioissa Torninkatu 4, 20100 Turku vuosiluokat 1-6: kuvataide, k\u00e4sity\u00f6 vuosiluokat 7-9: kielet, musiikki, kuvataide, k\u00e4sity\u00f6<\/p>\n","protected":false},"author":56,"featured_media":0,"parent":1296,"menu_order":2,"comment_status":"closed","ping_status":"closed","template":"","meta":{"footnotes":""},"class_list":["post-1317","page","type-page","status-publish","hentry"],"_links":{"self":[{"href":"https:\/\/blog.edu.turku.fi\/puolala\/wp-json\/wp\/v2\/pages\/1317","targetHints":{"allow":["GET"]}}],"collection":[{"href":"https:\/\/blog.edu.turku.fi\/puolala\/wp-json\/wp\/v2\/pages"}],"about":[{"href":"https:\/\/blog.edu.turku.fi\/puolala\/wp-json\/wp\/v2\/types\/page"}],"author":[{"embeddable":true,"href":"https:\/\/blog.edu.turku.fi\/puolala\/wp-json\/wp\/v2\/users\/56"}],"replies":[{"embeddable":true,"href":"https:\/\/blog.edu.turku.fi\/puolala\/wp-json\/wp\/v2\/comments?post=1317"}],"version-history":[{"count":18,"href":"https:\/\/blog.edu.turku.fi\/puolala\/wp-json\/wp\/v2\/pages\/1317\/revisions"}],"predecessor-version":[{"id":2803,"href":"https:\/\/blog.edu.turku.fi\/puolala\/wp-json\/wp\/v2\/pages\/1317\/revisions\/2803"}],"up":[{"embeddable":true,"href":"https:\/\/blog.edu.turku.fi\/puolala\/wp-json\/wp\/v2\/pages\/1296"}],"wp:attachment":[{"href":"https:\/\/blog.edu.turku.fi\/puolala\/wp-json\/wp\/v2\/media?parent=1317"}],"curies":[{"name":"wp","href":"https:\/\/api.w.org\/{rel}","templated":true}]}}