{"id":1280,"date":"2016-02-15T09:54:46","date_gmt":"2016-02-15T06:54:46","guid":{"rendered":"https:\/\/blog.edu.turku.fi\/puolala\/?page_id=1280"},"modified":"2026-02-11T09:48:24","modified_gmt":"2026-02-11T06:48:24","slug":"uudet-kotisivut-rakenteilla","status":"publish","type":"page","link":"https:\/\/blog.edu.turku.fi\/puolala\/","title":{"rendered":"Tervetuloa Puolalan kouluun"},"content":{"rendered":"<p><a href=\"https:\/\/blog.edu.turku.fi\/puolala\/files\/2025\/04\/Sertifikaatti-3-taso.png\"><img loading=\"lazy\" decoding=\"async\" class=\" wp-image-2918 alignleft\" src=\"https:\/\/blog.edu.turku.fi\/puolala\/files\/2025\/04\/Sertifikaatti-3-taso-251x300.png\" alt=\"\" width=\"197\" height=\"235\" srcset=\"https:\/\/blog.edu.turku.fi\/puolala\/files\/2025\/04\/Sertifikaatti-3-taso-251x300.png 251w, https:\/\/blog.edu.turku.fi\/puolala\/files\/2025\/04\/Sertifikaatti-3-taso.png 800w\" sizes=\"auto, (max-width: 197px) 85vw, 197px\" \/><\/a><\/p>\n<p><a href=\"https:\/\/blog.edu.turku.fi\/puolala\/files\/2016\/02\/puolala-logo-varillinen-pieni.png\" rel=\"attachment wp-att-1487\"><img loading=\"lazy\" decoding=\"async\" class=\"wp-image-1584 alignnone\" src=\"https:\/\/blog.edu.turku.fi\/puolala\/files\/2016\/02\/puolala-logo-varillinen-pieni-250x163.png\" width=\"259\" height=\"169\" \/><\/a><\/p>\n<p>&nbsp;<\/p>\n<p>&nbsp;<\/p>\n<p>&nbsp;<\/p>\n<p>Puolalan koulu on vuosiluokat 1-9 k\u00e4sitt\u00e4v\u00e4 yhten\u00e4iskoulu, joka toimii kolmessa kiinteist\u00f6ss\u00e4 Turun kaupungin keskustassa. L\u00e4hes tuhannen oppilaan koulussa on monia valinnan mahdollisuuksia.<\/p>\n<ul>\n<li>Puolala on keskustassa asuvien lasten ja nuorten oma l\u00e4hikoulu.<\/li>\n<li>Koulussamme voi valita vapaaehtoiseksi A2-kieleksi englannin, ranskan tai saksan 4. luokalta l\u00e4htien.<\/li>\n<li>Englannin ja saksan kieliluokalla opiskelu alkaa 1. luokalta ja jatkuu koko yhten\u00e4iskoulun ajan.<\/li>\n<li>Musiikkiluokalla opiskelu alkaa 3. luokalta ja jatkuu yhten\u00e4iskoulun loppuun saakka.<\/li>\n<\/ul>\n<p>Puolalan koulussa luodaan oppilaille turvallinen kasvu- ja oppimisymp\u00e4rist\u00f6. Oppilaita kasvatetaan vastuuseen ja aktiivisuuteen kouluty\u00f6ss\u00e4. Vuorovaikutustilanteissa heit\u00e4 ohjataan hyv\u00e4ksym\u00e4\u00e4n erilaisuutta ja huomioimaan toisten tunteet. Oppilaan koulunk\u00e4ynti\u00e4 tukevat parhaiten hyv\u00e4t, luottavaiset suhteet kodin ja koulun v\u00e4lill\u00e4.<\/p>\n<p><span style=\"color: gray;font-size: 9pt\">Logo: Maria Kostina ja Maarit Savolainen<\/span><\/p>\n","protected":false},"excerpt":{"rendered":"<p>&nbsp; &nbsp; &nbsp; Puolalan koulu on vuosiluokat 1-9 k\u00e4sitt\u00e4v\u00e4 yhten\u00e4iskoulu, joka toimii kolmessa kiinteist\u00f6ss\u00e4 Turun kaupungin keskustassa. L\u00e4hes tuhannen oppilaan koulussa on monia valinnan mahdollisuuksia. Puolala on keskustassa asuvien lasten ja nuorten oma l\u00e4hikoulu. Koulussamme voi valita vapaaehtoiseksi A2-kieleksi englannin, ranskan tai saksan 4. luokalta l\u00e4htien. Englannin ja saksan kieliluokalla opiskelu alkaa 1. luokalta ja &hellip; <a href=\"https:\/\/blog.edu.turku.fi\/puolala\/\" class=\"more-link\">Jatka lukemista<span class=\"screen-reader-text\"> &#8221;Tervetuloa Puolalan kouluun&#8221;<\/span><\/a><\/p>\n","protected":false},"author":56,"featured_media":0,"parent":0,"menu_order":0,"comment_status":"closed","ping_status":"closed","template":"","meta":{"footnotes":""},"class_list":["post-1280","page","type-page","status-publish","hentry"],"_links":{"self":[{"href":"https:\/\/blog.edu.turku.fi\/puolala\/wp-json\/wp\/v2\/pages\/1280","targetHints":{"allow":["GET"]}}],"collection":[{"href":"https:\/\/blog.edu.turku.fi\/puolala\/wp-json\/wp\/v2\/pages"}],"about":[{"href":"https:\/\/blog.edu.turku.fi\/puolala\/wp-json\/wp\/v2\/types\/page"}],"author":[{"embeddable":true,"href":"https:\/\/blog.edu.turku.fi\/puolala\/wp-json\/wp\/v2\/users\/56"}],"replies":[{"embeddable":true,"href":"https:\/\/blog.edu.turku.fi\/puolala\/wp-json\/wp\/v2\/comments?post=1280"}],"version-history":[{"count":27,"href":"https:\/\/blog.edu.turku.fi\/puolala\/wp-json\/wp\/v2\/pages\/1280\/revisions"}],"predecessor-version":[{"id":3054,"href":"https:\/\/blog.edu.turku.fi\/puolala\/wp-json\/wp\/v2\/pages\/1280\/revisions\/3054"}],"wp:attachment":[{"href":"https:\/\/blog.edu.turku.fi\/puolala\/wp-json\/wp\/v2\/media?parent=1280"}],"curies":[{"name":"wp","href":"https:\/\/api.w.org\/{rel}","templated":true}]}}