{"id":23,"date":"2024-06-11T14:16:45","date_gmt":"2024-06-11T11:16:45","guid":{"rendered":"https:\/\/blog.edu.turku.fi\/puolala-tekstiili\/?page_id=23"},"modified":"2024-06-12T09:11:49","modified_gmt":"2024-06-12T06:11:49","slug":"youtube-videoita","status":"publish","type":"page","link":"https:\/\/blog.edu.turku.fi\/puolala-tekstiili\/youtube-videoita\/","title":{"rendered":"Youtube -videoita"},"content":{"rendered":"\n<p>Johanna-open tekemi\u00e4 videoita.<\/p>\n\n\n\n<p><a href=\"https:\/\/youtu.be\/ST3wdcxuzYA\" target=\"_blank\" rel=\"noreferrer noopener\">Ompelukoneen langoitus<\/a><br><a href=\"https:\/\/www.youtube.com\/watch?v=Gmk_cqxIaW0\" target=\"_blank\" rel=\"noreferrer noopener\">Solmu langanp\u00e4\u00e4h\u00e4n<\/a><br><a href=\"https:\/\/youtu.be\/5oE1kxnTU4U\" target=\"_blank\" rel=\"noreferrer noopener\">K\u00e4\u00e4nt\u00f6aukon sulkeminen<\/a><br>Liikkuva koulu: <a href=\"https:\/\/youtu.be\/1Ml7y9PeCTA\" target=\"_blank\" rel=\"noreferrer noopener\">tiivis siksak<\/a> <a href=\"https:\/\/youtu.be\/lm7mYlUF_DE\" target=\"_blank\" rel=\"noreferrer noopener\">huolittelusiksak<\/a> <a href=\"https:\/\/youtu.be\/9_O_2M3i2Qo\" target=\"_blank\" rel=\"noreferrer noopener\">pyk\u00e4pisto ja tikkipisto<\/a><\/p>\n\n\n\n<p><a href=\"https:\/\/youtu.be\/D81uwh4Zb2U\" target=\"_blank\" rel=\"noreferrer noopener\">Ympyr\u00e4n virkkaus kiintein silmukoin <\/a><br><a href=\"https:\/\/youtu.be\/7djWIZVMWs4\" target=\"_blank\" rel=\"noreferrer noopener\">Purkinkannenavaaja<\/a><\/p>\n\n\n\n<p>Neulonnan alkeita &#8211; fleece-k\u00e4sineen ranneke<br>1. <a href=\"https:\/\/youtu.be\/E89X3Joh1r0\" target=\"_blank\" rel=\"noreferrer noopener\">aloitussilmukka<\/a><br>2. <a href=\"https:\/\/youtu.be\/pysbPfAyihs\" target=\"_blank\" rel=\"noreferrer noopener\">silmukoiden luominen<\/a><br>3. <a href=\"https:\/\/youtu.be\/_RneU2cev2k\" target=\"_blank\" rel=\"noreferrer noopener\">oikean silmukan neulominen<\/a><br>4. <a href=\"https:\/\/youtu.be\/NU-i4IlhBPs\" target=\"_blank\" rel=\"noreferrer noopener\">silmukoiden p\u00e4\u00e4tteleminen<\/a><br>5. <a href=\"https:\/\/youtu.be\/305B28DU1HI\" target=\"_blank\" rel=\"noreferrer noopener\">langan p\u00e4\u00e4tteleminen<\/a><br>6. <a href=\"https:\/\/youtu.be\/AKITS5LqmwE\" target=\"_blank\" rel=\"noreferrer noopener\">neuleen ompeleminen<\/a><br>7. <a href=\"https:\/\/youtu.be\/dSasCpatvng\" target=\"_blank\" rel=\"noreferrer noopener\">rannekkeen ompeleminen<\/a><\/p>\n\n\n\n<p>Kuitutietous &#8211; <a href=\"https:\/\/youtu.be\/y7TOb_jhJdQ\" target=\"_blank\" rel=\"noreferrer noopener\">Kuidut kartalla <\/a><br>Kuidut luupin alla 1 &#8211; <a href=\"https:\/\/youtu.be\/Y6MFA2sDRFw\" target=\"_blank\" rel=\"noreferrer noopener\">kosteudenimemiskyky<\/a><br>Kuidut luupin alla 2 &#8211; <a href=\"https:\/\/youtu.be\/hTgcslGLAtQ\" target=\"_blank\" rel=\"noreferrer noopener\">polttokokeet<\/a><br>Kuidut luupin alla 3 &#8211; <a href=\"https:\/\/youtu.be\/rUHuQjP5tT8\" target=\"_blank\" rel=\"noreferrer noopener\">mikroskooppikuvat<\/a><br><br><a href=\"https:\/\/youtu.be\/vMMEfYBYtcw\" target=\"_blank\" rel=\"noreferrer noopener\">Serviettikukka<\/a> <a href=\"https:\/\/youtu.be\/MI_Pa3JywLs\" target=\"_blank\" rel=\"noreferrer noopener\">Huopakukka<\/a><\/p>\n\n\n\n<p><a href=\"https:\/\/youtu.be\/ZJ4G84_QNXc\" target=\"_blank\" rel=\"noreferrer noopener\">Ekokassi <\/a>&#8211; v\u00e4rj\u00e4ys-, painanta- ja ompeluprosessi.<\/p>\n\n\n\n<p><a href=\"https:\/\/youtu.be\/6mzeIGzmNiE\" target=\"_blank\" rel=\"noreferrer noopener\">Muodin huipulla<\/a> Puolalan koulussa<\/p>\n","protected":false},"excerpt":{"rendered":"<p>Johanna-open tekemi\u00e4 videoita. Ompelukoneen langoitusSolmu langanp\u00e4\u00e4h\u00e4nK\u00e4\u00e4nt\u00f6aukon sulkeminenLiikkuva koulu: tiivis siksak huolittelusiksak pyk\u00e4pisto ja tikkipisto Ympyr\u00e4n virkkaus kiintein silmukoin Purkinkannenavaaja Neulonnan alkeita &#8211; fleece-k\u00e4sineen ranneke1. aloitussilmukka2. silmukoiden luominen3. oikean silmukan neulominen4. silmukoiden p\u00e4\u00e4tteleminen5. langan p\u00e4\u00e4tteleminen6. neuleen ompeleminen7. rannekkeen ompeleminen Kuitutietous &#8211; Kuidut kartalla Kuidut luupin alla 1 &#8211; kosteudenimemiskykyKuidut luupin alla 2 &#8211; polttokokeetKuidut luupin alla &hellip; <a href=\"https:\/\/blog.edu.turku.fi\/puolala-tekstiili\/youtube-videoita\/\" class=\"more-link\">Jatka lukemista<span class=\"screen-reader-text\"> &#8221;Youtube -videoita&#8221;<\/span><\/a><\/p>\n","protected":false},"author":61,"featured_media":0,"parent":0,"menu_order":0,"comment_status":"closed","ping_status":"closed","template":"","meta":{"footnotes":""},"class_list":["post-23","page","type-page","status-publish","hentry"],"_links":{"self":[{"href":"https:\/\/blog.edu.turku.fi\/puolala-tekstiili\/wp-json\/wp\/v2\/pages\/23","targetHints":{"allow":["GET"]}}],"collection":[{"href":"https:\/\/blog.edu.turku.fi\/puolala-tekstiili\/wp-json\/wp\/v2\/pages"}],"about":[{"href":"https:\/\/blog.edu.turku.fi\/puolala-tekstiili\/wp-json\/wp\/v2\/types\/page"}],"author":[{"embeddable":true,"href":"https:\/\/blog.edu.turku.fi\/puolala-tekstiili\/wp-json\/wp\/v2\/users\/61"}],"replies":[{"embeddable":true,"href":"https:\/\/blog.edu.turku.fi\/puolala-tekstiili\/wp-json\/wp\/v2\/comments?post=23"}],"version-history":[{"count":13,"href":"https:\/\/blog.edu.turku.fi\/puolala-tekstiili\/wp-json\/wp\/v2\/pages\/23\/revisions"}],"predecessor-version":[{"id":141,"href":"https:\/\/blog.edu.turku.fi\/puolala-tekstiili\/wp-json\/wp\/v2\/pages\/23\/revisions\/141"}],"wp:attachment":[{"href":"https:\/\/blog.edu.turku.fi\/puolala-tekstiili\/wp-json\/wp\/v2\/media?parent=23"}],"curies":[{"name":"wp","href":"https:\/\/api.w.org\/{rel}","templated":true}]}}