{"id":18,"date":"2024-06-11T14:10:41","date_gmt":"2024-06-11T11:10:41","guid":{"rendered":"https:\/\/blog.edu.turku.fi\/puolala-tekstiili\/?page_id=18"},"modified":"2026-02-06T15:29:43","modified_gmt":"2026-02-06T13:29:43","slug":"johanna-open-ohjelinkkeja","status":"publish","type":"page","link":"https:\/\/blog.edu.turku.fi\/puolala-tekstiili\/johanna-open-ohjelinkkeja\/","title":{"rendered":"Ohjelinkkej\u00e4"},"content":{"rendered":"\n<p><a href=\"https:\/\/blog.edu.turku.fi\/puolala-tekstiili\/files\/2025\/09\/Avainrengas_keychain.pdf\">Avainnauha ranteeseen<\/a>   <a href=\"https:\/\/blog.edu.turku.fi\/puolala-tekstiili\/files\/2025\/12\/Korttikotelo.pdf\" data-type=\"link\" data-id=\"https:\/\/blog.edu.turku.fi\/puolala-tekstiili\/files\/2025\/12\/Korttikotelo.pdf\" target=\"_blank\" rel=\"noreferrer noopener\">Korttikotelo<\/a><\/p>\n\n\n\n<p><a href=\"https:\/\/youtu.be\/IZhq32UQWOw\" target=\"_blank\" rel=\"noreferrer noopener\">Ranneneulatyyny<\/a> <a href=\"https:\/\/punomo.fi\/tekstiilityon-tekniikat-ja-ohjeet\/tetraedi-nopea-neulatyyny\/\" target=\"_blank\" rel=\"noreferrer noopener\">Tetraedri<\/a><br><a href=\"https:\/\/blog.edu.turku.fi\/puolalats56\/2024\/09\/16\/helppo-heijastin\/\" data-type=\"link\" data-id=\"https:\/\/blog.edu.turku.fi\/puolalats56\/2024\/09\/16\/helppo-heijastin\/\" target=\"_blank\" rel=\"noreferrer noopener\">Heijastin<\/a> 1, <a href=\"https:\/\/info.edu.turku.fi\/tekstiilityo\/Heijastin\" target=\"_blank\" rel=\"noreferrer noopener\">Heijastin<\/a> 2<br>Tasosolmu &#8211; <a href=\"https:\/\/info.edu.turku.fi\/tekstiilityo\/Ohjeita\/Makramee_avaimenpera.pdf\" target=\"_blank\" rel=\"noreferrer noopener\">makramee-avaimenper\u00e4<\/a><br><a href=\"https:\/\/info.edu.turku.fi\/tekstiilityo\/Ohjeita\/nimilappu_huovalle.pdf\" target=\"_blank\" rel=\"noreferrer noopener\">Nimilappu huovalle kirjoen<\/a><\/p>\n\n\n\n<p>Joulun alla<br><a href=\"https:\/\/info.edu.turku.fi\/tekstiilityo\/joulusukka_huovasta.pdf\" target=\"_blank\" rel=\"noreferrer noopener\">Joulusukka huovasta<\/a><br><a href=\"https:\/\/info.edu.turku.fi\/tekstiilityo\/Ohjeita\/kuusi_joulukoriste.pdf\" target=\"_blank\" rel=\"noreferrer noopener\">Kuusi &#8211; ommellen<\/a><br><a href=\"https:\/\/info.edu.turku.fi\/tekstiilityo\/enkeli\/\" target=\"_blank\" rel=\"noreferrer noopener\">Enkeli<\/a><\/p>\n\n\n\n<p>P\u00e4\u00e4si\u00e4isen alla<br><a href=\"https:\/\/info.edu.turku.fi\/tekstiilityo\/hiljainenviikko\" target=\"_blank\" rel=\"noreferrer noopener\">Hiljainen viikko<\/a><br><a href=\"https:\/\/punomo.fi\/kasityokulttuuri\/paasiaisaiheista-solmeilua-taidon-viikolle\/\" target=\"_blank\" rel=\"noreferrer noopener\">Munapussi \ud83d\ude42<\/a><\/p>\n\n\n\n<p>Toukokuussa<br><a href=\"https:\/\/blog.edu.turku.fi\/puolalats56\/2017\/09\/29\/lasinalunen\/\" target=\"_blank\" rel=\"noreferrer noopener\">Lasinalusen ohje<\/a><br><a href=\"https:\/\/blog.edu.turku.fi\/puolalats56\/files\/2023\/09\/IMG-8423.jpg\" target=\"_blank\" rel=\"noreferrer noopener\">Organza -kukkia<\/a><\/p>\n\n\n\n<p><a href=\"https:\/\/punomo.fi\/tekstiilityon-tekniikat-ja-ohjeet\/muotoiltu-kasvomaski\/\" target=\"_blank\" rel=\"noreferrer noopener\">Muotoiltu kasvomaski<\/a><br><a href=\"https:\/\/punomo.fi\/tekstiilityon-tekniikat-ja-ohjeet\/helppo-maski-trikoolenkeilla\/\" target=\"_blank\" rel=\"noreferrer noopener\">Helppo kasvomaski<\/a><\/p>\n\n\n\n<p><br><\/p>\n\n\n\n<p><\/p>\n","protected":false},"excerpt":{"rendered":"<p>Avainnauha ranteeseen Korttikotelo Ranneneulatyyny TetraedriHeijastin 1, Heijastin 2Tasosolmu &#8211; makramee-avaimenper\u00e4Nimilappu huovalle kirjoen Joulun allaJoulusukka huovastaKuusi &#8211; ommellenEnkeli P\u00e4\u00e4si\u00e4isen allaHiljainen viikkoMunapussi \ud83d\ude42 ToukokuussaLasinalusen ohjeOrganza -kukkia Muotoiltu kasvomaskiHelppo kasvomaski<\/p>\n","protected":false},"author":61,"featured_media":0,"parent":0,"menu_order":0,"comment_status":"closed","ping_status":"closed","template":"","meta":{"footnotes":""},"class_list":["post-18","page","type-page","status-publish","hentry"],"_links":{"self":[{"href":"https:\/\/blog.edu.turku.fi\/puolala-tekstiili\/wp-json\/wp\/v2\/pages\/18","targetHints":{"allow":["GET"]}}],"collection":[{"href":"https:\/\/blog.edu.turku.fi\/puolala-tekstiili\/wp-json\/wp\/v2\/pages"}],"about":[{"href":"https:\/\/blog.edu.turku.fi\/puolala-tekstiili\/wp-json\/wp\/v2\/types\/page"}],"author":[{"embeddable":true,"href":"https:\/\/blog.edu.turku.fi\/puolala-tekstiili\/wp-json\/wp\/v2\/users\/61"}],"replies":[{"embeddable":true,"href":"https:\/\/blog.edu.turku.fi\/puolala-tekstiili\/wp-json\/wp\/v2\/comments?post=18"}],"version-history":[{"count":32,"href":"https:\/\/blog.edu.turku.fi\/puolala-tekstiili\/wp-json\/wp\/v2\/pages\/18\/revisions"}],"predecessor-version":[{"id":175,"href":"https:\/\/blog.edu.turku.fi\/puolala-tekstiili\/wp-json\/wp\/v2\/pages\/18\/revisions\/175"}],"wp:attachment":[{"href":"https:\/\/blog.edu.turku.fi\/puolala-tekstiili\/wp-json\/wp\/v2\/media?parent=18"}],"curies":[{"name":"wp","href":"https:\/\/api.w.org\/{rel}","templated":true}]}}