{"id":112,"date":"2024-06-11T21:33:30","date_gmt":"2024-06-11T18:33:30","guid":{"rendered":"https:\/\/blog.edu.turku.fi\/puolala-tekstiili\/?page_id=112"},"modified":"2026-03-20T18:48:27","modified_gmt":"2026-03-20T16:48:27","slug":"kasityonopettajille","status":"publish","type":"page","link":"https:\/\/blog.edu.turku.fi\/puolala-tekstiili\/kasityonopettajille\/","title":{"rendered":"K\u00e4sity\u00f6nopettajille"},"content":{"rendered":"\n<p><\/p>\n\n\n\n<p><a href=\"https:\/\/blog.edu.turku.fi\/puolala-tekstiili\/files\/2026\/02\/Pajapaiva-kasityonopettajille.pdf\" data-type=\"link\" data-id=\"https:\/\/blog.edu.turku.fi\/puolala-tekstiili\/files\/2026\/02\/Pajapaiva-kasityonopettajille.pdf\" target=\"_blank\" rel=\"noreferrer noopener\">Pajap\u00e4iv\u00e4 k\u00e4sity\u00f6nopettajille 21.3.<\/a> <br>Katso ohjelma linkist\u00e4 ja ilmottaudu ohjelman alareunan ohjeen mukaan.<br><a href=\"https:\/\/blog.edu.turku.fi\/puolala-tekstiili\/files\/2026\/03\/meikkipussi.pdf\">Meikkipussin ohje, pdf<\/a><br><\/p>\n\n\n\n<p>Puolalan koulussa on voimassa <a href=\"https:\/\/punomo.fi\/\" target=\"_blank\" rel=\"noreferrer noopener\">Punomo<\/a>n opetuslisenssi. Sielt\u00e4 l\u00f6yd\u00e4t runsaasti ideoita ja apua opetukseesi.<\/p>\n\n\n\n<p>T\u00e4ss\u00e4 muutamia Johannan pit\u00e4mi\u00e4 webinaareja ja seminaarimateriaaleja kertaukseksi ja k\u00e4ytt\u00f6\u00f6n Punomon sivuilta.<\/p>\n\n\n\n<p>Materiaalia k\u00e4sity\u00f6n <a href=\"https:\/\/punomo.fi\/kasityonopetus-pedagogiikka\/materiaalia-kasityon-dokumentoinnista-ja-arvioinnista\/\" target=\"_blank\" rel=\"noreferrer noopener\">dokumentoinnista ja arvioinnista<\/a>.<br>Videoluento <a href=\"https:\/\/punomo.fi\/kasityonopetus-pedagogiikka\/videoluento-kasityon-opetus-opetussuunnitelman-sisalloin\/\" data-type=\"page\" data-id=\"21\" target=\"_blank\" rel=\"noreferrer noopener\">K\u00e4sity\u00f6nopetus opetussuunnitelman sis\u00e4ll\u00f6in<\/a>.<br>Et\u00e4opetuskokonaisuus 2020 <a href=\"https:\/\/punomo.fi\/kasityonopetus-pedagogiikka\/kasityon-etaopetus-kevaalla-2020\/\" target=\"_blank\" rel=\"noreferrer noopener\">dioina<\/a><br>Et\u00e4opetuskokonaisuus 2020 <a href=\"https:\/\/punomo.fi\/kasityonopetus-pedagogiikka\/kasityon-etaopetus-kevaalla-2020-esittelyvideo\/\" target=\"_blank\" rel=\"noreferrer noopener\">videoluento<\/a><br>Saarinen &amp; S\u00e4il\u00e4: K\u00e4sity\u00f6n arviointi rakentuu tavoitteiden, sis\u00e4lt\u00f6jen ja dokumentoinnin kautta &#8211; uusien ohjeiden mukainen peruskoulun k\u00e4sity\u00f6n arviointi <a href=\"https:\/\/punomo.fi\/kasityonopetus-pedagogiikka\/saarinen-saila-kasityon-arviointi-rakentuu-tavoitteiden-sisaltojen-ja-dokumentoinnin-kautta-uusien-ohjeiden-mukainen-peruskoulun-kasityon-arviointi-videot\/#\" target=\"_blank\" rel=\"noreferrer noopener\">(videot)<\/a><\/p>\n\n\n\n<p><a href=\"https:\/\/info.edu.turku.fi\/tekstiilityo\/ommelteknologiaa\">https:\/\/info.edu.turku.fi\/tekstiilityo\/ommelteknologiaa<\/a><br><br><br><\/p>\n","protected":false},"excerpt":{"rendered":"<p>Pajap\u00e4iv\u00e4 k\u00e4sity\u00f6nopettajille 21.3. Katso ohjelma linkist\u00e4 ja ilmottaudu ohjelman alareunan ohjeen mukaan.Meikkipussin ohje, pdf Puolalan koulussa on voimassa Punomon opetuslisenssi. Sielt\u00e4 l\u00f6yd\u00e4t runsaasti ideoita ja apua opetukseesi. T\u00e4ss\u00e4 muutamia Johannan pit\u00e4mi\u00e4 webinaareja ja seminaarimateriaaleja kertaukseksi ja k\u00e4ytt\u00f6\u00f6n Punomon sivuilta. Materiaalia k\u00e4sity\u00f6n dokumentoinnista ja arvioinnista.Videoluento K\u00e4sity\u00f6nopetus opetussuunnitelman sis\u00e4ll\u00f6in.Et\u00e4opetuskokonaisuus 2020 dioinaEt\u00e4opetuskokonaisuus 2020 videoluentoSaarinen &amp; S\u00e4il\u00e4: K\u00e4sity\u00f6n arviointi &hellip; <a href=\"https:\/\/blog.edu.turku.fi\/puolala-tekstiili\/kasityonopettajille\/\" class=\"more-link\">Jatka lukemista<span class=\"screen-reader-text\"> &#8221;K\u00e4sity\u00f6nopettajille&#8221;<\/span><\/a><\/p>\n","protected":false},"author":61,"featured_media":0,"parent":0,"menu_order":0,"comment_status":"closed","ping_status":"closed","template":"","meta":{"footnotes":""},"class_list":["post-112","page","type-page","status-publish","hentry"],"_links":{"self":[{"href":"https:\/\/blog.edu.turku.fi\/puolala-tekstiili\/wp-json\/wp\/v2\/pages\/112","targetHints":{"allow":["GET"]}}],"collection":[{"href":"https:\/\/blog.edu.turku.fi\/puolala-tekstiili\/wp-json\/wp\/v2\/pages"}],"about":[{"href":"https:\/\/blog.edu.turku.fi\/puolala-tekstiili\/wp-json\/wp\/v2\/types\/page"}],"author":[{"embeddable":true,"href":"https:\/\/blog.edu.turku.fi\/puolala-tekstiili\/wp-json\/wp\/v2\/users\/61"}],"replies":[{"embeddable":true,"href":"https:\/\/blog.edu.turku.fi\/puolala-tekstiili\/wp-json\/wp\/v2\/comments?post=112"}],"version-history":[{"count":16,"href":"https:\/\/blog.edu.turku.fi\/puolala-tekstiili\/wp-json\/wp\/v2\/pages\/112\/revisions"}],"predecessor-version":[{"id":189,"href":"https:\/\/blog.edu.turku.fi\/puolala-tekstiili\/wp-json\/wp\/v2\/pages\/112\/revisions\/189"}],"wp:attachment":[{"href":"https:\/\/blog.edu.turku.fi\/puolala-tekstiili\/wp-json\/wp\/v2\/media?parent=112"}],"curies":[{"name":"wp","href":"https:\/\/api.w.org\/{rel}","templated":true}]}}