{"id":98,"date":"2022-01-19T11:44:34","date_gmt":"2022-01-19T09:44:34","guid":{"rendered":"https:\/\/blog.edu.turku.fi\/projektit\/?page_id=98"},"modified":"2023-06-28T13:53:31","modified_gmt":"2023-06-28T10:53:31","slug":"harrastamisen-turun-malli","status":"publish","type":"page","link":"https:\/\/blog.edu.turku.fi\/projektit\/perusopetus\/harrastamisen-turun-malli\/","title":{"rendered":"Harrastamisen Turun malli"},"content":{"rendered":"<p><strong>Yhteyshenkil\u00f6:<\/strong> Projektikoordinaattori Aino Turtiainen (etunimi.sukunimi@turku.fi)<br \/>\n<strong>Tavoite:<\/strong>\u00a0Projektin tavoitteena on mahdollistaa jokaiselle lapselle ja nuorelle mieluisa ja maksuton harrastus koulup\u00e4iv\u00e4n yhteydess\u00e4.<br \/>\n<strong>Kohderyhm\u00e4:\u00a0<\/strong>Perusopetuksen oppilaat<br \/>\n<strong>Toteutusaika:\u00a0<\/strong>2021-2023<br \/>\n<strong>Toteutusalue:\u00a0<\/strong>Turku<br \/>\n<strong>Rahoittaja:\u00a0<\/strong>Lounais-Suomen aluehallintovirasto ja Turun kaupunki<\/p>\n<p><img loading=\"lazy\" decoding=\"async\" class=\"alignnone size-medium wp-image-293\" src=\"https:\/\/blog.edu.turku.fi\/projektit\/files\/2022\/03\/AVI-logo-vaalea-002-300x112.jpg\" alt=\"\" width=\"300\" height=\"112\" srcset=\"https:\/\/blog.edu.turku.fi\/projektit\/files\/2022\/03\/AVI-logo-vaalea-002-300x112.jpg 300w, https:\/\/blog.edu.turku.fi\/projektit\/files\/2022\/03\/AVI-logo-vaalea-002.jpg 500w\" sizes=\"auto, (max-width: 300px) 85vw, 300px\" \/><img loading=\"lazy\" decoding=\"async\" class=\"alignnone size-medium wp-image-41\" src=\"https:\/\/blog.edu.turku.fi\/projektit\/files\/2022\/01\/blog-turku-logo-150x82.png\" alt=\"Turun kaupungin logo\" width=\"150\" height=\"82\" \/><\/p>\n","protected":false},"excerpt":{"rendered":"<p>Yhteyshenkil\u00f6: Projektikoordinaattori Aino Turtiainen (etunimi.sukunimi@turku.fi) Tavoite:\u00a0Projektin tavoitteena on mahdollistaa jokaiselle lapselle ja nuorelle mieluisa ja maksuton harrastus koulup\u00e4iv\u00e4n yhteydess\u00e4. Kohderyhm\u00e4:\u00a0Perusopetuksen oppilaat Toteutusaika:\u00a02021-2023 Toteutusalue:\u00a0Turku Rahoittaja:\u00a0Lounais-Suomen aluehallintovirasto ja Turun kaupunki<\/p>\n","protected":false},"author":2602,"featured_media":0,"parent":9,"menu_order":4,"comment_status":"closed","ping_status":"closed","template":"","meta":{"footnotes":""},"class_list":["post-98","page","type-page","status-publish","hentry"],"_links":{"self":[{"href":"https:\/\/blog.edu.turku.fi\/projektit\/wp-json\/wp\/v2\/pages\/98","targetHints":{"allow":["GET"]}}],"collection":[{"href":"https:\/\/blog.edu.turku.fi\/projektit\/wp-json\/wp\/v2\/pages"}],"about":[{"href":"https:\/\/blog.edu.turku.fi\/projektit\/wp-json\/wp\/v2\/types\/page"}],"author":[{"embeddable":true,"href":"https:\/\/blog.edu.turku.fi\/projektit\/wp-json\/wp\/v2\/users\/2602"}],"replies":[{"embeddable":true,"href":"https:\/\/blog.edu.turku.fi\/projektit\/wp-json\/wp\/v2\/comments?post=98"}],"version-history":[{"count":5,"href":"https:\/\/blog.edu.turku.fi\/projektit\/wp-json\/wp\/v2\/pages\/98\/revisions"}],"predecessor-version":[{"id":565,"href":"https:\/\/blog.edu.turku.fi\/projektit\/wp-json\/wp\/v2\/pages\/98\/revisions\/565"}],"up":[{"embeddable":true,"href":"https:\/\/blog.edu.turku.fi\/projektit\/wp-json\/wp\/v2\/pages\/9"}],"wp:attachment":[{"href":"https:\/\/blog.edu.turku.fi\/projektit\/wp-json\/wp\/v2\/media?parent=98"}],"curies":[{"name":"wp","href":"https:\/\/api.w.org\/{rel}","templated":true}]}}