{"id":960,"date":"2025-02-12T09:40:22","date_gmt":"2025-02-12T07:40:22","guid":{"rendered":"https:\/\/blog.edu.turku.fi\/projektit\/?page_id=960"},"modified":"2025-02-14T13:55:41","modified_gmt":"2025-02-14T11:55:41","slug":"ai-in-business-tekoaly-yrittajan-apuna","status":"publish","type":"page","link":"https:\/\/blog.edu.turku.fi\/projektit\/ai-in-business-tekoaly-yrittajan-apuna\/","title":{"rendered":"AI in business &#8211; Teko\u00e4ly yritt\u00e4j\u00e4n apuna"},"content":{"rendered":"<p><strong>AI in business &#8211; Teko\u00e4ly yritt\u00e4j\u00e4n apuna<\/strong><\/p>\n<p><strong>Yhteyshenkil\u00f6:<\/strong>\u00a0Satu Makkonen (<a href=\"mailto:satu.makkonen@eduturku.fi\">satu.makkonen@edu.turku.fi<\/a>)<\/p>\n<p><strong>Kuvaus:<\/strong><\/p>\n<p>AI in business &#8211; Teko\u00e4ly yritt\u00e4j\u00e4n apuna -hanke toteutetaan Euroopan unionin elpymis- ja palautustukiv\u00e4line (RFF) -rahoituksella. Hankkeen toteuttaa Turun ammatti-instituutti.<\/p>\n<p><strong>Tavoite:<\/strong><\/p>\n<p>AI in business &#8211; Teko\u00e4ly yritt\u00e4j\u00e4n apuna -koulutuksen tavoitteena on tarjota yksinyritt\u00e4jille mahdollisuus saada perustiedot ja -taidot teko\u00e4lyn hy\u00f6dynt\u00e4miseen omassa liiketoiminnassa. Koulutuksen suunnittelu on tehty yhteisty\u00f6ss\u00e4 yritt\u00e4j\u00e4j\u00e4rjest\u00f6jen kanssa ja hankkeen aikana yhteydenpito yritt\u00e4j\u00e4nj\u00e4rjest\u00f6ihin on lis\u00e4\u00e4ntynyt ja yritt\u00e4jien koulutustarpeet on nousseet esille paremmin. Turun ammatti-instituutti vastaa hankkeessa opetuksesta ja n\u00e4ytt\u00f6jen ohjaamisesta. Koulutuksen aikana suoritetaan Yritt\u00e4jyyden ammattitutkinnon tutkinnon osa Toiminnan Digitalisointi 60 osp.<\/p>\n<p><strong>Kohderyhm\u00e4:<\/strong>\u00a0yksinyritt\u00e4j\u00e4t<\/p>\n<p><strong>Toteutusaika:<\/strong>\u00a09.12.2024 &#8211; 28.2.2026 (Koulutus toteutetaan ajalla 7.5.25-30.11.25)<\/p>\n<p><strong>Toteutusalue:<\/strong>\u00a0Varsinais-Suomi<\/p>\n<p><strong>Rahoittaja:<\/strong>\u00a0Euroopan Unioni<\/p>\n<p><img loading=\"lazy\" decoding=\"async\" class=\"alignnone size-medium wp-image-775\" src=\"https:\/\/blog.edu.turku.fi\/projektit\/files\/2024\/03\/Rahoittaja_Jotpa_fi1-300x120.png\" alt=\"\" width=\"300\" height=\"120\" srcset=\"https:\/\/blog.edu.turku.fi\/projektit\/files\/2024\/03\/Rahoittaja_Jotpa_fi1-300x120.png 300w, https:\/\/blog.edu.turku.fi\/projektit\/files\/2024\/03\/Rahoittaja_Jotpa_fi1-1024x410.png 1024w\" sizes=\"auto, (max-width: 300px) 85vw, 300px\" \/><img loading=\"lazy\" decoding=\"async\" class=\"alignnone size-medium wp-image-495\" src=\"https:\/\/blog.edu.turku.fi\/projektit\/files\/2022\/12\/EU_disclaimer_kestavakasvu_FI-black-300x79-1-300x79.png\" alt=\"\" width=\"300\" height=\"79\" \/><\/p>\n<p>Koulutus on Jatkuvan oppimisen ja ty\u00f6llisyyden palvelukeskuksen rahoittama. Palvelukeskus edist\u00e4\u00e4 ty\u00f6ik\u00e4isten osaamisen kehitt\u00e4mist\u00e4 ja osaavan ty\u00f6voiman saatavuutta. Palvelukeskuksen toimintaa ohjaavat opetus- ja kulttuuriministeri\u00f6 sek\u00e4 ty\u00f6- ja elinkeinoministeri\u00f6.<\/p>\n","protected":false},"excerpt":{"rendered":"<p>AI in business &#8211; Teko\u00e4ly yritt\u00e4j\u00e4n apuna Yhteyshenkil\u00f6:\u00a0Satu Makkonen (satu.makkonen@edu.turku.fi) Kuvaus: AI in business &#8211; Teko\u00e4ly yritt\u00e4j\u00e4n apuna -hanke toteutetaan Euroopan unionin elpymis- ja palautustukiv\u00e4line (RFF) -rahoituksella. Hankkeen toteuttaa Turun ammatti-instituutti. Tavoite: AI in business &#8211; Teko\u00e4ly yritt\u00e4j\u00e4n apuna -koulutuksen tavoitteena on tarjota yksinyritt\u00e4jille mahdollisuus saada perustiedot ja -taidot teko\u00e4lyn hy\u00f6dynt\u00e4miseen omassa liiketoiminnassa. Koulutuksen suunnittelu &hellip; <a href=\"https:\/\/blog.edu.turku.fi\/projektit\/ai-in-business-tekoaly-yrittajan-apuna\/\" class=\"more-link\">Jatka lukemista<span class=\"screen-reader-text\"> &#8221;AI in business &#8211; Teko\u00e4ly yritt\u00e4j\u00e4n apuna&#8221;<\/span><\/a><\/p>\n","protected":false},"author":3382,"featured_media":0,"parent":0,"menu_order":0,"comment_status":"closed","ping_status":"closed","template":"","meta":{"footnotes":""},"class_list":["post-960","page","type-page","status-publish","hentry"],"_links":{"self":[{"href":"https:\/\/blog.edu.turku.fi\/projektit\/wp-json\/wp\/v2\/pages\/960","targetHints":{"allow":["GET"]}}],"collection":[{"href":"https:\/\/blog.edu.turku.fi\/projektit\/wp-json\/wp\/v2\/pages"}],"about":[{"href":"https:\/\/blog.edu.turku.fi\/projektit\/wp-json\/wp\/v2\/types\/page"}],"author":[{"embeddable":true,"href":"https:\/\/blog.edu.turku.fi\/projektit\/wp-json\/wp\/v2\/users\/3382"}],"replies":[{"embeddable":true,"href":"https:\/\/blog.edu.turku.fi\/projektit\/wp-json\/wp\/v2\/comments?post=960"}],"version-history":[{"count":4,"href":"https:\/\/blog.edu.turku.fi\/projektit\/wp-json\/wp\/v2\/pages\/960\/revisions"}],"predecessor-version":[{"id":967,"href":"https:\/\/blog.edu.turku.fi\/projektit\/wp-json\/wp\/v2\/pages\/960\/revisions\/967"}],"wp:attachment":[{"href":"https:\/\/blog.edu.turku.fi\/projektit\/wp-json\/wp\/v2\/media?parent=960"}],"curies":[{"name":"wp","href":"https:\/\/api.w.org\/{rel}","templated":true}]}}