{"id":933,"date":"2025-01-27T14:46:16","date_gmt":"2025-01-27T12:46:16","guid":{"rendered":"https:\/\/blog.edu.turku.fi\/projektit\/?page_id=933"},"modified":"2025-01-27T14:46:16","modified_gmt":"2025-01-27T12:46:16","slug":"vierko-vieraskielisen-opetuksen-kehittaminen-ammatillisessa-koulutuksessa-ii-hanke","status":"publish","type":"page","link":"https:\/\/blog.edu.turku.fi\/projektit\/vierko-vieraskielisen-opetuksen-kehittaminen-ammatillisessa-koulutuksessa-ii-hanke\/","title":{"rendered":"Vierko- vieraskielisen opetuksen kehitt\u00e4minen ammatillisessa koulutuksessa II hanke"},"content":{"rendered":"<p><strong>Vierko- vieraskielisen opetuksen kehitt\u00e4minen ammatillisessa koulutuksessa II hanke<\/strong><\/p>\n<p><strong>Yhteyshenkil\u00f6:<\/strong>\u00a0Lotta Luukkonen (lotta.luukkonen@turku.fi)<br \/>\n<strong>Budjetti:<\/strong>\u00a0Turun kaupungin budjettiosuus 36 557 \u20ac<br \/>\n<strong>Toteutusaika:<\/strong> 1.12.2024-31.5.2027<br \/>\n<strong>Rahoittaja:\u00a0<\/strong>Opetus- ja kulttuuriministeri\u00f6<\/p>\n<p>Vierko hanke keskittyy vieraskielisen ja kielitietoisen koulutuksen ja ohjauksen kehitt\u00e4miseen sek\u00e4 S2-kielen opiskelumahdollisuuksien parantamiseen. Hankkeessa juurrutetaan, p\u00e4ivitet\u00e4\u00e4n ja annetaan k\u00e4ytt\u00f6\u00f6noton tukea Vierkon ensimm\u00e4isen hankkeen tuloksiin. Hankkeen keskeisi\u00e4 sis\u00e4lt\u00f6j\u00e4 ovat englanninkielisten verkkokurssien ja selkomateriaalin tuottaminen sek\u00e4 oppilaitosten ja ty\u00f6paikkojen osaamisen lis\u00e4\u00e4minen mm. selkokielisyyteen, monikulttuurisuuteen ja kielitietoisuuteen liittyen. Hankkeessa tehd\u00e4\u00e4n yhteisty\u00f6t\u00e4 vieraskielisten opiskelijoiden ty\u00f6llistymiseen liittyviss\u00e4 kysymyksiss\u00e4 ty\u00f6el\u00e4m\u00e4n ja ty\u00f6llisyysalueiden kanssa.<\/p>\n<p>Hankkeen tavoitteena on mm. lukutaidon ja -innon vahvistaminen, S2-opetuksen ja -tuen mallien ja materiaalien tuottaminen, opiskelupolkujen kehitt\u00e4minen kotimaisia kieli\u00e4 oppiville, kielitietoisen ja monikulttuurisen oppilaitoksen toimintastrategian kehitt\u00e4minen sek\u00e4 englannin tukikurssit vieraskielisi\u00e4 opettavalle ja ohjaavalle henkil\u00f6st\u00f6lle sek\u00e4 vieraskielisille opiskelijoille.<\/p>\n<p>Hankkeen toimenpitein\u00e4 Turun ammatti-instituuttiin tehd\u00e4\u00e4n kehitt\u00e4missuunnitelma S2 opetuksesta ja sen j\u00e4rjest\u00e4misest\u00e4. Lis\u00e4ksi kehitet\u00e4\u00e4n eri ammattialoille yhteinen englanninkielinen YTO-tarjotin, pilotoidaan selkokielist\u00e4 materiaalia ja kehitet\u00e4\u00e4n TAIn kulttuurivalmennusta.<\/p>\n<p><img loading=\"lazy\" decoding=\"async\" class=\"alignnone size-medium wp-image-364\" src=\"https:\/\/blog.edu.turku.fi\/projektit\/files\/2022\/06\/OKM-logo-2R-fi-sv-sininen-L100-CMYK-1-300x46.jpg\" alt=\"\" width=\"300\" height=\"46\" srcset=\"https:\/\/blog.edu.turku.fi\/projektit\/files\/2022\/06\/OKM-logo-2R-fi-sv-sininen-L100-CMYK-1-300x46.jpg 300w, https:\/\/blog.edu.turku.fi\/projektit\/files\/2022\/06\/OKM-logo-2R-fi-sv-sininen-L100-CMYK-1.jpg 1024w\" sizes=\"auto, (max-width: 300px) 85vw, 300px\" \/><\/p>\n","protected":false},"excerpt":{"rendered":"<p>Vierko- vieraskielisen opetuksen kehitt\u00e4minen ammatillisessa koulutuksessa II hanke Yhteyshenkil\u00f6:\u00a0Lotta Luukkonen (lotta.luukkonen@turku.fi) Budjetti:\u00a0Turun kaupungin budjettiosuus 36 557 \u20ac Toteutusaika: 1.12.2024-31.5.2027 Rahoittaja:\u00a0Opetus- ja kulttuuriministeri\u00f6 Vierko hanke keskittyy vieraskielisen ja kielitietoisen koulutuksen ja ohjauksen kehitt\u00e4miseen sek\u00e4 S2-kielen opiskelumahdollisuuksien parantamiseen. Hankkeessa juurrutetaan, p\u00e4ivitet\u00e4\u00e4n ja annetaan k\u00e4ytt\u00f6\u00f6noton tukea Vierkon ensimm\u00e4isen hankkeen tuloksiin. Hankkeen keskeisi\u00e4 sis\u00e4lt\u00f6j\u00e4 ovat englanninkielisten verkkokurssien ja selkomateriaalin &hellip; <a href=\"https:\/\/blog.edu.turku.fi\/projektit\/vierko-vieraskielisen-opetuksen-kehittaminen-ammatillisessa-koulutuksessa-ii-hanke\/\" class=\"more-link\">Jatka lukemista<span class=\"screen-reader-text\"> &#8221;Vierko- vieraskielisen opetuksen kehitt\u00e4minen ammatillisessa koulutuksessa II hanke&#8221;<\/span><\/a><\/p>\n","protected":false},"author":3382,"featured_media":0,"parent":0,"menu_order":0,"comment_status":"closed","ping_status":"closed","template":"","meta":{"footnotes":""},"class_list":["post-933","page","type-page","status-publish","hentry"],"_links":{"self":[{"href":"https:\/\/blog.edu.turku.fi\/projektit\/wp-json\/wp\/v2\/pages\/933","targetHints":{"allow":["GET"]}}],"collection":[{"href":"https:\/\/blog.edu.turku.fi\/projektit\/wp-json\/wp\/v2\/pages"}],"about":[{"href":"https:\/\/blog.edu.turku.fi\/projektit\/wp-json\/wp\/v2\/types\/page"}],"author":[{"embeddable":true,"href":"https:\/\/blog.edu.turku.fi\/projektit\/wp-json\/wp\/v2\/users\/3382"}],"replies":[{"embeddable":true,"href":"https:\/\/blog.edu.turku.fi\/projektit\/wp-json\/wp\/v2\/comments?post=933"}],"version-history":[{"count":1,"href":"https:\/\/blog.edu.turku.fi\/projektit\/wp-json\/wp\/v2\/pages\/933\/revisions"}],"predecessor-version":[{"id":934,"href":"https:\/\/blog.edu.turku.fi\/projektit\/wp-json\/wp\/v2\/pages\/933\/revisions\/934"}],"wp:attachment":[{"href":"https:\/\/blog.edu.turku.fi\/projektit\/wp-json\/wp\/v2\/media?parent=933"}],"curies":[{"name":"wp","href":"https:\/\/api.w.org\/{rel}","templated":true}]}}