{"id":931,"date":"2025-01-27T14:45:29","date_gmt":"2025-01-27T12:45:29","guid":{"rendered":"https:\/\/blog.edu.turku.fi\/projektit\/?page_id=931"},"modified":"2025-01-27T14:45:29","modified_gmt":"2025-01-27T12:45:29","slug":"digikyvykkyyden-kehittaminen-ammatillisessa-koulutuksessa-ii-hanke","status":"publish","type":"page","link":"https:\/\/blog.edu.turku.fi\/projektit\/digikyvykkyyden-kehittaminen-ammatillisessa-koulutuksessa-ii-hanke\/","title":{"rendered":"Digikyvykkyyden kehitt\u00e4minen ammatillisessa koulutuksessa II hanke"},"content":{"rendered":"<p><strong>Digikyvykkyyden kehitt\u00e4minen ammatillisessa koulutuksessa II hanke<\/strong><\/p>\n<p><strong>Yhteyshenkil\u00f6:<\/strong>\u00a0Lotta Luukkonen (lotta.luukkonen@turku.fi)<br \/>\n<strong>Budjetti:<\/strong>\u00a0Turun kaupungin budjettiosuus 41 679 \u20ac<br \/>\n<strong>Toteutusaika:<\/strong> 1.12.2024-31.5.2027<br \/>\n<strong>Rahoittaja:\u00a0<\/strong>Opetus- ja kulttuuriministeri\u00f6<\/p>\n<p>Digikyvykkyyden kehitt\u00e4minen ammatillisessa koulutuksessa verkostohankkeella jatketaan aikaisempien ammatillisen koulutuksen digitalisaatiohankkeiden tuotoksien jatkokehitt\u00e4mist\u00e4 ja jalkauttamista koko ammatillisen koulutuksen kent\u00e4lle. Lis\u00e4ksi hankkeessa voidaan kehitt\u00e4\u00e4 digitalisaatiokyvykkyyksi\u00e4 uusien tunnistettujen tarpeiden pohjalta. Hanke edist\u00e4\u00e4 verkostoyhteisty\u00f6n muodostumista ja jatkuvuutta.<\/p>\n<p>Hankkeen keskeinen tavoite on tukea ammatillisen koulutuksen j\u00e4rjest\u00e4jien digikyvykkyyden pitk\u00e4j\u00e4nteist\u00e4 kehitt\u00e4mist\u00e4 ja edelleen kehitt\u00e4\u00e4 valtakunnallisesti laajan yhteisty\u00f6verkoston kokonaisuutta ja yhteistoimintaa.<\/p>\n<p>Hankkeen toimenpitein\u00e4 Turun ammatti-instituuttiin luodaan teko\u00e4lystrategia ja kehitet\u00e4\u00e4n teko\u00e4lykiihdytt\u00e4m\u00f6\u00e4- ja kehitt\u00e4m\u00f6\u00e4, jotka toimivat matalan kynnyksen foorumeina hyvien k\u00e4yt\u00e4nt\u00f6jen levitt\u00e4miselle. Lis\u00e4ksi hankkeen kautta edistet\u00e4\u00e4n opettajien urapolkuja tukevaa osaamisen ty\u00f6kalua, joka t\u00e4ht\u00e4\u00e4 opettajien osaamisten hallinnointiin, koulutustarpeiden ennakointiin ja koulutuspolun suunnitteluun.<\/p>\n<p><img loading=\"lazy\" decoding=\"async\" class=\"alignnone size-medium wp-image-364\" src=\"https:\/\/blog.edu.turku.fi\/projektit\/files\/2022\/06\/OKM-logo-2R-fi-sv-sininen-L100-CMYK-1-300x46.jpg\" alt=\"\" width=\"300\" height=\"46\" srcset=\"https:\/\/blog.edu.turku.fi\/projektit\/files\/2022\/06\/OKM-logo-2R-fi-sv-sininen-L100-CMYK-1-300x46.jpg 300w, https:\/\/blog.edu.turku.fi\/projektit\/files\/2022\/06\/OKM-logo-2R-fi-sv-sininen-L100-CMYK-1.jpg 1024w\" sizes=\"auto, (max-width: 300px) 85vw, 300px\" \/><\/p>\n<p>&nbsp;<\/p>\n","protected":false},"excerpt":{"rendered":"<p>Digikyvykkyyden kehitt\u00e4minen ammatillisessa koulutuksessa II hanke Yhteyshenkil\u00f6:\u00a0Lotta Luukkonen (lotta.luukkonen@turku.fi) Budjetti:\u00a0Turun kaupungin budjettiosuus 41 679 \u20ac Toteutusaika: 1.12.2024-31.5.2027 Rahoittaja:\u00a0Opetus- ja kulttuuriministeri\u00f6 Digikyvykkyyden kehitt\u00e4minen ammatillisessa koulutuksessa verkostohankkeella jatketaan aikaisempien ammatillisen koulutuksen digitalisaatiohankkeiden tuotoksien jatkokehitt\u00e4mist\u00e4 ja jalkauttamista koko ammatillisen koulutuksen kent\u00e4lle. Lis\u00e4ksi hankkeessa voidaan kehitt\u00e4\u00e4 digitalisaatiokyvykkyyksi\u00e4 uusien tunnistettujen tarpeiden pohjalta. Hanke edist\u00e4\u00e4 verkostoyhteisty\u00f6n muodostumista ja jatkuvuutta. Hankkeen keskeinen &hellip; <a href=\"https:\/\/blog.edu.turku.fi\/projektit\/digikyvykkyyden-kehittaminen-ammatillisessa-koulutuksessa-ii-hanke\/\" class=\"more-link\">Jatka lukemista<span class=\"screen-reader-text\"> &#8221;Digikyvykkyyden kehitt\u00e4minen ammatillisessa koulutuksessa II hanke&#8221;<\/span><\/a><\/p>\n","protected":false},"author":3382,"featured_media":0,"parent":0,"menu_order":0,"comment_status":"closed","ping_status":"closed","template":"","meta":{"footnotes":""},"class_list":["post-931","page","type-page","status-publish","hentry"],"_links":{"self":[{"href":"https:\/\/blog.edu.turku.fi\/projektit\/wp-json\/wp\/v2\/pages\/931","targetHints":{"allow":["GET"]}}],"collection":[{"href":"https:\/\/blog.edu.turku.fi\/projektit\/wp-json\/wp\/v2\/pages"}],"about":[{"href":"https:\/\/blog.edu.turku.fi\/projektit\/wp-json\/wp\/v2\/types\/page"}],"author":[{"embeddable":true,"href":"https:\/\/blog.edu.turku.fi\/projektit\/wp-json\/wp\/v2\/users\/3382"}],"replies":[{"embeddable":true,"href":"https:\/\/blog.edu.turku.fi\/projektit\/wp-json\/wp\/v2\/comments?post=931"}],"version-history":[{"count":1,"href":"https:\/\/blog.edu.turku.fi\/projektit\/wp-json\/wp\/v2\/pages\/931\/revisions"}],"predecessor-version":[{"id":932,"href":"https:\/\/blog.edu.turku.fi\/projektit\/wp-json\/wp\/v2\/pages\/931\/revisions\/932"}],"wp:attachment":[{"href":"https:\/\/blog.edu.turku.fi\/projektit\/wp-json\/wp\/v2\/media?parent=931"}],"curies":[{"name":"wp","href":"https:\/\/api.w.org\/{rel}","templated":true}]}}