{"id":914,"date":"2024-12-27T07:39:09","date_gmt":"2024-12-27T05:39:09","guid":{"rendered":"https:\/\/blog.edu.turku.fi\/projektit\/?page_id=914"},"modified":"2025-01-08T16:41:39","modified_gmt":"2025-01-08T14:41:39","slug":"strapetsi-ii-strategisen-ja-pedaogisen-toiminnan-johtaminen-ledning-av-strategisk-och-pedagogisk-versamhet","status":"publish","type":"page","link":"https:\/\/blog.edu.turku.fi\/projektit\/strapetsi-ii-strategisen-ja-pedaogisen-toiminnan-johtaminen-ledning-av-strategisk-och-pedagogisk-versamhet\/","title":{"rendered":"Strapetsi II &#8211; Strategisen ja pedaogisen toiminnan johtaminen &#8211; Ledning av strategisk och pedagogisk versamhet"},"content":{"rendered":"<p>Strapetsi II- Strategisen ja pedagogisen toiminnan johtaminen \u2013 Ledning av strategisk och pedagogisk verksamhet<\/p>\n<p><strong>Yhteyshenkil\u00f6:<\/strong>\u00a0Piret Kinnunen (piret.kinnunen(at)turku.fi)<\/p>\n<p><strong>Tavoite: <\/strong>Hankkeessa kehitet\u00e4\u00e4n eteenp\u00e4in ammatillisen koulutuksen strategisen ja pedagogisen johtamisen toimintamallia, joka on edellisess\u00e4 hankkeessa luotu. \u00a0Hankkeen tavoitteena on kehitt\u00e4\u00e4 ammatillisen koulutuksen johtamista ammatillisen koulutuksen toiminnan vaikuttavuuden, tuloksellisuuden ja laadun vahvistamiseksi. Keskeisen\u00e4 toimenpiteen\u00e4 on kohtaantohaasteen parantaminen ennakointimenetelmi\u00e4 k\u00e4ytt\u00e4m\u00e4ll\u00e4, sek\u00e4 hy\u00f6dynt\u00e4m\u00e4ll\u00e4 erilaisia tietopalveluvarantoja laajemmin ja vahvistamalla niiss\u00e4 olevan tiedon tasalaatuisuutta. Tavoitteiden saavuttamisesta vastaa 90 ammatillisen koulutuksen j\u00e4rjest\u00e4j\u00e4n verkosto.<\/p>\n<p><strong>Kohderyhm\u00e4<\/strong>: hankkeessa mukana olevien ammatillisten oppilaitosten henkil\u00f6st\u00f6, muut ammatilliset oppilaitokset<\/p>\n<p><strong>Toteutusalue<\/strong>: valtakunnallinen<\/p>\n<p><strong>Toteutusaika<\/strong>: 1.12.2024 \u2013 31.05.2027<\/p>\n<p><strong>Rahoittaja: <\/strong>Opetus- ja kulttuuriministeri\u00f6 (strategiarahoitus)<\/p>\n<p><strong>Nettisivut:<\/strong>\u00a0<a href=\"https:\/\/eur04.safelinks.protection.outlook.com\/?url=https%3A%2F%2Fblog.edu.turku.fi%2Fstrapetsi%2F&amp;data=05%7C02%7C%7C0368b251405f48d5d05c08dd2348da71%7C6c5e2c8ad3f04a0b965842502c73e17b%7C0%7C0%7C638705517982681918%7CUnknown%7CTWFpbGZsb3d8eyJFbXB0eU1hcGkiOnRydWUsIlYiOiIwLjAuMDAwMCIsIlAiOiJXaW4zMiIsIkFOIjoiTWFpbCIsIldUIjoyfQ%3D%3D%7C0%7C%7C%7C&amp;sdata=V7FEDLPZv2J1w%2FCKbWxGMv%2FcLFLVdo9mFTkN9OuQtMU%3D&amp;reserved=0\">Strapetsi \u2013 Strategisen ja pedagogisen toiminnan johtaminen \u2013 Ledning av strategisk och pedagogisk verksamhet (turku.fi)<\/a><\/p>\n<p><img loading=\"lazy\" decoding=\"async\" class=\"alignnone size-medium wp-image-364\" src=\"https:\/\/blog.edu.turku.fi\/projektit\/files\/2022\/06\/OKM-logo-2R-fi-sv-sininen-L100-CMYK-1-300x46.jpg\" alt=\"\" width=\"300\" height=\"46\" srcset=\"https:\/\/blog.edu.turku.fi\/projektit\/files\/2022\/06\/OKM-logo-2R-fi-sv-sininen-L100-CMYK-1-300x46.jpg 300w, https:\/\/blog.edu.turku.fi\/projektit\/files\/2022\/06\/OKM-logo-2R-fi-sv-sininen-L100-CMYK-1.jpg 1024w\" sizes=\"auto, (max-width: 300px) 85vw, 300px\" \/><\/p>\n","protected":false},"excerpt":{"rendered":"<p>Strapetsi II- Strategisen ja pedagogisen toiminnan johtaminen \u2013 Ledning av strategisk och pedagogisk verksamhet Yhteyshenkil\u00f6:\u00a0Piret Kinnunen (piret.kinnunen(at)turku.fi) Tavoite: Hankkeessa kehitet\u00e4\u00e4n eteenp\u00e4in ammatillisen koulutuksen strategisen ja pedagogisen johtamisen toimintamallia, joka on edellisess\u00e4 hankkeessa luotu. \u00a0Hankkeen tavoitteena on kehitt\u00e4\u00e4 ammatillisen koulutuksen johtamista ammatillisen koulutuksen toiminnan vaikuttavuuden, tuloksellisuuden ja laadun vahvistamiseksi. Keskeisen\u00e4 toimenpiteen\u00e4 on kohtaantohaasteen parantaminen ennakointimenetelmi\u00e4 k\u00e4ytt\u00e4m\u00e4ll\u00e4, &hellip; <a href=\"https:\/\/blog.edu.turku.fi\/projektit\/strapetsi-ii-strategisen-ja-pedaogisen-toiminnan-johtaminen-ledning-av-strategisk-och-pedagogisk-versamhet\/\" class=\"more-link\">Jatka lukemista<span class=\"screen-reader-text\"> &#8221;Strapetsi II &#8211; Strategisen ja pedaogisen toiminnan johtaminen &#8211; Ledning av strategisk och pedagogisk versamhet&#8221;<\/span><\/a><\/p>\n","protected":false},"author":3382,"featured_media":0,"parent":0,"menu_order":0,"comment_status":"closed","ping_status":"closed","template":"","meta":{"footnotes":""},"class_list":["post-914","page","type-page","status-publish","hentry"],"_links":{"self":[{"href":"https:\/\/blog.edu.turku.fi\/projektit\/wp-json\/wp\/v2\/pages\/914","targetHints":{"allow":["GET"]}}],"collection":[{"href":"https:\/\/blog.edu.turku.fi\/projektit\/wp-json\/wp\/v2\/pages"}],"about":[{"href":"https:\/\/blog.edu.turku.fi\/projektit\/wp-json\/wp\/v2\/types\/page"}],"author":[{"embeddable":true,"href":"https:\/\/blog.edu.turku.fi\/projektit\/wp-json\/wp\/v2\/users\/3382"}],"replies":[{"embeddable":true,"href":"https:\/\/blog.edu.turku.fi\/projektit\/wp-json\/wp\/v2\/comments?post=914"}],"version-history":[{"count":2,"href":"https:\/\/blog.edu.turku.fi\/projektit\/wp-json\/wp\/v2\/pages\/914\/revisions"}],"predecessor-version":[{"id":922,"href":"https:\/\/blog.edu.turku.fi\/projektit\/wp-json\/wp\/v2\/pages\/914\/revisions\/922"}],"wp:attachment":[{"href":"https:\/\/blog.edu.turku.fi\/projektit\/wp-json\/wp\/v2\/media?parent=914"}],"curies":[{"name":"wp","href":"https:\/\/api.w.org\/{rel}","templated":true}]}}