{"id":906,"date":"2024-09-18T14:53:05","date_gmt":"2024-09-18T11:53:05","guid":{"rendered":"https:\/\/blog.edu.turku.fi\/projektit\/?page_id=906"},"modified":"2024-09-18T14:53:37","modified_gmt":"2024-09-18T11:53:37","slug":"pulssihetkia-perusopetukseen","status":"publish","type":"page","link":"https:\/\/blog.edu.turku.fi\/projektit\/pulssihetkia-perusopetukseen\/","title":{"rendered":"Pulssihetki\u00e4 perusopetukseen"},"content":{"rendered":"<p><strong>Yhteyshenkil\u00f6:<\/strong> Tuulia Viberg (etunimi.sukunimi@turku.fi)<br \/>\n<strong>Tavoite: <\/strong>Pulssihetki\u00e4 perusopetukseen -projektin tavoitteena on tukea perusopetuksen liikunnallisen toimintakulttuurin kehittymist\u00e4 sek\u00e4 lis\u00e4t\u00e4 liikett\u00e4 lasten ja nuorten koulup\u00e4iviin. Tarkoituksena on monipuolistaa v\u00e4lituntiliikuntaa, lis\u00e4t\u00e4 koko koulun yhteis\u00f6llisi\u00e4 liikuntatempauksia ja tapahtumia ja j\u00e4rjest\u00e4\u00e4 yhteisi\u00e4 taukoliikuntahetki\u00e4. Projektissa kehitet\u00e4\u00e4n my\u00f6s MOVE-prosessia. Lis\u00e4ksi tuodaan Liikkuva koulu -toiminta n\u00e4kyv\u00e4ksi koulukohtaisilla vuosikelloilla. Opettajien osaamista vahvistetaan koulutuksilla mm. toiminnallisista opetusmenetelmist\u00e4. Oppilaiden osallisuutta vahvistetaan yhteisten toimintojen suunnittelussa ja toimintaan osallistumisessa.\u00a0 \u00a0 \u00a0 \u00a0 \u00a0 \u00a0 \u00a0 \u00a0 \u00a0 \u00a0 \u00a0 \u00a0 \u00a0 \u00a0 \u00a0 \u00a0 \u00a0 \u00a0 \u00a0 \u00a0 \u00a0 \u00a0 \u00a0 \u00a0 \u00a0 \u00a0 \u00a0 \u00a0 \u00a0 \u00a0 \u00a0 \u00a0 \u00a0 \u00a0 \u00a0 \u00a0 \u00a0 \u00a0 \u00a0 \u00a0 \u00a0 <strong>Kohderyhm\u00e4:<\/strong>\u00a0 Perusopetuksen oppilaat<br \/>\n<strong>Toteutusaika:<\/strong> 1.8.2024 \u2013 30.6.2025<br \/>\n<strong>Toteutusalue:<\/strong>\u00a0Turku<br \/>\n<strong>Rahoittaja:<\/strong> Lounais-Suomen aluehallintovirasto ja Turun kaupunki<\/p>\n<p><img loading=\"lazy\" decoding=\"async\" class=\"alignnone size-medium wp-image-293\" src=\"https:\/\/blog.edu.turku.fi\/projektit\/files\/2022\/03\/AVI-logo-vaalea-002-300x112.jpg\" alt=\"\" width=\"300\" height=\"112\" srcset=\"https:\/\/blog.edu.turku.fi\/projektit\/files\/2022\/03\/AVI-logo-vaalea-002-300x112.jpg 300w, https:\/\/blog.edu.turku.fi\/projektit\/files\/2022\/03\/AVI-logo-vaalea-002.jpg 500w\" sizes=\"auto, (max-width: 300px) 85vw, 300px\" \/> <img loading=\"lazy\" decoding=\"async\" class=\"alignnone size-medium wp-image-41\" src=\"https:\/\/blog.edu.turku.fi\/projektit\/files\/2022\/01\/blog-turku-logo-150x82.png\" alt=\"Turun kaupungin logo\" width=\"150\" height=\"82\" \/><\/p>\n","protected":false},"excerpt":{"rendered":"<p>Yhteyshenkil\u00f6: Tuulia Viberg (etunimi.sukunimi@turku.fi) Tavoite: Pulssihetki\u00e4 perusopetukseen -projektin tavoitteena on tukea perusopetuksen liikunnallisen toimintakulttuurin kehittymist\u00e4 sek\u00e4 lis\u00e4t\u00e4 liikett\u00e4 lasten ja nuorten koulup\u00e4iviin. Tarkoituksena on monipuolistaa v\u00e4lituntiliikuntaa, lis\u00e4t\u00e4 koko koulun yhteis\u00f6llisi\u00e4 liikuntatempauksia ja tapahtumia ja j\u00e4rjest\u00e4\u00e4 yhteisi\u00e4 taukoliikuntahetki\u00e4. Projektissa kehitet\u00e4\u00e4n my\u00f6s MOVE-prosessia. Lis\u00e4ksi tuodaan Liikkuva koulu -toiminta n\u00e4kyv\u00e4ksi koulukohtaisilla vuosikelloilla. Opettajien osaamista vahvistetaan koulutuksilla mm. toiminnallisista &hellip; <a href=\"https:\/\/blog.edu.turku.fi\/projektit\/pulssihetkia-perusopetukseen\/\" class=\"more-link\">Jatka lukemista<span class=\"screen-reader-text\"> &#8221;Pulssihetki\u00e4 perusopetukseen&#8221;<\/span><\/a><\/p>\n","protected":false},"author":3382,"featured_media":0,"parent":0,"menu_order":0,"comment_status":"closed","ping_status":"closed","template":"","meta":{"footnotes":""},"class_list":["post-906","page","type-page","status-publish","hentry"],"_links":{"self":[{"href":"https:\/\/blog.edu.turku.fi\/projektit\/wp-json\/wp\/v2\/pages\/906","targetHints":{"allow":["GET"]}}],"collection":[{"href":"https:\/\/blog.edu.turku.fi\/projektit\/wp-json\/wp\/v2\/pages"}],"about":[{"href":"https:\/\/blog.edu.turku.fi\/projektit\/wp-json\/wp\/v2\/types\/page"}],"author":[{"embeddable":true,"href":"https:\/\/blog.edu.turku.fi\/projektit\/wp-json\/wp\/v2\/users\/3382"}],"replies":[{"embeddable":true,"href":"https:\/\/blog.edu.turku.fi\/projektit\/wp-json\/wp\/v2\/comments?post=906"}],"version-history":[{"count":3,"href":"https:\/\/blog.edu.turku.fi\/projektit\/wp-json\/wp\/v2\/pages\/906\/revisions"}],"predecessor-version":[{"id":909,"href":"https:\/\/blog.edu.turku.fi\/projektit\/wp-json\/wp\/v2\/pages\/906\/revisions\/909"}],"wp:attachment":[{"href":"https:\/\/blog.edu.turku.fi\/projektit\/wp-json\/wp\/v2\/media?parent=906"}],"curies":[{"name":"wp","href":"https:\/\/api.w.org\/{rel}","templated":true}]}}