{"id":9,"date":"2022-01-10T13:00:29","date_gmt":"2022-01-10T11:00:29","guid":{"rendered":"https:\/\/blog.edu.turku.fi\/projektit\/?page_id=9"},"modified":"2024-04-02T08:10:59","modified_gmt":"2024-04-02T05:10:59","slug":"perusopetus","status":"publish","type":"page","link":"https:\/\/blog.edu.turku.fi\/projektit\/perusopetus\/","title":{"rendered":"Perusopetus"},"content":{"rendered":"<p>Perusopetuksen kehitt\u00e4minen on kytketty strategisiin painopisteisiin ja palvelusuunnitelmaan. T\u00e4rke\u00e4ss\u00e4 roolissa ovat projektit, joiden kautta kehitt\u00e4mistoimintaa toteutetaan. Yhteisty\u00f6t\u00e4 tehd\u00e4\u00e4n my\u00f6s muiden perusopetuksen koulutuksen j\u00e4rjest\u00e4jien kanssa. Kehitt\u00e4misty\u00f6n tuloksena syntyy uusia toimintatapoja ja oppimisymp\u00e4rist\u00f6j\u00e4 perusopetukseen.<\/p>\n<p><strong>Yhteystiedot:<\/strong><br \/>\nPerusopetuksen kehitt\u00e4misen salkkup\u00e4\u00e4llikk\u00f6<br \/>\nTaija Savolainen, 040 665 1925<br \/>\ntaija.savolainen@turku.fi<\/p>\n","protected":false},"excerpt":{"rendered":"<p>Perusopetuksen kehitt\u00e4minen on kytketty strategisiin painopisteisiin ja palvelusuunnitelmaan. T\u00e4rke\u00e4ss\u00e4 roolissa ovat projektit, joiden kautta kehitt\u00e4mistoimintaa toteutetaan. Yhteisty\u00f6t\u00e4 tehd\u00e4\u00e4n my\u00f6s muiden perusopetuksen koulutuksen j\u00e4rjest\u00e4jien kanssa. Kehitt\u00e4misty\u00f6n tuloksena syntyy uusia toimintatapoja ja oppimisymp\u00e4rist\u00f6j\u00e4 perusopetukseen. Yhteystiedot: Perusopetuksen kehitt\u00e4misen salkkup\u00e4\u00e4llikk\u00f6 Taija Savolainen, 040 665 1925 taija.savolainen@turku.fi<\/p>\n","protected":false},"author":56,"featured_media":0,"parent":0,"menu_order":0,"comment_status":"closed","ping_status":"closed","template":"","meta":{"footnotes":""},"class_list":["post-9","page","type-page","status-publish","hentry"],"_links":{"self":[{"href":"https:\/\/blog.edu.turku.fi\/projektit\/wp-json\/wp\/v2\/pages\/9","targetHints":{"allow":["GET"]}}],"collection":[{"href":"https:\/\/blog.edu.turku.fi\/projektit\/wp-json\/wp\/v2\/pages"}],"about":[{"href":"https:\/\/blog.edu.turku.fi\/projektit\/wp-json\/wp\/v2\/types\/page"}],"author":[{"embeddable":true,"href":"https:\/\/blog.edu.turku.fi\/projektit\/wp-json\/wp\/v2\/users\/56"}],"replies":[{"embeddable":true,"href":"https:\/\/blog.edu.turku.fi\/projektit\/wp-json\/wp\/v2\/comments?post=9"}],"version-history":[{"count":7,"href":"https:\/\/blog.edu.turku.fi\/projektit\/wp-json\/wp\/v2\/pages\/9\/revisions"}],"predecessor-version":[{"id":584,"href":"https:\/\/blog.edu.turku.fi\/projektit\/wp-json\/wp\/v2\/pages\/9\/revisions\/584"}],"wp:attachment":[{"href":"https:\/\/blog.edu.turku.fi\/projektit\/wp-json\/wp\/v2\/media?parent=9"}],"curies":[{"name":"wp","href":"https:\/\/api.w.org\/{rel}","templated":true}]}}