{"id":886,"date":"2024-08-20T13:51:50","date_gmt":"2024-08-20T10:51:50","guid":{"rendered":"https:\/\/blog.edu.turku.fi\/projektit\/?page_id=886"},"modified":"2024-08-21T14:38:08","modified_gmt":"2024-08-21T11:38:08","slug":"yhdessa-yhtenaista-tuen-lukiopolkua-kehittamassa","status":"publish","type":"page","link":"https:\/\/blog.edu.turku.fi\/projektit\/yhdessa-yhtenaista-tuen-lukiopolkua-kehittamassa\/","title":{"rendered":"YHDESS\u00c4! &#8211; Yhten\u00e4ist\u00e4 tuen lukiopolkua kehitt\u00e4m\u00e4ss\u00e4"},"content":{"rendered":"<p><strong>Yhteyshenkil\u00f6:<\/strong> projektikoordinaattorit Kukka-Maria Ilmanen ja Senja Multam\u00e4ki (etunimi.sukunimi@turku.fi)<\/p>\n<p><strong>Tavoite:<\/strong> Projektin tavoitteena on yhten\u00e4ist\u00e4\u00e4 tukea tarvitsevien opiskelijoiden\u00a0 lukiopolkua ja tarjota opetushenkil\u00f6st\u00f6lle ty\u00f6kaluja opiskelijoiden tukemiseen. Hanke pyrkii rakentamaan yhten\u00e4ist\u00e4 tuen toimintakulttuuria ja kannattelemaan lukiopolun saavutettavuutta. Hankkeen avulla opiskelun esteit\u00e4 saadaan purettua ja lukiopolku kehittyy enenev\u00e4ss\u00e4 m\u00e4\u00e4rin yhdenvertaiseksi.<\/p>\n<p><strong>Toimenpiteet:<\/strong><\/p>\n<ul>\n<li>Kehitet\u00e4\u00e4n lukioiden toimintakulttuuria<\/li>\n<li>Kehitet\u00e4\u00e4n henkil\u00f6st\u00f6n osaamista esimerkiksi koulutuksilla<\/li>\n<li>Selvitet\u00e4\u00e4n tuen tarpeen kipupisteit\u00e4 lukiopolulla sek\u00e4 tarjotaan opetushenkil\u00f6st\u00f6lle ty\u00f6kaluja niiden tukemiseen<\/li>\n<li>Luodaan opetushenkil\u00f6st\u00f6lle palvelusivusto ja kehitet\u00e4\u00e4n konkreettisia ty\u00f6kaluja opettajille opiskelijoiden tukemiseen<\/li>\n<li>Yhten\u00e4istet\u00e4\u00e4n tukiprosesseja ja selkiytet\u00e4\u00e4n tuen toimijoiden rooleja<\/li>\n<li>Vahvistetaan yhteisty\u00f6t\u00e4 henkil\u00f6st\u00f6n esim. erityisopettajien ja aineenopettajien v\u00e4lill\u00e4<\/li>\n<li>Kokeillaan matalan kynnyksen yhteydenottoty\u00f6kaluja<\/li>\n<li>Tuetaan opiskelijoiden opiskelutaitojen oppimista muun muassa erillisell\u00e4 opintojaksolla<\/li>\n<li>Kehitet\u00e4\u00e4n maahanmuuttajataustaisten opiskelijoiden oppimisen tukea, sek\u00e4 koulujen kielitietoisuutta ja kulttuurista osaamista<\/li>\n<li>Kartoitetaan ja kehitet\u00e4\u00e4n joustavia opetusratkaisuja teknologiaa hy\u00f6dynt\u00e4en<\/li>\n<li>Tehostetaan nivelvaiheen tiedonsiirtoa sek\u00e4 sujuvuutta<\/li>\n<\/ul>\n<p><strong>Kohderyhm\u00e4:<\/strong>\u00a0 Lukio-opiskelijat ja lukion henkil\u00f6st\u00f6<\/p>\n<p><strong>Toteutusaika:<\/strong> 15.5.2024-31.12.2025<\/p>\n<p><strong>Toteutusalue:<\/strong> Turun kaupunki (lukiokoulutus) koordinoi hanketta ja kumppanit ovat Turun normaalikoulun lukio, Salon lukiokoulutus ja Kaarinan lukio<\/p>\n<p><strong>Rahoittaja:<\/strong> Opetushallitus ja Turun kaupunki<\/p>\n<p><img loading=\"lazy\" decoding=\"async\" class=\"alignnone wp-image-236\" src=\"https:\/\/blog.edu.turku.fi\/projektit\/files\/2022\/03\/OPH_rahoittaa_rgb-1-300x290.png\" alt=\"\" width=\"157\" height=\"152\" srcset=\"https:\/\/blog.edu.turku.fi\/projektit\/files\/2022\/03\/OPH_rahoittaa_rgb-1-300x290.png 300w, https:\/\/blog.edu.turku.fi\/projektit\/files\/2022\/03\/OPH_rahoittaa_rgb-1.png 360w\" sizes=\"auto, (max-width: 157px) 85vw, 157px\" \/><img loading=\"lazy\" decoding=\"async\" class=\"alignnone wp-image-41\" src=\"https:\/\/blog.edu.turku.fi\/projektit\/files\/2022\/01\/blog-turku-logo-150x82.png\" alt=\"Turun kaupungin logo\" width=\"212\" height=\"116\" \/><\/p>\n","protected":false},"excerpt":{"rendered":"<p>Yhteyshenkil\u00f6: projektikoordinaattorit Kukka-Maria Ilmanen ja Senja Multam\u00e4ki (etunimi.sukunimi@turku.fi) Tavoite: Projektin tavoitteena on yhten\u00e4ist\u00e4\u00e4 tukea tarvitsevien opiskelijoiden\u00a0 lukiopolkua ja tarjota opetushenkil\u00f6st\u00f6lle ty\u00f6kaluja opiskelijoiden tukemiseen. Hanke pyrkii rakentamaan yhten\u00e4ist\u00e4 tuen toimintakulttuuria ja kannattelemaan lukiopolun saavutettavuutta. Hankkeen avulla opiskelun esteit\u00e4 saadaan purettua ja lukiopolku kehittyy enenev\u00e4ss\u00e4 m\u00e4\u00e4rin yhdenvertaiseksi. Toimenpiteet: Kehitet\u00e4\u00e4n lukioiden toimintakulttuuria Kehitet\u00e4\u00e4n henkil\u00f6st\u00f6n osaamista esimerkiksi koulutuksilla Selvitet\u00e4\u00e4n &hellip; <a href=\"https:\/\/blog.edu.turku.fi\/projektit\/yhdessa-yhtenaista-tuen-lukiopolkua-kehittamassa\/\" class=\"more-link\">Jatka lukemista<span class=\"screen-reader-text\"> &#8221;YHDESS\u00c4! &#8211; Yhten\u00e4ist\u00e4 tuen lukiopolkua kehitt\u00e4m\u00e4ss\u00e4&#8221;<\/span><\/a><\/p>\n","protected":false},"author":3382,"featured_media":0,"parent":0,"menu_order":0,"comment_status":"closed","ping_status":"closed","template":"","meta":{"footnotes":""},"class_list":["post-886","page","type-page","status-publish","hentry"],"_links":{"self":[{"href":"https:\/\/blog.edu.turku.fi\/projektit\/wp-json\/wp\/v2\/pages\/886","targetHints":{"allow":["GET"]}}],"collection":[{"href":"https:\/\/blog.edu.turku.fi\/projektit\/wp-json\/wp\/v2\/pages"}],"about":[{"href":"https:\/\/blog.edu.turku.fi\/projektit\/wp-json\/wp\/v2\/types\/page"}],"author":[{"embeddable":true,"href":"https:\/\/blog.edu.turku.fi\/projektit\/wp-json\/wp\/v2\/users\/3382"}],"replies":[{"embeddable":true,"href":"https:\/\/blog.edu.turku.fi\/projektit\/wp-json\/wp\/v2\/comments?post=886"}],"version-history":[{"count":5,"href":"https:\/\/blog.edu.turku.fi\/projektit\/wp-json\/wp\/v2\/pages\/886\/revisions"}],"predecessor-version":[{"id":893,"href":"https:\/\/blog.edu.turku.fi\/projektit\/wp-json\/wp\/v2\/pages\/886\/revisions\/893"}],"wp:attachment":[{"href":"https:\/\/blog.edu.turku.fi\/projektit\/wp-json\/wp\/v2\/media?parent=886"}],"curies":[{"name":"wp","href":"https:\/\/api.w.org\/{rel}","templated":true}]}}