{"id":857,"date":"2024-06-28T08:44:13","date_gmt":"2024-06-28T05:44:13","guid":{"rendered":"https:\/\/blog.edu.turku.fi\/projektit\/?page_id=857"},"modified":"2024-06-28T09:19:10","modified_gmt":"2024-06-28T06:19:10","slug":"yhteisollisyydella-hyvinvointia-turun-kouluihin-ii","status":"publish","type":"page","link":"https:\/\/blog.edu.turku.fi\/projektit\/yhteisollisyydella-hyvinvointia-turun-kouluihin-ii\/","title":{"rendered":"Yhteis\u00f6llisyydell\u00e4 hyvinvointia Turun kouluihin II"},"content":{"rendered":"<p><strong>Yhteyshenkil\u00f6:<\/strong> Elina Sandelin (<a href=\"mailto:elina.sandelin@turku.fi\">elina.sandelin@turku.fi<\/a>)<br \/>\n<strong>Kuvaus: <\/strong>Yhteis\u00f6llisyydell\u00e4 hyvinvointia Turun kouluihin II projektissa kehitet\u00e4\u00e4n Turun kaupungin yhteis\u00f6llisen opiskeluhuollon toimintamalleja, koulujen ja oppilaitosten yhteis\u00f6llist\u00e4 toimintakulttuuria sek\u00e4 koulujen ja oppilaitosten sek\u00e4 hyvinvointialueen v\u00e4list\u00e4 yhteisty\u00f6t\u00e4.<br \/>\n<strong>Tavoite: <\/strong><strong>Projektin <\/strong>tavoitteena on edist\u00e4\u00e4 oppilaiden ja opiskelijoiden hyvinvointia, oppimista, terveytt\u00e4 ja osallisuutta yhteis\u00f6llisen opiskeluhuollon keinoin. Vahvistamalla yhteis\u00f6llisi\u00e4 ty\u00f6tapoja ja yhten\u00e4ist\u00e4m\u00e4ll\u00e4 opiskeluhuollon k\u00e4yt\u00e4nt\u00f6j\u00e4 parannetaan oppilaiden ja opiskelijoiden yhdenvertaisuutta sek\u00e4 ennaltaehk\u00e4isev\u00e4n ja oikea-aikaisen tuen saamista.<br \/>\n<strong>Kohderyhm\u00e4:<\/strong> Turun kaupungin esi- ja perusopetuksessa sek\u00e4 lukio- ja ammatillisessa koulutuksessa opiskelevat lapset ja nuoret sek\u00e4 kouluissa ja oppilaitoksissa ty\u00f6skentelev\u00e4 opetus- ja ohjaushenkil\u00f6st\u00f6.<br \/>\n<strong>Toteutusaika:<\/strong> 1.8.2024\u201331.7.2025<br \/>\n<strong>Toteutusalue:<\/strong> Turun kaupunki<br \/>\n<strong>Rahoittaja:<\/strong> Opetus- ja kulttuuriministeri\u00f6 ja Turun kaupunki<\/p>\n<p><img loading=\"lazy\" decoding=\"async\" class=\"alignnone size-medium wp-image-364\" src=\"https:\/\/blog.edu.turku.fi\/projektit\/files\/2022\/06\/OKM-logo-2R-fi-sv-sininen-L100-CMYK-1-300x46.jpg\" alt=\"\" width=\"300\" height=\"46\" srcset=\"https:\/\/blog.edu.turku.fi\/projektit\/files\/2022\/06\/OKM-logo-2R-fi-sv-sininen-L100-CMYK-1-300x46.jpg 300w, https:\/\/blog.edu.turku.fi\/projektit\/files\/2022\/06\/OKM-logo-2R-fi-sv-sininen-L100-CMYK-1.jpg 1024w\" sizes=\"auto, (max-width: 300px) 85vw, 300px\" \/><img loading=\"lazy\" decoding=\"async\" class=\"alignnone size-medium wp-image-41\" src=\"https:\/\/blog.edu.turku.fi\/projektit\/files\/2022\/01\/blog-turku-logo-150x82.png\" alt=\"Turun kaupungin logo\" width=\"150\" height=\"82\" \/><\/p>\n","protected":false},"excerpt":{"rendered":"<p>Yhteyshenkil\u00f6: Elina Sandelin (elina.sandelin@turku.fi) Kuvaus: Yhteis\u00f6llisyydell\u00e4 hyvinvointia Turun kouluihin II projektissa kehitet\u00e4\u00e4n Turun kaupungin yhteis\u00f6llisen opiskeluhuollon toimintamalleja, koulujen ja oppilaitosten yhteis\u00f6llist\u00e4 toimintakulttuuria sek\u00e4 koulujen ja oppilaitosten sek\u00e4 hyvinvointialueen v\u00e4list\u00e4 yhteisty\u00f6t\u00e4. Tavoite: Projektin tavoitteena on edist\u00e4\u00e4 oppilaiden ja opiskelijoiden hyvinvointia, oppimista, terveytt\u00e4 ja osallisuutta yhteis\u00f6llisen opiskeluhuollon keinoin. Vahvistamalla yhteis\u00f6llisi\u00e4 ty\u00f6tapoja ja yhten\u00e4ist\u00e4m\u00e4ll\u00e4 opiskeluhuollon k\u00e4yt\u00e4nt\u00f6j\u00e4 parannetaan oppilaiden &hellip; <a href=\"https:\/\/blog.edu.turku.fi\/projektit\/yhteisollisyydella-hyvinvointia-turun-kouluihin-ii\/\" class=\"more-link\">Jatka lukemista<span class=\"screen-reader-text\"> &#8221;Yhteis\u00f6llisyydell\u00e4 hyvinvointia Turun kouluihin II&#8221;<\/span><\/a><\/p>\n","protected":false},"author":3382,"featured_media":0,"parent":0,"menu_order":0,"comment_status":"closed","ping_status":"closed","template":"","meta":{"footnotes":""},"class_list":["post-857","page","type-page","status-publish","hentry"],"_links":{"self":[{"href":"https:\/\/blog.edu.turku.fi\/projektit\/wp-json\/wp\/v2\/pages\/857","targetHints":{"allow":["GET"]}}],"collection":[{"href":"https:\/\/blog.edu.turku.fi\/projektit\/wp-json\/wp\/v2\/pages"}],"about":[{"href":"https:\/\/blog.edu.turku.fi\/projektit\/wp-json\/wp\/v2\/types\/page"}],"author":[{"embeddable":true,"href":"https:\/\/blog.edu.turku.fi\/projektit\/wp-json\/wp\/v2\/users\/3382"}],"replies":[{"embeddable":true,"href":"https:\/\/blog.edu.turku.fi\/projektit\/wp-json\/wp\/v2\/comments?post=857"}],"version-history":[{"count":2,"href":"https:\/\/blog.edu.turku.fi\/projektit\/wp-json\/wp\/v2\/pages\/857\/revisions"}],"predecessor-version":[{"id":865,"href":"https:\/\/blog.edu.turku.fi\/projektit\/wp-json\/wp\/v2\/pages\/857\/revisions\/865"}],"wp:attachment":[{"href":"https:\/\/blog.edu.turku.fi\/projektit\/wp-json\/wp\/v2\/media?parent=857"}],"curies":[{"name":"wp","href":"https:\/\/api.w.org\/{rel}","templated":true}]}}