{"id":833,"date":"2024-06-27T14:25:23","date_gmt":"2024-06-27T11:25:23","guid":{"rendered":"https:\/\/blog.edu.turku.fi\/projektit\/?page_id=833"},"modified":"2024-06-27T14:33:16","modified_gmt":"2024-06-27T11:33:16","slug":"jospa-jospa-saisi-uuden-suunnan-tyouralleen","status":"publish","type":"page","link":"https:\/\/blog.edu.turku.fi\/projektit\/jospa-jospa-saisi-uuden-suunnan-tyouralleen\/","title":{"rendered":"JOSPA \u2013 Jospa saisi uuden suunnan ty\u00f6uralleen"},"content":{"rendered":"<p><strong>Yhteyshenkil\u00f6:<\/strong> Projektikoordinaattori Anne Aksentjev, Turun kaupunki, anne.aksentjev@edu.turku.fi<br \/>\n<strong>Tavoitteet:<\/strong><\/p>\n<p>Hankkeen p\u00e4\u00e4tavoitteena on suunnitella ja toteuttaa koulutuskokonaisuus ajalle 01\/2023 -02\/2025 &#8221;Vastuullisuus tekstiili- ja muotialalla&#8221;. Koulutuskokonaisuuden tavoitteena on vahvistaa tekstiili- ja muotialan toimijan ty\u00f6llistymist\u00e4 k\u00e4sity\u00f6l\u00e4isyydest\u00e4 teolliseen tuotantoon, tulonsaantia ja osaamista ja vastata n\u00e4in tekstiilialalla n\u00e4kyv\u00e4\u00e4n osaamispulaan ja kohtaanto-ongelmaan sek\u00e4 lis\u00e4t\u00e4 alan houkuttelevuutta korkeakoulutettujen ty\u00f6nhakijoiden silmiss\u00e4 my\u00f6s kansallisesti. Osallistujat voivat suorittaa koko kokonaisuuden tai sen osia. Koulutukset toteutetaan joko l\u00e4hiopetuksena, verkko-opintoina tai n\u00e4iden yhdistelmin\u00e4. Koulutukseen sis\u00e4llytett\u00e4v\u00e4t opintokokonaisuudet, tuotetaan yhteisty\u00f6ss\u00e4 AMK:n ja TAIn kanssa.<\/p>\n<p>Koulutuskokonaisuudet:<\/p>\n<ol>\n<li>Vastuullinen suunnittelu ja kaavoitus<\/li>\n<li>Tuotannon suunnittelu<\/li>\n<li>Vastuullinen laatujohtaminen tekstiiliteollisuudessa<\/li>\n<li>Vastuullinen ja laadukas ompelutekniikka<\/li>\n<li>Vastuullisuusstandardit sek\u00e4 eettiset merkit<\/li>\n<li>Toimitusketjun vastuullinen hallinta kansainv\u00e4lisess\u00e4 kaupassa<\/li>\n<li>Vastuulliset materiaalit<\/li>\n<li>Vastuullinen verkkokauppa ja sis\u00e4ll\u00f6ntuotanto<\/li>\n<li>Vastuullinen ja kannattava projektinhallinta<\/li>\n<li>J\u00e4temateriaalista kannattavaksi tuotteeksi -tuotekehitysprojekti<\/li>\n<li>IPR<\/li>\n<\/ol>\n<p>Turun ammatti-instituutti toimii hankkeessa osatoteuttajana. P\u00e4\u00e4toteuttajana on Turun AMK.<\/p>\n<p><strong>Kohderyhm\u00e4:<\/strong> Hankkeen keskeinen kohderyhm\u00e4 on tekstiili- ja muotialalla toimivat.<br \/>\n<strong>Toteutusaika:<\/strong> 1.1.2023-28.2.2025<br \/>\n<strong>Toteutusalue:<\/strong> Varsinais-Suomi<br \/>\n<strong>Rahoittaja:<\/strong> Jatkuvan oppimisen ja ty\u00f6llisyyden palvelukeskus<br \/>\n<strong>Kehitt\u00e4j\u00e4opettajat:<\/strong> Maarit Orell (<a href=\"mailto:maarit.orell@edu.turku.fi\">maarit.orell@edu.turku.fi<\/a>), Mia Ruusumo (<a href=\"mailto:mia.ruusumo@edu.turku.fi\">mia.ruusumo@edu.turku.fi<\/a>) ja Rea Sevon (rea.sevon@edu.turku.fi)<\/p>\n<p><img loading=\"lazy\" decoding=\"async\" class=\"alignnone size-medium wp-image-41\" src=\"https:\/\/blog.edu.turku.fi\/projektit\/files\/2022\/01\/blog-turku-logo-150x82.png\" alt=\"Turun kaupungin logo\" width=\"150\" height=\"82\" \/><img loading=\"lazy\" decoding=\"async\" class=\"alignnone size-medium wp-image-495\" src=\"https:\/\/blog.edu.turku.fi\/projektit\/files\/2022\/12\/EU_disclaimer_kestavakasvu_FI-black-300x79-1-300x79.png\" alt=\"\" width=\"300\" height=\"79\" \/><img loading=\"lazy\" decoding=\"async\" class=\"alignnone size-medium wp-image-496\" src=\"https:\/\/blog.edu.turku.fi\/projektit\/files\/2022\/12\/Jotpa_tunnus_RGB-300x77-1-300x77.png\" alt=\"\" width=\"300\" height=\"77\" \/><\/p>\n","protected":false},"excerpt":{"rendered":"<p>Yhteyshenkil\u00f6: Projektikoordinaattori Anne Aksentjev, Turun kaupunki, anne.aksentjev@edu.turku.fi Tavoitteet: Hankkeen p\u00e4\u00e4tavoitteena on suunnitella ja toteuttaa koulutuskokonaisuus ajalle 01\/2023 -02\/2025 &#8221;Vastuullisuus tekstiili- ja muotialalla&#8221;. Koulutuskokonaisuuden tavoitteena on vahvistaa tekstiili- ja muotialan toimijan ty\u00f6llistymist\u00e4 k\u00e4sity\u00f6l\u00e4isyydest\u00e4 teolliseen tuotantoon, tulonsaantia ja osaamista ja vastata n\u00e4in tekstiilialalla n\u00e4kyv\u00e4\u00e4n osaamispulaan ja kohtaanto-ongelmaan sek\u00e4 lis\u00e4t\u00e4 alan houkuttelevuutta korkeakoulutettujen ty\u00f6nhakijoiden silmiss\u00e4 my\u00f6s kansallisesti. Osallistujat &hellip; <a href=\"https:\/\/blog.edu.turku.fi\/projektit\/jospa-jospa-saisi-uuden-suunnan-tyouralleen\/\" class=\"more-link\">Jatka lukemista<span class=\"screen-reader-text\"> &#8221;JOSPA \u2013 Jospa saisi uuden suunnan ty\u00f6uralleen&#8221;<\/span><\/a><\/p>\n","protected":false},"author":3382,"featured_media":0,"parent":0,"menu_order":0,"comment_status":"closed","ping_status":"closed","template":"","meta":{"footnotes":""},"class_list":["post-833","page","type-page","status-publish","hentry"],"_links":{"self":[{"href":"https:\/\/blog.edu.turku.fi\/projektit\/wp-json\/wp\/v2\/pages\/833","targetHints":{"allow":["GET"]}}],"collection":[{"href":"https:\/\/blog.edu.turku.fi\/projektit\/wp-json\/wp\/v2\/pages"}],"about":[{"href":"https:\/\/blog.edu.turku.fi\/projektit\/wp-json\/wp\/v2\/types\/page"}],"author":[{"embeddable":true,"href":"https:\/\/blog.edu.turku.fi\/projektit\/wp-json\/wp\/v2\/users\/3382"}],"replies":[{"embeddable":true,"href":"https:\/\/blog.edu.turku.fi\/projektit\/wp-json\/wp\/v2\/comments?post=833"}],"version-history":[{"count":4,"href":"https:\/\/blog.edu.turku.fi\/projektit\/wp-json\/wp\/v2\/pages\/833\/revisions"}],"predecessor-version":[{"id":841,"href":"https:\/\/blog.edu.turku.fi\/projektit\/wp-json\/wp\/v2\/pages\/833\/revisions\/841"}],"wp:attachment":[{"href":"https:\/\/blog.edu.turku.fi\/projektit\/wp-json\/wp\/v2\/media?parent=833"}],"curies":[{"name":"wp","href":"https:\/\/api.w.org\/{rel}","templated":true}]}}