{"id":82,"date":"2022-01-19T11:27:38","date_gmt":"2022-01-19T09:27:38","guid":{"rendered":"https:\/\/blog.edu.turku.fi\/projektit\/?page_id=82"},"modified":"2023-06-28T14:14:13","modified_gmt":"2023-06-28T11:14:13","slug":"oppilaanohjauksen-kehittaminen-varsinais-suomessa","status":"publish","type":"page","link":"https:\/\/blog.edu.turku.fi\/projektit\/perusopetus\/oppilaanohjauksen-kehittaminen-varsinais-suomessa\/","title":{"rendered":"Oppilaanohjauksen kehitt\u00e4minen Varsinais-Suomessa"},"content":{"rendered":"<p><strong>Yhteyshenkil\u00f6:<\/strong> Eeva Rantanen (etunimi.sukunimi@edu.turku.fi)<br \/>\n<strong>Tavoite:<\/strong>\u00a0Projektin tavoitteena on kehitt\u00e4\u00e4 perusopetuksen ja toisen asteen nivelvaiheen siirtymi\u00e4 tukevia oppilaanohjauksen toimintatapoja yhdess\u00e4 muiden ohjaustahojen kanssa sek\u00e4 rakentaa alueellinen oppilaanohjauksen kehitt\u00e4misverkosto.<br \/>\n<strong>Kohderyhm\u00e4:<\/strong>\u00a0Yl\u00e4koulujen opinto-ohjaajat, opettajat ja oppilaat, toisen asteen oppilaitosten opinto-ohjaajat<br \/>\n<strong>Toteutusaika:<\/strong> 17.03.2021 &#8211; 31.7.2023<br \/>\n<strong>Toteutusalue:<\/strong>\u00a0Turku, Kaarina, Lieto, Paimio, Raisio, Salo<br \/>\n<strong>Rahoittaja:<\/strong>\u00a0Opetus- ja kulttuuriministeri\u00f6 sek\u00e4 toteuttajaorganisaatiot<img loading=\"lazy\" decoding=\"async\" class=\"alignnone size-medium wp-image-85\" src=\"https:\/\/blog.edu.turku.fi\/projektit\/files\/2022\/01\/OKM-logo-2R-fi-sv-sininen-L100-CMYK-300x46.jpg\" alt=\"Opetus- ja kulttuuriministeri\u00f6 rahoittaa projektia\" width=\"300\" height=\"46\" srcset=\"https:\/\/blog.edu.turku.fi\/projektit\/files\/2022\/01\/OKM-logo-2R-fi-sv-sininen-L100-CMYK-300x46.jpg 300w, https:\/\/blog.edu.turku.fi\/projektit\/files\/2022\/01\/OKM-logo-2R-fi-sv-sininen-L100-CMYK.jpg 1024w\" sizes=\"auto, (max-width: 300px) 85vw, 300px\" \/><img loading=\"lazy\" decoding=\"async\" class=\"alignnone size-medium wp-image-41\" src=\"https:\/\/blog.edu.turku.fi\/projektit\/files\/2022\/01\/blog-turku-logo-150x82.png\" alt=\"Turun kaupungin logo\" width=\"150\" height=\"82\" \/><\/p>\n","protected":false},"excerpt":{"rendered":"<p>Yhteyshenkil\u00f6: Eeva Rantanen (etunimi.sukunimi@edu.turku.fi) Tavoite:\u00a0Projektin tavoitteena on kehitt\u00e4\u00e4 perusopetuksen ja toisen asteen nivelvaiheen siirtymi\u00e4 tukevia oppilaanohjauksen toimintatapoja yhdess\u00e4 muiden ohjaustahojen kanssa sek\u00e4 rakentaa alueellinen oppilaanohjauksen kehitt\u00e4misverkosto. Kohderyhm\u00e4:\u00a0Yl\u00e4koulujen opinto-ohjaajat, opettajat ja oppilaat, toisen asteen oppilaitosten opinto-ohjaajat Toteutusaika: 17.03.2021 &#8211; 31.7.2023 Toteutusalue:\u00a0Turku, Kaarina, Lieto, Paimio, Raisio, Salo Rahoittaja:\u00a0Opetus- ja kulttuuriministeri\u00f6 sek\u00e4 toteuttajaorganisaatiot<\/p>\n","protected":false},"author":2602,"featured_media":0,"parent":9,"menu_order":9,"comment_status":"closed","ping_status":"closed","template":"","meta":{"footnotes":""},"class_list":["post-82","page","type-page","status-publish","hentry"],"_links":{"self":[{"href":"https:\/\/blog.edu.turku.fi\/projektit\/wp-json\/wp\/v2\/pages\/82","targetHints":{"allow":["GET"]}}],"collection":[{"href":"https:\/\/blog.edu.turku.fi\/projektit\/wp-json\/wp\/v2\/pages"}],"about":[{"href":"https:\/\/blog.edu.turku.fi\/projektit\/wp-json\/wp\/v2\/types\/page"}],"author":[{"embeddable":true,"href":"https:\/\/blog.edu.turku.fi\/projektit\/wp-json\/wp\/v2\/users\/2602"}],"replies":[{"embeddable":true,"href":"https:\/\/blog.edu.turku.fi\/projektit\/wp-json\/wp\/v2\/comments?post=82"}],"version-history":[{"count":6,"href":"https:\/\/blog.edu.turku.fi\/projektit\/wp-json\/wp\/v2\/pages\/82\/revisions"}],"predecessor-version":[{"id":464,"href":"https:\/\/blog.edu.turku.fi\/projektit\/wp-json\/wp\/v2\/pages\/82\/revisions\/464"}],"up":[{"embeddable":true,"href":"https:\/\/blog.edu.turku.fi\/projektit\/wp-json\/wp\/v2\/pages\/9"}],"wp:attachment":[{"href":"https:\/\/blog.edu.turku.fi\/projektit\/wp-json\/wp\/v2\/media?parent=82"}],"curies":[{"name":"wp","href":"https:\/\/api.w.org\/{rel}","templated":true}]}}