{"id":808,"date":"2024-06-27T07:49:47","date_gmt":"2024-06-27T04:49:47","guid":{"rendered":"https:\/\/blog.edu.turku.fi\/projektit\/?page_id=808"},"modified":"2024-06-27T12:56:31","modified_gmt":"2024-06-27T09:56:31","slug":"kaikil-hyva-opintie","status":"publish","type":"page","link":"https:\/\/blog.edu.turku.fi\/projektit\/kaikil-hyva-opintie\/","title":{"rendered":"Kaikil hyv\u00e4 opintie"},"content":{"rendered":"<p><strong>Yhteyshenkil\u00f6:<\/strong> Tiina Vanhanen ja Emil Kusnetsoff (etunimi.sukunimi@turku.fi)<br \/>\n<strong>Tavoite ja toimenpiteet:<\/strong> Hankkeessa vied\u00e4\u00e4n p\u00e4\u00e4t\u00f6ksentekoon ja jalkautetaan toimintaan ensimm\u00e4isell\u00e4 hankekaudella luodun Koulusegregaation v\u00e4hent\u00e4misen tiekartan sis\u00e4lt\u00e4mi\u00e4 toimenpide-ehdotuksia koulusegregaation v\u00e4hent\u00e4miseksi varhaiskasvatuksessa ja perusopetuksessa. Tiekartan toimenpiteit\u00e4 toteutetaan poikkihallinnollisesti ja yhteisty\u00f6ss\u00e4 eri toimijoiden kesken.<br \/>\n<strong>Odotettavissa olevat tulokset: <\/strong>Hankkeen tavoitteena on puuttua koulujen ja varhaiskasvatusyksik\u00f6iden eriarvoistumiskehitykseen ja vahvistaa l\u00e4hikouluperiaatetta. Tarkoituksena on ottaa koulusegregaation\u00e4k\u00f6kulma huomioon kaikessa lapsia ja nuoria koskevassa p\u00e4\u00e4t\u00f6ksenteossa ja toiminnassa ja n\u00e4in pitk\u00e4ll\u00e4 aikav\u00e4lill\u00e4 vaikuttaa eriytymiskehitykseen.<br \/>\n<strong>Toteutusaika:<\/strong> 1.5.2024-31.12.2025<br \/>\n<strong>Kohderyhm\u00e4:<\/strong> Lapset ja nuoret, lapsiperheet<br \/>\n<strong>Toteutusalue:<\/strong> Turku<br \/>\n<strong>Rahoittaja:<\/strong> Opetus- ja kulttuuriministeri\u00f6 ja Turun kaupunki<\/p>\n<p><img loading=\"lazy\" decoding=\"async\" class=\"alignnone size-medium wp-image-364\" src=\"https:\/\/blog.edu.turku.fi\/projektit\/files\/2022\/06\/OKM-logo-2R-fi-sv-sininen-L100-CMYK-1-300x46.jpg\" alt=\"\" width=\"300\" height=\"46\" srcset=\"https:\/\/blog.edu.turku.fi\/projektit\/files\/2022\/06\/OKM-logo-2R-fi-sv-sininen-L100-CMYK-1-300x46.jpg 300w, https:\/\/blog.edu.turku.fi\/projektit\/files\/2022\/06\/OKM-logo-2R-fi-sv-sininen-L100-CMYK-1.jpg 1024w\" sizes=\"auto, (max-width: 300px) 85vw, 300px\" \/><\/p>\n","protected":false},"excerpt":{"rendered":"<p>Yhteyshenkil\u00f6: Tiina Vanhanen ja Emil Kusnetsoff (etunimi.sukunimi@turku.fi) Tavoite ja toimenpiteet: Hankkeessa vied\u00e4\u00e4n p\u00e4\u00e4t\u00f6ksentekoon ja jalkautetaan toimintaan ensimm\u00e4isell\u00e4 hankekaudella luodun Koulusegregaation v\u00e4hent\u00e4misen tiekartan sis\u00e4lt\u00e4mi\u00e4 toimenpide-ehdotuksia koulusegregaation v\u00e4hent\u00e4miseksi varhaiskasvatuksessa ja perusopetuksessa. Tiekartan toimenpiteit\u00e4 toteutetaan poikkihallinnollisesti ja yhteisty\u00f6ss\u00e4 eri toimijoiden kesken. Odotettavissa olevat tulokset: Hankkeen tavoitteena on puuttua koulujen ja varhaiskasvatusyksik\u00f6iden eriarvoistumiskehitykseen ja vahvistaa l\u00e4hikouluperiaatetta. Tarkoituksena on ottaa &hellip; <a href=\"https:\/\/blog.edu.turku.fi\/projektit\/kaikil-hyva-opintie\/\" class=\"more-link\">Jatka lukemista<span class=\"screen-reader-text\"> &#8221;Kaikil hyv\u00e4 opintie&#8221;<\/span><\/a><\/p>\n","protected":false},"author":3382,"featured_media":0,"parent":0,"menu_order":0,"comment_status":"closed","ping_status":"closed","template":"","meta":{"footnotes":""},"class_list":["post-808","page","type-page","status-publish","hentry"],"_links":{"self":[{"href":"https:\/\/blog.edu.turku.fi\/projektit\/wp-json\/wp\/v2\/pages\/808","targetHints":{"allow":["GET"]}}],"collection":[{"href":"https:\/\/blog.edu.turku.fi\/projektit\/wp-json\/wp\/v2\/pages"}],"about":[{"href":"https:\/\/blog.edu.turku.fi\/projektit\/wp-json\/wp\/v2\/types\/page"}],"author":[{"embeddable":true,"href":"https:\/\/blog.edu.turku.fi\/projektit\/wp-json\/wp\/v2\/users\/3382"}],"replies":[{"embeddable":true,"href":"https:\/\/blog.edu.turku.fi\/projektit\/wp-json\/wp\/v2\/comments?post=808"}],"version-history":[{"count":3,"href":"https:\/\/blog.edu.turku.fi\/projektit\/wp-json\/wp\/v2\/pages\/808\/revisions"}],"predecessor-version":[{"id":990,"href":"https:\/\/blog.edu.turku.fi\/projektit\/wp-json\/wp\/v2\/pages\/808\/revisions\/990"}],"wp:attachment":[{"href":"https:\/\/blog.edu.turku.fi\/projektit\/wp-json\/wp\/v2\/media?parent=808"}],"curies":[{"name":"wp","href":"https:\/\/api.w.org\/{rel}","templated":true}]}}