{"id":806,"date":"2024-06-27T07:45:06","date_gmt":"2024-06-27T04:45:06","guid":{"rendered":"https:\/\/blog.edu.turku.fi\/projektit\/?page_id=806"},"modified":"2024-06-27T12:59:20","modified_gmt":"2024-06-27T09:59:20","slug":"turun-lukutaitostrategia-2030","status":"publish","type":"page","link":"https:\/\/blog.edu.turku.fi\/projektit\/turun-lukutaitostrategia-2030\/","title":{"rendered":"Turun lukutaitostrategia 2030"},"content":{"rendered":"<p><strong>Yhteyshenkil\u00f6:<\/strong> Tarumaija Aalto (tarumaija.aalto@turku.fi)<br \/>\n<strong>Tavoite ja toimenpiteet:<\/strong> Tarkoituksena on laatia suuntaviivat, joiden avulla parannetaan ja edistet\u00e4\u00e4n lukutaitoa kaikissa eri ik\u00e4ryhmiss\u00e4. Turkuun laaditaan poikkihallinnollinen lukutaitostrategia sek\u00e4 konkreettisia toimenpiteit\u00e4 sis\u00e4lt\u00e4v\u00e4 lasten ja nuorten lukutaito-ohjelma varhaiskasvatuksesta toiselle asteelle.<br \/>\n<strong>Odotettavissa olevat tulokset: <\/strong>Lukutaitostrategia ja lasten ja nuorten lukutaito-ohjelma<br \/>\n<strong>Toteutusaika:<\/strong> 1.1.-31.12.2024<br \/>\n<strong>Kohderyhm\u00e4:<\/strong> Kaupungin kaikki asukkaat<br \/>\n<strong>Toteutusalue:<\/strong> Turku<br \/>\n<strong>Rahoittaja:<\/strong> Opetushallitus ja Turun kaupunki<\/p>\n<p><img loading=\"lazy\" decoding=\"async\" class=\"alignnone size-medium wp-image-236\" src=\"https:\/\/blog.edu.turku.fi\/projektit\/files\/2022\/03\/OPH_rahoittaa_rgb-1-300x290.png\" alt=\"\" width=\"300\" height=\"290\" srcset=\"https:\/\/blog.edu.turku.fi\/projektit\/files\/2022\/03\/OPH_rahoittaa_rgb-1-300x290.png 300w, https:\/\/blog.edu.turku.fi\/projektit\/files\/2022\/03\/OPH_rahoittaa_rgb-1.png 360w\" sizes=\"auto, (max-width: 300px) 85vw, 300px\" \/><strong><img loading=\"lazy\" decoding=\"async\" class=\"alignnone size-medium wp-image-818\" src=\"https:\/\/blog.edu.turku.fi\/projektit\/files\/2024\/06\/lukutaito-ohjelma-fin-sve-RGB-300x300.png\" alt=\"\" width=\"300\" height=\"300\" srcset=\"https:\/\/blog.edu.turku.fi\/projektit\/files\/2024\/06\/lukutaito-ohjelma-fin-sve-RGB-300x300.png 300w, https:\/\/blog.edu.turku.fi\/projektit\/files\/2024\/06\/lukutaito-ohjelma-fin-sve-RGB-150x150.png 150w, https:\/\/blog.edu.turku.fi\/projektit\/files\/2024\/06\/lukutaito-ohjelma-fin-sve-RGB.png 1024w\" sizes=\"auto, (max-width: 300px) 85vw, 300px\" \/><\/strong><\/p>\n","protected":false},"excerpt":{"rendered":"<p>Yhteyshenkil\u00f6: Tarumaija Aalto (tarumaija.aalto@turku.fi) Tavoite ja toimenpiteet: Tarkoituksena on laatia suuntaviivat, joiden avulla parannetaan ja edistet\u00e4\u00e4n lukutaitoa kaikissa eri ik\u00e4ryhmiss\u00e4. Turkuun laaditaan poikkihallinnollinen lukutaitostrategia sek\u00e4 konkreettisia toimenpiteit\u00e4 sis\u00e4lt\u00e4v\u00e4 lasten ja nuorten lukutaito-ohjelma varhaiskasvatuksesta toiselle asteelle. Odotettavissa olevat tulokset: Lukutaitostrategia ja lasten ja nuorten lukutaito-ohjelma Toteutusaika: 1.1.-31.12.2024 Kohderyhm\u00e4: Kaupungin kaikki asukkaat Toteutusalue: Turku Rahoittaja: Opetushallitus ja &hellip; <a href=\"https:\/\/blog.edu.turku.fi\/projektit\/turun-lukutaitostrategia-2030\/\" class=\"more-link\">Jatka lukemista<span class=\"screen-reader-text\"> &#8221;Turun lukutaitostrategia 2030&#8221;<\/span><\/a><\/p>\n","protected":false},"author":3382,"featured_media":0,"parent":0,"menu_order":0,"comment_status":"closed","ping_status":"closed","template":"","meta":{"footnotes":""},"class_list":["post-806","page","type-page","status-publish","hentry"],"_links":{"self":[{"href":"https:\/\/blog.edu.turku.fi\/projektit\/wp-json\/wp\/v2\/pages\/806","targetHints":{"allow":["GET"]}}],"collection":[{"href":"https:\/\/blog.edu.turku.fi\/projektit\/wp-json\/wp\/v2\/pages"}],"about":[{"href":"https:\/\/blog.edu.turku.fi\/projektit\/wp-json\/wp\/v2\/types\/page"}],"author":[{"embeddable":true,"href":"https:\/\/blog.edu.turku.fi\/projektit\/wp-json\/wp\/v2\/users\/3382"}],"replies":[{"embeddable":true,"href":"https:\/\/blog.edu.turku.fi\/projektit\/wp-json\/wp\/v2\/comments?post=806"}],"version-history":[{"count":3,"href":"https:\/\/blog.edu.turku.fi\/projektit\/wp-json\/wp\/v2\/pages\/806\/revisions"}],"predecessor-version":[{"id":819,"href":"https:\/\/blog.edu.turku.fi\/projektit\/wp-json\/wp\/v2\/pages\/806\/revisions\/819"}],"wp:attachment":[{"href":"https:\/\/blog.edu.turku.fi\/projektit\/wp-json\/wp\/v2\/media?parent=806"}],"curies":[{"name":"wp","href":"https:\/\/api.w.org\/{rel}","templated":true}]}}