{"id":79,"date":"2022-01-19T11:24:22","date_gmt":"2022-01-19T09:24:22","guid":{"rendered":"https:\/\/blog.edu.turku.fi\/projektit\/?page_id=79"},"modified":"2023-06-28T14:15:00","modified_gmt":"2023-06-28T11:15:00","slug":"oppimisen-tuen-kehittaminen-varsinais-suomessa","status":"publish","type":"page","link":"https:\/\/blog.edu.turku.fi\/projektit\/perusopetus\/oppimisen-tuen-kehittaminen-varsinais-suomessa\/","title":{"rendered":"Oppimisen tuen kehitt\u00e4minen Varsinais-Suomessa"},"content":{"rendered":"<p><strong>Yhteyshenkil\u00f6:<\/strong> Tiina Vanhanen (etunimi.sukunimi@edu.turku.fi)<br \/>\n<strong>Tavoite:<\/strong>\u00a0Projektin tavoitteena on kehitt\u00e4\u00e4 koulunk\u00e4ynnin tukitoimia ja moniammatillista verkostoyhteisty\u00f6-t\u00e4 lasten ja nuorten tukemiseksi esi- ja alkuopetuksen, ala- ja yl\u00e4koulun sek\u00e4 perusopetuksen ja toisen asteen nivelvaiheissa ja kouluasteilta toisille siirrytt\u00e4ess\u00e4. Tavoitteena on taata varhainen, suunnitelmallinen ja oikea-aikainen tuki erityisesti neuropsykiatrisesti oireileville lapsille ja nuorille sek\u00e4 heikosti koulunk\u00e4yntiin sitoutuneille ja vieraskielisille oppilaille.<br \/>\n<strong>Kohderyhm\u00e4:<\/strong>\u00a0Esi- ja perusopetuksen oppilaat sek\u00e4 opetus- ja ohjaushenkil\u00f6st\u00f6<br \/>\n<strong>Toteutusaika:\u00a0<\/strong>01.05.2021 &#8211; 31.12.2023<br \/>\n<strong>Toteutusalue:<\/strong>\u00a0Turku, Masku, Laitila, Turun yliopisto\/Turun normaalikoulu<br \/>\n<strong>Rahoittaja:<\/strong>\u00a0Opetus- ja kulttuuriministeri\u00f6 sek\u00e4 toteuttajaorganisaatiot<\/p>\n<p><img loading=\"lazy\" decoding=\"async\" class=\"alignnone size-medium wp-image-85\" src=\"https:\/\/blog.edu.turku.fi\/projektit\/files\/2022\/01\/OKM-logo-2R-fi-sv-sininen-L100-CMYK-300x46.jpg\" alt=\"Opetus- ja kulttuuriministeri\u00f6 rahoittaa projektia\" width=\"300\" height=\"46\" srcset=\"https:\/\/blog.edu.turku.fi\/projektit\/files\/2022\/01\/OKM-logo-2R-fi-sv-sininen-L100-CMYK-300x46.jpg 300w, https:\/\/blog.edu.turku.fi\/projektit\/files\/2022\/01\/OKM-logo-2R-fi-sv-sininen-L100-CMYK.jpg 1024w\" sizes=\"auto, (max-width: 300px) 85vw, 300px\" \/><img loading=\"lazy\" decoding=\"async\" class=\"alignnone size-medium wp-image-41\" src=\"https:\/\/blog.edu.turku.fi\/projektit\/files\/2022\/01\/blog-turku-logo-150x82.png\" alt=\"Turun kaupungin logo\" width=\"150\" height=\"82\" \/><\/p>\n","protected":false},"excerpt":{"rendered":"<p>Yhteyshenkil\u00f6: Tiina Vanhanen (etunimi.sukunimi@edu.turku.fi) Tavoite:\u00a0Projektin tavoitteena on kehitt\u00e4\u00e4 koulunk\u00e4ynnin tukitoimia ja moniammatillista verkostoyhteisty\u00f6-t\u00e4 lasten ja nuorten tukemiseksi esi- ja alkuopetuksen, ala- ja yl\u00e4koulun sek\u00e4 perusopetuksen ja toisen asteen nivelvaiheissa ja kouluasteilta toisille siirrytt\u00e4ess\u00e4. Tavoitteena on taata varhainen, suunnitelmallinen ja oikea-aikainen tuki erityisesti neuropsykiatrisesti oireileville lapsille ja nuorille sek\u00e4 heikosti koulunk\u00e4yntiin sitoutuneille ja vieraskielisille oppilaille. Kohderyhm\u00e4:\u00a0Esi- &hellip; <a href=\"https:\/\/blog.edu.turku.fi\/projektit\/perusopetus\/oppimisen-tuen-kehittaminen-varsinais-suomessa\/\" class=\"more-link\">Jatka lukemista<span class=\"screen-reader-text\"> &#8221;Oppimisen tuen kehitt\u00e4minen Varsinais-Suomessa&#8221;<\/span><\/a><\/p>\n","protected":false},"author":2602,"featured_media":0,"parent":9,"menu_order":10,"comment_status":"closed","ping_status":"closed","template":"","meta":{"footnotes":""},"class_list":["post-79","page","type-page","status-publish","hentry"],"_links":{"self":[{"href":"https:\/\/blog.edu.turku.fi\/projektit\/wp-json\/wp\/v2\/pages\/79","targetHints":{"allow":["GET"]}}],"collection":[{"href":"https:\/\/blog.edu.turku.fi\/projektit\/wp-json\/wp\/v2\/pages"}],"about":[{"href":"https:\/\/blog.edu.turku.fi\/projektit\/wp-json\/wp\/v2\/types\/page"}],"author":[{"embeddable":true,"href":"https:\/\/blog.edu.turku.fi\/projektit\/wp-json\/wp\/v2\/users\/2602"}],"replies":[{"embeddable":true,"href":"https:\/\/blog.edu.turku.fi\/projektit\/wp-json\/wp\/v2\/comments?post=79"}],"version-history":[{"count":5,"href":"https:\/\/blog.edu.turku.fi\/projektit\/wp-json\/wp\/v2\/pages\/79\/revisions"}],"predecessor-version":[{"id":465,"href":"https:\/\/blog.edu.turku.fi\/projektit\/wp-json\/wp\/v2\/pages\/79\/revisions\/465"}],"up":[{"embeddable":true,"href":"https:\/\/blog.edu.turku.fi\/projektit\/wp-json\/wp\/v2\/pages\/9"}],"wp:attachment":[{"href":"https:\/\/blog.edu.turku.fi\/projektit\/wp-json\/wp\/v2\/media?parent=79"}],"curies":[{"name":"wp","href":"https:\/\/api.w.org\/{rel}","templated":true}]}}