{"id":778,"date":"2024-03-28T14:58:11","date_gmt":"2024-03-28T12:58:11","guid":{"rendered":"https:\/\/blog.edu.turku.fi\/projektit\/?page_id=778"},"modified":"2024-07-02T07:50:51","modified_gmt":"2024-07-02T04:50:51","slug":"taitoa-hoiva-avustajille-ii","status":"publish","type":"page","link":"https:\/\/blog.edu.turku.fi\/projektit\/taitoa-hoiva-avustajille-ii\/","title":{"rendered":"TAItoa hoiva-avustajille II"},"content":{"rendered":"<p><strong>TAItoa hoiva-avustajille II<\/strong><br \/>\n<strong>Yhteyshenkil\u00f6:<\/strong>\u00a0projektikoordinaattori Piret Kinnunen (piret.kinnunen(at)turku.fi)<br \/>\n<strong>Tavoite:<\/strong>\u00a0Kouluttaa osaavaa hoivahenkil\u00f6kuntaa ty\u00f6voimatarpeeseen. Vahvistetaan puutteellisen kielitaidon omaavien opiskelijoiden kielitaitoa hoivaopetuksessa sek\u00e4 ty\u00f6el\u00e4m\u00e4ss\u00e4. Koulutetaan ty\u00f6paikoilla ty\u00f6paikkaohjaajia vastaanottamaan oppisopimuksella olevia henkil\u00f6it\u00e4 puutteellisella kotimaisten kielten taidolla.\u200b\u200b\u200b\u200b\u200b\u200b\u200b<br \/>\n<strong>Kohderyhm\u00e4:<\/strong>\u00a0Hoivahenkil\u00f6kuntana toimivat henkil\u00f6t ilman hoiva-avustajan kelpoisuutta, sek\u00e4 erillisell\u00e4 rekrytoinnilla haettavat henkil\u00f6t.\u200b\u200b\u200b\u200b\u200b\u200b\u200b<br \/>\n<strong>Toteutusaika:<\/strong>\u00a04.12.2023-31.12.2025\u200b\u200b\u200b\u200b\u200b\u200b\u200b<br \/>\n<strong>Toteutusalue:<\/strong>\u00a0Alueellinen<br \/>\n<strong>Rahoittaja: <\/strong>Jatkuvan oppimisen ja ty\u00f6llisyyden palvelukeskus JOTPA<\/p>\n<p>Koulutus on Jatkuvan oppimisen ja ty\u00f6llisyyden palvelukeskuksen rahoittama. Palvelukeskus edist\u00e4\u00e4 ty\u00f6ik\u00e4isten osaamisen kehitt\u00e4mist\u00e4 ja osaavan ty\u00f6voiman saatavuutta. Palvelukeskuksen toimintaa ohjaavat opetus- ja kulttuuriministeri\u00f6 sek\u00e4 ty\u00f6- ja elinkeinoministeri\u00f6.<\/p>\n<p><img loading=\"lazy\" decoding=\"async\" class=\"alignnone size-medium wp-image-775\" src=\"https:\/\/blog.edu.turku.fi\/projektit\/files\/2024\/03\/Rahoittaja_Jotpa_fi1-300x120.png\" alt=\"\" width=\"300\" height=\"120\" srcset=\"https:\/\/blog.edu.turku.fi\/projektit\/files\/2024\/03\/Rahoittaja_Jotpa_fi1-300x120.png 300w, https:\/\/blog.edu.turku.fi\/projektit\/files\/2024\/03\/Rahoittaja_Jotpa_fi1-1024x410.png 1024w\" sizes=\"auto, (max-width: 300px) 85vw, 300px\" \/><\/p>\n","protected":false},"excerpt":{"rendered":"<p>TAItoa hoiva-avustajille II Yhteyshenkil\u00f6:\u00a0projektikoordinaattori Piret Kinnunen (piret.kinnunen(at)turku.fi) Tavoite:\u00a0Kouluttaa osaavaa hoivahenkil\u00f6kuntaa ty\u00f6voimatarpeeseen. Vahvistetaan puutteellisen kielitaidon omaavien opiskelijoiden kielitaitoa hoivaopetuksessa sek\u00e4 ty\u00f6el\u00e4m\u00e4ss\u00e4. Koulutetaan ty\u00f6paikoilla ty\u00f6paikkaohjaajia vastaanottamaan oppisopimuksella olevia henkil\u00f6it\u00e4 puutteellisella kotimaisten kielten taidolla.\u200b\u200b\u200b\u200b\u200b\u200b\u200b Kohderyhm\u00e4:\u00a0Hoivahenkil\u00f6kuntana toimivat henkil\u00f6t ilman hoiva-avustajan kelpoisuutta, sek\u00e4 erillisell\u00e4 rekrytoinnilla haettavat henkil\u00f6t.\u200b\u200b\u200b\u200b\u200b\u200b\u200b Toteutusaika:\u00a04.12.2023-31.12.2025\u200b\u200b\u200b\u200b\u200b\u200b\u200b Toteutusalue:\u00a0Alueellinen Rahoittaja: Jatkuvan oppimisen ja ty\u00f6llisyyden palvelukeskus JOTPA Koulutus on Jatkuvan oppimisen &hellip; <a href=\"https:\/\/blog.edu.turku.fi\/projektit\/taitoa-hoiva-avustajille-ii\/\" class=\"more-link\">Jatka lukemista<span class=\"screen-reader-text\"> &#8221;TAItoa hoiva-avustajille II&#8221;<\/span><\/a><\/p>\n","protected":false},"author":3382,"featured_media":0,"parent":0,"menu_order":0,"comment_status":"closed","ping_status":"closed","template":"","meta":{"footnotes":""},"class_list":["post-778","page","type-page","status-publish","hentry"],"_links":{"self":[{"href":"https:\/\/blog.edu.turku.fi\/projektit\/wp-json\/wp\/v2\/pages\/778","targetHints":{"allow":["GET"]}}],"collection":[{"href":"https:\/\/blog.edu.turku.fi\/projektit\/wp-json\/wp\/v2\/pages"}],"about":[{"href":"https:\/\/blog.edu.turku.fi\/projektit\/wp-json\/wp\/v2\/types\/page"}],"author":[{"embeddable":true,"href":"https:\/\/blog.edu.turku.fi\/projektit\/wp-json\/wp\/v2\/users\/3382"}],"replies":[{"embeddable":true,"href":"https:\/\/blog.edu.turku.fi\/projektit\/wp-json\/wp\/v2\/comments?post=778"}],"version-history":[{"count":2,"href":"https:\/\/blog.edu.turku.fi\/projektit\/wp-json\/wp\/v2\/pages\/778\/revisions"}],"predecessor-version":[{"id":882,"href":"https:\/\/blog.edu.turku.fi\/projektit\/wp-json\/wp\/v2\/pages\/778\/revisions\/882"}],"wp:attachment":[{"href":"https:\/\/blog.edu.turku.fi\/projektit\/wp-json\/wp\/v2\/media?parent=778"}],"curies":[{"name":"wp","href":"https:\/\/api.w.org\/{rel}","templated":true}]}}