{"id":774,"date":"2024-03-28T14:55:50","date_gmt":"2024-03-28T12:55:50","guid":{"rendered":"https:\/\/blog.edu.turku.fi\/projektit\/?page_id=774"},"modified":"2025-02-25T11:13:02","modified_gmt":"2025-02-25T09:13:02","slug":"osaajia-hius-ja-kauneudenhoitoalalle","status":"publish","type":"page","link":"https:\/\/blog.edu.turku.fi\/projektit\/osaajia-hius-ja-kauneudenhoitoalalle\/","title":{"rendered":"Osaajia hius- ja kauneudenhoitoalalle"},"content":{"rendered":"<p><strong>Osaajia hius- ja kauneudenhoitoalalle<\/strong><br \/>\n<strong>Yhteyshenkil\u00f6:<\/strong>\u00a0projektikoordinaattori Piret Kinnunen (piret.kinnunen(at)turku.fi)<br \/>\n<strong>Tavoite:<\/strong>\u00a0J\u00e4rjest\u00e4\u00e4 ukrainalaisille hius- ja kauneudenhoitoalan perustutkintoon liittyvien osien koulutusta. Vahvistaen heid\u00e4n ty\u00f6nhaku- ja ty\u00f6yhteis\u00f6taitojansa, sek\u00e4 edist\u00e4\u00e4 integraatiota yhteiskuntaan vastaten alueen osaajatarpeeseen.<br \/>\n<strong>Kohderyhm\u00e4:<\/strong>\u00a0Ukrainalaiset hius- ja kauneudenhoitoalan taustan omaavat henkil\u00f6t (ty\u00f6ss\u00e4 olevat tai sinne pyrkiv\u00e4t).<br \/>\n<strong>Toteutusaika:<\/strong> 11.10.2023-30.6.2025<br \/>\n<strong>Toteutusalue:<\/strong>\u00a0Alueellinen<br \/>\n<strong>Rahoittaja: <\/strong>Jatkuvan oppimisen ja ty\u00f6llisyyden palvelukeskus JOTPA<\/p>\n<p>Koulutus on Jatkuvan oppimisen ja ty\u00f6llisyyden palvelukeskuksen rahoittama. Palvelukeskus edist\u00e4\u00e4 ty\u00f6ik\u00e4isten osaamisen kehitt\u00e4mist\u00e4 ja osaavan ty\u00f6voiman saatavuutta. Palvelukeskuksen toimintaa ohjaavat opetus- ja kulttuuriministeri\u00f6 sek\u00e4 ty\u00f6- ja elinkeinoministeri\u00f6.<\/p>\n<p><img loading=\"lazy\" decoding=\"async\" class=\"alignnone size-medium wp-image-775\" src=\"https:\/\/blog.edu.turku.fi\/projektit\/files\/2024\/03\/Rahoittaja_Jotpa_fi1-300x120.png\" alt=\"\" width=\"300\" height=\"120\" srcset=\"https:\/\/blog.edu.turku.fi\/projektit\/files\/2024\/03\/Rahoittaja_Jotpa_fi1-300x120.png 300w, https:\/\/blog.edu.turku.fi\/projektit\/files\/2024\/03\/Rahoittaja_Jotpa_fi1-1024x410.png 1024w\" sizes=\"auto, (max-width: 300px) 85vw, 300px\" \/><\/p>\n","protected":false},"excerpt":{"rendered":"<p>Osaajia hius- ja kauneudenhoitoalalle Yhteyshenkil\u00f6:\u00a0projektikoordinaattori Piret Kinnunen (piret.kinnunen(at)turku.fi) Tavoite:\u00a0J\u00e4rjest\u00e4\u00e4 ukrainalaisille hius- ja kauneudenhoitoalan perustutkintoon liittyvien osien koulutusta. Vahvistaen heid\u00e4n ty\u00f6nhaku- ja ty\u00f6yhteis\u00f6taitojansa, sek\u00e4 edist\u00e4\u00e4 integraatiota yhteiskuntaan vastaten alueen osaajatarpeeseen. Kohderyhm\u00e4:\u00a0Ukrainalaiset hius- ja kauneudenhoitoalan taustan omaavat henkil\u00f6t (ty\u00f6ss\u00e4 olevat tai sinne pyrkiv\u00e4t). Toteutusaika: 11.10.2023-30.6.2025 Toteutusalue:\u00a0Alueellinen Rahoittaja: Jatkuvan oppimisen ja ty\u00f6llisyyden palvelukeskus JOTPA Koulutus on Jatkuvan oppimisen &hellip; <a href=\"https:\/\/blog.edu.turku.fi\/projektit\/osaajia-hius-ja-kauneudenhoitoalalle\/\" class=\"more-link\">Jatka lukemista<span class=\"screen-reader-text\"> &#8221;Osaajia hius- ja kauneudenhoitoalalle&#8221;<\/span><\/a><\/p>\n","protected":false},"author":3382,"featured_media":0,"parent":0,"menu_order":0,"comment_status":"closed","ping_status":"closed","template":"","meta":{"footnotes":""},"class_list":["post-774","page","type-page","status-publish","hentry"],"_links":{"self":[{"href":"https:\/\/blog.edu.turku.fi\/projektit\/wp-json\/wp\/v2\/pages\/774","targetHints":{"allow":["GET"]}}],"collection":[{"href":"https:\/\/blog.edu.turku.fi\/projektit\/wp-json\/wp\/v2\/pages"}],"about":[{"href":"https:\/\/blog.edu.turku.fi\/projektit\/wp-json\/wp\/v2\/types\/page"}],"author":[{"embeddable":true,"href":"https:\/\/blog.edu.turku.fi\/projektit\/wp-json\/wp\/v2\/users\/3382"}],"replies":[{"embeddable":true,"href":"https:\/\/blog.edu.turku.fi\/projektit\/wp-json\/wp\/v2\/comments?post=774"}],"version-history":[{"count":3,"href":"https:\/\/blog.edu.turku.fi\/projektit\/wp-json\/wp\/v2\/pages\/774\/revisions"}],"predecessor-version":[{"id":981,"href":"https:\/\/blog.edu.turku.fi\/projektit\/wp-json\/wp\/v2\/pages\/774\/revisions\/981"}],"wp:attachment":[{"href":"https:\/\/blog.edu.turku.fi\/projektit\/wp-json\/wp\/v2\/media?parent=774"}],"curies":[{"name":"wp","href":"https:\/\/api.w.org\/{rel}","templated":true}]}}