{"id":768,"date":"2024-03-28T14:47:45","date_gmt":"2024-03-28T12:47:45","guid":{"rendered":"https:\/\/blog.edu.turku.fi\/projektit\/?page_id=768"},"modified":"2025-06-10T16:28:12","modified_gmt":"2025-06-10T13:28:12","slug":"leadership","status":"publish","type":"page","link":"https:\/\/blog.edu.turku.fi\/projektit\/leadership\/","title":{"rendered":"LeaderSHIP"},"content":{"rendered":"<p><strong>LeaderSHIP<\/strong><br \/>\n<strong>Yhteyshenkil\u00f6:<\/strong> Janiina Dahlbom (janiina.dahlbom@edu.turku.fi)<br \/>\n<strong>Budjetti:<\/strong>\u00a0Turun kaupungin budjettiosuus 255\u00a0858 eur\u200b\u200b\u200b\u200b\u200b\u200b\u200b<br \/>\n<strong>Toteutusaika:<\/strong>\u00a01.9.2023-31.8.2027<br \/>\n<strong>Rahoittaja: <\/strong>European Education and Culture Executive Agency (EACEA), Erasmus +, EU Solidarity Corps<\/p>\n<p><img loading=\"lazy\" decoding=\"async\" class=\"alignnone size-medium wp-image-769\" src=\"https:\/\/blog.edu.turku.fi\/projektit\/files\/2024\/03\/Kuva1-300x69.jpg\" alt=\"\" width=\"300\" height=\"69\" srcset=\"https:\/\/blog.edu.turku.fi\/projektit\/files\/2024\/03\/Kuva1-300x69.jpg 300w, https:\/\/blog.edu.turku.fi\/projektit\/files\/2024\/03\/Kuva1.jpg 499w\" sizes=\"auto, (max-width: 300px) 85vw, 300px\" \/><\/p>\n<p>Projektin tavoitteisiin kuuluu EU-tason koulutuksen suunnittelu ja toteutus sek\u00e4 EU:n laivanrakennus- ja merenkulkualan kest\u00e4v\u00e4 yhteisty\u00f6. LeaderSHIP-hanke kokoaa yhteen t\u00e4rkeimm\u00e4t toimialan veturit, EU:n ja kansallisten ty\u00f6markkinaosapuolten edustajat, alueelliset klusterit ja koulutuksen tarjoajat edist\u00e4m\u00e4\u00e4n yhdess\u00e4 innovointia, kilpailukyky\u00e4 ja kest\u00e4vyytt\u00e4 Euroopan laivanrakennusalalla. LeaderSHIP-projektissa aiempien projektien tulosten ja kumppanien tiet\u00e4myksen ja asiantuntemuksen pohjalta suunnitellaan ja toteutetaan toisen asteen sek\u00e4 korkea-asteen koulutusta.<\/p>\n<p>Hankety\u00f6 sis\u00e4lt\u00e4\u00e4 ty\u00f6ntekij\u00f6iden t\u00e4ydennyskoulutusta keskeisill\u00e4 aloilla, jolla voidaan tukea yritysten tarpeita (huomioidaan digitaalisuus ja vihre\u00e4 siirtym\u00e4). Hanke tuo mukanaan nykyisi\u00e4 ja kehittyvi\u00e4 taitoja teollisuuden hiilijalanj\u00e4ljen pienent\u00e4miseen sek\u00e4 uusiutuvien energiamuotojen ja uusien polttoaineiden k\u00e4yt\u00f6n nopeuttamiseen. Hanke tarjoaa my\u00f6s avaintaitoja suunnittelu- ja tuotantoprosessien sek\u00e4 merenkulun toimintojen digitalisointiin.<\/p>\n","protected":false},"excerpt":{"rendered":"<p>LeaderSHIP Yhteyshenkil\u00f6: Janiina Dahlbom (janiina.dahlbom@edu.turku.fi) Budjetti:\u00a0Turun kaupungin budjettiosuus 255\u00a0858 eur\u200b\u200b\u200b\u200b\u200b\u200b\u200b Toteutusaika:\u00a01.9.2023-31.8.2027 Rahoittaja: European Education and Culture Executive Agency (EACEA), Erasmus +, EU Solidarity Corps Projektin tavoitteisiin kuuluu EU-tason koulutuksen suunnittelu ja toteutus sek\u00e4 EU:n laivanrakennus- ja merenkulkualan kest\u00e4v\u00e4 yhteisty\u00f6. LeaderSHIP-hanke kokoaa yhteen t\u00e4rkeimm\u00e4t toimialan veturit, EU:n ja kansallisten ty\u00f6markkinaosapuolten edustajat, alueelliset klusterit ja koulutuksen tarjoajat &hellip; <a href=\"https:\/\/blog.edu.turku.fi\/projektit\/leadership\/\" class=\"more-link\">Jatka lukemista<span class=\"screen-reader-text\"> &#8221;LeaderSHIP&#8221;<\/span><\/a><\/p>\n","protected":false},"author":3382,"featured_media":0,"parent":0,"menu_order":0,"comment_status":"closed","ping_status":"closed","template":"","meta":{"footnotes":""},"class_list":["post-768","page","type-page","status-publish","hentry"],"_links":{"self":[{"href":"https:\/\/blog.edu.turku.fi\/projektit\/wp-json\/wp\/v2\/pages\/768","targetHints":{"allow":["GET"]}}],"collection":[{"href":"https:\/\/blog.edu.turku.fi\/projektit\/wp-json\/wp\/v2\/pages"}],"about":[{"href":"https:\/\/blog.edu.turku.fi\/projektit\/wp-json\/wp\/v2\/types\/page"}],"author":[{"embeddable":true,"href":"https:\/\/blog.edu.turku.fi\/projektit\/wp-json\/wp\/v2\/users\/3382"}],"replies":[{"embeddable":true,"href":"https:\/\/blog.edu.turku.fi\/projektit\/wp-json\/wp\/v2\/comments?post=768"}],"version-history":[{"count":4,"href":"https:\/\/blog.edu.turku.fi\/projektit\/wp-json\/wp\/v2\/pages\/768\/revisions"}],"predecessor-version":[{"id":994,"href":"https:\/\/blog.edu.turku.fi\/projektit\/wp-json\/wp\/v2\/pages\/768\/revisions\/994"}],"wp:attachment":[{"href":"https:\/\/blog.edu.turku.fi\/projektit\/wp-json\/wp\/v2\/media?parent=768"}],"curies":[{"name":"wp","href":"https:\/\/api.w.org\/{rel}","templated":true}]}}